{"id":884,"date":"2018-04-14T19:46:00","date_gmt":"2018-04-14T17:46:00","guid":{"rendered":"http:\/\/www.asug-services.com\/de\/?page_id=884"},"modified":"2023-07-05T14:51:52","modified_gmt":"2023-07-05T12:51:52","slug":"stellenangebote","status":"publish","type":"page","link":"https:\/\/www.asug-services.com\/de\/karriere\/stellenangebote\/","title":{"rendered":"Stellenangebote"},"content":{"rendered":"\n<h2 class=\"wp-block-heading\">Die besten Jobs mit Karriere-Garantie!<\/h2>\n\n\n\n<p>Hier finden Sie aktuelle Stellenangebote der <strong>ASUG Geb\u00e4udeservice GmbH<\/strong>. Sie suchen eine neue berufliche Herausforderung? Wir bieten ambitionierten Bewerbern eine Karriere mit Zukunftsperspektive!<\/p>\n\n\n\n<div style=\"overflow-x: auto;\">\n<table class=\"w3-table\">\n<tbody>\n<tr>\n<th class=\"tg-yw4l\">Position<\/th>\n<th class=\"tg-yw4l\">Aufgabenbereich<\/th>\n<th class=\"tg-yw4l\">Standort<\/th>\n<th class=\"tg-yw4l\">Ver\u00f6ffentlicht \/ Aktualisiert am<\/th>\n<th class=\"tg-yw4l\">Status<\/th>\n<\/tr>\n<tr>\n<td class=\"tg-yw4l\"><a href=\"http:\/\/www.asug-services.com\/de\/karriere\/reinigungskraft-mw\/\" target=\"_blank\" rel=\"noopener noreferrer\">Reinigungskraft (m\/w\/d)<\/a><\/td>\n<td class=\"tg-yw4l\">Unterhaltsreinigung<\/td>\n<td class=\"tg-yw4l\"><a href=\"https:\/\/www.google.de\/maps\/place\/Chemnitz\/\" target=\"_blank\" rel=\"noopener noreferrer\">Chemnitz<\/a><\/td>\n<td class=\"tg-yw4l\">05.07.2023<\/td>\n<td class=\"tg-yw4l\"><span style=\"color: #7ab51d;\"><strong>aktuell<\/strong><\/span><\/td>\n<\/tr>\n<tr>\n<td class=\"tg-yw4l\"><a href=\"https:\/\/www.asug-services.com\/de\/gebaeudereiniger-mw\/\" target=\"_blank\" rel=\"noopener noreferrer\">Geb\u00e4udereiniger (m\/w\/d)<\/a><\/td>\n<td class=\"tg-yw4l\">Unterhaltsreinigung<\/td>\n<td class=\"tg-yw4l\"><a href=\"https:\/\/www.google.de\/maps\/place\/Oederan\/\" target=\"_blank\" rel=\"noopener noreferrer\">Oederan<\/a><\/td>\n<td class=\"tg-yw4l\">05.07.2023<\/td>\n<td class=\"tg-yw4l\"><span style=\"color: #7ab51d;\"><strong>aktuell<\/strong><\/span><\/td>\n<\/tr>\n<tr>\n<td class=\"tg-yw4l\"><a href=\"https:\/\/www.asug-services.com\/de\/karriere\/vorarbeiter-gebaeudereinigung-mw\/\" target=\"_blank\" rel=\"noopener noreferrer\">Vorarbeiter Geb\u00e4udereinigung (m\/w\/d)<\/a><\/td>\n<td class=\"tg-yw4l\">Geb\u00e4udereinigung<\/td>\n<td class=\"tg-yw4l\"><a href=\"https:\/\/www.google.de\/maps\/place\/Chemnitz\/\" target=\"_blank\" rel=\"noopener noreferrer\">Chemnitz<\/a><\/td>\n<td class=\"tg-yw4l\">05.07.2023<\/td>\n<td class=\"tg-yw4l\"><span style=\"color: #7ab51d;\"><strong>aktuell<\/strong><\/span><\/td>\n<\/tr>\n<tr>\n<td class=\"tg-yw4l\"><a href=\"http:\/\/www.asug-services.com\/de\/karriere\/landschaftsgaertner-gaertner-mw\/\" target=\"_blank\" rel=\"noopener noreferrer\">Landschaftsg\u00e4rtner \/ G\u00e4rtner (m\/w\/d)<\/a><\/td>\n<td class=\"tg-yw4l\">Gr\u00fcnanlagenpflege<\/td>\n<td class=\"tg-yw4l\"><a href=\"https:\/\/www.google.de\/maps\/place\/Chemnitz\/\" target=\"_blank\" rel=\"noopener noreferrer\">Chemnitz<\/a><\/td>\n<td class=\"tg-yw4l\">05.07.2023<\/td>\n<td class=\"tg-yw4l\"><span style=\"color: #7ab51d;\"><strong>aktuell<\/strong><\/span><\/td>\n<\/tr>\n<tr>\n<td class=\"tg-yw4l\"><a href=\"http:\/\/www.asug-services.com\/de\/karriere\/kehrmaschinenfahrer-mw\/\" target=\"_blank\" rel=\"noopener noreferrer\">Kehrmaschinenfahrer (m\/w\/d)<\/a><\/td>\n<td class=\"tg-yw4l\">Objektbetreuung<\/td>\n<td class=\"tg-yw4l\"><a href=\"https:\/\/www.google.de\/maps\/place\/Chemnitz\/\" target=\"_blank\" rel=\"noopener noreferrer\">Chemnitz<\/a><\/td>\n<td class=\"tg-yw4l\">05.07.2023<\/td>\n<td class=\"tg-yw4l\"><span style=\"color: #7ab51d;\"><strong>aktuell<\/strong><\/span><\/td>\n<\/tr>\n\n<tr>\n<td class=\"tg-yw4l\"><a href=\"https:\/\/www.asug-services.com\/de\/kraftfahrer-winterdienst-m-w-d\/\" target=\"_blank\" rel=\"noopener noreferrer\">Kraftfahrer Winterdienst (m\/w\/d)<\/a><\/td>\n<td class=\"tg-yw4l\">Winterdienst<\/td>\n<td class=\"tg-yw4l\"><a href=\"https:\/\/www.google.de\/maps\/place\/Chemnitz\/\" target=\"_blank\" rel=\"noopener noreferrer\">Chemnitz<\/a><\/td>\n<td class=\"tg-yw4l\">05.07.2023<\/td>\n<td class=\"tg-yw4l\"><span style=\"color: #7ab51d;\"><strong>aktuell<\/strong><\/span><\/td>\n<\/tr>\n\n\n\n<\/tbody>\n<\/table>\n<\/div>\n\n\n\n<p>Wenn Sie in unserer <a href=\"https:\/\/www.asug-services.com\/de\/karriere\/stellenangebote\/\">Stellenb\u00f6rse<\/a> kein passendes Angebot gefunden haben, aber an einem Einstieg bei der ASUG Geb\u00e4udeservice GmbH interessiert sind, k\u00f6nnen Sie sich auch gern <a href=\"https:\/\/www.asug-services.com\/de\/karriere\/online-bewerbung\/\"><strong>initiativ bei uns bewerben<\/strong><\/a>.<\/p>\n\n\n\n<p class=\"has-text-align-center\"><a class=\"wp-button\" href=\"https:\/\/www.asug-services.com\/de\/karriere\/online-bewerbung\/\" target=\"_blank\" rel=\"noopener noreferrer\">Zur Online-Bewerbung<\/a><\/p>\n\n\n\n<h3 class=\"wp-block-heading\"><strong>Sie haben noch Fragen oder w\u00fcnschen ein pers\u00f6nliches Gespr\u00e4ch?<br><\/strong><\/h3>\n\n\n\n<p>F\u00fcr weitere Informationen stehen wir Ihnen gern zur Verf\u00fcgung.<\/p>\n\n\n\n<p><strong>ASUG Geb\u00e4udeservice GmbH<br><\/strong>Emilienstra\u00dfe 35<br>09113 Chemnitz<br>Deutschland<\/p>\n\n\n\n<p><a href=\"https:\/\/www.asug-services.com\/de\/unternehmen\/anfahrt-und-kontakt\/\" target=\"_blank\" rel=\"noopener noreferrer\">Wegbeschreibung anzeigen<\/a><\/p>\n\n\n\n<p>Tel.: +49 (0)371 40 300 700<br>Fax: +49 (0)371 40 300 710<\/p>\n\n\n\n<p>E-Mail: <a href=\"mailto:info@asug-services.com\">info@asug-services.com<\/a><\/p>\n","protected":false},"excerpt":{"rendered":"<p>Die besten Jobs mit Karriere-Garantie! Hier finden Sie aktuelle Stellenangebote der ASUG Geb\u00e4udeservice GmbH. Sie suchen eine neue berufliche Herausforderung? Wir bieten ambitionierten Bewerbern eine Karriere mit Zukunftsperspektive! Position Aufgabenbereich Standort Ver\u00f6ffentlicht \/ Aktualisiert am Status Reinigungskraft (m\/w\/d) Unterhaltsreinigung Chemnitz 05.07.2023 aktuell Geb\u00e4udereiniger (m\/w\/d) Unterhaltsreinigung Oederan 05.07.2023 aktuell Vorarbeiter Geb\u00e4udereinigung (m\/w\/d) Geb\u00e4udereinigung Chemnitz 05.07.2023 aktuell &hellip; <\/p>\n<p class=\"link-more\"><a href=\"https:\/\/www.asug-services.com\/de\/karriere\/stellenangebote\/\" class=\"more-link\"><span class=\"screen-reader-text\">\u201eStellenangebote\u201c<\/span> weiterlesen<\/a><\/p>\n","protected":false},"author":1,"featured_media":0,"parent":25,"menu_order":0,"comment_status":"closed","ping_status":"closed","template":"","meta":{"footnotes":""},"class_list":["post-884","page","type-page","status-publish","hentry"],"yoast_head":"<!-- This site is optimized with the Yoast SEO plugin v23.4 - https:\/\/yoast.com\/wordpress\/plugins\/seo\/ -->\n<title>Stellenangebote | Der beste Hausmeister der Stadt<\/title>\n<meta name=\"robots\" content=\"index, follow, max-snippet:-1, max-image-preview:large, max-video-preview:-1\" \/>\n<link rel=\"canonical\" href=\"https:\/\/www.asug-services.com\/de\/karriere\/stellenangebote\/\" \/>\n<meta property=\"og:locale\" content=\"de_DE\" \/>\n<meta property=\"og:type\" content=\"article\" \/>\n<meta property=\"og:title\" content=\"Stellenangebote | Der beste Hausmeister der Stadt\" \/>\n<meta property=\"og:description\" content=\"Die besten Jobs mit Karriere-Garantie! Hier finden Sie aktuelle Stellenangebote der ASUG Geb\u00e4udeservice GmbH. Sie suchen eine neue berufliche Herausforderung? Wir bieten ambitionierten Bewerbern eine Karriere mit Zukunftsperspektive! Position Aufgabenbereich Standort Ver\u00f6ffentlicht \/ Aktualisiert am Status Reinigungskraft (m\/w\/d) Unterhaltsreinigung Chemnitz 05.07.2023 aktuell Geb\u00e4udereiniger (m\/w\/d) Unterhaltsreinigung Oederan 05.07.2023 aktuell Vorarbeiter Geb\u00e4udereinigung (m\/w\/d) Geb\u00e4udereinigung Chemnitz 05.07.2023 aktuell &hellip; \u201eStellenangebote\u201c weiterlesen\" \/>\n<meta property=\"og:url\" content=\"https:\/\/www.asug-services.com\/de\/karriere\/stellenangebote\/\" \/>\n<meta property=\"og:site_name\" content=\"Der beste Hausmeister der Stadt\" \/>\n<meta property=\"article:publisher\" content=\"https:\/\/www.facebook.com\/bester.hausmeister\" \/>\n<meta property=\"article:modified_time\" content=\"2023-07-05T12:51:52+00:00\" \/>\n<meta name=\"twitter:card\" content=\"summary_large_image\" \/>\n<meta name=\"twitter:site\" content=\"@asug_services\" \/>\n<script type=\"application\/ld+json\" class=\"yoast-schema-graph\">{\"@context\":\"https:\/\/schema.org\",\"@graph\":[{\"@type\":\"WebPage\",\"@id\":\"https:\/\/www.asug-services.com\/de\/karriere\/stellenangebote\/\",\"url\":\"https:\/\/www.asug-services.com\/de\/karriere\/stellenangebote\/\",\"name\":\"Stellenangebote | Der beste Hausmeister der Stadt\",\"isPartOf\":{\"@id\":\"https:\/\/www.asug-services.com\/de\/#website\"},\"datePublished\":\"2018-04-14T17:46:00+00:00\",\"dateModified\":\"2023-07-05T12:51:52+00:00\",\"breadcrumb\":{\"@id\":\"https:\/\/www.asug-services.com\/de\/karriere\/stellenangebote\/#breadcrumb\"},\"inLanguage\":\"de\",\"potentialAction\":[{\"@type\":\"ReadAction\",\"target\":[\"https:\/\/www.asug-services.com\/de\/karriere\/stellenangebote\/\"]}]},{\"@type\":\"BreadcrumbList\",\"@id\":\"https:\/\/www.asug-services.com\/de\/karriere\/stellenangebote\/#breadcrumb\",\"itemListElement\":[{\"@type\":\"ListItem\",\"position\":1,\"name\":\"Startseite\",\"item\":\"https:\/\/www.asug-services.com\/de\/\"},{\"@type\":\"ListItem\",\"position\":2,\"name\":\"Jobs &#038; Karriere\",\"item\":\"https:\/\/www.asug-services.com\/de\/karriere\/\"},{\"@type\":\"ListItem\",\"position\":3,\"name\":\"Stellenangebote\"}]},{\"@type\":\"WebSite\",\"@id\":\"https:\/\/www.asug-services.com\/de\/#website\",\"url\":\"https:\/\/www.asug-services.com\/de\/\",\"name\":\"Der beste Hausmeister der Stadt\",\"description\":\"\u2705 Ihr zuverl\u00e4ssiger Partner f\u00fcr Geb\u00e4udeservice \u2705 Seit 23 Jahren in Chemnitz \u2705 Kostenfreies Angebot innerhalb von 24 Stunden \u2705 Services in h\u00f6chster Qualit\u00e4t zu fairen Preisen \u2705 Perfekte Umsetzung Ihres Traumprojektes \u2705 \u00dcberzeugende Beratung \u2705 Fokussiert und zielorientiert \u2705 Mit viel Herzblut und gr\u00fcnem Daumen \u2705 Erfahren Sie, was uns einzigartig macht!\",\"publisher\":{\"@id\":\"https:\/\/www.asug-services.com\/de\/#organization\"},\"potentialAction\":[{\"@type\":\"SearchAction\",\"target\":{\"@type\":\"EntryPoint\",\"urlTemplate\":\"https:\/\/www.asug-services.com\/de\/?s={search_term_string}\"},\"query-input\":{\"@type\":\"PropertyValueSpecification\",\"valueRequired\":true,\"valueName\":\"search_term_string\"}}],\"inLanguage\":\"de\"},{\"@type\":\"Organization\",\"@id\":\"https:\/\/www.asug-services.com\/de\/#organization\",\"name\":\"ASUG Geb\u00e4udeservice GmbH\",\"url\":\"https:\/\/www.asug-services.com\/de\/\",\"logo\":{\"@type\":\"ImageObject\",\"inLanguage\":\"de\",\"@id\":\"https:\/\/www.asug-services.com\/de\/#\/schema\/logo\/image\/\",\"url\":\"https:\/\/www.asug-services.com\/wp-content\/uploads\/2017\/12\/ASUG-2017-07-17-Logo-f\u00fcr-Website-Bearbeitung-abgeschlossen.png\",\"contentUrl\":\"https:\/\/www.asug-services.com\/wp-content\/uploads\/2017\/12\/ASUG-2017-07-17-Logo-f\u00fcr-Website-Bearbeitung-abgeschlossen.png\",\"width\":3744,\"height\":343,\"caption\":\"ASUG Geb\u00e4udeservice GmbH\"},\"image\":{\"@id\":\"https:\/\/www.asug-services.com\/de\/#\/schema\/logo\/image\/\"},\"sameAs\":[\"https:\/\/www.facebook.com\/bester.hausmeister\",\"https:\/\/x.com\/asug_services\",\"https:\/\/www.instagram.com\/bester.hausmeister\/\"]}]}<\/script>\n<!-- \/ Yoast SEO plugin. -->","yoast_head_json":{"title":"Stellenangebote | Der beste Hausmeister der Stadt","robots":{"index":"index","follow":"follow","max-snippet":"max-snippet:-1","max-image-preview":"max-image-preview:large","max-video-preview":"max-video-preview:-1"},"canonical":"https:\/\/www.asug-services.com\/de\/karriere\/stellenangebote\/","og_locale":"de_DE","og_type":"article","og_title":"Stellenangebote | Der beste Hausmeister der Stadt","og_description":"Die besten Jobs mit Karriere-Garantie! Hier finden Sie aktuelle Stellenangebote der ASUG Geb\u00e4udeservice GmbH. Sie suchen eine neue berufliche Herausforderung? Wir bieten ambitionierten Bewerbern eine Karriere mit Zukunftsperspektive! Position Aufgabenbereich Standort Ver\u00f6ffentlicht \/ Aktualisiert am Status Reinigungskraft (m\/w\/d) Unterhaltsreinigung Chemnitz 05.07.2023 aktuell Geb\u00e4udereiniger (m\/w\/d) Unterhaltsreinigung Oederan 05.07.2023 aktuell Vorarbeiter Geb\u00e4udereinigung (m\/w\/d) Geb\u00e4udereinigung Chemnitz 05.07.2023 aktuell &hellip; \u201eStellenangebote\u201c weiterlesen","og_url":"https:\/\/www.asug-services.com\/de\/karriere\/stellenangebote\/","og_site_name":"Der beste Hausmeister der Stadt","article_publisher":"https:\/\/www.facebook.com\/bester.hausmeister","article_modified_time":"2023-07-05T12:51:52+00:00","twitter_card":"summary_large_image","twitter_site":"@asug_services","schema":{"@context":"https:\/\/schema.org","@graph":[{"@type":"WebPage","@id":"https:\/\/www.asug-services.com\/de\/karriere\/stellenangebote\/","url":"https:\/\/www.asug-services.com\/de\/karriere\/stellenangebote\/","name":"Stellenangebote | Der beste Hausmeister der Stadt","isPartOf":{"@id":"https:\/\/www.asug-services.com\/de\/#website"},"datePublished":"2018-04-14T17:46:00+00:00","dateModified":"2023-07-05T12:51:52+00:00","breadcrumb":{"@id":"https:\/\/www.asug-services.com\/de\/karriere\/stellenangebote\/#breadcrumb"},"inLanguage":"de","potentialAction":[{"@type":"ReadAction","target":["https:\/\/www.asug-services.com\/de\/karriere\/stellenangebote\/"]}]},{"@type":"BreadcrumbList","@id":"https:\/\/www.asug-services.com\/de\/karriere\/stellenangebote\/#breadcrumb","itemListElement":[{"@type":"ListItem","position":1,"name":"Startseite","item":"https:\/\/www.asug-services.com\/de\/"},{"@type":"ListItem","position":2,"name":"Jobs &#038; Karriere","item":"https:\/\/www.asug-services.com\/de\/karriere\/"},{"@type":"ListItem","position":3,"name":"Stellenangebote"}]},{"@type":"WebSite","@id":"https:\/\/www.asug-services.com\/de\/#website","url":"https:\/\/www.asug-services.com\/de\/","name":"Der beste Hausmeister der Stadt","description":"\u2705 Ihr zuverl\u00e4ssiger Partner f\u00fcr Geb\u00e4udeservice \u2705 Seit 23 Jahren in Chemnitz \u2705 Kostenfreies Angebot innerhalb von 24 Stunden \u2705 Services in h\u00f6chster Qualit\u00e4t zu fairen Preisen \u2705 Perfekte Umsetzung Ihres Traumprojektes \u2705 \u00dcberzeugende Beratung \u2705 Fokussiert und zielorientiert \u2705 Mit viel Herzblut und gr\u00fcnem Daumen \u2705 Erfahren Sie, was uns einzigartig macht!","publisher":{"@id":"https:\/\/www.asug-services.com\/de\/#organization"},"potentialAction":[{"@type":"SearchAction","target":{"@type":"EntryPoint","urlTemplate":"https:\/\/www.asug-services.com\/de\/?s={search_term_string}"},"query-input":{"@type":"PropertyValueSpecification","valueRequired":true,"valueName":"search_term_string"}}],"inLanguage":"de"},{"@type":"Organization","@id":"https:\/\/www.asug-services.com\/de\/#organization","name":"ASUG Geb\u00e4udeservice GmbH","url":"https:\/\/www.asug-services.com\/de\/","logo":{"@type":"ImageObject","inLanguage":"de","@id":"https:\/\/www.asug-services.com\/de\/#\/schema\/logo\/image\/","url":"https:\/\/www.asug-services.com\/wp-content\/uploads\/2017\/12\/ASUG-2017-07-17-Logo-f\u00fcr-Website-Bearbeitung-abgeschlossen.png","contentUrl":"https:\/\/www.asug-services.com\/wp-content\/uploads\/2017\/12\/ASUG-2017-07-17-Logo-f\u00fcr-Website-Bearbeitung-abgeschlossen.png","width":3744,"height":343,"caption":"ASUG Geb\u00e4udeservice GmbH"},"image":{"@id":"https:\/\/www.asug-services.com\/de\/#\/schema\/logo\/image\/"},"sameAs":["https:\/\/www.facebook.com\/bester.hausmeister","https:\/\/x.com\/asug_services","https:\/\/www.instagram.com\/bester.hausmeister\/"]}]}},"_links":{"self":[{"href":"https:\/\/www.asug-services.com\/de\/wp-json\/wp\/v2\/pages\/884"}],"collection":[{"href":"https:\/\/www.asug-services.com\/de\/wp-json\/wp\/v2\/pages"}],"about":[{"href":"https:\/\/www.asug-services.com\/de\/wp-json\/wp\/v2\/types\/page"}],"author":[{"embeddable":true,"href":"https:\/\/www.asug-services.com\/de\/wp-json\/wp\/v2\/users\/1"}],"replies":[{"embeddable":true,"href":"https:\/\/www.asug-services.com\/de\/wp-json\/wp\/v2\/comments?post=884"}],"version-history":[{"count":17,"href":"https:\/\/www.asug-services.com\/de\/wp-json\/wp\/v2\/pages\/884\/revisions"}],"predecessor-version":[{"id":2218,"href":"https:\/\/www.asug-services.com\/de\/wp-json\/wp\/v2\/pages\/884\/revisions\/2218"}],"up":[{"embeddable":true,"href":"https:\/\/www.asug-services.com\/de\/wp-json\/wp\/v2\/pages\/25"}],"wp:attachment":[{"href":"https:\/\/www.asug-services.com\/de\/wp-json\/wp\/v2\/media?parent=884"}],"curies":[{"name":"wp","href":"https:\/\/api.w.org\/{rel}","templated":true}]}}