{"id":868,"date":"2018-04-14T15:52:09","date_gmt":"2018-04-14T13:52:09","guid":{"rendered":"http:\/\/www.asug-services.com\/de\/?page_id=868"},"modified":"2018-07-13T09:16:19","modified_gmt":"2018-07-13T07:16:19","slug":"projekte","status":"publish","type":"page","link":"https:\/\/www.asug-services.com\/de\/unternehmen\/projekte\/","title":{"rendered":"Unsere Projekte"},"content":{"rendered":"<h2 style=\"text-align: center;\">Echte Erfolgsgeschichten.<\/h2>\n<p style=\"text-align: justify;\">Entdecken Sie hier, wie besonders erfolgreiche\u00a0Projekte unserer Kunden zustande kamen. Aktuelle\u00a0Nachrichten und Medieninhalte (Mediathek)\u00a0zu aktuellen und abgeschlossenen Projekten.<\/p>\n<h3 style=\"text-align: center;\"><span style=\"color: #75b727;\"><strong><a style=\"color: #75b727;\" href=\"https:\/\/www.asug-services.com\/de\/unternehmen\/projekte\/aussengestaltung-henriettenstrasse\">Au\u00dfengestaltung Henriettenstra\u00dfe 25-27, 09112 Chemnitz-Ka\u00dfberg<\/a><\/strong><\/span><\/h3>\n<figure id=\"attachment_1217\" aria-describedby=\"caption-attachment-1217\" style=\"width: 300px\" class=\"wp-caption aligncenter\"><img loading=\"lazy\" decoding=\"async\" class=\"wp-image-1217 size-medium\" src=\"https:\/\/www.asug-services.com\/wp-content\/uploads\/2018\/07\/IMG_20180530_153808-300x225.jpg\" alt=\"\" width=\"300\" height=\"225\" srcset=\"https:\/\/www.asug-services.com\/wp-content\/uploads\/2018\/07\/IMG_20180530_153808-300x225.jpg 300w, https:\/\/www.asug-services.com\/wp-content\/uploads\/2018\/07\/IMG_20180530_153808-768x576.jpg 768w, https:\/\/www.asug-services.com\/wp-content\/uploads\/2018\/07\/IMG_20180530_153808.jpg 1000w\" sizes=\"(max-width: 300px) 100vw, 300px\" \/><figcaption id=\"caption-attachment-1217\" class=\"wp-caption-text\">28.05.2018<\/figcaption><\/figure>\n<p style=\"text-align: justify;\">Hier entstehen einladende Gr\u00fcnfl\u00e4chen im Eingangsbereich des Hauses Henriettenstra\u00dfe 25-27 in 09112 Chemnitz. <a href=\"https:\/\/www.asug-services.com\/de\/unternehmen\/projekte\/aussengestaltung-henriettenstrasse\">Weiterlesen<\/a><\/p>\n<p>&nbsp;<\/p>\n<h3 style=\"text-align: center;\"><span style=\"color: #75b727;\"><strong><a style=\"color: #75b727;\" href=\"https:\/\/www.asug-services.com\/de\/unternehmen\/projekte\/aussengestaltung-parkstrasse\/\">Au\u00dfengestaltung Parkstra\u00dfe 2, 09120 Chemnitz<\/a><\/strong><\/span><\/h3>\n<figure id=\"attachment_1201\" aria-describedby=\"caption-attachment-1201\" style=\"width: 300px\" class=\"wp-caption aligncenter\"><img loading=\"lazy\" decoding=\"async\" class=\"size-medium wp-image-1201\" src=\"https:\/\/www.asug-services.com\/wp-content\/uploads\/2018\/07\/IMG_20180620_105426-300x225.jpg\" alt=\"\" width=\"300\" height=\"225\" srcset=\"https:\/\/www.asug-services.com\/wp-content\/uploads\/2018\/07\/IMG_20180620_105426-300x225.jpg 300w, https:\/\/www.asug-services.com\/wp-content\/uploads\/2018\/07\/IMG_20180620_105426-768x576.jpg 768w, https:\/\/www.asug-services.com\/wp-content\/uploads\/2018\/07\/IMG_20180620_105426.jpg 1000w\" sizes=\"(max-width: 300px) 100vw, 300px\" \/><figcaption id=\"caption-attachment-1201\" class=\"wp-caption-text\">20.06.2018<\/figcaption><\/figure>\n<h3 style=\"text-align: center;\"><span style=\"color: #75b727;\"><strong><a style=\"color: #75b727;\" href=\"https:\/\/www.asug-services.com\/de\/unternehmen\/projekte\/aussengestaltung-adelsbergstrasse\/\">Au\u00dfengestaltung und Gartenzaunmontage Adelsbergstra\u00dfe 122, 09127 Chemnitz-Gablenz<\/a><\/strong><\/span><\/h3>\n<figure id=\"attachment_1177\" aria-describedby=\"caption-attachment-1177\" style=\"width: 300px\" class=\"wp-caption aligncenter\"><img loading=\"lazy\" decoding=\"async\" class=\"wp-image-1177 size-medium\" src=\"https:\/\/www.asug-services.com\/wp-content\/uploads\/2018\/07\/IMG_20180621_080932-300x225.jpg\" alt=\"\" width=\"300\" height=\"225\" srcset=\"https:\/\/www.asug-services.com\/wp-content\/uploads\/2018\/07\/IMG_20180621_080932-300x225.jpg 300w, https:\/\/www.asug-services.com\/wp-content\/uploads\/2018\/07\/IMG_20180621_080932-768x576.jpg 768w, https:\/\/www.asug-services.com\/wp-content\/uploads\/2018\/07\/IMG_20180621_080932.jpg 1000w\" sizes=\"(max-width: 300px) 100vw, 300px\" \/><figcaption id=\"caption-attachment-1177\" class=\"wp-caption-text\">21.06.2018<\/figcaption><\/figure>\n<p>&nbsp;<\/p>\n<p style=\"text-align: justify;\">Bitte beachten Sie, dass es sich hierbei nur um einen kleinen Auszug aus unserem Portfolio handelt. Gern beraten wir Sie in einem pers\u00f6nlichen Gespr\u00e4ch und unterbreiten Ihnen ein attraktives Angebot.<\/p>\n","protected":false},"excerpt":{"rendered":"<p>Echte Erfolgsgeschichten. Entdecken Sie hier, wie besonders erfolgreiche\u00a0Projekte unserer Kunden zustande kamen. Aktuelle\u00a0Nachrichten und Medieninhalte (Mediathek)\u00a0zu aktuellen und abgeschlossenen Projekten. Au\u00dfengestaltung Henriettenstra\u00dfe 25-27, 09112 Chemnitz-Ka\u00dfberg Hier entstehen einladende Gr\u00fcnfl\u00e4chen im Eingangsbereich des Hauses Henriettenstra\u00dfe 25-27 in 09112 Chemnitz. Weiterlesen &nbsp; Au\u00dfengestaltung Parkstra\u00dfe 2, 09120 Chemnitz Au\u00dfengestaltung und Gartenzaunmontage Adelsbergstra\u00dfe 122, 09127 Chemnitz-Gablenz &nbsp; Bitte beachten &hellip; <\/p>\n<p class=\"link-more\"><a href=\"https:\/\/www.asug-services.com\/de\/unternehmen\/projekte\/\" class=\"more-link\"><span class=\"screen-reader-text\">\u201eUnsere Projekte\u201c<\/span> weiterlesen<\/a><\/p>\n","protected":false},"author":1,"featured_media":863,"parent":154,"menu_order":0,"comment_status":"closed","ping_status":"closed","template":"","meta":{"footnotes":""},"class_list":["post-868","page","type-page","status-publish","has-post-thumbnail","hentry"],"yoast_head":"<!-- This site is optimized with the Yoast SEO plugin v23.4 - https:\/\/yoast.com\/wordpress\/plugins\/seo\/ -->\n<title>Unsere Projekte | Der beste Hausmeister der Stadt<\/title>\n<meta name=\"robots\" content=\"index, follow, max-snippet:-1, max-image-preview:large, max-video-preview:-1\" \/>\n<link rel=\"canonical\" href=\"https:\/\/www.asug-services.com\/de\/unternehmen\/projekte\/\" \/>\n<meta property=\"og:locale\" content=\"de_DE\" \/>\n<meta property=\"og:type\" content=\"article\" \/>\n<meta property=\"og:title\" content=\"Unsere Projekte | Der beste Hausmeister der Stadt\" \/>\n<meta property=\"og:description\" content=\"Echte Erfolgsgeschichten. Entdecken Sie hier, wie besonders erfolgreiche\u00a0Projekte unserer Kunden zustande kamen. Aktuelle\u00a0Nachrichten und Medieninhalte (Mediathek)\u00a0zu aktuellen und abgeschlossenen Projekten. Au\u00dfengestaltung Henriettenstra\u00dfe 25-27, 09112 Chemnitz-Ka\u00dfberg Hier entstehen einladende Gr\u00fcnfl\u00e4chen im Eingangsbereich des Hauses Henriettenstra\u00dfe 25-27 in 09112 Chemnitz. Weiterlesen &nbsp; Au\u00dfengestaltung Parkstra\u00dfe 2, 09120 Chemnitz Au\u00dfengestaltung und Gartenzaunmontage Adelsbergstra\u00dfe 122, 09127 Chemnitz-Gablenz &nbsp; Bitte beachten &hellip; \u201eUnsere Projekte\u201c weiterlesen\" \/>\n<meta property=\"og:url\" content=\"https:\/\/www.asug-services.com\/de\/unternehmen\/projekte\/\" \/>\n<meta property=\"og:site_name\" content=\"Der beste Hausmeister der Stadt\" \/>\n<meta property=\"article:publisher\" content=\"https:\/\/www.facebook.com\/bester.hausmeister\" \/>\n<meta property=\"article:modified_time\" content=\"2018-07-13T07:16:19+00:00\" \/>\n<meta property=\"og:image\" content=\"https:\/\/www.asug-services.com\/wp-content\/uploads\/2018\/04\/image_header_000.jpg\" \/>\n\t<meta property=\"og:image:width\" content=\"1200\" \/>\n\t<meta property=\"og:image:height\" content=\"280\" \/>\n\t<meta property=\"og:image:type\" content=\"image\/jpeg\" \/>\n<meta name=\"twitter:card\" content=\"summary_large_image\" \/>\n<meta name=\"twitter:site\" content=\"@asug_services\" \/>\n<meta name=\"twitter:label1\" content=\"Gesch\u00e4tzte Lesezeit\" \/>\n\t<meta name=\"twitter:data1\" content=\"1\u00a0Minute\" \/>\n<script type=\"application\/ld+json\" class=\"yoast-schema-graph\">{\"@context\":\"https:\/\/schema.org\",\"@graph\":[{\"@type\":\"WebPage\",\"@id\":\"https:\/\/www.asug-services.com\/de\/unternehmen\/projekte\/\",\"url\":\"https:\/\/www.asug-services.com\/de\/unternehmen\/projekte\/\",\"name\":\"Unsere Projekte | Der beste Hausmeister der Stadt\",\"isPartOf\":{\"@id\":\"https:\/\/www.asug-services.com\/de\/#website\"},\"primaryImageOfPage\":{\"@id\":\"https:\/\/www.asug-services.com\/de\/unternehmen\/projekte\/#primaryimage\"},\"image\":{\"@id\":\"https:\/\/www.asug-services.com\/de\/unternehmen\/projekte\/#primaryimage\"},\"thumbnailUrl\":\"https:\/\/www.asug-services.com\/wp-content\/uploads\/2018\/04\/image_header_000.jpg\",\"datePublished\":\"2018-04-14T13:52:09+00:00\",\"dateModified\":\"2018-07-13T07:16:19+00:00\",\"breadcrumb\":{\"@id\":\"https:\/\/www.asug-services.com\/de\/unternehmen\/projekte\/#breadcrumb\"},\"inLanguage\":\"de\",\"potentialAction\":[{\"@type\":\"ReadAction\",\"target\":[\"https:\/\/www.asug-services.com\/de\/unternehmen\/projekte\/\"]}]},{\"@type\":\"ImageObject\",\"inLanguage\":\"de\",\"@id\":\"https:\/\/www.asug-services.com\/de\/unternehmen\/projekte\/#primaryimage\",\"url\":\"https:\/\/www.asug-services.com\/wp-content\/uploads\/2018\/04\/image_header_000.jpg\",\"contentUrl\":\"https:\/\/www.asug-services.com\/wp-content\/uploads\/2018\/04\/image_header_000.jpg\",\"width\":1200,\"height\":280},{\"@type\":\"BreadcrumbList\",\"@id\":\"https:\/\/www.asug-services.com\/de\/unternehmen\/projekte\/#breadcrumb\",\"itemListElement\":[{\"@type\":\"ListItem\",\"position\":1,\"name\":\"Startseite\",\"item\":\"https:\/\/www.asug-services.com\/de\/\"},{\"@type\":\"ListItem\",\"position\":2,\"name\":\"Unternehmen\",\"item\":\"https:\/\/www.asug-services.com\/de\/unternehmen\/\"},{\"@type\":\"ListItem\",\"position\":3,\"name\":\"Unsere Projekte\"}]},{\"@type\":\"WebSite\",\"@id\":\"https:\/\/www.asug-services.com\/de\/#website\",\"url\":\"https:\/\/www.asug-services.com\/de\/\",\"name\":\"Der beste Hausmeister der Stadt\",\"description\":\"\u2705 Ihr zuverl\u00e4ssiger Partner f\u00fcr Geb\u00e4udeservice \u2705 Seit 23 Jahren in Chemnitz \u2705 Kostenfreies Angebot innerhalb von 24 Stunden \u2705 Services in h\u00f6chster Qualit\u00e4t zu fairen Preisen \u2705 Perfekte Umsetzung Ihres Traumprojektes \u2705 \u00dcberzeugende Beratung \u2705 Fokussiert und zielorientiert \u2705 Mit viel Herzblut und gr\u00fcnem Daumen \u2705 Erfahren Sie, was uns einzigartig macht!\",\"publisher\":{\"@id\":\"https:\/\/www.asug-services.com\/de\/#organization\"},\"potentialAction\":[{\"@type\":\"SearchAction\",\"target\":{\"@type\":\"EntryPoint\",\"urlTemplate\":\"https:\/\/www.asug-services.com\/de\/?s={search_term_string}\"},\"query-input\":{\"@type\":\"PropertyValueSpecification\",\"valueRequired\":true,\"valueName\":\"search_term_string\"}}],\"inLanguage\":\"de\"},{\"@type\":\"Organization\",\"@id\":\"https:\/\/www.asug-services.com\/de\/#organization\",\"name\":\"ASUG Geb\u00e4udeservice GmbH\",\"url\":\"https:\/\/www.asug-services.com\/de\/\",\"logo\":{\"@type\":\"ImageObject\",\"inLanguage\":\"de\",\"@id\":\"https:\/\/www.asug-services.com\/de\/#\/schema\/logo\/image\/\",\"url\":\"https:\/\/www.asug-services.com\/wp-content\/uploads\/2017\/12\/ASUG-2017-07-17-Logo-f\u00fcr-Website-Bearbeitung-abgeschlossen.png\",\"contentUrl\":\"https:\/\/www.asug-services.com\/wp-content\/uploads\/2017\/12\/ASUG-2017-07-17-Logo-f\u00fcr-Website-Bearbeitung-abgeschlossen.png\",\"width\":3744,\"height\":343,\"caption\":\"ASUG Geb\u00e4udeservice GmbH\"},\"image\":{\"@id\":\"https:\/\/www.asug-services.com\/de\/#\/schema\/logo\/image\/\"},\"sameAs\":[\"https:\/\/www.facebook.com\/bester.hausmeister\",\"https:\/\/x.com\/asug_services\",\"https:\/\/www.instagram.com\/bester.hausmeister\/\"]}]}<\/script>\n<!-- \/ Yoast SEO plugin. -->","yoast_head_json":{"title":"Unsere Projekte | Der beste Hausmeister der Stadt","robots":{"index":"index","follow":"follow","max-snippet":"max-snippet:-1","max-image-preview":"max-image-preview:large","max-video-preview":"max-video-preview:-1"},"canonical":"https:\/\/www.asug-services.com\/de\/unternehmen\/projekte\/","og_locale":"de_DE","og_type":"article","og_title":"Unsere Projekte | Der beste Hausmeister der Stadt","og_description":"Echte Erfolgsgeschichten. Entdecken Sie hier, wie besonders erfolgreiche\u00a0Projekte unserer Kunden zustande kamen. Aktuelle\u00a0Nachrichten und Medieninhalte (Mediathek)\u00a0zu aktuellen und abgeschlossenen Projekten. Au\u00dfengestaltung Henriettenstra\u00dfe 25-27, 09112 Chemnitz-Ka\u00dfberg Hier entstehen einladende Gr\u00fcnfl\u00e4chen im Eingangsbereich des Hauses Henriettenstra\u00dfe 25-27 in 09112 Chemnitz. Weiterlesen &nbsp; Au\u00dfengestaltung Parkstra\u00dfe 2, 09120 Chemnitz Au\u00dfengestaltung und Gartenzaunmontage Adelsbergstra\u00dfe 122, 09127 Chemnitz-Gablenz &nbsp; Bitte beachten &hellip; \u201eUnsere Projekte\u201c weiterlesen","og_url":"https:\/\/www.asug-services.com\/de\/unternehmen\/projekte\/","og_site_name":"Der beste Hausmeister der Stadt","article_publisher":"https:\/\/www.facebook.com\/bester.hausmeister","article_modified_time":"2018-07-13T07:16:19+00:00","og_image":[{"width":1200,"height":280,"url":"https:\/\/www.asug-services.com\/wp-content\/uploads\/2018\/04\/image_header_000.jpg","type":"image\/jpeg"}],"twitter_card":"summary_large_image","twitter_site":"@asug_services","twitter_misc":{"Gesch\u00e4tzte Lesezeit":"1\u00a0Minute"},"schema":{"@context":"https:\/\/schema.org","@graph":[{"@type":"WebPage","@id":"https:\/\/www.asug-services.com\/de\/unternehmen\/projekte\/","url":"https:\/\/www.asug-services.com\/de\/unternehmen\/projekte\/","name":"Unsere Projekte | Der beste Hausmeister der Stadt","isPartOf":{"@id":"https:\/\/www.asug-services.com\/de\/#website"},"primaryImageOfPage":{"@id":"https:\/\/www.asug-services.com\/de\/unternehmen\/projekte\/#primaryimage"},"image":{"@id":"https:\/\/www.asug-services.com\/de\/unternehmen\/projekte\/#primaryimage"},"thumbnailUrl":"https:\/\/www.asug-services.com\/wp-content\/uploads\/2018\/04\/image_header_000.jpg","datePublished":"2018-04-14T13:52:09+00:00","dateModified":"2018-07-13T07:16:19+00:00","breadcrumb":{"@id":"https:\/\/www.asug-services.com\/de\/unternehmen\/projekte\/#breadcrumb"},"inLanguage":"de","potentialAction":[{"@type":"ReadAction","target":["https:\/\/www.asug-services.com\/de\/unternehmen\/projekte\/"]}]},{"@type":"ImageObject","inLanguage":"de","@id":"https:\/\/www.asug-services.com\/de\/unternehmen\/projekte\/#primaryimage","url":"https:\/\/www.asug-services.com\/wp-content\/uploads\/2018\/04\/image_header_000.jpg","contentUrl":"https:\/\/www.asug-services.com\/wp-content\/uploads\/2018\/04\/image_header_000.jpg","width":1200,"height":280},{"@type":"BreadcrumbList","@id":"https:\/\/www.asug-services.com\/de\/unternehmen\/projekte\/#breadcrumb","itemListElement":[{"@type":"ListItem","position":1,"name":"Startseite","item":"https:\/\/www.asug-services.com\/de\/"},{"@type":"ListItem","position":2,"name":"Unternehmen","item":"https:\/\/www.asug-services.com\/de\/unternehmen\/"},{"@type":"ListItem","position":3,"name":"Unsere Projekte"}]},{"@type":"WebSite","@id":"https:\/\/www.asug-services.com\/de\/#website","url":"https:\/\/www.asug-services.com\/de\/","name":"Der beste Hausmeister der Stadt","description":"\u2705 Ihr zuverl\u00e4ssiger Partner f\u00fcr Geb\u00e4udeservice \u2705 Seit 23 Jahren in Chemnitz \u2705 Kostenfreies Angebot innerhalb von 24 Stunden \u2705 Services in h\u00f6chster Qualit\u00e4t zu fairen Preisen \u2705 Perfekte Umsetzung Ihres Traumprojektes \u2705 \u00dcberzeugende Beratung \u2705 Fokussiert und zielorientiert \u2705 Mit viel Herzblut und gr\u00fcnem Daumen \u2705 Erfahren Sie, was uns einzigartig macht!","publisher":{"@id":"https:\/\/www.asug-services.com\/de\/#organization"},"potentialAction":[{"@type":"SearchAction","target":{"@type":"EntryPoint","urlTemplate":"https:\/\/www.asug-services.com\/de\/?s={search_term_string}"},"query-input":{"@type":"PropertyValueSpecification","valueRequired":true,"valueName":"search_term_string"}}],"inLanguage":"de"},{"@type":"Organization","@id":"https:\/\/www.asug-services.com\/de\/#organization","name":"ASUG Geb\u00e4udeservice GmbH","url":"https:\/\/www.asug-services.com\/de\/","logo":{"@type":"ImageObject","inLanguage":"de","@id":"https:\/\/www.asug-services.com\/de\/#\/schema\/logo\/image\/","url":"https:\/\/www.asug-services.com\/wp-content\/uploads\/2017\/12\/ASUG-2017-07-17-Logo-f\u00fcr-Website-Bearbeitung-abgeschlossen.png","contentUrl":"https:\/\/www.asug-services.com\/wp-content\/uploads\/2017\/12\/ASUG-2017-07-17-Logo-f\u00fcr-Website-Bearbeitung-abgeschlossen.png","width":3744,"height":343,"caption":"ASUG Geb\u00e4udeservice GmbH"},"image":{"@id":"https:\/\/www.asug-services.com\/de\/#\/schema\/logo\/image\/"},"sameAs":["https:\/\/www.facebook.com\/bester.hausmeister","https:\/\/x.com\/asug_services","https:\/\/www.instagram.com\/bester.hausmeister\/"]}]}},"_links":{"self":[{"href":"https:\/\/www.asug-services.com\/de\/wp-json\/wp\/v2\/pages\/868"}],"collection":[{"href":"https:\/\/www.asug-services.com\/de\/wp-json\/wp\/v2\/pages"}],"about":[{"href":"https:\/\/www.asug-services.com\/de\/wp-json\/wp\/v2\/types\/page"}],"author":[{"embeddable":true,"href":"https:\/\/www.asug-services.com\/de\/wp-json\/wp\/v2\/users\/1"}],"replies":[{"embeddable":true,"href":"https:\/\/www.asug-services.com\/de\/wp-json\/wp\/v2\/comments?post=868"}],"version-history":[{"count":19,"href":"https:\/\/www.asug-services.com\/de\/wp-json\/wp\/v2\/pages\/868\/revisions"}],"predecessor-version":[{"id":1246,"href":"https:\/\/www.asug-services.com\/de\/wp-json\/wp\/v2\/pages\/868\/revisions\/1246"}],"up":[{"embeddable":true,"href":"https:\/\/www.asug-services.com\/de\/wp-json\/wp\/v2\/pages\/154"}],"wp:featuredmedia":[{"embeddable":true,"href":"https:\/\/www.asug-services.com\/de\/wp-json\/wp\/v2\/media\/863"}],"wp:attachment":[{"href":"https:\/\/www.asug-services.com\/de\/wp-json\/wp\/v2\/media?parent=868"}],"curies":[{"name":"wp","href":"https:\/\/api.w.org\/{rel}","templated":true}]}}