{"id":75,"date":"2017-07-15T19:54:46","date_gmt":"2017-07-15T17:54:46","guid":{"rendered":"http:\/\/www.asug-services.com\/?page_id=75"},"modified":"2018-02-27T11:24:20","modified_gmt":"2018-02-27T10:24:20","slug":"umwelt","status":"publish","type":"page","link":"https:\/\/www.asug-services.com\/de\/unternehmen\/umwelt\/","title":{"rendered":"Nachhaltigkeit &#038; Umweltschutz"},"content":{"rendered":"<h1 style=\"text-align: center;\">ASUG Green Solutions<\/h1>\n<p style=\"text-align: justify;\">Umweltfreundliche L\u00f6sungen angepasst an Ihre individuellen Anforderungen. Unsere Dienstleistungen sind nicht nur sauber, sondern auch nachhaltig f\u00fcr Natur und Umwelt.<\/p>\n<h1 style=\"text-align: center;\">ASUG Green Solutions<\/h1>\n<h2 style=\"text-align: center;\">Umweltschutz beginnt vor der eigenen Haust\u00fcr.<\/h2>\n<p style=\"text-align: justify;\">Als mittelst\u00e4ndisches, s\u00e4chsisches Dienstleistungsunternehmen verpflichten wir uns, einen Beitrag zum Schutz unserer Umwelt zu leisten. Wir wissen, dass einige Ressourcen unserer Erde bald ersch\u00f6pft sein werden. Wir nehmen den Klimawandel ernst und sch\u00fctzen unsere Natur aktiv. Das schaffen wir, indem wir saubere und \u00f6kologisch nachhaltige Technogien und Verfahren entwickeln, die wir bei der Ausf\u00fchrung unserer Dienstleistungen einsetzen.<\/p>\n<h1 style=\"text-align: center;\">K\u00f6nnen wir durch eine Verbesserung unserer CO<sub>2<\/sub>-Bilanz den Klimawandel aufhalten?<\/h1>\n<p style=\"text-align: justify;\">Das klingt verr\u00fcckt, doch wir arbeiten daran. Uns ist bewusst, dass wir als Verbraucher f\u00fcr den Aussto\u00df von CO<sub>2 <\/sub>t\u00e4glich verantwortlich sind. Dennoch tun wir etwas daf\u00fcr, um die CO<sub>2<\/sub>-Emission zu reduzieren und so die Umwelt und das Klima zu schonen. Mit jeder umgesetzten Idee kommen wir unserer Vision einer CO<sub>2 <\/sub>-neutralen Dienstleistung Schritt f\u00fcr Schritt n\u00e4her. Wir zeigen daher, wie jeder seine pers\u00f6nliche CO<sub>2<\/sub>-Bilanz verbessern und dem Klimawandel entgegenwirken kann.<\/p>\n","protected":false},"excerpt":{"rendered":"<p>ASUG Green Solutions Umweltfreundliche L\u00f6sungen angepasst an Ihre individuellen Anforderungen. Unsere Dienstleistungen sind nicht nur sauber, sondern auch nachhaltig f\u00fcr Natur und Umwelt. ASUG Green Solutions Umweltschutz beginnt vor der eigenen Haust\u00fcr. Als mittelst\u00e4ndisches, s\u00e4chsisches Dienstleistungsunternehmen verpflichten wir uns, einen Beitrag zum Schutz unserer Umwelt zu leisten. Wir wissen, dass einige Ressourcen unserer Erde bald &hellip; <\/p>\n<p class=\"link-more\"><a href=\"https:\/\/www.asug-services.com\/de\/unternehmen\/umwelt\/\" class=\"more-link\"><span class=\"screen-reader-text\">\u201eNachhaltigkeit &#038; Umweltschutz\u201c<\/span> weiterlesen<\/a><\/p>\n","protected":false},"author":1,"featured_media":0,"parent":154,"menu_order":0,"comment_status":"closed","ping_status":"closed","template":"","meta":{"footnotes":""},"class_list":["post-75","page","type-page","status-publish","hentry"],"yoast_head":"<!-- This site is optimized with the Yoast SEO plugin v23.4 - https:\/\/yoast.com\/wordpress\/plugins\/seo\/ -->\n<title>Nachhaltigkeit &amp; Umweltschutz | Der beste Hausmeister der Stadt<\/title>\n<meta name=\"robots\" content=\"index, follow, max-snippet:-1, max-image-preview:large, max-video-preview:-1\" \/>\n<link rel=\"canonical\" href=\"https:\/\/www.asug-services.com\/de\/unternehmen\/umwelt\/\" \/>\n<meta property=\"og:locale\" content=\"de_DE\" \/>\n<meta property=\"og:type\" content=\"article\" \/>\n<meta property=\"og:title\" content=\"Nachhaltigkeit &amp; Umweltschutz | Der beste Hausmeister der Stadt\" \/>\n<meta property=\"og:description\" content=\"ASUG Green Solutions Umweltfreundliche L\u00f6sungen angepasst an Ihre individuellen Anforderungen. Unsere Dienstleistungen sind nicht nur sauber, sondern auch nachhaltig f\u00fcr Natur und Umwelt. ASUG Green Solutions Umweltschutz beginnt vor der eigenen Haust\u00fcr. Als mittelst\u00e4ndisches, s\u00e4chsisches Dienstleistungsunternehmen verpflichten wir uns, einen Beitrag zum Schutz unserer Umwelt zu leisten. Wir wissen, dass einige Ressourcen unserer Erde bald &hellip; \u201eNachhaltigkeit &#038; Umweltschutz\u201c weiterlesen\" \/>\n<meta property=\"og:url\" content=\"https:\/\/www.asug-services.com\/de\/unternehmen\/umwelt\/\" \/>\n<meta property=\"og:site_name\" content=\"Der beste Hausmeister der Stadt\" \/>\n<meta property=\"article:publisher\" content=\"https:\/\/www.facebook.com\/bester.hausmeister\" \/>\n<meta property=\"article:modified_time\" content=\"2018-02-27T10:24:20+00:00\" \/>\n<meta name=\"twitter:card\" content=\"summary_large_image\" \/>\n<meta name=\"twitter:site\" content=\"@asug_services\" \/>\n<meta name=\"twitter:label1\" content=\"Gesch\u00e4tzte Lesezeit\" \/>\n\t<meta name=\"twitter:data1\" content=\"1\u00a0Minute\" \/>\n<script type=\"application\/ld+json\" class=\"yoast-schema-graph\">{\"@context\":\"https:\/\/schema.org\",\"@graph\":[{\"@type\":\"WebPage\",\"@id\":\"https:\/\/www.asug-services.com\/de\/unternehmen\/umwelt\/\",\"url\":\"https:\/\/www.asug-services.com\/de\/unternehmen\/umwelt\/\",\"name\":\"Nachhaltigkeit & Umweltschutz | Der beste Hausmeister der Stadt\",\"isPartOf\":{\"@id\":\"https:\/\/www.asug-services.com\/de\/#website\"},\"datePublished\":\"2017-07-15T17:54:46+00:00\",\"dateModified\":\"2018-02-27T10:24:20+00:00\",\"breadcrumb\":{\"@id\":\"https:\/\/www.asug-services.com\/de\/unternehmen\/umwelt\/#breadcrumb\"},\"inLanguage\":\"de\",\"potentialAction\":[{\"@type\":\"ReadAction\",\"target\":[\"https:\/\/www.asug-services.com\/de\/unternehmen\/umwelt\/\"]}]},{\"@type\":\"BreadcrumbList\",\"@id\":\"https:\/\/www.asug-services.com\/de\/unternehmen\/umwelt\/#breadcrumb\",\"itemListElement\":[{\"@type\":\"ListItem\",\"position\":1,\"name\":\"Startseite\",\"item\":\"https:\/\/www.asug-services.com\/de\/\"},{\"@type\":\"ListItem\",\"position\":2,\"name\":\"Unternehmen\",\"item\":\"https:\/\/www.asug-services.com\/de\/unternehmen\/\"},{\"@type\":\"ListItem\",\"position\":3,\"name\":\"Nachhaltigkeit &#038; Umweltschutz\"}]},{\"@type\":\"WebSite\",\"@id\":\"https:\/\/www.asug-services.com\/de\/#website\",\"url\":\"https:\/\/www.asug-services.com\/de\/\",\"name\":\"Der beste Hausmeister der Stadt\",\"description\":\"\u2705 Ihr zuverl\u00e4ssiger Partner f\u00fcr Geb\u00e4udeservice \u2705 Seit 23 Jahren in Chemnitz \u2705 Kostenfreies Angebot innerhalb von 24 Stunden \u2705 Services in h\u00f6chster Qualit\u00e4t zu fairen Preisen \u2705 Perfekte Umsetzung Ihres Traumprojektes \u2705 \u00dcberzeugende Beratung \u2705 Fokussiert und zielorientiert \u2705 Mit viel Herzblut und gr\u00fcnem Daumen \u2705 Erfahren Sie, was uns einzigartig macht!\",\"publisher\":{\"@id\":\"https:\/\/www.asug-services.com\/de\/#organization\"},\"potentialAction\":[{\"@type\":\"SearchAction\",\"target\":{\"@type\":\"EntryPoint\",\"urlTemplate\":\"https:\/\/www.asug-services.com\/de\/?s={search_term_string}\"},\"query-input\":{\"@type\":\"PropertyValueSpecification\",\"valueRequired\":true,\"valueName\":\"search_term_string\"}}],\"inLanguage\":\"de\"},{\"@type\":\"Organization\",\"@id\":\"https:\/\/www.asug-services.com\/de\/#organization\",\"name\":\"ASUG Geb\u00e4udeservice GmbH\",\"url\":\"https:\/\/www.asug-services.com\/de\/\",\"logo\":{\"@type\":\"ImageObject\",\"inLanguage\":\"de\",\"@id\":\"https:\/\/www.asug-services.com\/de\/#\/schema\/logo\/image\/\",\"url\":\"https:\/\/www.asug-services.com\/wp-content\/uploads\/2017\/12\/ASUG-2017-07-17-Logo-f\u00fcr-Website-Bearbeitung-abgeschlossen.png\",\"contentUrl\":\"https:\/\/www.asug-services.com\/wp-content\/uploads\/2017\/12\/ASUG-2017-07-17-Logo-f\u00fcr-Website-Bearbeitung-abgeschlossen.png\",\"width\":3744,\"height\":343,\"caption\":\"ASUG Geb\u00e4udeservice GmbH\"},\"image\":{\"@id\":\"https:\/\/www.asug-services.com\/de\/#\/schema\/logo\/image\/\"},\"sameAs\":[\"https:\/\/www.facebook.com\/bester.hausmeister\",\"https:\/\/x.com\/asug_services\",\"https:\/\/www.instagram.com\/bester.hausmeister\/\"]}]}<\/script>\n<!-- \/ Yoast SEO plugin. -->","yoast_head_json":{"title":"Nachhaltigkeit & Umweltschutz | Der beste Hausmeister der Stadt","robots":{"index":"index","follow":"follow","max-snippet":"max-snippet:-1","max-image-preview":"max-image-preview:large","max-video-preview":"max-video-preview:-1"},"canonical":"https:\/\/www.asug-services.com\/de\/unternehmen\/umwelt\/","og_locale":"de_DE","og_type":"article","og_title":"Nachhaltigkeit & Umweltschutz | Der beste Hausmeister der Stadt","og_description":"ASUG Green Solutions Umweltfreundliche L\u00f6sungen angepasst an Ihre individuellen Anforderungen. Unsere Dienstleistungen sind nicht nur sauber, sondern auch nachhaltig f\u00fcr Natur und Umwelt. ASUG Green Solutions Umweltschutz beginnt vor der eigenen Haust\u00fcr. Als mittelst\u00e4ndisches, s\u00e4chsisches Dienstleistungsunternehmen verpflichten wir uns, einen Beitrag zum Schutz unserer Umwelt zu leisten. Wir wissen, dass einige Ressourcen unserer Erde bald &hellip; \u201eNachhaltigkeit &#038; Umweltschutz\u201c weiterlesen","og_url":"https:\/\/www.asug-services.com\/de\/unternehmen\/umwelt\/","og_site_name":"Der beste Hausmeister der Stadt","article_publisher":"https:\/\/www.facebook.com\/bester.hausmeister","article_modified_time":"2018-02-27T10:24:20+00:00","twitter_card":"summary_large_image","twitter_site":"@asug_services","twitter_misc":{"Gesch\u00e4tzte Lesezeit":"1\u00a0Minute"},"schema":{"@context":"https:\/\/schema.org","@graph":[{"@type":"WebPage","@id":"https:\/\/www.asug-services.com\/de\/unternehmen\/umwelt\/","url":"https:\/\/www.asug-services.com\/de\/unternehmen\/umwelt\/","name":"Nachhaltigkeit & Umweltschutz | Der beste Hausmeister der Stadt","isPartOf":{"@id":"https:\/\/www.asug-services.com\/de\/#website"},"datePublished":"2017-07-15T17:54:46+00:00","dateModified":"2018-02-27T10:24:20+00:00","breadcrumb":{"@id":"https:\/\/www.asug-services.com\/de\/unternehmen\/umwelt\/#breadcrumb"},"inLanguage":"de","potentialAction":[{"@type":"ReadAction","target":["https:\/\/www.asug-services.com\/de\/unternehmen\/umwelt\/"]}]},{"@type":"BreadcrumbList","@id":"https:\/\/www.asug-services.com\/de\/unternehmen\/umwelt\/#breadcrumb","itemListElement":[{"@type":"ListItem","position":1,"name":"Startseite","item":"https:\/\/www.asug-services.com\/de\/"},{"@type":"ListItem","position":2,"name":"Unternehmen","item":"https:\/\/www.asug-services.com\/de\/unternehmen\/"},{"@type":"ListItem","position":3,"name":"Nachhaltigkeit &#038; Umweltschutz"}]},{"@type":"WebSite","@id":"https:\/\/www.asug-services.com\/de\/#website","url":"https:\/\/www.asug-services.com\/de\/","name":"Der beste Hausmeister der Stadt","description":"\u2705 Ihr zuverl\u00e4ssiger Partner f\u00fcr Geb\u00e4udeservice \u2705 Seit 23 Jahren in Chemnitz \u2705 Kostenfreies Angebot innerhalb von 24 Stunden \u2705 Services in h\u00f6chster Qualit\u00e4t zu fairen Preisen \u2705 Perfekte Umsetzung Ihres Traumprojektes \u2705 \u00dcberzeugende Beratung \u2705 Fokussiert und zielorientiert \u2705 Mit viel Herzblut und gr\u00fcnem Daumen \u2705 Erfahren Sie, was uns einzigartig macht!","publisher":{"@id":"https:\/\/www.asug-services.com\/de\/#organization"},"potentialAction":[{"@type":"SearchAction","target":{"@type":"EntryPoint","urlTemplate":"https:\/\/www.asug-services.com\/de\/?s={search_term_string}"},"query-input":{"@type":"PropertyValueSpecification","valueRequired":true,"valueName":"search_term_string"}}],"inLanguage":"de"},{"@type":"Organization","@id":"https:\/\/www.asug-services.com\/de\/#organization","name":"ASUG Geb\u00e4udeservice GmbH","url":"https:\/\/www.asug-services.com\/de\/","logo":{"@type":"ImageObject","inLanguage":"de","@id":"https:\/\/www.asug-services.com\/de\/#\/schema\/logo\/image\/","url":"https:\/\/www.asug-services.com\/wp-content\/uploads\/2017\/12\/ASUG-2017-07-17-Logo-f\u00fcr-Website-Bearbeitung-abgeschlossen.png","contentUrl":"https:\/\/www.asug-services.com\/wp-content\/uploads\/2017\/12\/ASUG-2017-07-17-Logo-f\u00fcr-Website-Bearbeitung-abgeschlossen.png","width":3744,"height":343,"caption":"ASUG Geb\u00e4udeservice GmbH"},"image":{"@id":"https:\/\/www.asug-services.com\/de\/#\/schema\/logo\/image\/"},"sameAs":["https:\/\/www.facebook.com\/bester.hausmeister","https:\/\/x.com\/asug_services","https:\/\/www.instagram.com\/bester.hausmeister\/"]}]}},"_links":{"self":[{"href":"https:\/\/www.asug-services.com\/de\/wp-json\/wp\/v2\/pages\/75"}],"collection":[{"href":"https:\/\/www.asug-services.com\/de\/wp-json\/wp\/v2\/pages"}],"about":[{"href":"https:\/\/www.asug-services.com\/de\/wp-json\/wp\/v2\/types\/page"}],"author":[{"embeddable":true,"href":"https:\/\/www.asug-services.com\/de\/wp-json\/wp\/v2\/users\/1"}],"replies":[{"embeddable":true,"href":"https:\/\/www.asug-services.com\/de\/wp-json\/wp\/v2\/comments?post=75"}],"version-history":[{"count":10,"href":"https:\/\/www.asug-services.com\/de\/wp-json\/wp\/v2\/pages\/75\/revisions"}],"predecessor-version":[{"id":670,"href":"https:\/\/www.asug-services.com\/de\/wp-json\/wp\/v2\/pages\/75\/revisions\/670"}],"up":[{"embeddable":true,"href":"https:\/\/www.asug-services.com\/de\/wp-json\/wp\/v2\/pages\/154"}],"wp:attachment":[{"href":"https:\/\/www.asug-services.com\/de\/wp-json\/wp\/v2\/media?parent=75"}],"curies":[{"name":"wp","href":"https:\/\/api.w.org\/{rel}","templated":true}]}}