{"id":60,"date":"2017-07-15T19:40:22","date_gmt":"2017-07-15T17:40:22","guid":{"rendered":"http:\/\/www.asug-services.com\/?page_id=60"},"modified":"2018-04-27T14:54:36","modified_gmt":"2018-04-27T12:54:36","slug":"baureinigung","status":"publish","type":"page","link":"https:\/\/www.asug-services.com\/de\/gebaeudeservice\/baureinigung\/","title":{"rendered":"Baureinigung"},"content":{"rendered":"<p style=\"text-align: justify;\">Wir beseitigen s\u00e4mtliche Spuren von Bauarbeiten professionell und sichern damit reibungslose Arbeitsabl\u00e4ufe bei der Konstruktion Ihrer Immobilie! Wir sind Experten in der Baureinigung \u2013 und das seit \u00fcber 20 Jahren am Standort Chemnitz.<\/p>\n<h1 style=\"text-align: center;\">Sauberkeit<\/h1>\n<h2 style=\"text-align: center;\">Beginnt bereits auf der Baustelle.<\/h2>\n<p style=\"text-align: justify;\">Unsere Dienstleistungen der Baureinigung beinhalten ein breites Servicespektrum von Reinigungsleistungen. Unser erfahrenes Team \u00fcbernimmt nahezu alle Aufgaben der Innenreinigung und Au\u00dfenreinigung schon w\u00e4hrend der Bauphase Ihres Objektes. Wir beseitigen s\u00e4mtliche Spuren von Bauarbeiten professionell und zuverl\u00e4ssig. Nach Ihren W\u00fcnschen reinigen wir Ihre Immobilie in den einzelnen Bauabschnitten so gr\u00fcndlich, dass Sie sich nur noch einrichten m\u00fcssen, bevor Sie einziehen. Auch um die ordnungsgem\u00e4\u00dfe Entsorgung der Bauabf\u00e4lle k\u00fcmmern wir uns. Bei Bedarf stellen wir Ihnen Container, Ger\u00fcste oder Hebeb\u00fchnen bereit.<\/p>\n<figure id=\"attachment_562\" aria-describedby=\"caption-attachment-562\" style=\"width: 525px\" class=\"wp-caption aligncenter\"><a href=\"https:\/\/www.asug-services.com\/de\/gebaeudeservice\/baureinigung\/img-20171214-wa0000\/\"><img loading=\"lazy\" decoding=\"async\" class=\"wp-image-562 size-large\" src=\"https:\/\/www.asug-services.com\/wp-content\/uploads\/2018\/01\/IMG-20171214-WA0000-1024x576.jpg\" alt=\"\" width=\"525\" height=\"295\" srcset=\"https:\/\/www.asug-services.com\/wp-content\/uploads\/2018\/01\/IMG-20171214-WA0000-1024x576.jpg 1024w, https:\/\/www.asug-services.com\/wp-content\/uploads\/2018\/01\/IMG-20171214-WA0000-300x169.jpg 300w, https:\/\/www.asug-services.com\/wp-content\/uploads\/2018\/01\/IMG-20171214-WA0000-768x432.jpg 768w, https:\/\/www.asug-services.com\/wp-content\/uploads\/2018\/01\/IMG-20171214-WA0000.jpg 1280w\" sizes=\"(max-width: 525px) 100vw, 525px\" \/><\/a><figcaption id=\"caption-attachment-562\" class=\"wp-caption-text\">\u00a9 2017 ASUG Geb\u00e4udeservice GmbH &#8211; Baureinigung mit anschlie\u00dfender Versiegelung des Fu\u00dfbodens, f\u00fcr eine effektive und nachhaltige Unterhaltsreinigung<\/figcaption><\/figure>\n<h1 style=\"text-align: center;\">Das richtige Reinigungsverfahren.<\/h1>\n<h2 style=\"text-align: center;\">F\u00fcr jeden Bauabschnitt.<\/h2>\n<p style=\"text-align: justify;\">Bereits w\u00e4hrend der Errichtung Ihrer Immobilie sorgen wir f\u00fcr eine saubere Baustelle. Fachgerecht bringen unsere Mitarbeiter die Objekte w\u00e4hrend und nach Abschluss der Bauarbeiten in einen bestm\u00f6glichen Zustand. Abschlie\u00dfend beseitigen wir \u00fcbrigen Schmutz w\u00e4hrend der Baufeinreinigung und stellen einen bezugsfertigen Zustand Ihrer Immobilie her. Zu unserem Leistungsangebot der Baureinigung z\u00e4hlen unter anderem:<\/p>\n<h3 style=\"text-align: justify;\"><strong>\u2705\u00a0Baugrobreinigung und Bauzwischenreinigung<\/strong><\/h3>\n<p style=\"text-align: justify;\">Bereits w\u00e4hrend der Durchf\u00fchrung der Arbeiten ist die S\u00e4uberung Ihrer Baustelle erforderlich. Wir f\u00fchren f\u00fcr Sie s\u00e4mtliche Reinigungsarbeiten durch, die f\u00fcr eine reibungslose Errichtung Ihres Objektes erforderlich sind. Dabei entfernen wir Bauschutt, grobe Verschmutzungen sowie anfallenden Abfall durch Verbrauchsmaterialien.<\/p>\n<h3 style=\"text-align: justify;\"><strong>\u2705\u00a0Bauendreinigung<\/strong><\/h3>\n<p style=\"text-align: justify;\">Sind die Bauarbeiten abgeschlossen, muss eine gr\u00fcndliche Bauendreinigung erfolgen. Hierbei entfernen unsere erfahrenen Mitarbeiter Bauschutt, Abfall durch Verbrauchsmaterialien, Handwerkerschmutz, Markierungen, Straub, Schlieren, Wasserflecken etc. Ebenso pr\u00fcfen wir den Rohbau auf M\u00e4ngel, die erst w\u00e4hrend der Bauendreinigung ersichtlich sind. Nun k\u00f6nnen Sie gezielte Korrekturen vornehmen, die Ihre Immobilie in einen bezugsfertigen Zustand versetzen.<\/p>\n<h3 style=\"text-align: justify;\"><strong>\u2705\u00a0Baufeinreinigung bzw. Bauschlussreinigung<\/strong><\/h3>\n<p style=\"text-align: justify;\">Nachdem die Bauarbeiten komplett abgeschlossen sind, so erfolgt die Baufeinreinigung. Durch den Einsatz umweltfreundlicher Reinigungsmittel und fachgerechter Methoden entfernen unsere Reinigungsteams angefallenen Handwerkerschmutz. Dadurch wird das neu errichtete oder renovierte Bauwerk in einen bezugsfertigen Zustand versetzt.<\/p>\n<p>&nbsp;<\/p>\n<div id='gallery-1' class='gallery galleryid-60 gallery-columns-3 gallery-size-large'><figure class='gallery-item'>\n\t\t\t<div class='gallery-icon landscape'>\n\t\t\t\t<a href='https:\/\/www.asug-services.com\/wp-content\/uploads\/2018\/01\/IMG_20171221_082340.jpg'><img loading=\"lazy\" decoding=\"async\" width=\"525\" height=\"296\" src=\"https:\/\/www.asug-services.com\/wp-content\/uploads\/2018\/01\/IMG_20171221_082340-1024x578.jpg\" class=\"attachment-large size-large\" alt=\"\" aria-describedby=\"gallery-1-595\" srcset=\"https:\/\/www.asug-services.com\/wp-content\/uploads\/2018\/01\/IMG_20171221_082340-1024x578.jpg 1024w, https:\/\/www.asug-services.com\/wp-content\/uploads\/2018\/01\/IMG_20171221_082340-300x169.jpg 300w, https:\/\/www.asug-services.com\/wp-content\/uploads\/2018\/01\/IMG_20171221_082340-768x434.jpg 768w\" sizes=\"100vw\" \/><\/a>\n\t\t\t<\/div>\n\t\t\t\t<figcaption class='wp-caption-text gallery-caption' id='gallery-1-595'>\n\t\t\t\t\u00a9 2017 ASUG Geb\u00e4udeservice GmbH &#8211; Nach Abschluss der Reinigungsarbeiten\n\t\t\t\t<\/figcaption><\/figure><figure class='gallery-item'>\n\t\t\t<div class='gallery-icon landscape'>\n\t\t\t\t<a href='https:\/\/www.asug-services.com\/wp-content\/uploads\/2018\/01\/IMG_20171221_082341.jpg'><img loading=\"lazy\" decoding=\"async\" width=\"525\" height=\"296\" src=\"https:\/\/www.asug-services.com\/wp-content\/uploads\/2018\/01\/IMG_20171221_082341-1024x578.jpg\" class=\"attachment-large size-large\" alt=\"\" aria-describedby=\"gallery-1-591\" srcset=\"https:\/\/www.asug-services.com\/wp-content\/uploads\/2018\/01\/IMG_20171221_082341-1024x578.jpg 1024w, https:\/\/www.asug-services.com\/wp-content\/uploads\/2018\/01\/IMG_20171221_082341-300x169.jpg 300w, https:\/\/www.asug-services.com\/wp-content\/uploads\/2018\/01\/IMG_20171221_082341-768x434.jpg 768w\" sizes=\"100vw\" \/><\/a>\n\t\t\t<\/div>\n\t\t\t\t<figcaption class='wp-caption-text gallery-caption' id='gallery-1-591'>\n\t\t\t\t\u00a9 2017 ASUG Geb\u00e4udeservice GmbH &#8211; Nach Abschluss der Reinigungsarbeiten\n\t\t\t\t<\/figcaption><\/figure><figure class='gallery-item'>\n\t\t\t<div class='gallery-icon landscape'>\n\t\t\t\t<a href='https:\/\/www.asug-services.com\/wp-content\/uploads\/2018\/01\/IMG_20171221_082344.jpg'><img loading=\"lazy\" decoding=\"async\" width=\"525\" height=\"296\" src=\"https:\/\/www.asug-services.com\/wp-content\/uploads\/2018\/01\/IMG_20171221_082344-1024x578.jpg\" class=\"attachment-large size-large\" alt=\"\" aria-describedby=\"gallery-1-594\" srcset=\"https:\/\/www.asug-services.com\/wp-content\/uploads\/2018\/01\/IMG_20171221_082344-1024x578.jpg 1024w, https:\/\/www.asug-services.com\/wp-content\/uploads\/2018\/01\/IMG_20171221_082344-300x169.jpg 300w, https:\/\/www.asug-services.com\/wp-content\/uploads\/2018\/01\/IMG_20171221_082344-768x434.jpg 768w\" sizes=\"100vw\" \/><\/a>\n\t\t\t<\/div>\n\t\t\t\t<figcaption class='wp-caption-text gallery-caption' id='gallery-1-594'>\n\t\t\t\t\u00a9 2017 ASUG Geb\u00e4udeservice GmbH &#8211; Vor Beginn der Reinigungsarbeiten\n\t\t\t\t<\/figcaption><\/figure><figure class='gallery-item'>\n\t\t\t<div class='gallery-icon landscape'>\n\t\t\t\t<a href='https:\/\/www.asug-services.com\/wp-content\/uploads\/2018\/01\/IMG_20171221_082343.jpg'><img loading=\"lazy\" decoding=\"async\" width=\"525\" height=\"296\" src=\"https:\/\/www.asug-services.com\/wp-content\/uploads\/2018\/01\/IMG_20171221_082343-1024x578.jpg\" class=\"attachment-large size-large\" alt=\"\" aria-describedby=\"gallery-1-593\" srcset=\"https:\/\/www.asug-services.com\/wp-content\/uploads\/2018\/01\/IMG_20171221_082343-1024x578.jpg 1024w, https:\/\/www.asug-services.com\/wp-content\/uploads\/2018\/01\/IMG_20171221_082343-300x169.jpg 300w, https:\/\/www.asug-services.com\/wp-content\/uploads\/2018\/01\/IMG_20171221_082343-768x434.jpg 768w\" sizes=\"100vw\" \/><\/a>\n\t\t\t<\/div>\n\t\t\t\t<figcaption class='wp-caption-text gallery-caption' id='gallery-1-593'>\n\t\t\t\t\u00a9 2017 ASUG Geb\u00e4udeservice GmbH &#8211; Vor Beginn der Reinigungsarbeiten\n\t\t\t\t<\/figcaption><\/figure><figure class='gallery-item'>\n\t\t\t<div class='gallery-icon landscape'>\n\t\t\t\t<a href='https:\/\/www.asug-services.com\/wp-content\/uploads\/2018\/01\/IMG_20171221_082342.jpg'><img loading=\"lazy\" decoding=\"async\" width=\"525\" height=\"296\" src=\"https:\/\/www.asug-services.com\/wp-content\/uploads\/2018\/01\/IMG_20171221_082342-1024x578.jpg\" class=\"attachment-large size-large\" alt=\"\" aria-describedby=\"gallery-1-592\" srcset=\"https:\/\/www.asug-services.com\/wp-content\/uploads\/2018\/01\/IMG_20171221_082342-1024x578.jpg 1024w, https:\/\/www.asug-services.com\/wp-content\/uploads\/2018\/01\/IMG_20171221_082342-300x169.jpg 300w, https:\/\/www.asug-services.com\/wp-content\/uploads\/2018\/01\/IMG_20171221_082342-768x434.jpg 768w\" sizes=\"100vw\" \/><\/a>\n\t\t\t<\/div>\n\t\t\t\t<figcaption class='wp-caption-text gallery-caption' id='gallery-1-592'>\n\t\t\t\t\u00a9 2017 ASUG Geb\u00e4udeservice GmbH &#8211; Vor Beginn der Reinigungsarbeiten\n\t\t\t\t<\/figcaption><\/figure>\n\t\t<\/div>\n\n<h1 style=\"text-align: center;\">Unser Service \u2013 Ihr Vorteil<\/h1>\n<p style=\"text-align: justify;\">Wir entwickeln f\u00fcr jedes Objekt das richtige Reinigungskonzept \u2013 mit individuellen Reinigungspl\u00e4nen, zuverl\u00e4ssigen Mitarbeitern und umweltgerechten L\u00f6sungen. Auch auf Ihrer Baustelle gibt es vieles zu reinigen \u2013 wir erf\u00fcllen Ihre W\u00fcnsche gern. M\u00f6chten auch Sie sich von unseren zahlreichen Leistungen im Bereich Baureinigung \u00fcberzeugen? Kontaktieren Sie uns noch heute \u2013 wir freuen uns auf Ihren Kontakt.<\/p>\n","protected":false},"excerpt":{"rendered":"<p>Wir beseitigen s\u00e4mtliche Spuren von Bauarbeiten professionell und sichern damit reibungslose Arbeitsabl\u00e4ufe bei der Konstruktion Ihrer Immobilie! Wir sind Experten in der Baureinigung \u2013 und das seit \u00fcber 20 Jahren am Standort Chemnitz. Sauberkeit Beginnt bereits auf der Baustelle. Unsere Dienstleistungen der Baureinigung beinhalten ein breites Servicespektrum von Reinigungsleistungen. Unser erfahrenes Team \u00fcbernimmt nahezu alle &hellip; <\/p>\n<p class=\"link-more\"><a href=\"https:\/\/www.asug-services.com\/de\/gebaeudeservice\/baureinigung\/\" class=\"more-link\"><span class=\"screen-reader-text\">\u201eBaureinigung\u201c<\/span> weiterlesen<\/a><\/p>\n","protected":false},"author":1,"featured_media":0,"parent":47,"menu_order":0,"comment_status":"closed","ping_status":"closed","template":"","meta":{"footnotes":""},"class_list":["post-60","page","type-page","status-publish","hentry"],"yoast_head":"<!-- This site is optimized with the Yoast SEO plugin v23.4 - https:\/\/yoast.com\/wordpress\/plugins\/seo\/ -->\n<title>Baureinigung | Der beste Hausmeister der Stadt<\/title>\n<meta name=\"robots\" content=\"index, follow, max-snippet:-1, max-image-preview:large, max-video-preview:-1\" \/>\n<link rel=\"canonical\" href=\"https:\/\/www.asug-services.com\/de\/gebaeudeservice\/baureinigung\/\" \/>\n<meta property=\"og:locale\" content=\"de_DE\" \/>\n<meta property=\"og:type\" content=\"article\" \/>\n<meta property=\"og:title\" content=\"Baureinigung | Der beste Hausmeister der Stadt\" \/>\n<meta property=\"og:description\" content=\"Wir beseitigen s\u00e4mtliche Spuren von Bauarbeiten professionell und sichern damit reibungslose Arbeitsabl\u00e4ufe bei der Konstruktion Ihrer Immobilie! Wir sind Experten in der Baureinigung \u2013 und das seit \u00fcber 20 Jahren am Standort Chemnitz. Sauberkeit Beginnt bereits auf der Baustelle. Unsere Dienstleistungen der Baureinigung beinhalten ein breites Servicespektrum von Reinigungsleistungen. Unser erfahrenes Team \u00fcbernimmt nahezu alle &hellip; \u201eBaureinigung\u201c weiterlesen\" \/>\n<meta property=\"og:url\" content=\"https:\/\/www.asug-services.com\/de\/gebaeudeservice\/baureinigung\/\" \/>\n<meta property=\"og:site_name\" content=\"Der beste Hausmeister der Stadt\" \/>\n<meta property=\"article:publisher\" content=\"https:\/\/www.facebook.com\/bester.hausmeister\" \/>\n<meta property=\"article:modified_time\" content=\"2018-04-27T12:54:36+00:00\" \/>\n<meta property=\"og:image\" content=\"https:\/\/www.asug-services.com\/wp-content\/uploads\/2018\/01\/IMG_20171221_082340-1024x578.jpg\" \/>\n<meta name=\"twitter:card\" content=\"summary_large_image\" \/>\n<meta name=\"twitter:site\" content=\"@asug_services\" \/>\n<meta name=\"twitter:label1\" content=\"Gesch\u00e4tzte Lesezeit\" \/>\n\t<meta name=\"twitter:data1\" content=\"2\u00a0Minuten\" \/>\n<script type=\"application\/ld+json\" class=\"yoast-schema-graph\">{\"@context\":\"https:\/\/schema.org\",\"@graph\":[{\"@type\":\"WebPage\",\"@id\":\"https:\/\/www.asug-services.com\/de\/gebaeudeservice\/baureinigung\/\",\"url\":\"https:\/\/www.asug-services.com\/de\/gebaeudeservice\/baureinigung\/\",\"name\":\"Baureinigung | Der beste Hausmeister der Stadt\",\"isPartOf\":{\"@id\":\"https:\/\/www.asug-services.com\/de\/#website\"},\"primaryImageOfPage\":{\"@id\":\"https:\/\/www.asug-services.com\/de\/gebaeudeservice\/baureinigung\/#primaryimage\"},\"image\":{\"@id\":\"https:\/\/www.asug-services.com\/de\/gebaeudeservice\/baureinigung\/#primaryimage\"},\"thumbnailUrl\":\"https:\/\/www.asug-services.com\/wp-content\/uploads\/2018\/01\/IMG-20171214-WA0000-1024x576.jpg\",\"datePublished\":\"2017-07-15T17:40:22+00:00\",\"dateModified\":\"2018-04-27T12:54:36+00:00\",\"breadcrumb\":{\"@id\":\"https:\/\/www.asug-services.com\/de\/gebaeudeservice\/baureinigung\/#breadcrumb\"},\"inLanguage\":\"de\",\"potentialAction\":[{\"@type\":\"ReadAction\",\"target\":[\"https:\/\/www.asug-services.com\/de\/gebaeudeservice\/baureinigung\/\"]}]},{\"@type\":\"ImageObject\",\"inLanguage\":\"de\",\"@id\":\"https:\/\/www.asug-services.com\/de\/gebaeudeservice\/baureinigung\/#primaryimage\",\"url\":\"https:\/\/www.asug-services.com\/wp-content\/uploads\/2018\/01\/IMG-20171214-WA0000-1024x576.jpg\",\"contentUrl\":\"https:\/\/www.asug-services.com\/wp-content\/uploads\/2018\/01\/IMG-20171214-WA0000-1024x576.jpg\"},{\"@type\":\"BreadcrumbList\",\"@id\":\"https:\/\/www.asug-services.com\/de\/gebaeudeservice\/baureinigung\/#breadcrumb\",\"itemListElement\":[{\"@type\":\"ListItem\",\"position\":1,\"name\":\"Startseite\",\"item\":\"https:\/\/www.asug-services.com\/de\/\"},{\"@type\":\"ListItem\",\"position\":2,\"name\":\"Geb\u00e4udereinigung\",\"item\":\"https:\/\/www.asug-services.com\/de\/gebaeudeservice\/\"},{\"@type\":\"ListItem\",\"position\":3,\"name\":\"Baureinigung\"}]},{\"@type\":\"WebSite\",\"@id\":\"https:\/\/www.asug-services.com\/de\/#website\",\"url\":\"https:\/\/www.asug-services.com\/de\/\",\"name\":\"Der beste Hausmeister der Stadt\",\"description\":\"\u2705 Ihr zuverl\u00e4ssiger Partner f\u00fcr Geb\u00e4udeservice \u2705 Seit 23 Jahren in Chemnitz \u2705 Kostenfreies Angebot innerhalb von 24 Stunden \u2705 Services in h\u00f6chster Qualit\u00e4t zu fairen Preisen \u2705 Perfekte Umsetzung Ihres Traumprojektes \u2705 \u00dcberzeugende Beratung \u2705 Fokussiert und zielorientiert \u2705 Mit viel Herzblut und gr\u00fcnem Daumen \u2705 Erfahren Sie, was uns einzigartig macht!\",\"publisher\":{\"@id\":\"https:\/\/www.asug-services.com\/de\/#organization\"},\"potentialAction\":[{\"@type\":\"SearchAction\",\"target\":{\"@type\":\"EntryPoint\",\"urlTemplate\":\"https:\/\/www.asug-services.com\/de\/?s={search_term_string}\"},\"query-input\":{\"@type\":\"PropertyValueSpecification\",\"valueRequired\":true,\"valueName\":\"search_term_string\"}}],\"inLanguage\":\"de\"},{\"@type\":\"Organization\",\"@id\":\"https:\/\/www.asug-services.com\/de\/#organization\",\"name\":\"ASUG Geb\u00e4udeservice GmbH\",\"url\":\"https:\/\/www.asug-services.com\/de\/\",\"logo\":{\"@type\":\"ImageObject\",\"inLanguage\":\"de\",\"@id\":\"https:\/\/www.asug-services.com\/de\/#\/schema\/logo\/image\/\",\"url\":\"https:\/\/www.asug-services.com\/wp-content\/uploads\/2017\/12\/ASUG-2017-07-17-Logo-f\u00fcr-Website-Bearbeitung-abgeschlossen.png\",\"contentUrl\":\"https:\/\/www.asug-services.com\/wp-content\/uploads\/2017\/12\/ASUG-2017-07-17-Logo-f\u00fcr-Website-Bearbeitung-abgeschlossen.png\",\"width\":3744,\"height\":343,\"caption\":\"ASUG Geb\u00e4udeservice GmbH\"},\"image\":{\"@id\":\"https:\/\/www.asug-services.com\/de\/#\/schema\/logo\/image\/\"},\"sameAs\":[\"https:\/\/www.facebook.com\/bester.hausmeister\",\"https:\/\/x.com\/asug_services\",\"https:\/\/www.instagram.com\/bester.hausmeister\/\"]}]}<\/script>\n<!-- \/ Yoast SEO plugin. -->","yoast_head_json":{"title":"Baureinigung | Der beste Hausmeister der Stadt","robots":{"index":"index","follow":"follow","max-snippet":"max-snippet:-1","max-image-preview":"max-image-preview:large","max-video-preview":"max-video-preview:-1"},"canonical":"https:\/\/www.asug-services.com\/de\/gebaeudeservice\/baureinigung\/","og_locale":"de_DE","og_type":"article","og_title":"Baureinigung | Der beste Hausmeister der Stadt","og_description":"Wir beseitigen s\u00e4mtliche Spuren von Bauarbeiten professionell und sichern damit reibungslose Arbeitsabl\u00e4ufe bei der Konstruktion Ihrer Immobilie! Wir sind Experten in der Baureinigung \u2013 und das seit \u00fcber 20 Jahren am Standort Chemnitz. Sauberkeit Beginnt bereits auf der Baustelle. Unsere Dienstleistungen der Baureinigung beinhalten ein breites Servicespektrum von Reinigungsleistungen. Unser erfahrenes Team \u00fcbernimmt nahezu alle &hellip; \u201eBaureinigung\u201c weiterlesen","og_url":"https:\/\/www.asug-services.com\/de\/gebaeudeservice\/baureinigung\/","og_site_name":"Der beste Hausmeister der Stadt","article_publisher":"https:\/\/www.facebook.com\/bester.hausmeister","article_modified_time":"2018-04-27T12:54:36+00:00","og_image":[{"url":"https:\/\/www.asug-services.com\/wp-content\/uploads\/2018\/01\/IMG_20171221_082340-1024x578.jpg"}],"twitter_card":"summary_large_image","twitter_site":"@asug_services","twitter_misc":{"Gesch\u00e4tzte Lesezeit":"2\u00a0Minuten"},"schema":{"@context":"https:\/\/schema.org","@graph":[{"@type":"WebPage","@id":"https:\/\/www.asug-services.com\/de\/gebaeudeservice\/baureinigung\/","url":"https:\/\/www.asug-services.com\/de\/gebaeudeservice\/baureinigung\/","name":"Baureinigung | Der beste Hausmeister der Stadt","isPartOf":{"@id":"https:\/\/www.asug-services.com\/de\/#website"},"primaryImageOfPage":{"@id":"https:\/\/www.asug-services.com\/de\/gebaeudeservice\/baureinigung\/#primaryimage"},"image":{"@id":"https:\/\/www.asug-services.com\/de\/gebaeudeservice\/baureinigung\/#primaryimage"},"thumbnailUrl":"https:\/\/www.asug-services.com\/wp-content\/uploads\/2018\/01\/IMG-20171214-WA0000-1024x576.jpg","datePublished":"2017-07-15T17:40:22+00:00","dateModified":"2018-04-27T12:54:36+00:00","breadcrumb":{"@id":"https:\/\/www.asug-services.com\/de\/gebaeudeservice\/baureinigung\/#breadcrumb"},"inLanguage":"de","potentialAction":[{"@type":"ReadAction","target":["https:\/\/www.asug-services.com\/de\/gebaeudeservice\/baureinigung\/"]}]},{"@type":"ImageObject","inLanguage":"de","@id":"https:\/\/www.asug-services.com\/de\/gebaeudeservice\/baureinigung\/#primaryimage","url":"https:\/\/www.asug-services.com\/wp-content\/uploads\/2018\/01\/IMG-20171214-WA0000-1024x576.jpg","contentUrl":"https:\/\/www.asug-services.com\/wp-content\/uploads\/2018\/01\/IMG-20171214-WA0000-1024x576.jpg"},{"@type":"BreadcrumbList","@id":"https:\/\/www.asug-services.com\/de\/gebaeudeservice\/baureinigung\/#breadcrumb","itemListElement":[{"@type":"ListItem","position":1,"name":"Startseite","item":"https:\/\/www.asug-services.com\/de\/"},{"@type":"ListItem","position":2,"name":"Geb\u00e4udereinigung","item":"https:\/\/www.asug-services.com\/de\/gebaeudeservice\/"},{"@type":"ListItem","position":3,"name":"Baureinigung"}]},{"@type":"WebSite","@id":"https:\/\/www.asug-services.com\/de\/#website","url":"https:\/\/www.asug-services.com\/de\/","name":"Der beste Hausmeister der Stadt","description":"\u2705 Ihr zuverl\u00e4ssiger Partner f\u00fcr Geb\u00e4udeservice \u2705 Seit 23 Jahren in Chemnitz \u2705 Kostenfreies Angebot innerhalb von 24 Stunden \u2705 Services in h\u00f6chster Qualit\u00e4t zu fairen Preisen \u2705 Perfekte Umsetzung Ihres Traumprojektes \u2705 \u00dcberzeugende Beratung \u2705 Fokussiert und zielorientiert \u2705 Mit viel Herzblut und gr\u00fcnem Daumen \u2705 Erfahren Sie, was uns einzigartig macht!","publisher":{"@id":"https:\/\/www.asug-services.com\/de\/#organization"},"potentialAction":[{"@type":"SearchAction","target":{"@type":"EntryPoint","urlTemplate":"https:\/\/www.asug-services.com\/de\/?s={search_term_string}"},"query-input":{"@type":"PropertyValueSpecification","valueRequired":true,"valueName":"search_term_string"}}],"inLanguage":"de"},{"@type":"Organization","@id":"https:\/\/www.asug-services.com\/de\/#organization","name":"ASUG Geb\u00e4udeservice GmbH","url":"https:\/\/www.asug-services.com\/de\/","logo":{"@type":"ImageObject","inLanguage":"de","@id":"https:\/\/www.asug-services.com\/de\/#\/schema\/logo\/image\/","url":"https:\/\/www.asug-services.com\/wp-content\/uploads\/2017\/12\/ASUG-2017-07-17-Logo-f\u00fcr-Website-Bearbeitung-abgeschlossen.png","contentUrl":"https:\/\/www.asug-services.com\/wp-content\/uploads\/2017\/12\/ASUG-2017-07-17-Logo-f\u00fcr-Website-Bearbeitung-abgeschlossen.png","width":3744,"height":343,"caption":"ASUG Geb\u00e4udeservice GmbH"},"image":{"@id":"https:\/\/www.asug-services.com\/de\/#\/schema\/logo\/image\/"},"sameAs":["https:\/\/www.facebook.com\/bester.hausmeister","https:\/\/x.com\/asug_services","https:\/\/www.instagram.com\/bester.hausmeister\/"]}]}},"_links":{"self":[{"href":"https:\/\/www.asug-services.com\/de\/wp-json\/wp\/v2\/pages\/60"}],"collection":[{"href":"https:\/\/www.asug-services.com\/de\/wp-json\/wp\/v2\/pages"}],"about":[{"href":"https:\/\/www.asug-services.com\/de\/wp-json\/wp\/v2\/types\/page"}],"author":[{"embeddable":true,"href":"https:\/\/www.asug-services.com\/de\/wp-json\/wp\/v2\/users\/1"}],"replies":[{"embeddable":true,"href":"https:\/\/www.asug-services.com\/de\/wp-json\/wp\/v2\/comments?post=60"}],"version-history":[{"count":12,"href":"https:\/\/www.asug-services.com\/de\/wp-json\/wp\/v2\/pages\/60\/revisions"}],"predecessor-version":[{"id":985,"href":"https:\/\/www.asug-services.com\/de\/wp-json\/wp\/v2\/pages\/60\/revisions\/985"}],"up":[{"embeddable":true,"href":"https:\/\/www.asug-services.com\/de\/wp-json\/wp\/v2\/pages\/47"}],"wp:attachment":[{"href":"https:\/\/www.asug-services.com\/de\/wp-json\/wp\/v2\/media?parent=60"}],"curies":[{"name":"wp","href":"https:\/\/api.w.org\/{rel}","templated":true}]}}