{"id":565,"date":"2018-01-05T08:30:30","date_gmt":"2018-01-05T07:30:30","guid":{"rendered":"http:\/\/www.asug-services.com\/de\/?page_id=565"},"modified":"2018-07-31T15:36:00","modified_gmt":"2018-07-31T13:36:00","slug":"downloads","status":"publish","type":"page","link":"https:\/\/www.asug-services.com\/de\/downloads\/","title":{"rendered":"Downloads"},"content":{"rendered":"<h2 style=\"text-align: center;\">Die wichtigsten Dokumente auf einen Klick.<\/h2>\n<h3 style=\"text-align: center;\"><strong>IHK-Mitgliedsbescheinigung<\/strong><\/h3>\n<figure id=\"attachment_1263\" aria-describedby=\"caption-attachment-1263\" style=\"width: 212px\" class=\"wp-caption aligncenter\"><a href=\"https:\/\/www.asug-services.com\/wp-content\/uploads\/2018\/07\/IHK-Best\u00e4tigung-001.jpg\"><img loading=\"lazy\" decoding=\"async\" class=\"wp-image-1263 size-medium\" src=\"https:\/\/www.asug-services.com\/wp-content\/uploads\/2018\/07\/IHK-Best\u00e4tigung-001-212x300.jpg\" alt=\"\" width=\"212\" height=\"300\" srcset=\"https:\/\/www.asug-services.com\/wp-content\/uploads\/2018\/07\/IHK-Best\u00e4tigung-001-212x300.jpg 212w, https:\/\/www.asug-services.com\/wp-content\/uploads\/2018\/07\/IHK-Best\u00e4tigung-001-768x1086.jpg 768w, https:\/\/www.asug-services.com\/wp-content\/uploads\/2018\/07\/IHK-Best\u00e4tigung-001-724x1024.jpg 724w, https:\/\/www.asug-services.com\/wp-content\/uploads\/2018\/07\/IHK-Best\u00e4tigung-001.jpg 1240w\" sizes=\"(max-width: 212px) 100vw, 212px\" \/><\/a><figcaption id=\"caption-attachment-1263\" class=\"wp-caption-text\">IHK &#8211; Best\u00e4tigung der Mitgliedschaft<\/figcaption><\/figure>\n<h3 style=\"text-align: center;\"><strong>Unbedenklichkeitsbescheinigungen der Krankenkassen<\/strong><\/h3>\n<figure id=\"attachment_1258\" aria-describedby=\"caption-attachment-1258\" style=\"width: 212px\" class=\"wp-caption alignleft\"><a href=\"https:\/\/www.asug-services.com\/wp-content\/uploads\/2018\/07\/Unbedenk-KKH-001.jpg\"><img loading=\"lazy\" decoding=\"async\" class=\"wp-image-1258 size-medium\" src=\"https:\/\/www.asug-services.com\/wp-content\/uploads\/2018\/07\/Unbedenk-KKH-001-212x300.jpg\" alt=\"\" width=\"212\" height=\"300\" srcset=\"https:\/\/www.asug-services.com\/wp-content\/uploads\/2018\/07\/Unbedenk-KKH-001-212x300.jpg 212w, https:\/\/www.asug-services.com\/wp-content\/uploads\/2018\/07\/Unbedenk-KKH-001-768x1086.jpg 768w, https:\/\/www.asug-services.com\/wp-content\/uploads\/2018\/07\/Unbedenk-KKH-001-724x1024.jpg 724w, https:\/\/www.asug-services.com\/wp-content\/uploads\/2018\/07\/Unbedenk-KKH-001.jpg 1240w\" sizes=\"(max-width: 212px) 100vw, 212px\" \/><\/a><figcaption id=\"caption-attachment-1258\" class=\"wp-caption-text\">KKH &#8211; Unbedenklichkeitsbescheinigung<\/figcaption><\/figure>\n<figure id=\"attachment_1259\" aria-describedby=\"caption-attachment-1259\" style=\"width: 212px\" class=\"wp-caption alignleft\"><a href=\"https:\/\/www.asug-services.com\/wp-content\/uploads\/2018\/07\/Unbedenk-Knappschaft-001.jpg\"><img loading=\"lazy\" decoding=\"async\" class=\"wp-image-1259 size-medium\" src=\"https:\/\/www.asug-services.com\/wp-content\/uploads\/2018\/07\/Unbedenk-Knappschaft-001-212x300.jpg\" alt=\"\" width=\"212\" height=\"300\" srcset=\"https:\/\/www.asug-services.com\/wp-content\/uploads\/2018\/07\/Unbedenk-Knappschaft-001-212x300.jpg 212w, https:\/\/www.asug-services.com\/wp-content\/uploads\/2018\/07\/Unbedenk-Knappschaft-001-768x1086.jpg 768w, https:\/\/www.asug-services.com\/wp-content\/uploads\/2018\/07\/Unbedenk-Knappschaft-001-724x1024.jpg 724w, https:\/\/www.asug-services.com\/wp-content\/uploads\/2018\/07\/Unbedenk-Knappschaft-001.jpg 1240w\" sizes=\"(max-width: 212px) 100vw, 212px\" \/><\/a><figcaption id=\"caption-attachment-1259\" class=\"wp-caption-text\">Knappschaft &#8211; Unbedenklichkeitsbescheinigung<\/figcaption><\/figure>\n<figure id=\"attachment_1262\" aria-describedby=\"caption-attachment-1262\" style=\"width: 212px\" class=\"wp-caption alignleft\"><a href=\"https:\/\/www.asug-services.com\/wp-content\/uploads\/2018\/07\/Unbedenk-AOK-001.jpg\"><img loading=\"lazy\" decoding=\"async\" class=\"wp-image-1262 size-medium\" src=\"https:\/\/www.asug-services.com\/wp-content\/uploads\/2018\/07\/Unbedenk-AOK-001-212x300.jpg\" alt=\"\" width=\"212\" height=\"300\" srcset=\"https:\/\/www.asug-services.com\/wp-content\/uploads\/2018\/07\/Unbedenk-AOK-001-212x300.jpg 212w, https:\/\/www.asug-services.com\/wp-content\/uploads\/2018\/07\/Unbedenk-AOK-001-768x1086.jpg 768w, https:\/\/www.asug-services.com\/wp-content\/uploads\/2018\/07\/Unbedenk-AOK-001-724x1024.jpg 724w, https:\/\/www.asug-services.com\/wp-content\/uploads\/2018\/07\/Unbedenk-AOK-001.jpg 1240w\" sizes=\"(max-width: 212px) 100vw, 212px\" \/><\/a><figcaption id=\"caption-attachment-1262\" class=\"wp-caption-text\">AOK &#8211; Unbedenklichkeitsbescheinigung<\/figcaption><\/figure>\n<figure id=\"attachment_1260\" aria-describedby=\"caption-attachment-1260\" style=\"width: 212px\" class=\"wp-caption alignleft\"><a href=\"https:\/\/www.asug-services.com\/wp-content\/uploads\/2018\/07\/Unbedenk-IKK-001.jpg\"><img loading=\"lazy\" decoding=\"async\" class=\"wp-image-1260 size-medium\" src=\"https:\/\/www.asug-services.com\/wp-content\/uploads\/2018\/07\/Unbedenk-IKK-001-212x300.jpg\" alt=\"\" width=\"212\" height=\"300\" srcset=\"https:\/\/www.asug-services.com\/wp-content\/uploads\/2018\/07\/Unbedenk-IKK-001-212x300.jpg 212w, https:\/\/www.asug-services.com\/wp-content\/uploads\/2018\/07\/Unbedenk-IKK-001-768x1086.jpg 768w, https:\/\/www.asug-services.com\/wp-content\/uploads\/2018\/07\/Unbedenk-IKK-001-724x1024.jpg 724w, https:\/\/www.asug-services.com\/wp-content\/uploads\/2018\/07\/Unbedenk-IKK-001.jpg 1240w\" sizes=\"(max-width: 212px) 100vw, 212px\" \/><\/a><figcaption id=\"caption-attachment-1260\" class=\"wp-caption-text\">IKK classic &#8211; Unbedenklichkeitsbescheinigung<\/figcaption><\/figure>\n<figure id=\"attachment_1261\" aria-describedby=\"caption-attachment-1261\" style=\"width: 212px\" class=\"wp-caption alignleft\"><a href=\"https:\/\/www.asug-services.com\/wp-content\/uploads\/2018\/07\/Unbedenk-Barmer-001.jpg\"><img loading=\"lazy\" decoding=\"async\" class=\"wp-image-1261 size-medium\" src=\"https:\/\/www.asug-services.com\/wp-content\/uploads\/2018\/07\/Unbedenk-Barmer-001-212x300.jpg\" alt=\"\" width=\"212\" height=\"300\" srcset=\"https:\/\/www.asug-services.com\/wp-content\/uploads\/2018\/07\/Unbedenk-Barmer-001-212x300.jpg 212w, https:\/\/www.asug-services.com\/wp-content\/uploads\/2018\/07\/Unbedenk-Barmer-001-768x1086.jpg 768w, https:\/\/www.asug-services.com\/wp-content\/uploads\/2018\/07\/Unbedenk-Barmer-001-724x1024.jpg 724w, https:\/\/www.asug-services.com\/wp-content\/uploads\/2018\/07\/Unbedenk-Barmer-001.jpg 1240w\" sizes=\"(max-width: 212px) 100vw, 212px\" \/><\/a><figcaption id=\"caption-attachment-1261\" class=\"wp-caption-text\">BARMER &#8211; Unbedenklichkeitsbescheinigung<\/figcaption><\/figure>\n<div class=\"mceTemp\"><\/div>\n<h3 style=\"text-align: center;\"><strong>Angaben zur Betriebs-\/Berufshaftpflichtversicherung<\/strong><br \/>\n(Confirmation of Cover \u2013 Confirmation de couverture)<\/h3>\n<p><a href=\"http:\/\/www.asug-services.com\/wp-content\/uploads\/2018\/03\/Allianz-Versicherungsbest\u00e4tigung-Haftpflicht.pdf\" target=\"_blank\" rel=\"noopener\">Allianz &#8211; Versicherungsbest\u00e4tigung Haftpflicht<\/a><\/p>\n<h3 style=\"text-align: center;\"><strong>Unbedenklichkeitsbescheinigungen der Berufsgenossenschaft<\/strong><\/h3>\n<figure id=\"attachment_1257\" aria-describedby=\"caption-attachment-1257\" style=\"width: 212px\" class=\"wp-caption aligncenter\"><a href=\"https:\/\/www.asug-services.com\/wp-content\/uploads\/2018\/07\/Unbedenk-VBG-001.jpg\"><img loading=\"lazy\" decoding=\"async\" class=\"wp-image-1257 size-medium\" src=\"https:\/\/www.asug-services.com\/wp-content\/uploads\/2018\/07\/Unbedenk-VBG-001-212x300.jpg\" alt=\"\" width=\"212\" height=\"300\" srcset=\"https:\/\/www.asug-services.com\/wp-content\/uploads\/2018\/07\/Unbedenk-VBG-001-212x300.jpg 212w, https:\/\/www.asug-services.com\/wp-content\/uploads\/2018\/07\/Unbedenk-VBG-001-768x1086.jpg 768w, https:\/\/www.asug-services.com\/wp-content\/uploads\/2018\/07\/Unbedenk-VBG-001-724x1024.jpg 724w, https:\/\/www.asug-services.com\/wp-content\/uploads\/2018\/07\/Unbedenk-VBG-001.jpg 1240w\" sizes=\"(max-width: 212px) 100vw, 212px\" \/><\/a><figcaption id=\"caption-attachment-1257\" class=\"wp-caption-text\">Unbedenklichkeitsbescheinigungen der Berufsgenossenschaft (VBG)<\/figcaption><\/figure>\n<h3 style=\"text-align: center;\"><strong>Bescheinigung in Steuersachen<\/strong><\/h3>\n<p><a href=\"http:\/\/www.asug-services.com\/wp-content\/uploads\/2018\/01\/FA-Nachweis-Steuerschuldnerschaft-Leistungsempf\u00e4nger-Geb\u00e4udeservice-GmbH.pdf\" target=\"_blank\" rel=\"noopener\">Nachweis zur Steuerschuldnerschaft des Leistungsempf\u00e4ngers bei Bauleistungen und\/oder Geb\u00e4udereinigungsleistungen<\/a><\/p>\n<p><a href=\"http:\/\/www.asug-services.com\/wp-content\/uploads\/2018\/01\/FA-Freistellungsbescheinigung-zum-Steuerabzug-bei-Bauleistungen-Geb\u00e4udeservice-GmbH.pdf\" target=\"_blank\" rel=\"noopener\">Freistellungsbescheinigung zum Steuerabzug bei Bauleistungen gem\u00e4\u00df \u00a7 48 b Abs. 1 Satz 1 des Einkommensteuergesetzes (EStG)<\/a><\/p>\n<p><a href=\"http:\/\/www.asug-services.com\/wp-content\/uploads\/2018\/01\/FA-Bescheinigung-in-Steuersachen-Geb\u00e4udeservice-GmbH.pdf\" target=\"_blank\" rel=\"noopener\">Bescheinigung in Steuersachen<\/a><\/p>\n<p>&nbsp;<\/p>\n<h3 style=\"text-align: center;\"><strong>Satzungen der Stadt Chemnitz<\/strong><\/h3>\n<p style=\"text-align: center;\">Stadtreinigung, Abfall und Entsorgung<\/p>\n<p><a href=\"https:\/\/www.chemnitz.de\/chemnitz\/media\/rathaus\/satzungen\/32_900.pdf\" target=\"_blank\" rel=\"noopener\">Satzung \u00fcber die Stra\u00dfenreinigung in der Stadt Chemnitz (Stra\u00dfenreinigungssatzung)<\/a> &#8211; Stand: Januar 2018 [externer Link]<\/p>\n<p>&nbsp;<\/p>\n<p>Die jeweils aktuelle Fassung der jeweiligen Satzung sowie weitere Satzungen der Stadt Chemnitz finden Sie\u00a0<a href=\"https:\/\/www.chemnitz.de\/chemnitz\/de\/rathaus\/satzungen\/index.html\" target=\"_blank\" rel=\"noopener\">hier<\/a>.<\/p>\n","protected":false},"excerpt":{"rendered":"<p>Die wichtigsten Dokumente auf einen Klick. IHK-Mitgliedsbescheinigung Unbedenklichkeitsbescheinigungen der Krankenkassen Angaben zur Betriebs-\/Berufshaftpflichtversicherung (Confirmation of Cover \u2013 Confirmation de couverture) Allianz &#8211; Versicherungsbest\u00e4tigung Haftpflicht Unbedenklichkeitsbescheinigungen der Berufsgenossenschaft Bescheinigung in Steuersachen Nachweis zur Steuerschuldnerschaft des Leistungsempf\u00e4ngers bei Bauleistungen und\/oder Geb\u00e4udereinigungsleistungen Freistellungsbescheinigung zum Steuerabzug bei Bauleistungen gem\u00e4\u00df \u00a7 48 b Abs. 1 Satz 1 des Einkommensteuergesetzes (EStG) &hellip; <\/p>\n<p class=\"link-more\"><a href=\"https:\/\/www.asug-services.com\/de\/downloads\/\" class=\"more-link\"><span class=\"screen-reader-text\">\u201eDownloads\u201c<\/span> weiterlesen<\/a><\/p>\n","protected":false},"author":1,"featured_media":0,"parent":0,"menu_order":0,"comment_status":"closed","ping_status":"closed","template":"","meta":{"footnotes":""},"class_list":["post-565","page","type-page","status-publish","hentry"],"yoast_head":"<!-- This site is optimized with the Yoast SEO plugin v23.4 - https:\/\/yoast.com\/wordpress\/plugins\/seo\/ -->\n<title>Downloads | Der beste Hausmeister der Stadt<\/title>\n<meta name=\"robots\" content=\"index, follow, max-snippet:-1, max-image-preview:large, max-video-preview:-1\" \/>\n<link rel=\"canonical\" href=\"https:\/\/www.asug-services.com\/de\/downloads\/\" \/>\n<meta property=\"og:locale\" content=\"de_DE\" \/>\n<meta property=\"og:type\" content=\"article\" \/>\n<meta property=\"og:title\" content=\"Downloads | Der beste Hausmeister der Stadt\" \/>\n<meta property=\"og:description\" content=\"Die wichtigsten Dokumente auf einen Klick. IHK-Mitgliedsbescheinigung Unbedenklichkeitsbescheinigungen der Krankenkassen Angaben zur Betriebs-\/Berufshaftpflichtversicherung (Confirmation of Cover \u2013 Confirmation de couverture) Allianz &#8211; Versicherungsbest\u00e4tigung Haftpflicht Unbedenklichkeitsbescheinigungen der Berufsgenossenschaft Bescheinigung in Steuersachen Nachweis zur Steuerschuldnerschaft des Leistungsempf\u00e4ngers bei Bauleistungen und\/oder Geb\u00e4udereinigungsleistungen Freistellungsbescheinigung zum Steuerabzug bei Bauleistungen gem\u00e4\u00df \u00a7 48 b Abs. 1 Satz 1 des Einkommensteuergesetzes (EStG) &hellip; \u201eDownloads\u201c weiterlesen\" \/>\n<meta property=\"og:url\" content=\"https:\/\/www.asug-services.com\/de\/downloads\/\" \/>\n<meta property=\"og:site_name\" content=\"Der beste Hausmeister der Stadt\" \/>\n<meta property=\"article:publisher\" content=\"https:\/\/www.facebook.com\/bester.hausmeister\" \/>\n<meta property=\"article:modified_time\" content=\"2018-07-31T13:36:00+00:00\" \/>\n<meta property=\"og:image\" content=\"https:\/\/www.asug-services.com\/wp-content\/uploads\/2018\/07\/Unbedenk-KKH-001-212x300.jpg\" \/>\n<meta name=\"twitter:card\" content=\"summary_large_image\" \/>\n<meta name=\"twitter:site\" content=\"@asug_services\" \/>\n<meta name=\"twitter:label1\" content=\"Gesch\u00e4tzte Lesezeit\" \/>\n\t<meta name=\"twitter:data1\" content=\"1\u00a0Minute\" \/>\n<script type=\"application\/ld+json\" class=\"yoast-schema-graph\">{\"@context\":\"https:\/\/schema.org\",\"@graph\":[{\"@type\":\"WebPage\",\"@id\":\"https:\/\/www.asug-services.com\/de\/downloads\/\",\"url\":\"https:\/\/www.asug-services.com\/de\/downloads\/\",\"name\":\"Downloads | Der beste Hausmeister der Stadt\",\"isPartOf\":{\"@id\":\"https:\/\/www.asug-services.com\/de\/#website\"},\"primaryImageOfPage\":{\"@id\":\"https:\/\/www.asug-services.com\/de\/downloads\/#primaryimage\"},\"image\":{\"@id\":\"https:\/\/www.asug-services.com\/de\/downloads\/#primaryimage\"},\"thumbnailUrl\":\"https:\/\/www.asug-services.com\/wp-content\/uploads\/2018\/07\/Unbedenk-KKH-001-212x300.jpg\",\"datePublished\":\"2018-01-05T07:30:30+00:00\",\"dateModified\":\"2018-07-31T13:36:00+00:00\",\"breadcrumb\":{\"@id\":\"https:\/\/www.asug-services.com\/de\/downloads\/#breadcrumb\"},\"inLanguage\":\"de\",\"potentialAction\":[{\"@type\":\"ReadAction\",\"target\":[\"https:\/\/www.asug-services.com\/de\/downloads\/\"]}]},{\"@type\":\"ImageObject\",\"inLanguage\":\"de\",\"@id\":\"https:\/\/www.asug-services.com\/de\/downloads\/#primaryimage\",\"url\":\"https:\/\/www.asug-services.com\/wp-content\/uploads\/2018\/07\/Unbedenk-KKH-001-212x300.jpg\",\"contentUrl\":\"https:\/\/www.asug-services.com\/wp-content\/uploads\/2018\/07\/Unbedenk-KKH-001-212x300.jpg\"},{\"@type\":\"BreadcrumbList\",\"@id\":\"https:\/\/www.asug-services.com\/de\/downloads\/#breadcrumb\",\"itemListElement\":[{\"@type\":\"ListItem\",\"position\":1,\"name\":\"Startseite\",\"item\":\"https:\/\/www.asug-services.com\/de\/\"},{\"@type\":\"ListItem\",\"position\":2,\"name\":\"Downloads\"}]},{\"@type\":\"WebSite\",\"@id\":\"https:\/\/www.asug-services.com\/de\/#website\",\"url\":\"https:\/\/www.asug-services.com\/de\/\",\"name\":\"Der beste Hausmeister der Stadt\",\"description\":\"\u2705 Ihr zuverl\u00e4ssiger Partner f\u00fcr Geb\u00e4udeservice \u2705 Seit 23 Jahren in Chemnitz \u2705 Kostenfreies Angebot innerhalb von 24 Stunden \u2705 Services in h\u00f6chster Qualit\u00e4t zu fairen Preisen \u2705 Perfekte Umsetzung Ihres Traumprojektes \u2705 \u00dcberzeugende Beratung \u2705 Fokussiert und zielorientiert \u2705 Mit viel Herzblut und gr\u00fcnem Daumen \u2705 Erfahren Sie, was uns einzigartig macht!\",\"publisher\":{\"@id\":\"https:\/\/www.asug-services.com\/de\/#organization\"},\"potentialAction\":[{\"@type\":\"SearchAction\",\"target\":{\"@type\":\"EntryPoint\",\"urlTemplate\":\"https:\/\/www.asug-services.com\/de\/?s={search_term_string}\"},\"query-input\":{\"@type\":\"PropertyValueSpecification\",\"valueRequired\":true,\"valueName\":\"search_term_string\"}}],\"inLanguage\":\"de\"},{\"@type\":\"Organization\",\"@id\":\"https:\/\/www.asug-services.com\/de\/#organization\",\"name\":\"ASUG Geb\u00e4udeservice GmbH\",\"url\":\"https:\/\/www.asug-services.com\/de\/\",\"logo\":{\"@type\":\"ImageObject\",\"inLanguage\":\"de\",\"@id\":\"https:\/\/www.asug-services.com\/de\/#\/schema\/logo\/image\/\",\"url\":\"https:\/\/www.asug-services.com\/wp-content\/uploads\/2017\/12\/ASUG-2017-07-17-Logo-f\u00fcr-Website-Bearbeitung-abgeschlossen.png\",\"contentUrl\":\"https:\/\/www.asug-services.com\/wp-content\/uploads\/2017\/12\/ASUG-2017-07-17-Logo-f\u00fcr-Website-Bearbeitung-abgeschlossen.png\",\"width\":3744,\"height\":343,\"caption\":\"ASUG Geb\u00e4udeservice GmbH\"},\"image\":{\"@id\":\"https:\/\/www.asug-services.com\/de\/#\/schema\/logo\/image\/\"},\"sameAs\":[\"https:\/\/www.facebook.com\/bester.hausmeister\",\"https:\/\/x.com\/asug_services\",\"https:\/\/www.instagram.com\/bester.hausmeister\/\"]}]}<\/script>\n<!-- \/ Yoast SEO plugin. -->","yoast_head_json":{"title":"Downloads | Der beste Hausmeister der Stadt","robots":{"index":"index","follow":"follow","max-snippet":"max-snippet:-1","max-image-preview":"max-image-preview:large","max-video-preview":"max-video-preview:-1"},"canonical":"https:\/\/www.asug-services.com\/de\/downloads\/","og_locale":"de_DE","og_type":"article","og_title":"Downloads | Der beste Hausmeister der Stadt","og_description":"Die wichtigsten Dokumente auf einen Klick. IHK-Mitgliedsbescheinigung Unbedenklichkeitsbescheinigungen der Krankenkassen Angaben zur Betriebs-\/Berufshaftpflichtversicherung (Confirmation of Cover \u2013 Confirmation de couverture) Allianz &#8211; Versicherungsbest\u00e4tigung Haftpflicht Unbedenklichkeitsbescheinigungen der Berufsgenossenschaft Bescheinigung in Steuersachen Nachweis zur Steuerschuldnerschaft des Leistungsempf\u00e4ngers bei Bauleistungen und\/oder Geb\u00e4udereinigungsleistungen Freistellungsbescheinigung zum Steuerabzug bei Bauleistungen gem\u00e4\u00df \u00a7 48 b Abs. 1 Satz 1 des Einkommensteuergesetzes (EStG) &hellip; \u201eDownloads\u201c weiterlesen","og_url":"https:\/\/www.asug-services.com\/de\/downloads\/","og_site_name":"Der beste Hausmeister der Stadt","article_publisher":"https:\/\/www.facebook.com\/bester.hausmeister","article_modified_time":"2018-07-31T13:36:00+00:00","og_image":[{"url":"https:\/\/www.asug-services.com\/wp-content\/uploads\/2018\/07\/Unbedenk-KKH-001-212x300.jpg"}],"twitter_card":"summary_large_image","twitter_site":"@asug_services","twitter_misc":{"Gesch\u00e4tzte Lesezeit":"1\u00a0Minute"},"schema":{"@context":"https:\/\/schema.org","@graph":[{"@type":"WebPage","@id":"https:\/\/www.asug-services.com\/de\/downloads\/","url":"https:\/\/www.asug-services.com\/de\/downloads\/","name":"Downloads | Der beste Hausmeister der Stadt","isPartOf":{"@id":"https:\/\/www.asug-services.com\/de\/#website"},"primaryImageOfPage":{"@id":"https:\/\/www.asug-services.com\/de\/downloads\/#primaryimage"},"image":{"@id":"https:\/\/www.asug-services.com\/de\/downloads\/#primaryimage"},"thumbnailUrl":"https:\/\/www.asug-services.com\/wp-content\/uploads\/2018\/07\/Unbedenk-KKH-001-212x300.jpg","datePublished":"2018-01-05T07:30:30+00:00","dateModified":"2018-07-31T13:36:00+00:00","breadcrumb":{"@id":"https:\/\/www.asug-services.com\/de\/downloads\/#breadcrumb"},"inLanguage":"de","potentialAction":[{"@type":"ReadAction","target":["https:\/\/www.asug-services.com\/de\/downloads\/"]}]},{"@type":"ImageObject","inLanguage":"de","@id":"https:\/\/www.asug-services.com\/de\/downloads\/#primaryimage","url":"https:\/\/www.asug-services.com\/wp-content\/uploads\/2018\/07\/Unbedenk-KKH-001-212x300.jpg","contentUrl":"https:\/\/www.asug-services.com\/wp-content\/uploads\/2018\/07\/Unbedenk-KKH-001-212x300.jpg"},{"@type":"BreadcrumbList","@id":"https:\/\/www.asug-services.com\/de\/downloads\/#breadcrumb","itemListElement":[{"@type":"ListItem","position":1,"name":"Startseite","item":"https:\/\/www.asug-services.com\/de\/"},{"@type":"ListItem","position":2,"name":"Downloads"}]},{"@type":"WebSite","@id":"https:\/\/www.asug-services.com\/de\/#website","url":"https:\/\/www.asug-services.com\/de\/","name":"Der beste Hausmeister der Stadt","description":"\u2705 Ihr zuverl\u00e4ssiger Partner f\u00fcr Geb\u00e4udeservice \u2705 Seit 23 Jahren in Chemnitz \u2705 Kostenfreies Angebot innerhalb von 24 Stunden \u2705 Services in h\u00f6chster Qualit\u00e4t zu fairen Preisen \u2705 Perfekte Umsetzung Ihres Traumprojektes \u2705 \u00dcberzeugende Beratung \u2705 Fokussiert und zielorientiert \u2705 Mit viel Herzblut und gr\u00fcnem Daumen \u2705 Erfahren Sie, was uns einzigartig macht!","publisher":{"@id":"https:\/\/www.asug-services.com\/de\/#organization"},"potentialAction":[{"@type":"SearchAction","target":{"@type":"EntryPoint","urlTemplate":"https:\/\/www.asug-services.com\/de\/?s={search_term_string}"},"query-input":{"@type":"PropertyValueSpecification","valueRequired":true,"valueName":"search_term_string"}}],"inLanguage":"de"},{"@type":"Organization","@id":"https:\/\/www.asug-services.com\/de\/#organization","name":"ASUG Geb\u00e4udeservice GmbH","url":"https:\/\/www.asug-services.com\/de\/","logo":{"@type":"ImageObject","inLanguage":"de","@id":"https:\/\/www.asug-services.com\/de\/#\/schema\/logo\/image\/","url":"https:\/\/www.asug-services.com\/wp-content\/uploads\/2017\/12\/ASUG-2017-07-17-Logo-f\u00fcr-Website-Bearbeitung-abgeschlossen.png","contentUrl":"https:\/\/www.asug-services.com\/wp-content\/uploads\/2017\/12\/ASUG-2017-07-17-Logo-f\u00fcr-Website-Bearbeitung-abgeschlossen.png","width":3744,"height":343,"caption":"ASUG Geb\u00e4udeservice GmbH"},"image":{"@id":"https:\/\/www.asug-services.com\/de\/#\/schema\/logo\/image\/"},"sameAs":["https:\/\/www.facebook.com\/bester.hausmeister","https:\/\/x.com\/asug_services","https:\/\/www.instagram.com\/bester.hausmeister\/"]}]}},"_links":{"self":[{"href":"https:\/\/www.asug-services.com\/de\/wp-json\/wp\/v2\/pages\/565"}],"collection":[{"href":"https:\/\/www.asug-services.com\/de\/wp-json\/wp\/v2\/pages"}],"about":[{"href":"https:\/\/www.asug-services.com\/de\/wp-json\/wp\/v2\/types\/page"}],"author":[{"embeddable":true,"href":"https:\/\/www.asug-services.com\/de\/wp-json\/wp\/v2\/users\/1"}],"replies":[{"embeddable":true,"href":"https:\/\/www.asug-services.com\/de\/wp-json\/wp\/v2\/comments?post=565"}],"version-history":[{"count":16,"href":"https:\/\/www.asug-services.com\/de\/wp-json\/wp\/v2\/pages\/565\/revisions"}],"predecessor-version":[{"id":1268,"href":"https:\/\/www.asug-services.com\/de\/wp-json\/wp\/v2\/pages\/565\/revisions\/1268"}],"wp:attachment":[{"href":"https:\/\/www.asug-services.com\/de\/wp-json\/wp\/v2\/media?parent=565"}],"curies":[{"name":"wp","href":"https:\/\/api.w.org\/{rel}","templated":true}]}}