{"id":56,"date":"2017-07-15T19:39:17","date_gmt":"2017-07-15T17:39:17","guid":{"rendered":"http:\/\/www.asug-services.com\/?page_id=56"},"modified":"2018-01-20T15:23:59","modified_gmt":"2018-01-20T14:23:59","slug":"industriereinigung","status":"publish","type":"page","link":"https:\/\/www.asug-services.com\/de\/gebaeudeservice\/industriereinigung\/","title":{"rendered":"Industriereinigung"},"content":{"rendered":"<p style=\"text-align: justify;\">Wir reinigen Ihre Maschinen und betriebstechnischen Anlagen professionell und sichern damit Ihren reibungslosen Produktionsablauf! Wir sind Experten in der Industriereinigung \u2013 zuverl\u00e4ssig, sorgf\u00e4ltig und flexibel.<\/p>\n<h1 style=\"text-align: center;\">Saubere Maschinen \u2013 saubere Betriebsmittel \u2013 hochwertige Produkte \u2013 angenehmes Betriebsklima<\/h1>\n<p style=\"text-align: justify;\">Unser Ziel ist es, die Funktionsf\u00e4higkeit von Maschinen und betriebstechnischen Anlagen unserer Kunden dauerhaft zu erhalten und somit die Nutzungsdauer der Betriebsmittel zu verl\u00e4ngern. Daf\u00fcr setzten wir unterschiedliche altbew\u00e4hrte aber auch moderne Reinigungsverfahren ein. Unsere spezialisierten Reinigungsteams arbeiten f\u00fcr jeden Kunden nach individuell erstellten Arbeits- und Dienstanweisungen. Ob in keimfreien Betrieben der Lebensmittelherstellung, Reinr\u00e4umen, Industriefabriken oder Lackieranlagen \u2013 wir sorgen f\u00fcr saubere Betriebstechnik \u2013 damit Sie immer sicher und mit hoher Qualit\u00e4t produzieren k\u00f6nnen.<\/p>\n<h1 style=\"text-align: center;\">Professionelle Reinigungsverfahren.<\/h1>\n<h2 style=\"text-align: center;\">Zielgerichtet eingesetzt.<\/h2>\n<p style=\"text-align: justify;\">Die Reinigung von technischen Anlagen und Maschinen erfordert ein umfassendes und spezielles Know-how in den unterschiedlichsten Bereichen. Wir bieten Ihnen ein weitl\u00e4ufiges Leistungsportfolio mit professionellen Techniken der Industriereinigung und modernen Reinigungsmaschinen. Dazu z\u00e4hlen s\u00e4mtliche Ma\u00dfnahmen der manuellen, d. h. mechanischen Reinigung, aber auch spezielle technische Verfahren, wie die Trockeneisreinigung. Zu unserem Leistungsangebot der Industriereinigung z\u00e4hlen u. a.:<\/p>\n<h3 style=\"text-align: justify;\"><strong>Trockeneisreinigung<\/strong><\/h3>\n<p style=\"text-align: justify;\">Durch Anwendung des Verfahrens werden s\u00e4mtlicher Schmutz, Lacke, Verunreinigungen, Rost oder Pilzbefall von der zu reinigenden Oberfl\u00e4che abgesprengt und dauerhaft entfernt. Gleichzeitig wird ein etwaiger N\u00e4hrboden f\u00fcr Pilze oder Bakterien unterk\u00fchlt und ver\u00f6det.<\/p>\n<h3><strong>Niederdruckhei\u00dfreinigung<\/strong><\/h3>\n<p style=\"text-align: justify;\">Geringe Dr\u00fccke bis maximal 14 bar f\u00fchren in Verbindung mit hei\u00dfen Temperaturen zu sauberen Oberfl\u00e4chen. Das schonende Verfahren kann auch w\u00e4hrend des laufenden Betriebes eingesetzt werden. Es verbraucht sowohl weniger Wasser als auch weniger Reinigungsmittel als vergleichbare Verfahren.<\/p>\n<h3><strong>Niederdruckschaumreinigung<\/strong><\/h3>\n<p style=\"text-align: justify;\">Bei diesem Verfahren werden nacheinander mehrere Arbeitsschritte ausgef\u00fchrt. Zun\u00e4chst werden grobe Verschmutzungen mechanisch entfernt. Danach wird ein spezielles Reinigungsmittel zur Reinigung der Oberfl\u00e4che aufgetragen und anschlie\u00dfend durch Schaumd\u00fcsen aufgesch\u00e4umt. Nach einer kurzen Einwirkzeit wird der Schaum mit den abgel\u00f6sten Verunreinigungen abgesp\u00fclt.<\/p>\n<h3><strong>Hochdruckreinigung<\/strong><\/h3>\n<p style=\"text-align: justify;\">Geb\u00fcndelte Wasserkraft wird mit dem Verfahren der Hochdruckreinigung genutzt. Dabei werden Wasserstrahlen bis auf 1000 bar verdichtet, sodass selbst hartn\u00e4ckigste Ablagerungen, Lackanhaftungen und Rost nachhaltig entfernt werden k\u00f6nnen.<\/p>\n<h1 style=\"text-align: center;\">Unser Service \u2013 Ihr Vorteil<\/h1>\n<p style=\"text-align: justify;\">Wir entwickeln f\u00fcr jede Industrieanlage das richtige Reinigungskonzept \u2013 mit individuellen Reinigungspl\u00e4nen, zuverl\u00e4ssigen Mitarbeitern und umweltgerechten L\u00f6sungen. Auch in Ihrem Betrieb gibt es vieles zu reinigen \u2013 wir erf\u00fcllen Ihre W\u00fcnsche gern. M\u00f6chten auch Sie sich von unseren zahlreichen Leistungen im Bereich Industriereinigung \u00fcberzeugen? Kontaktieren Sie uns noch heute \u2013 wir freuen uns auf Ihren Kontakt.<\/p>\n<p>&nbsp;<\/p>\n","protected":false},"excerpt":{"rendered":"<p>Wir reinigen Ihre Maschinen und betriebstechnischen Anlagen professionell und sichern damit Ihren reibungslosen Produktionsablauf! Wir sind Experten in der Industriereinigung \u2013 zuverl\u00e4ssig, sorgf\u00e4ltig und flexibel. Saubere Maschinen \u2013 saubere Betriebsmittel \u2013 hochwertige Produkte \u2013 angenehmes Betriebsklima Unser Ziel ist es, die Funktionsf\u00e4higkeit von Maschinen und betriebstechnischen Anlagen unserer Kunden dauerhaft zu erhalten und somit die &hellip; <\/p>\n<p class=\"link-more\"><a href=\"https:\/\/www.asug-services.com\/de\/gebaeudeservice\/industriereinigung\/\" class=\"more-link\"><span class=\"screen-reader-text\">\u201eIndustriereinigung\u201c<\/span> weiterlesen<\/a><\/p>\n","protected":false},"author":1,"featured_media":0,"parent":47,"menu_order":0,"comment_status":"closed","ping_status":"closed","template":"","meta":{"footnotes":""},"class_list":["post-56","page","type-page","status-publish","hentry"],"yoast_head":"<!-- This site is optimized with the Yoast SEO plugin v23.4 - https:\/\/yoast.com\/wordpress\/plugins\/seo\/ -->\n<title>Industriereinigung | Der beste Hausmeister der Stadt<\/title>\n<meta name=\"robots\" content=\"index, follow, max-snippet:-1, max-image-preview:large, max-video-preview:-1\" \/>\n<link rel=\"canonical\" href=\"https:\/\/www.asug-services.com\/de\/gebaeudeservice\/industriereinigung\/\" \/>\n<meta property=\"og:locale\" content=\"de_DE\" \/>\n<meta property=\"og:type\" content=\"article\" \/>\n<meta property=\"og:title\" content=\"Industriereinigung | Der beste Hausmeister der Stadt\" \/>\n<meta property=\"og:description\" content=\"Wir reinigen Ihre Maschinen und betriebstechnischen Anlagen professionell und sichern damit Ihren reibungslosen Produktionsablauf! Wir sind Experten in der Industriereinigung \u2013 zuverl\u00e4ssig, sorgf\u00e4ltig und flexibel. Saubere Maschinen \u2013 saubere Betriebsmittel \u2013 hochwertige Produkte \u2013 angenehmes Betriebsklima Unser Ziel ist es, die Funktionsf\u00e4higkeit von Maschinen und betriebstechnischen Anlagen unserer Kunden dauerhaft zu erhalten und somit die &hellip; \u201eIndustriereinigung\u201c weiterlesen\" \/>\n<meta property=\"og:url\" content=\"https:\/\/www.asug-services.com\/de\/gebaeudeservice\/industriereinigung\/\" \/>\n<meta property=\"og:site_name\" content=\"Der beste Hausmeister der Stadt\" \/>\n<meta property=\"article:publisher\" content=\"https:\/\/www.facebook.com\/bester.hausmeister\" \/>\n<meta property=\"article:modified_time\" content=\"2018-01-20T14:23:59+00:00\" \/>\n<meta name=\"twitter:card\" content=\"summary_large_image\" \/>\n<meta name=\"twitter:site\" content=\"@asug_services\" \/>\n<meta name=\"twitter:label1\" content=\"Gesch\u00e4tzte Lesezeit\" \/>\n\t<meta name=\"twitter:data1\" content=\"2\u00a0Minuten\" \/>\n<script type=\"application\/ld+json\" class=\"yoast-schema-graph\">{\"@context\":\"https:\/\/schema.org\",\"@graph\":[{\"@type\":\"WebPage\",\"@id\":\"https:\/\/www.asug-services.com\/de\/gebaeudeservice\/industriereinigung\/\",\"url\":\"https:\/\/www.asug-services.com\/de\/gebaeudeservice\/industriereinigung\/\",\"name\":\"Industriereinigung | Der beste Hausmeister der Stadt\",\"isPartOf\":{\"@id\":\"https:\/\/www.asug-services.com\/de\/#website\"},\"datePublished\":\"2017-07-15T17:39:17+00:00\",\"dateModified\":\"2018-01-20T14:23:59+00:00\",\"breadcrumb\":{\"@id\":\"https:\/\/www.asug-services.com\/de\/gebaeudeservice\/industriereinigung\/#breadcrumb\"},\"inLanguage\":\"de\",\"potentialAction\":[{\"@type\":\"ReadAction\",\"target\":[\"https:\/\/www.asug-services.com\/de\/gebaeudeservice\/industriereinigung\/\"]}]},{\"@type\":\"BreadcrumbList\",\"@id\":\"https:\/\/www.asug-services.com\/de\/gebaeudeservice\/industriereinigung\/#breadcrumb\",\"itemListElement\":[{\"@type\":\"ListItem\",\"position\":1,\"name\":\"Startseite\",\"item\":\"https:\/\/www.asug-services.com\/de\/\"},{\"@type\":\"ListItem\",\"position\":2,\"name\":\"Geb\u00e4udereinigung\",\"item\":\"https:\/\/www.asug-services.com\/de\/gebaeudeservice\/\"},{\"@type\":\"ListItem\",\"position\":3,\"name\":\"Industriereinigung\"}]},{\"@type\":\"WebSite\",\"@id\":\"https:\/\/www.asug-services.com\/de\/#website\",\"url\":\"https:\/\/www.asug-services.com\/de\/\",\"name\":\"Der beste Hausmeister der Stadt\",\"description\":\"\u2705 Ihr zuverl\u00e4ssiger Partner f\u00fcr Geb\u00e4udeservice \u2705 Seit 23 Jahren in Chemnitz \u2705 Kostenfreies Angebot innerhalb von 24 Stunden \u2705 Services in h\u00f6chster Qualit\u00e4t zu fairen Preisen \u2705 Perfekte Umsetzung Ihres Traumprojektes \u2705 \u00dcberzeugende Beratung \u2705 Fokussiert und zielorientiert \u2705 Mit viel Herzblut und gr\u00fcnem Daumen \u2705 Erfahren Sie, was uns einzigartig macht!\",\"publisher\":{\"@id\":\"https:\/\/www.asug-services.com\/de\/#organization\"},\"potentialAction\":[{\"@type\":\"SearchAction\",\"target\":{\"@type\":\"EntryPoint\",\"urlTemplate\":\"https:\/\/www.asug-services.com\/de\/?s={search_term_string}\"},\"query-input\":{\"@type\":\"PropertyValueSpecification\",\"valueRequired\":true,\"valueName\":\"search_term_string\"}}],\"inLanguage\":\"de\"},{\"@type\":\"Organization\",\"@id\":\"https:\/\/www.asug-services.com\/de\/#organization\",\"name\":\"ASUG Geb\u00e4udeservice GmbH\",\"url\":\"https:\/\/www.asug-services.com\/de\/\",\"logo\":{\"@type\":\"ImageObject\",\"inLanguage\":\"de\",\"@id\":\"https:\/\/www.asug-services.com\/de\/#\/schema\/logo\/image\/\",\"url\":\"https:\/\/www.asug-services.com\/wp-content\/uploads\/2017\/12\/ASUG-2017-07-17-Logo-f\u00fcr-Website-Bearbeitung-abgeschlossen.png\",\"contentUrl\":\"https:\/\/www.asug-services.com\/wp-content\/uploads\/2017\/12\/ASUG-2017-07-17-Logo-f\u00fcr-Website-Bearbeitung-abgeschlossen.png\",\"width\":3744,\"height\":343,\"caption\":\"ASUG Geb\u00e4udeservice GmbH\"},\"image\":{\"@id\":\"https:\/\/www.asug-services.com\/de\/#\/schema\/logo\/image\/\"},\"sameAs\":[\"https:\/\/www.facebook.com\/bester.hausmeister\",\"https:\/\/x.com\/asug_services\",\"https:\/\/www.instagram.com\/bester.hausmeister\/\"]}]}<\/script>\n<!-- \/ Yoast SEO plugin. -->","yoast_head_json":{"title":"Industriereinigung | Der beste Hausmeister der Stadt","robots":{"index":"index","follow":"follow","max-snippet":"max-snippet:-1","max-image-preview":"max-image-preview:large","max-video-preview":"max-video-preview:-1"},"canonical":"https:\/\/www.asug-services.com\/de\/gebaeudeservice\/industriereinigung\/","og_locale":"de_DE","og_type":"article","og_title":"Industriereinigung | Der beste Hausmeister der Stadt","og_description":"Wir reinigen Ihre Maschinen und betriebstechnischen Anlagen professionell und sichern damit Ihren reibungslosen Produktionsablauf! Wir sind Experten in der Industriereinigung \u2013 zuverl\u00e4ssig, sorgf\u00e4ltig und flexibel. Saubere Maschinen \u2013 saubere Betriebsmittel \u2013 hochwertige Produkte \u2013 angenehmes Betriebsklima Unser Ziel ist es, die Funktionsf\u00e4higkeit von Maschinen und betriebstechnischen Anlagen unserer Kunden dauerhaft zu erhalten und somit die &hellip; \u201eIndustriereinigung\u201c weiterlesen","og_url":"https:\/\/www.asug-services.com\/de\/gebaeudeservice\/industriereinigung\/","og_site_name":"Der beste Hausmeister der Stadt","article_publisher":"https:\/\/www.facebook.com\/bester.hausmeister","article_modified_time":"2018-01-20T14:23:59+00:00","twitter_card":"summary_large_image","twitter_site":"@asug_services","twitter_misc":{"Gesch\u00e4tzte Lesezeit":"2\u00a0Minuten"},"schema":{"@context":"https:\/\/schema.org","@graph":[{"@type":"WebPage","@id":"https:\/\/www.asug-services.com\/de\/gebaeudeservice\/industriereinigung\/","url":"https:\/\/www.asug-services.com\/de\/gebaeudeservice\/industriereinigung\/","name":"Industriereinigung | Der beste Hausmeister der Stadt","isPartOf":{"@id":"https:\/\/www.asug-services.com\/de\/#website"},"datePublished":"2017-07-15T17:39:17+00:00","dateModified":"2018-01-20T14:23:59+00:00","breadcrumb":{"@id":"https:\/\/www.asug-services.com\/de\/gebaeudeservice\/industriereinigung\/#breadcrumb"},"inLanguage":"de","potentialAction":[{"@type":"ReadAction","target":["https:\/\/www.asug-services.com\/de\/gebaeudeservice\/industriereinigung\/"]}]},{"@type":"BreadcrumbList","@id":"https:\/\/www.asug-services.com\/de\/gebaeudeservice\/industriereinigung\/#breadcrumb","itemListElement":[{"@type":"ListItem","position":1,"name":"Startseite","item":"https:\/\/www.asug-services.com\/de\/"},{"@type":"ListItem","position":2,"name":"Geb\u00e4udereinigung","item":"https:\/\/www.asug-services.com\/de\/gebaeudeservice\/"},{"@type":"ListItem","position":3,"name":"Industriereinigung"}]},{"@type":"WebSite","@id":"https:\/\/www.asug-services.com\/de\/#website","url":"https:\/\/www.asug-services.com\/de\/","name":"Der beste Hausmeister der Stadt","description":"\u2705 Ihr zuverl\u00e4ssiger Partner f\u00fcr Geb\u00e4udeservice \u2705 Seit 23 Jahren in Chemnitz \u2705 Kostenfreies Angebot innerhalb von 24 Stunden \u2705 Services in h\u00f6chster Qualit\u00e4t zu fairen Preisen \u2705 Perfekte Umsetzung Ihres Traumprojektes \u2705 \u00dcberzeugende Beratung \u2705 Fokussiert und zielorientiert \u2705 Mit viel Herzblut und gr\u00fcnem Daumen \u2705 Erfahren Sie, was uns einzigartig macht!","publisher":{"@id":"https:\/\/www.asug-services.com\/de\/#organization"},"potentialAction":[{"@type":"SearchAction","target":{"@type":"EntryPoint","urlTemplate":"https:\/\/www.asug-services.com\/de\/?s={search_term_string}"},"query-input":{"@type":"PropertyValueSpecification","valueRequired":true,"valueName":"search_term_string"}}],"inLanguage":"de"},{"@type":"Organization","@id":"https:\/\/www.asug-services.com\/de\/#organization","name":"ASUG Geb\u00e4udeservice GmbH","url":"https:\/\/www.asug-services.com\/de\/","logo":{"@type":"ImageObject","inLanguage":"de","@id":"https:\/\/www.asug-services.com\/de\/#\/schema\/logo\/image\/","url":"https:\/\/www.asug-services.com\/wp-content\/uploads\/2017\/12\/ASUG-2017-07-17-Logo-f\u00fcr-Website-Bearbeitung-abgeschlossen.png","contentUrl":"https:\/\/www.asug-services.com\/wp-content\/uploads\/2017\/12\/ASUG-2017-07-17-Logo-f\u00fcr-Website-Bearbeitung-abgeschlossen.png","width":3744,"height":343,"caption":"ASUG Geb\u00e4udeservice GmbH"},"image":{"@id":"https:\/\/www.asug-services.com\/de\/#\/schema\/logo\/image\/"},"sameAs":["https:\/\/www.facebook.com\/bester.hausmeister","https:\/\/x.com\/asug_services","https:\/\/www.instagram.com\/bester.hausmeister\/"]}]}},"_links":{"self":[{"href":"https:\/\/www.asug-services.com\/de\/wp-json\/wp\/v2\/pages\/56"}],"collection":[{"href":"https:\/\/www.asug-services.com\/de\/wp-json\/wp\/v2\/pages"}],"about":[{"href":"https:\/\/www.asug-services.com\/de\/wp-json\/wp\/v2\/types\/page"}],"author":[{"embeddable":true,"href":"https:\/\/www.asug-services.com\/de\/wp-json\/wp\/v2\/users\/1"}],"replies":[{"embeddable":true,"href":"https:\/\/www.asug-services.com\/de\/wp-json\/wp\/v2\/comments?post=56"}],"version-history":[{"count":10,"href":"https:\/\/www.asug-services.com\/de\/wp-json\/wp\/v2\/pages\/56\/revisions"}],"predecessor-version":[{"id":668,"href":"https:\/\/www.asug-services.com\/de\/wp-json\/wp\/v2\/pages\/56\/revisions\/668"}],"up":[{"embeddable":true,"href":"https:\/\/www.asug-services.com\/de\/wp-json\/wp\/v2\/pages\/47"}],"wp:attachment":[{"href":"https:\/\/www.asug-services.com\/de\/wp-json\/wp\/v2\/media?parent=56"}],"curies":[{"name":"wp","href":"https:\/\/api.w.org\/{rel}","templated":true}]}}