{"id":54,"date":"2017-07-15T19:38:48","date_gmt":"2017-07-15T17:38:48","guid":{"rendered":"http:\/\/www.asug-services.com\/?page_id=54"},"modified":"2018-01-20T14:47:10","modified_gmt":"2018-01-20T13:47:10","slug":"fassadenreinigung","status":"publish","type":"page","link":"https:\/\/www.asug-services.com\/de\/gebaeudeservice\/fassadenreinigung\/","title":{"rendered":"Fassadenreinigung"},"content":{"rendered":"<p style=\"text-align: justify;\">Werterhaltung leicht gemacht: Sie w\u00fcnschen sich saubere, gepflegte Fassaden \u2013 frei von Verschmutzungen durch Umwelteinfl\u00fcsse und Graffiti? Wir bieten Ihnen hochwertige Dienstleistungen im Bereich Fassadenreinigung \u2013 seit 20 Jahren am Standort Chemnitz!<\/p>\n<h1><strong>Gepflegte Fassade \u2013 Nachhaltige Werterhaltung Ihrer Immobilie<\/strong><\/h1>\n<p style=\"text-align: justify;\">Staub, Ru\u00df, \u00f6l- und fetthaltiger Schmutz k\u00f6nnen jede Fassade zerst\u00f6ren, indem sie sich im Mauerwerk festsetzen. Auf lange Sicht mindern sie den Wert einer Immobilie au\u00dferordentlich. Vor allem an Stra\u00dfen in Gro\u00dfst\u00e4dten und Industriegebieten sind Objekte sch\u00e4dlichen Umwelteinfl\u00fcssen ausgesetzt.<\/p>\n<p style=\"text-align: justify;\">Eine schmutzige Fassade ist allerdings vielmehr ein optisches Problem: Ein von au\u00dfen ungepflegtes Geb\u00e4ude kann bei Besuchern, Mitarbeitern, Kunden oder Gesch\u00e4ftspartnern einen getr\u00fcbten ersten Eindruck hinterlassen. Dies k\u00f6nnen Sie vermeiden, indem Sie sich f\u00fcr unsere professionellen Dienstleistungen im Bereich Fassadenreinigung entscheiden.<\/p>\n<h1><strong>Das passende Reinigungsverfahren f\u00fcr jedes Material<\/strong><\/h1>\n<p style=\"text-align: justify;\">Bei der Fassadenreinigung wenden unsere Reinigungsexperten spezielle chemische und mechanische Verfahren an. Dabei achten sie darauf, dass der zu reinigende Baustoff nicht besch\u00e4digt wird. Zu den mechanischen Reinigungsmethoden z\u00e4hlen Partikel- und Sandstrahlverfahren, Hoch- und Niederdruckverfahren sowie die Trockeneisreinigung.<\/p>\n<p style=\"text-align: justify;\">Durch die Anwendung der Trockeneisreinigung wird das Material der Fassade geschont und effektiv ohne den Einsatz von Wasser oder Chemikalien gereinigt. Dabei werden u. a. Verf\u00e4rbungen durch Umweltschmutz, Pflanzen, Moos und Algen entfernt.<\/p>\n<p style=\"text-align: justify;\">Wenn die Fassade besonders hartn\u00e4ckigen verschmutzt ist, wird ein chemisches Reinigungsmittel eingesetzt. Daf\u00fcr werden u. a. organische L\u00f6semittel und S\u00e4uren genutzt.\u00a0Unsere ausgebildeten Fachkr\u00e4fte dosieren chemische Reinigungsmittel stets fachgerecht in kleinen Mengen und vermeiden somit Material- und Umweltsch\u00e4den. Die Einhaltung der geltenden Umweltschutzauflagen sowie die Reinigung des entstehenden Abwassers werden regelm\u00e4\u00dfig kontrolliert.<\/p>\n<h1><strong>Unser Leistungsangebot in der Fassadenreinigung<\/strong><\/h1>\n<p style=\"text-align: justify;\">Wir reinigen Ihre Fassaden \u2013 egal um welches Material oder welche Art von Verschmutzung es sich handelt. Zu unserem Leistungsangebot der Fassadenreinigung z\u00e4hlen u. a.:<\/p>\n<p style=\"text-align: left;\"><strong>\u2705\u00a0<\/strong>Reinigung von Au\u00dfenfassaden durch Pulver- und Sandstrahlverfahren<br \/>\n<strong>\u2705\u00a0<\/strong>Reinigung von Au\u00dfenfassaden durch Hoch- und Niederdruckverfahren<br \/>\n<strong>\u2705\u00a0<\/strong>Trockeneisreinigung<br \/>\n<strong>\u2705\u00a0<\/strong>Glasfassadenreinigung<br \/>\n<strong>\u2705\u00a0<\/strong>Graffitientfernung<br \/>\n<strong>\u2705\u00a0<\/strong>Impr\u00e4gnierung und Ma\u00dfnahmen zum Schutz von Umweltfaktoren<br \/>\n<strong>\u2705\u00a0<\/strong>Denkmalpflege<br \/>\n<strong>\u2705\u00a0<\/strong>Entfernung von unerw\u00fcnschten Verunreinigungen durch Aufkleber oder Plakate<\/p>\n<h1><strong>Unser Service f\u00fcr Sie<\/strong><\/h1>\n<p style=\"text-align: justify;\">Wir entwickeln f\u00fcr jede Immobilie und jede Anlage das richtige Reinigungskonzept \u2013 mit individuellen Reinigungspl\u00e4nen, zuverl\u00e4ssigen Mitarbeitern und umweltgerechten L\u00f6sungen. In Wohnh\u00e4usern, Gesch\u00e4ftsr\u00e4umen oder Industrieanlagen gibt es vieles zu reinigen \u2013 wir erf\u00fcllen Ihre W\u00fcnsche gern. M\u00f6chten auch Sie sich von unseren zahlreichen Leistungen im Bereich Glas- und Fassadenreinigung \u00fcberzeugen? Kontaktieren Sie uns noch heute \u2013 wir freuen uns auf Ihren Kontakt.<\/p>\n","protected":false},"excerpt":{"rendered":"<p>Werterhaltung leicht gemacht: Sie w\u00fcnschen sich saubere, gepflegte Fassaden \u2013 frei von Verschmutzungen durch Umwelteinfl\u00fcsse und Graffiti? Wir bieten Ihnen hochwertige Dienstleistungen im Bereich Fassadenreinigung \u2013 seit 20 Jahren am Standort Chemnitz! Gepflegte Fassade \u2013 Nachhaltige Werterhaltung Ihrer Immobilie Staub, Ru\u00df, \u00f6l- und fetthaltiger Schmutz k\u00f6nnen jede Fassade zerst\u00f6ren, indem sie sich im Mauerwerk festsetzen. &hellip; <\/p>\n<p class=\"link-more\"><a href=\"https:\/\/www.asug-services.com\/de\/gebaeudeservice\/fassadenreinigung\/\" class=\"more-link\"><span class=\"screen-reader-text\">\u201eFassadenreinigung\u201c<\/span> weiterlesen<\/a><\/p>\n","protected":false},"author":1,"featured_media":0,"parent":47,"menu_order":0,"comment_status":"closed","ping_status":"closed","template":"","meta":{"footnotes":""},"class_list":["post-54","page","type-page","status-publish","hentry"],"yoast_head":"<!-- This site is optimized with the Yoast SEO plugin v23.4 - https:\/\/yoast.com\/wordpress\/plugins\/seo\/ -->\n<title>Fassadenreinigung | Der beste Hausmeister der Stadt<\/title>\n<meta name=\"robots\" content=\"index, follow, max-snippet:-1, max-image-preview:large, max-video-preview:-1\" \/>\n<link rel=\"canonical\" href=\"https:\/\/www.asug-services.com\/de\/gebaeudeservice\/fassadenreinigung\/\" \/>\n<meta property=\"og:locale\" content=\"de_DE\" \/>\n<meta property=\"og:type\" content=\"article\" \/>\n<meta property=\"og:title\" content=\"Fassadenreinigung | Der beste Hausmeister der Stadt\" \/>\n<meta property=\"og:description\" content=\"Werterhaltung leicht gemacht: Sie w\u00fcnschen sich saubere, gepflegte Fassaden \u2013 frei von Verschmutzungen durch Umwelteinfl\u00fcsse und Graffiti? Wir bieten Ihnen hochwertige Dienstleistungen im Bereich Fassadenreinigung \u2013 seit 20 Jahren am Standort Chemnitz! Gepflegte Fassade \u2013 Nachhaltige Werterhaltung Ihrer Immobilie Staub, Ru\u00df, \u00f6l- und fetthaltiger Schmutz k\u00f6nnen jede Fassade zerst\u00f6ren, indem sie sich im Mauerwerk festsetzen. &hellip; \u201eFassadenreinigung\u201c weiterlesen\" \/>\n<meta property=\"og:url\" content=\"https:\/\/www.asug-services.com\/de\/gebaeudeservice\/fassadenreinigung\/\" \/>\n<meta property=\"og:site_name\" content=\"Der beste Hausmeister der Stadt\" \/>\n<meta property=\"article:publisher\" content=\"https:\/\/www.facebook.com\/bester.hausmeister\" \/>\n<meta property=\"article:modified_time\" content=\"2018-01-20T13:47:10+00:00\" \/>\n<meta name=\"twitter:card\" content=\"summary_large_image\" \/>\n<meta name=\"twitter:site\" content=\"@asug_services\" \/>\n<meta name=\"twitter:label1\" content=\"Gesch\u00e4tzte Lesezeit\" \/>\n\t<meta name=\"twitter:data1\" content=\"2\u00a0Minuten\" \/>\n<script type=\"application\/ld+json\" class=\"yoast-schema-graph\">{\"@context\":\"https:\/\/schema.org\",\"@graph\":[{\"@type\":\"WebPage\",\"@id\":\"https:\/\/www.asug-services.com\/de\/gebaeudeservice\/fassadenreinigung\/\",\"url\":\"https:\/\/www.asug-services.com\/de\/gebaeudeservice\/fassadenreinigung\/\",\"name\":\"Fassadenreinigung | Der beste Hausmeister der Stadt\",\"isPartOf\":{\"@id\":\"https:\/\/www.asug-services.com\/de\/#website\"},\"datePublished\":\"2017-07-15T17:38:48+00:00\",\"dateModified\":\"2018-01-20T13:47:10+00:00\",\"breadcrumb\":{\"@id\":\"https:\/\/www.asug-services.com\/de\/gebaeudeservice\/fassadenreinigung\/#breadcrumb\"},\"inLanguage\":\"de\",\"potentialAction\":[{\"@type\":\"ReadAction\",\"target\":[\"https:\/\/www.asug-services.com\/de\/gebaeudeservice\/fassadenreinigung\/\"]}]},{\"@type\":\"BreadcrumbList\",\"@id\":\"https:\/\/www.asug-services.com\/de\/gebaeudeservice\/fassadenreinigung\/#breadcrumb\",\"itemListElement\":[{\"@type\":\"ListItem\",\"position\":1,\"name\":\"Startseite\",\"item\":\"https:\/\/www.asug-services.com\/de\/\"},{\"@type\":\"ListItem\",\"position\":2,\"name\":\"Geb\u00e4udereinigung\",\"item\":\"https:\/\/www.asug-services.com\/de\/gebaeudeservice\/\"},{\"@type\":\"ListItem\",\"position\":3,\"name\":\"Fassadenreinigung\"}]},{\"@type\":\"WebSite\",\"@id\":\"https:\/\/www.asug-services.com\/de\/#website\",\"url\":\"https:\/\/www.asug-services.com\/de\/\",\"name\":\"Der beste Hausmeister der Stadt\",\"description\":\"\u2705 Ihr zuverl\u00e4ssiger Partner f\u00fcr Geb\u00e4udeservice \u2705 Seit 23 Jahren in Chemnitz \u2705 Kostenfreies Angebot innerhalb von 24 Stunden \u2705 Services in h\u00f6chster Qualit\u00e4t zu fairen Preisen \u2705 Perfekte Umsetzung Ihres Traumprojektes \u2705 \u00dcberzeugende Beratung \u2705 Fokussiert und zielorientiert \u2705 Mit viel Herzblut und gr\u00fcnem Daumen \u2705 Erfahren Sie, was uns einzigartig macht!\",\"publisher\":{\"@id\":\"https:\/\/www.asug-services.com\/de\/#organization\"},\"potentialAction\":[{\"@type\":\"SearchAction\",\"target\":{\"@type\":\"EntryPoint\",\"urlTemplate\":\"https:\/\/www.asug-services.com\/de\/?s={search_term_string}\"},\"query-input\":{\"@type\":\"PropertyValueSpecification\",\"valueRequired\":true,\"valueName\":\"search_term_string\"}}],\"inLanguage\":\"de\"},{\"@type\":\"Organization\",\"@id\":\"https:\/\/www.asug-services.com\/de\/#organization\",\"name\":\"ASUG Geb\u00e4udeservice GmbH\",\"url\":\"https:\/\/www.asug-services.com\/de\/\",\"logo\":{\"@type\":\"ImageObject\",\"inLanguage\":\"de\",\"@id\":\"https:\/\/www.asug-services.com\/de\/#\/schema\/logo\/image\/\",\"url\":\"https:\/\/www.asug-services.com\/wp-content\/uploads\/2017\/12\/ASUG-2017-07-17-Logo-f\u00fcr-Website-Bearbeitung-abgeschlossen.png\",\"contentUrl\":\"https:\/\/www.asug-services.com\/wp-content\/uploads\/2017\/12\/ASUG-2017-07-17-Logo-f\u00fcr-Website-Bearbeitung-abgeschlossen.png\",\"width\":3744,\"height\":343,\"caption\":\"ASUG Geb\u00e4udeservice GmbH\"},\"image\":{\"@id\":\"https:\/\/www.asug-services.com\/de\/#\/schema\/logo\/image\/\"},\"sameAs\":[\"https:\/\/www.facebook.com\/bester.hausmeister\",\"https:\/\/x.com\/asug_services\",\"https:\/\/www.instagram.com\/bester.hausmeister\/\"]}]}<\/script>\n<!-- \/ Yoast SEO plugin. -->","yoast_head_json":{"title":"Fassadenreinigung | Der beste Hausmeister der Stadt","robots":{"index":"index","follow":"follow","max-snippet":"max-snippet:-1","max-image-preview":"max-image-preview:large","max-video-preview":"max-video-preview:-1"},"canonical":"https:\/\/www.asug-services.com\/de\/gebaeudeservice\/fassadenreinigung\/","og_locale":"de_DE","og_type":"article","og_title":"Fassadenreinigung | Der beste Hausmeister der Stadt","og_description":"Werterhaltung leicht gemacht: Sie w\u00fcnschen sich saubere, gepflegte Fassaden \u2013 frei von Verschmutzungen durch Umwelteinfl\u00fcsse und Graffiti? Wir bieten Ihnen hochwertige Dienstleistungen im Bereich Fassadenreinigung \u2013 seit 20 Jahren am Standort Chemnitz! Gepflegte Fassade \u2013 Nachhaltige Werterhaltung Ihrer Immobilie Staub, Ru\u00df, \u00f6l- und fetthaltiger Schmutz k\u00f6nnen jede Fassade zerst\u00f6ren, indem sie sich im Mauerwerk festsetzen. &hellip; \u201eFassadenreinigung\u201c weiterlesen","og_url":"https:\/\/www.asug-services.com\/de\/gebaeudeservice\/fassadenreinigung\/","og_site_name":"Der beste Hausmeister der Stadt","article_publisher":"https:\/\/www.facebook.com\/bester.hausmeister","article_modified_time":"2018-01-20T13:47:10+00:00","twitter_card":"summary_large_image","twitter_site":"@asug_services","twitter_misc":{"Gesch\u00e4tzte Lesezeit":"2\u00a0Minuten"},"schema":{"@context":"https:\/\/schema.org","@graph":[{"@type":"WebPage","@id":"https:\/\/www.asug-services.com\/de\/gebaeudeservice\/fassadenreinigung\/","url":"https:\/\/www.asug-services.com\/de\/gebaeudeservice\/fassadenreinigung\/","name":"Fassadenreinigung | Der beste Hausmeister der Stadt","isPartOf":{"@id":"https:\/\/www.asug-services.com\/de\/#website"},"datePublished":"2017-07-15T17:38:48+00:00","dateModified":"2018-01-20T13:47:10+00:00","breadcrumb":{"@id":"https:\/\/www.asug-services.com\/de\/gebaeudeservice\/fassadenreinigung\/#breadcrumb"},"inLanguage":"de","potentialAction":[{"@type":"ReadAction","target":["https:\/\/www.asug-services.com\/de\/gebaeudeservice\/fassadenreinigung\/"]}]},{"@type":"BreadcrumbList","@id":"https:\/\/www.asug-services.com\/de\/gebaeudeservice\/fassadenreinigung\/#breadcrumb","itemListElement":[{"@type":"ListItem","position":1,"name":"Startseite","item":"https:\/\/www.asug-services.com\/de\/"},{"@type":"ListItem","position":2,"name":"Geb\u00e4udereinigung","item":"https:\/\/www.asug-services.com\/de\/gebaeudeservice\/"},{"@type":"ListItem","position":3,"name":"Fassadenreinigung"}]},{"@type":"WebSite","@id":"https:\/\/www.asug-services.com\/de\/#website","url":"https:\/\/www.asug-services.com\/de\/","name":"Der beste Hausmeister der Stadt","description":"\u2705 Ihr zuverl\u00e4ssiger Partner f\u00fcr Geb\u00e4udeservice \u2705 Seit 23 Jahren in Chemnitz \u2705 Kostenfreies Angebot innerhalb von 24 Stunden \u2705 Services in h\u00f6chster Qualit\u00e4t zu fairen Preisen \u2705 Perfekte Umsetzung Ihres Traumprojektes \u2705 \u00dcberzeugende Beratung \u2705 Fokussiert und zielorientiert \u2705 Mit viel Herzblut und gr\u00fcnem Daumen \u2705 Erfahren Sie, was uns einzigartig macht!","publisher":{"@id":"https:\/\/www.asug-services.com\/de\/#organization"},"potentialAction":[{"@type":"SearchAction","target":{"@type":"EntryPoint","urlTemplate":"https:\/\/www.asug-services.com\/de\/?s={search_term_string}"},"query-input":{"@type":"PropertyValueSpecification","valueRequired":true,"valueName":"search_term_string"}}],"inLanguage":"de"},{"@type":"Organization","@id":"https:\/\/www.asug-services.com\/de\/#organization","name":"ASUG Geb\u00e4udeservice GmbH","url":"https:\/\/www.asug-services.com\/de\/","logo":{"@type":"ImageObject","inLanguage":"de","@id":"https:\/\/www.asug-services.com\/de\/#\/schema\/logo\/image\/","url":"https:\/\/www.asug-services.com\/wp-content\/uploads\/2017\/12\/ASUG-2017-07-17-Logo-f\u00fcr-Website-Bearbeitung-abgeschlossen.png","contentUrl":"https:\/\/www.asug-services.com\/wp-content\/uploads\/2017\/12\/ASUG-2017-07-17-Logo-f\u00fcr-Website-Bearbeitung-abgeschlossen.png","width":3744,"height":343,"caption":"ASUG Geb\u00e4udeservice GmbH"},"image":{"@id":"https:\/\/www.asug-services.com\/de\/#\/schema\/logo\/image\/"},"sameAs":["https:\/\/www.facebook.com\/bester.hausmeister","https:\/\/x.com\/asug_services","https:\/\/www.instagram.com\/bester.hausmeister\/"]}]}},"_links":{"self":[{"href":"https:\/\/www.asug-services.com\/de\/wp-json\/wp\/v2\/pages\/54"}],"collection":[{"href":"https:\/\/www.asug-services.com\/de\/wp-json\/wp\/v2\/pages"}],"about":[{"href":"https:\/\/www.asug-services.com\/de\/wp-json\/wp\/v2\/types\/page"}],"author":[{"embeddable":true,"href":"https:\/\/www.asug-services.com\/de\/wp-json\/wp\/v2\/users\/1"}],"replies":[{"embeddable":true,"href":"https:\/\/www.asug-services.com\/de\/wp-json\/wp\/v2\/comments?post=54"}],"version-history":[{"count":8,"href":"https:\/\/www.asug-services.com\/de\/wp-json\/wp\/v2\/pages\/54\/revisions"}],"predecessor-version":[{"id":649,"href":"https:\/\/www.asug-services.com\/de\/wp-json\/wp\/v2\/pages\/54\/revisions\/649"}],"up":[{"embeddable":true,"href":"https:\/\/www.asug-services.com\/de\/wp-json\/wp\/v2\/pages\/47"}],"wp:attachment":[{"href":"https:\/\/www.asug-services.com\/de\/wp-json\/wp\/v2\/media?parent=54"}],"curies":[{"name":"wp","href":"https:\/\/api.w.org\/{rel}","templated":true}]}}