{"id":533,"date":"2017-11-15T15:05:46","date_gmt":"2017-11-15T14:05:46","guid":{"rendered":"http:\/\/www.asug-services.com\/de\/?page_id=533"},"modified":"2018-02-16T14:28:27","modified_gmt":"2018-02-16T13:28:27","slug":"kaugummientfernung","status":"publish","type":"page","link":"https:\/\/www.asug-services.com\/de\/gebaeudeservice\/kaugummientfernung\/","title":{"rendered":"Kaugummientfernung"},"content":{"rendered":"<h2 style=\"text-align: center;\">Vom Fachmann.<\/h2>\n<p><strong><span style=\"color: #66b32b;\">\u2713<\/span><\/strong> G\u00fcnstig &amp; umweltschonend\u00a0<strong><span style=\"color: #66b32b;\">\u2713\u00a0<\/span><\/strong>Innovative Methoden\u00a0<strong><span style=\"color: #66b32b;\">\u2713\u00a0<\/span><\/strong>F\u00fcr alle Oberfl\u00e4chen\u00a0<strong><span style=\"color: #66b32b;\">\u2713\u00a0<\/span><\/strong>24 Stunden Notruf\u00a0<strong><span style=\"color: #66b32b;\">\u2713\u00a0<\/span><\/strong>Langj\u00e4hrige Kompetenz\u00a0<strong><span style=\"color: #66b32b;\">\u2713\u00a0<\/span><\/strong>Top geschulte Mitarbeiter<\/p>\n<p>&nbsp;<\/p>\n<p style=\"text-align: justify;\">Sie kleben auf dem Asphalt und ganz schnell auch am eigenen Schuh: Kaugummis, die auf die Stra\u00dfe entsorgt wurden, \u00e4rgern nicht nur den, der sie unterm Schuh kleben hat.<\/p>\n<h1 style=\"text-align: center;\">Das Problem<\/h1>\n<p style=\"text-align: justify;\">Sie sind bunt, klebrig und wem sie einmal am Schuh haften, den lassen sie so schnell nicht wieder los: Kaugummis auf Gehwegen und Pl\u00e4tzen im Stadtgebiet sind ein gewohntes Bild.<\/p>\n<p style=\"text-align: justify;\">Verunreinigungen durch Kaugummiflecken sehen unattraktiv aus, mindern den Wert Ihrer Immobilie und beeintr\u00e4chtigen dar\u00fcber hinaus das positive Image von Geb\u00e4uden und Gehwegen.<\/p>\n<h1 style=\"text-align: center;\">Die klebrigen Fakten<\/h1>\n<p style=\"text-align: justify;\">J\u00e4hrlich werden weltweit \u00fcber 580.000 Tonnen Kaugummi verkauft &#8211; davon fallen statistisch 25.000 Tonnen allein auf den deutschen Markt. Ein Gro\u00dfteil der gebrauchten Kaugummis wird nach dem Verzehr unachtsam weggeworfen und bleibt auf einer Vielzahl verschiedener Oberfl\u00e4chen haften.<\/p>\n<p style=\"text-align: justify;\">Handels\u00fcblicher Kaugummi ist nicht biologisch abbaubar und nahezu witterungsresistent. Konventionelle Reinigungsmaschinen sind daher nicht in der Lage, Kaugummireste zu entfernen. Die Beseitigung ist lediglich mit sehr hohem technischen und zeitlichen Aufwand verbunden.<\/p>\n<h1 style=\"text-align: center;\">Wir haben die L\u00f6sung<\/h1>\n<p style=\"text-align: justify;\">Wir bieten Ihnen ein einzigartiges Reinigungsverfahren zur effektiven Kaugummibeseitigung. Festgetretene R\u00fcckst\u00e4nde und Grobverschmutzungen werden in wenigen Sekunden, wirtschaftlich und schonend von allen erdenklichen Untergr\u00fcnden entfernt.<\/p>\n<p class=\"ellip ads-creative\" style=\"text-align: justify;\"><strong><span style=\"color: #66b32b;\">\u2713<\/span><\/strong> Beton<br \/>\n<strong><span style=\"color: #66b32b;\">\u2713<\/span><\/strong> Asphalt<br \/>\n<strong><span style=\"color: #66b32b;\">\u2713<\/span><\/strong> Verbundsteine<br \/>\n<strong><span style=\"color: #66b32b;\">\u2713<\/span><\/strong> Stein- und Granitb\u00f6den<br \/>\n<strong><span style=\"color: #66b32b;\">\u2713<\/span><\/strong> Kunststoffe<br \/>\n<strong><span style=\"color: #66b32b;\">\u2713<\/span><\/strong> Glas<br \/>\n<strong><span style=\"color: #66b32b;\">\u2713<\/span><\/strong> Edelstahl<br \/>\n<strong><span style=\"color: #66b32b;\">\u2713<\/span><\/strong> Gummi<br \/>\n<strong><span style=\"color: #66b32b;\">\u2713<\/span><\/strong> Sauberlaufzonen<br \/>\n<strong><span style=\"color: #66b32b;\">\u2713<\/span><\/strong> Polster &amp; Teppiche<br \/>\n<strong><span style=\"color: #66b32b;\">\u2713<\/span><\/strong> Lackierte Fl\u00e4chen<br \/>\n<strong><span style=\"color: #66b32b;\">\u2713<\/span><\/strong> Fliesen &amp; Keramik<\/p>\n<p>&nbsp;<\/p>\n<div id='gallery-1' class='gallery galleryid-533 gallery-columns-2 gallery-size-full'><figure class='gallery-item'>\n\t\t\t<div class='gallery-icon landscape'>\n\t\t\t\t<a href='https:\/\/www.asug-services.com\/wp-content\/uploads\/2018\/01\/Kaugummi1.jpg'><img loading=\"lazy\" decoding=\"async\" width=\"3968\" height=\"2240\" src=\"https:\/\/www.asug-services.com\/wp-content\/uploads\/2018\/01\/Kaugummi1.jpg\" class=\"attachment-full size-full\" alt=\"\" aria-describedby=\"gallery-1-603\" srcset=\"https:\/\/www.asug-services.com\/wp-content\/uploads\/2018\/01\/Kaugummi1.jpg 3968w, https:\/\/www.asug-services.com\/wp-content\/uploads\/2018\/01\/Kaugummi1-300x169.jpg 300w, https:\/\/www.asug-services.com\/wp-content\/uploads\/2018\/01\/Kaugummi1-768x434.jpg 768w, https:\/\/www.asug-services.com\/wp-content\/uploads\/2018\/01\/Kaugummi1-1024x578.jpg 1024w\" sizes=\"100vw\" \/><\/a>\n\t\t\t<\/div>\n\t\t\t\t<figcaption class='wp-caption-text gallery-caption' id='gallery-1-603'>\n\t\t\t\t\u00a9 2016 ASUG Geb\u00e4udeservice GmbH \u2013 Vor Aufnahme der Reinigungsarbeiten, stark verschmutzte Fl\u00e4che\n\t\t\t\t<\/figcaption><\/figure><figure class='gallery-item'>\n\t\t\t<div class='gallery-icon landscape'>\n\t\t\t\t<a href='https:\/\/www.asug-services.com\/wp-content\/uploads\/2018\/01\/Kaugummi.jpg'><img loading=\"lazy\" decoding=\"async\" width=\"3968\" height=\"2240\" src=\"https:\/\/www.asug-services.com\/wp-content\/uploads\/2018\/01\/Kaugummi.jpg\" class=\"attachment-full size-full\" alt=\"\" aria-describedby=\"gallery-1-602\" srcset=\"https:\/\/www.asug-services.com\/wp-content\/uploads\/2018\/01\/Kaugummi.jpg 3968w, https:\/\/www.asug-services.com\/wp-content\/uploads\/2018\/01\/Kaugummi-300x169.jpg 300w, https:\/\/www.asug-services.com\/wp-content\/uploads\/2018\/01\/Kaugummi-768x434.jpg 768w, https:\/\/www.asug-services.com\/wp-content\/uploads\/2018\/01\/Kaugummi-1024x578.jpg 1024w\" sizes=\"100vw\" \/><\/a>\n\t\t\t<\/div>\n\t\t\t\t<figcaption class='wp-caption-text gallery-caption' id='gallery-1-602'>\n\t\t\t\t\u00a9 2016 ASUG Geb\u00e4udeservice GmbH \u2013 Nach Abschluss der Reinigungsarbeiten\n\t\t\t\t<\/figcaption><\/figure><figure class='gallery-item'>\n\t\t\t<div class='gallery-icon landscape'>\n\t\t\t\t<a href='https:\/\/www.asug-services.com\/wp-content\/uploads\/2018\/01\/IMG_20171221_0823401.jpg'><img loading=\"lazy\" decoding=\"async\" width=\"1984\" height=\"1120\" src=\"https:\/\/www.asug-services.com\/wp-content\/uploads\/2018\/01\/IMG_20171221_0823401.jpg\" class=\"attachment-full size-full\" alt=\"\" aria-describedby=\"gallery-1-604\" srcset=\"https:\/\/www.asug-services.com\/wp-content\/uploads\/2018\/01\/IMG_20171221_0823401.jpg 1984w, https:\/\/www.asug-services.com\/wp-content\/uploads\/2018\/01\/IMG_20171221_0823401-300x169.jpg 300w, https:\/\/www.asug-services.com\/wp-content\/uploads\/2018\/01\/IMG_20171221_0823401-768x434.jpg 768w, https:\/\/www.asug-services.com\/wp-content\/uploads\/2018\/01\/IMG_20171221_0823401-1024x578.jpg 1024w\" sizes=\"100vw\" \/><\/a>\n\t\t\t<\/div>\n\t\t\t\t<figcaption class='wp-caption-text gallery-caption' id='gallery-1-604'>\n\t\t\t\t\u00a9 2015 ASUG Geb\u00e4udeservice GmbH \u2013 Vor Aufnahme der Reinigungsarbeiten, stark verschmutzte Fl\u00e4che\n\t\t\t\t<\/figcaption><\/figure><figure class='gallery-item'>\n\t\t\t<div class='gallery-icon landscape'>\n\t\t\t\t<a href='https:\/\/www.asug-services.com\/wp-content\/uploads\/2018\/01\/IMG_20171221_0823403.jpg'><img loading=\"lazy\" decoding=\"async\" width=\"3968\" height=\"2240\" src=\"https:\/\/www.asug-services.com\/wp-content\/uploads\/2018\/01\/IMG_20171221_0823403.jpg\" class=\"attachment-full size-full\" alt=\"\" aria-describedby=\"gallery-1-601\" srcset=\"https:\/\/www.asug-services.com\/wp-content\/uploads\/2018\/01\/IMG_20171221_0823403.jpg 3968w, https:\/\/www.asug-services.com\/wp-content\/uploads\/2018\/01\/IMG_20171221_0823403-300x169.jpg 300w, https:\/\/www.asug-services.com\/wp-content\/uploads\/2018\/01\/IMG_20171221_0823403-768x434.jpg 768w, https:\/\/www.asug-services.com\/wp-content\/uploads\/2018\/01\/IMG_20171221_0823403-1024x578.jpg 1024w\" sizes=\"100vw\" \/><\/a>\n\t\t\t<\/div>\n\t\t\t\t<figcaption class='wp-caption-text gallery-caption' id='gallery-1-601'>\n\t\t\t\t\u00a9 2015 ASUG Geb\u00e4udeservice GmbH \u2013 Nach Abschluss der Reinigungsarbeiten\n\t\t\t\t<\/figcaption><\/figure><figure class='gallery-item'>\n\t\t\t<div class='gallery-icon landscape'>\n\t\t\t\t<a href='https:\/\/www.asug-services.com\/wp-content\/uploads\/2018\/01\/IMG_20171221_0823402.jpg'><img loading=\"lazy\" decoding=\"async\" width=\"1984\" height=\"1120\" src=\"https:\/\/www.asug-services.com\/wp-content\/uploads\/2018\/01\/IMG_20171221_0823402.jpg\" class=\"attachment-full size-full\" alt=\"\" aria-describedby=\"gallery-1-605\" srcset=\"https:\/\/www.asug-services.com\/wp-content\/uploads\/2018\/01\/IMG_20171221_0823402.jpg 1984w, https:\/\/www.asug-services.com\/wp-content\/uploads\/2018\/01\/IMG_20171221_0823402-300x169.jpg 300w, https:\/\/www.asug-services.com\/wp-content\/uploads\/2018\/01\/IMG_20171221_0823402-768x434.jpg 768w, https:\/\/www.asug-services.com\/wp-content\/uploads\/2018\/01\/IMG_20171221_0823402-1024x578.jpg 1024w\" sizes=\"100vw\" \/><\/a>\n\t\t\t<\/div>\n\t\t\t\t<figcaption class='wp-caption-text gallery-caption' id='gallery-1-605'>\n\t\t\t\t\u00a9 2015 ASUG Geb\u00e4udeservice GmbH \u2013 Unten: Vor Aufnahme der Reinigungsarbeiten, stark verschmutzte Fl\u00e4che, Oben: Reinigung abgeschlossen\n\t\t\t\t<\/figcaption><\/figure>\n\t\t<\/div>\n\n<h1 style=\"text-align: center;\">Auf den Punkt gebracht.<\/h1>\n<h2 style=\"text-align: center;\">So funktioniert die Kaugummientfernung.<\/h2>\n<h3><strong>Schritt 1: Vorbehandlung<\/strong><\/h3>\n<p>Die haftenden Kaugummireste werden zun\u00e4chst separat, unter Einwirkung von Dampf vorbehandelt.<\/p>\n<h3><strong>Schritt 2: Chemische Behandlung<\/strong><\/h3>\n<p>Anschlie\u00dfend wird ein umweltfreundliches Reinigungsmittel dosiert zugef\u00fchrt und der Kaugummi somit angel\u00f6st.<\/p>\n<h3><strong>Schritt 3: Mechanische Endreinigung<\/strong><\/h3>\n<p>Die R\u00fcckst\u00e4nde werden mittels Reinigungsb\u00fcrste und mithilfe eines Besens r\u00fcckstandslos entfernt.<\/p>\n<h1 style=\"text-align: center;\">Umweltschonendes Verfahren<\/h1>\n<p style=\"text-align: justify;\">Mit einem Wasserverbrauch von weniger als 1 l \/ Stunde und einem geringen Verbrauch chemischer Reinigungsprodukte von wenigen Millilitern pro Kaugummi f\u00f6rdern wir einen nachhaltigen Umgang mit der Umwelt.<\/p>\n<p style=\"text-align: justify;\">Die von uns verwendete Reinigungsl\u00f6sung ist dabei vollst\u00e4ndig abbaubar, da diese ausschlie\u00dflich aus nat\u00fcrlichen und nachwachsenden Inhaltsstoffen besteht.<\/p>\n<h1 style=\"text-align: center;\">F\u00fcr jeden Einsatz<\/h1>\n<h2 style=\"text-align: center;\">die richtige &#8222;L\u00f6sung&#8220;.<\/h2>\n<p style=\"text-align: justify;\">Wir bieten Ihnen ein einzigartiges Reinigungsverfahren zur effektiven Kaugummibeseitigung, sowohl im <strong>Au\u00dfen-<\/strong> als auch im <strong>Innenbereich<\/strong>. Die potenziellen Einsatzgebiete sind vielseitig.<\/p>\n<p style=\"text-align: justify;\"><strong><span style=\"color: #66b32b;\">\u2713<\/span><\/strong> St\u00e4dte und Kommunen<br \/>\n<strong><span style=\"color: #66b32b;\">\u2713<\/span><\/strong> Pl\u00e4tze und Gehwege<br \/>\n<strong><span style=\"color: #66b32b;\">\u2713<\/span><\/strong> \u00d6ffentliche Einrichtungen<br \/>\n<strong><span style=\"color: #66b32b;\">\u2713<\/span><\/strong> Einkaufszentren<br \/>\n<strong><span style=\"color: #66b32b;\">\u2713<\/span><\/strong> Aufz\u00fcge und Rolltreppen<br \/>\n<strong><span style=\"color: #66b32b;\">\u2713<\/span><\/strong> Kliniken<br \/>\n<strong><span style=\"color: #66b32b;\">\u2713<\/span><\/strong> Flugh\u00e4fen und Bahnh\u00f6fe<br \/>\n<strong><span style=\"color: #66b32b;\">\u2713<\/span><\/strong> B\u00fcrogeb\u00e4ude<br \/>\n<strong><span style=\"color: #66b32b;\">\u2713<\/span><\/strong> Restaurants<\/p>\n<p style=\"text-align: justify;\">Wir bieten Ihnen hochwertige und ma\u00dfgeschneiderte Leistungen im Bereich der <a href=\"http:\/\/www.asug-services.com\/de\/gebaeudeservice\/industriereinigung\/\">Industriereinigung<\/a> zu klar nachvollziehbaren Preisen.<\/p>\n<p style=\"text-align: justify;\">Modernstes Equipment, der Einsatz umweltfreundlicher Reinigungsmittel und geschultes Fachpersonal mit langj\u00e4hriger Branchenerfahrung machen die <strong>ASUG Geb\u00e4udeservice GmbH<\/strong> zu Ihrem verl\u00e4sslichen Partner im Bereich der Industrie- und Geb\u00e4udereinigung.<\/p>\n<p style=\"text-align: justify;\">Wir freuen uns auf Ihre Anfrage.\u00a0Wir betreuen Kunden in <strong>Chemnitz<\/strong>, <strong>Leipzig<\/strong>,\u00a0<strong>Dresden<\/strong>, <strong>Zwickau<\/strong> und in ganz <strong>Sachsen<\/strong> mit Fachverstand und Erfahrung.<\/p>\n","protected":false},"excerpt":{"rendered":"<p>Vom Fachmann. \u2713 G\u00fcnstig &amp; umweltschonend\u00a0\u2713\u00a0Innovative Methoden\u00a0\u2713\u00a0F\u00fcr alle Oberfl\u00e4chen\u00a0\u2713\u00a024 Stunden Notruf\u00a0\u2713\u00a0Langj\u00e4hrige Kompetenz\u00a0\u2713\u00a0Top geschulte Mitarbeiter &nbsp; Sie kleben auf dem Asphalt und ganz schnell auch am eigenen Schuh: Kaugummis, die auf die Stra\u00dfe entsorgt wurden, \u00e4rgern nicht nur den, der sie unterm Schuh kleben hat. Das Problem Sie sind bunt, klebrig und wem sie einmal am &hellip; <\/p>\n<p class=\"link-more\"><a href=\"https:\/\/www.asug-services.com\/de\/gebaeudeservice\/kaugummientfernung\/\" class=\"more-link\"><span class=\"screen-reader-text\">\u201eKaugummientfernung\u201c<\/span> weiterlesen<\/a><\/p>\n","protected":false},"author":1,"featured_media":539,"parent":47,"menu_order":0,"comment_status":"closed","ping_status":"closed","template":"","meta":{"footnotes":""},"class_list":["post-533","page","type-page","status-publish","has-post-thumbnail","hentry"],"yoast_head":"<!-- This site is optimized with the Yoast SEO plugin v23.4 - https:\/\/yoast.com\/wordpress\/plugins\/seo\/ -->\n<title>Kaugummientfernung | Der beste Hausmeister der Stadt<\/title>\n<meta name=\"robots\" content=\"index, follow, max-snippet:-1, max-image-preview:large, max-video-preview:-1\" \/>\n<link rel=\"canonical\" href=\"https:\/\/www.asug-services.com\/de\/gebaeudeservice\/kaugummientfernung\/\" \/>\n<meta property=\"og:locale\" content=\"de_DE\" \/>\n<meta property=\"og:type\" content=\"article\" \/>\n<meta property=\"og:title\" content=\"Kaugummientfernung | Der beste Hausmeister der Stadt\" \/>\n<meta property=\"og:description\" content=\"Vom Fachmann. \u2713 G\u00fcnstig &amp; umweltschonend\u00a0\u2713\u00a0Innovative Methoden\u00a0\u2713\u00a0F\u00fcr alle Oberfl\u00e4chen\u00a0\u2713\u00a024 Stunden Notruf\u00a0\u2713\u00a0Langj\u00e4hrige Kompetenz\u00a0\u2713\u00a0Top geschulte Mitarbeiter &nbsp; Sie kleben auf dem Asphalt und ganz schnell auch am eigenen Schuh: Kaugummis, die auf die Stra\u00dfe entsorgt wurden, \u00e4rgern nicht nur den, der sie unterm Schuh kleben hat. Das Problem Sie sind bunt, klebrig und wem sie einmal am &hellip; \u201eKaugummientfernung\u201c weiterlesen\" \/>\n<meta property=\"og:url\" content=\"https:\/\/www.asug-services.com\/de\/gebaeudeservice\/kaugummientfernung\/\" \/>\n<meta property=\"og:site_name\" content=\"Der beste Hausmeister der Stadt\" \/>\n<meta property=\"article:publisher\" content=\"https:\/\/www.facebook.com\/bester.hausmeister\" \/>\n<meta property=\"article:modified_time\" content=\"2018-02-16T13:28:27+00:00\" \/>\n<meta property=\"og:image\" content=\"https:\/\/www.asug-services.com\/wp-content\/uploads\/2017\/07\/image_header_007.jpg\" \/>\n\t<meta property=\"og:image:width\" content=\"1505\" \/>\n\t<meta property=\"og:image:height\" content=\"352\" \/>\n\t<meta property=\"og:image:type\" content=\"image\/jpeg\" \/>\n<meta name=\"twitter:card\" content=\"summary_large_image\" \/>\n<meta name=\"twitter:site\" content=\"@asug_services\" \/>\n<meta name=\"twitter:label1\" content=\"Gesch\u00e4tzte Lesezeit\" \/>\n\t<meta name=\"twitter:data1\" content=\"2\u00a0Minuten\" \/>\n<script type=\"application\/ld+json\" class=\"yoast-schema-graph\">{\"@context\":\"https:\/\/schema.org\",\"@graph\":[{\"@type\":\"WebPage\",\"@id\":\"https:\/\/www.asug-services.com\/de\/gebaeudeservice\/kaugummientfernung\/\",\"url\":\"https:\/\/www.asug-services.com\/de\/gebaeudeservice\/kaugummientfernung\/\",\"name\":\"Kaugummientfernung | Der beste Hausmeister der Stadt\",\"isPartOf\":{\"@id\":\"https:\/\/www.asug-services.com\/de\/#website\"},\"primaryImageOfPage\":{\"@id\":\"https:\/\/www.asug-services.com\/de\/gebaeudeservice\/kaugummientfernung\/#primaryimage\"},\"image\":{\"@id\":\"https:\/\/www.asug-services.com\/de\/gebaeudeservice\/kaugummientfernung\/#primaryimage\"},\"thumbnailUrl\":\"https:\/\/www.asug-services.com\/wp-content\/uploads\/2017\/07\/image_header_007.jpg\",\"datePublished\":\"2017-11-15T14:05:46+00:00\",\"dateModified\":\"2018-02-16T13:28:27+00:00\",\"breadcrumb\":{\"@id\":\"https:\/\/www.asug-services.com\/de\/gebaeudeservice\/kaugummientfernung\/#breadcrumb\"},\"inLanguage\":\"de\",\"potentialAction\":[{\"@type\":\"ReadAction\",\"target\":[\"https:\/\/www.asug-services.com\/de\/gebaeudeservice\/kaugummientfernung\/\"]}]},{\"@type\":\"ImageObject\",\"inLanguage\":\"de\",\"@id\":\"https:\/\/www.asug-services.com\/de\/gebaeudeservice\/kaugummientfernung\/#primaryimage\",\"url\":\"https:\/\/www.asug-services.com\/wp-content\/uploads\/2017\/07\/image_header_007.jpg\",\"contentUrl\":\"https:\/\/www.asug-services.com\/wp-content\/uploads\/2017\/07\/image_header_007.jpg\",\"width\":1505,\"height\":352},{\"@type\":\"BreadcrumbList\",\"@id\":\"https:\/\/www.asug-services.com\/de\/gebaeudeservice\/kaugummientfernung\/#breadcrumb\",\"itemListElement\":[{\"@type\":\"ListItem\",\"position\":1,\"name\":\"Startseite\",\"item\":\"https:\/\/www.asug-services.com\/de\/\"},{\"@type\":\"ListItem\",\"position\":2,\"name\":\"Geb\u00e4udereinigung\",\"item\":\"https:\/\/www.asug-services.com\/de\/gebaeudeservice\/\"},{\"@type\":\"ListItem\",\"position\":3,\"name\":\"Kaugummientfernung\"}]},{\"@type\":\"WebSite\",\"@id\":\"https:\/\/www.asug-services.com\/de\/#website\",\"url\":\"https:\/\/www.asug-services.com\/de\/\",\"name\":\"Der beste Hausmeister der Stadt\",\"description\":\"\u2705 Ihr zuverl\u00e4ssiger Partner f\u00fcr Geb\u00e4udeservice \u2705 Seit 23 Jahren in Chemnitz \u2705 Kostenfreies Angebot innerhalb von 24 Stunden \u2705 Services in h\u00f6chster Qualit\u00e4t zu fairen Preisen \u2705 Perfekte Umsetzung Ihres Traumprojektes \u2705 \u00dcberzeugende Beratung \u2705 Fokussiert und zielorientiert \u2705 Mit viel Herzblut und gr\u00fcnem Daumen \u2705 Erfahren Sie, was uns einzigartig macht!\",\"publisher\":{\"@id\":\"https:\/\/www.asug-services.com\/de\/#organization\"},\"potentialAction\":[{\"@type\":\"SearchAction\",\"target\":{\"@type\":\"EntryPoint\",\"urlTemplate\":\"https:\/\/www.asug-services.com\/de\/?s={search_term_string}\"},\"query-input\":{\"@type\":\"PropertyValueSpecification\",\"valueRequired\":true,\"valueName\":\"search_term_string\"}}],\"inLanguage\":\"de\"},{\"@type\":\"Organization\",\"@id\":\"https:\/\/www.asug-services.com\/de\/#organization\",\"name\":\"ASUG Geb\u00e4udeservice GmbH\",\"url\":\"https:\/\/www.asug-services.com\/de\/\",\"logo\":{\"@type\":\"ImageObject\",\"inLanguage\":\"de\",\"@id\":\"https:\/\/www.asug-services.com\/de\/#\/schema\/logo\/image\/\",\"url\":\"https:\/\/www.asug-services.com\/wp-content\/uploads\/2017\/12\/ASUG-2017-07-17-Logo-f\u00fcr-Website-Bearbeitung-abgeschlossen.png\",\"contentUrl\":\"https:\/\/www.asug-services.com\/wp-content\/uploads\/2017\/12\/ASUG-2017-07-17-Logo-f\u00fcr-Website-Bearbeitung-abgeschlossen.png\",\"width\":3744,\"height\":343,\"caption\":\"ASUG Geb\u00e4udeservice GmbH\"},\"image\":{\"@id\":\"https:\/\/www.asug-services.com\/de\/#\/schema\/logo\/image\/\"},\"sameAs\":[\"https:\/\/www.facebook.com\/bester.hausmeister\",\"https:\/\/x.com\/asug_services\",\"https:\/\/www.instagram.com\/bester.hausmeister\/\"]}]}<\/script>\n<!-- \/ Yoast SEO plugin. -->","yoast_head_json":{"title":"Kaugummientfernung | Der beste Hausmeister der Stadt","robots":{"index":"index","follow":"follow","max-snippet":"max-snippet:-1","max-image-preview":"max-image-preview:large","max-video-preview":"max-video-preview:-1"},"canonical":"https:\/\/www.asug-services.com\/de\/gebaeudeservice\/kaugummientfernung\/","og_locale":"de_DE","og_type":"article","og_title":"Kaugummientfernung | Der beste Hausmeister der Stadt","og_description":"Vom Fachmann. \u2713 G\u00fcnstig &amp; umweltschonend\u00a0\u2713\u00a0Innovative Methoden\u00a0\u2713\u00a0F\u00fcr alle Oberfl\u00e4chen\u00a0\u2713\u00a024 Stunden Notruf\u00a0\u2713\u00a0Langj\u00e4hrige Kompetenz\u00a0\u2713\u00a0Top geschulte Mitarbeiter &nbsp; Sie kleben auf dem Asphalt und ganz schnell auch am eigenen Schuh: Kaugummis, die auf die Stra\u00dfe entsorgt wurden, \u00e4rgern nicht nur den, der sie unterm Schuh kleben hat. Das Problem Sie sind bunt, klebrig und wem sie einmal am &hellip; \u201eKaugummientfernung\u201c weiterlesen","og_url":"https:\/\/www.asug-services.com\/de\/gebaeudeservice\/kaugummientfernung\/","og_site_name":"Der beste Hausmeister der Stadt","article_publisher":"https:\/\/www.facebook.com\/bester.hausmeister","article_modified_time":"2018-02-16T13:28:27+00:00","og_image":[{"width":1505,"height":352,"url":"https:\/\/www.asug-services.com\/wp-content\/uploads\/2017\/07\/image_header_007.jpg","type":"image\/jpeg"}],"twitter_card":"summary_large_image","twitter_site":"@asug_services","twitter_misc":{"Gesch\u00e4tzte Lesezeit":"2\u00a0Minuten"},"schema":{"@context":"https:\/\/schema.org","@graph":[{"@type":"WebPage","@id":"https:\/\/www.asug-services.com\/de\/gebaeudeservice\/kaugummientfernung\/","url":"https:\/\/www.asug-services.com\/de\/gebaeudeservice\/kaugummientfernung\/","name":"Kaugummientfernung | Der beste Hausmeister der Stadt","isPartOf":{"@id":"https:\/\/www.asug-services.com\/de\/#website"},"primaryImageOfPage":{"@id":"https:\/\/www.asug-services.com\/de\/gebaeudeservice\/kaugummientfernung\/#primaryimage"},"image":{"@id":"https:\/\/www.asug-services.com\/de\/gebaeudeservice\/kaugummientfernung\/#primaryimage"},"thumbnailUrl":"https:\/\/www.asug-services.com\/wp-content\/uploads\/2017\/07\/image_header_007.jpg","datePublished":"2017-11-15T14:05:46+00:00","dateModified":"2018-02-16T13:28:27+00:00","breadcrumb":{"@id":"https:\/\/www.asug-services.com\/de\/gebaeudeservice\/kaugummientfernung\/#breadcrumb"},"inLanguage":"de","potentialAction":[{"@type":"ReadAction","target":["https:\/\/www.asug-services.com\/de\/gebaeudeservice\/kaugummientfernung\/"]}]},{"@type":"ImageObject","inLanguage":"de","@id":"https:\/\/www.asug-services.com\/de\/gebaeudeservice\/kaugummientfernung\/#primaryimage","url":"https:\/\/www.asug-services.com\/wp-content\/uploads\/2017\/07\/image_header_007.jpg","contentUrl":"https:\/\/www.asug-services.com\/wp-content\/uploads\/2017\/07\/image_header_007.jpg","width":1505,"height":352},{"@type":"BreadcrumbList","@id":"https:\/\/www.asug-services.com\/de\/gebaeudeservice\/kaugummientfernung\/#breadcrumb","itemListElement":[{"@type":"ListItem","position":1,"name":"Startseite","item":"https:\/\/www.asug-services.com\/de\/"},{"@type":"ListItem","position":2,"name":"Geb\u00e4udereinigung","item":"https:\/\/www.asug-services.com\/de\/gebaeudeservice\/"},{"@type":"ListItem","position":3,"name":"Kaugummientfernung"}]},{"@type":"WebSite","@id":"https:\/\/www.asug-services.com\/de\/#website","url":"https:\/\/www.asug-services.com\/de\/","name":"Der beste Hausmeister der Stadt","description":"\u2705 Ihr zuverl\u00e4ssiger Partner f\u00fcr Geb\u00e4udeservice \u2705 Seit 23 Jahren in Chemnitz \u2705 Kostenfreies Angebot innerhalb von 24 Stunden \u2705 Services in h\u00f6chster Qualit\u00e4t zu fairen Preisen \u2705 Perfekte Umsetzung Ihres Traumprojektes \u2705 \u00dcberzeugende Beratung \u2705 Fokussiert und zielorientiert \u2705 Mit viel Herzblut und gr\u00fcnem Daumen \u2705 Erfahren Sie, was uns einzigartig macht!","publisher":{"@id":"https:\/\/www.asug-services.com\/de\/#organization"},"potentialAction":[{"@type":"SearchAction","target":{"@type":"EntryPoint","urlTemplate":"https:\/\/www.asug-services.com\/de\/?s={search_term_string}"},"query-input":{"@type":"PropertyValueSpecification","valueRequired":true,"valueName":"search_term_string"}}],"inLanguage":"de"},{"@type":"Organization","@id":"https:\/\/www.asug-services.com\/de\/#organization","name":"ASUG Geb\u00e4udeservice GmbH","url":"https:\/\/www.asug-services.com\/de\/","logo":{"@type":"ImageObject","inLanguage":"de","@id":"https:\/\/www.asug-services.com\/de\/#\/schema\/logo\/image\/","url":"https:\/\/www.asug-services.com\/wp-content\/uploads\/2017\/12\/ASUG-2017-07-17-Logo-f\u00fcr-Website-Bearbeitung-abgeschlossen.png","contentUrl":"https:\/\/www.asug-services.com\/wp-content\/uploads\/2017\/12\/ASUG-2017-07-17-Logo-f\u00fcr-Website-Bearbeitung-abgeschlossen.png","width":3744,"height":343,"caption":"ASUG Geb\u00e4udeservice GmbH"},"image":{"@id":"https:\/\/www.asug-services.com\/de\/#\/schema\/logo\/image\/"},"sameAs":["https:\/\/www.facebook.com\/bester.hausmeister","https:\/\/x.com\/asug_services","https:\/\/www.instagram.com\/bester.hausmeister\/"]}]}},"_links":{"self":[{"href":"https:\/\/www.asug-services.com\/de\/wp-json\/wp\/v2\/pages\/533"}],"collection":[{"href":"https:\/\/www.asug-services.com\/de\/wp-json\/wp\/v2\/pages"}],"about":[{"href":"https:\/\/www.asug-services.com\/de\/wp-json\/wp\/v2\/types\/page"}],"author":[{"embeddable":true,"href":"https:\/\/www.asug-services.com\/de\/wp-json\/wp\/v2\/users\/1"}],"replies":[{"embeddable":true,"href":"https:\/\/www.asug-services.com\/de\/wp-json\/wp\/v2\/comments?post=533"}],"version-history":[{"count":16,"href":"https:\/\/www.asug-services.com\/de\/wp-json\/wp\/v2\/pages\/533\/revisions"}],"predecessor-version":[{"id":748,"href":"https:\/\/www.asug-services.com\/de\/wp-json\/wp\/v2\/pages\/533\/revisions\/748"}],"up":[{"embeddable":true,"href":"https:\/\/www.asug-services.com\/de\/wp-json\/wp\/v2\/pages\/47"}],"wp:featuredmedia":[{"embeddable":true,"href":"https:\/\/www.asug-services.com\/de\/wp-json\/wp\/v2\/media\/539"}],"wp:attachment":[{"href":"https:\/\/www.asug-services.com\/de\/wp-json\/wp\/v2\/media?parent=533"}],"curies":[{"name":"wp","href":"https:\/\/api.w.org\/{rel}","templated":true}]}}