{"id":50,"date":"2017-07-15T19:37:23","date_gmt":"2017-07-15T17:37:23","guid":{"rendered":"http:\/\/www.asug-services.com\/?page_id=50"},"modified":"2018-01-20T14:37:29","modified_gmt":"2018-01-20T13:37:29","slug":"unterhaltsreinigung","status":"publish","type":"page","link":"https:\/\/www.asug-services.com\/de\/gebaeudeservice\/unterhaltsreinigung\/","title":{"rendered":"Unterhaltsreinigung"},"content":{"rendered":"<p style=\"text-align: justify;\">Sie w\u00fcnschen sich eine regelm\u00e4\u00dfige und gr\u00fcndliche Reinigung Ihrer Immobilie? Sie suchen einen stets sorgf\u00e4ltigen Reinigungsdienstleister? Wir sind Experten in der Unterhaltsreinigung!<\/p>\n<h1><strong>Regelm\u00e4\u00dfige Reinigung \u2013 Nachhaltige Werterhaltung<\/strong><\/h1>\n<p style=\"text-align: justify;\">Je nach Hygieneanspruch und Nutzung der zu reinigenden R\u00e4umlichkeiten f\u00fchren unsere geschulten Mitarbeiter Reinigungsdienstleistungen in festgelegten Intervallen durch. Die H\u00e4ufigkeit der durchzuf\u00fchrenden Reinigungsarbeiten wird in einem individuellen Reinigungsplan festgelegt, welcher direkt auf die Bed\u00fcrfnisse unserer Kunden zugeschnitten ist. Ob R\u00e4ume, Oberfl\u00e4chen sowie Bodenbel\u00e4ge t\u00e4glich, 2- bis 3-mal w\u00f6chentlich, w\u00f6chentlich, monatlich oder nach individuell vereinbarten Zeitintervallen gereinigt werden, h\u00e4ngt von den Anspr\u00fcchen unserer Auftraggeber ab. Durch die pers\u00f6nliche Beratung und Betreuung ist es uns m\u00f6glich, Kundenw\u00fcnsche zu fair kalkulierten Preisen zu erf\u00fcllen.<\/p>\n<h1><strong>Unser Leistungsangebot im Bereich Unterhaltsreinigung<\/strong><\/h1>\n<p style=\"text-align: justify;\">Die regelm\u00e4\u00dfige Durchf\u00fchrung sorgf\u00e4ltig erprobter Verfahren der Geb\u00e4udereinigung erh\u00e4lt den Wert Ihrer Immobilie dauerhaft. Nachfolgende Reinigungsarbeiten werden u. a. im Rahmen der Unterhaltsreinigung durchgef\u00fchrt:<\/p>\n<p style=\"text-align: justify;\">\u2705 Reinigung der B\u00fcroausstattung und Einrichtung<br \/>\n\u2705 <span style=\"font-size: 1rem;\">Leeren von Abfallh\u00e4ltern und Aschenbechern<br \/>\n\u2705 <\/span><span style=\"font-size: 1rem;\">T\u00e4gliches Absaugen von Teppichen und Polsterm\u00f6beln<br \/>\n\u2705 <\/span><span style=\"font-size: 1rem;\">Entstaubungsarbeiten\/Spinnwebenentfernung<br \/>\n\u2705\u00a0<\/span><span style=\"font-size: 1rem;\">Fu\u00dfbodenreinigung (Kehren, Feuchtwischen, Saugen sowie Oberfl\u00e4chenbehandlung)<br \/>\n\u2705 <\/span><span style=\"font-size: 1rem;\">Reinigung von Umkleiden<br \/>\n\u2705 <\/span><span style=\"font-size: 1rem;\">K\u00fcchenreinigung<br \/>\n\u2705 <\/span><span style=\"font-size: 1rem;\">Reinigung der Sanit\u00e4ranlagen<br \/>\n\u2705 <\/span><span style=\"font-size: 1rem;\">Treppenhausreinigung<\/span><\/p>\n<h1><strong>T\u00e4glich gereinigt \u2013 Dauerhaft sauber<\/strong><\/h1>\n<p style=\"text-align: justify;\">Um bestimmte und h\u00e4ufig genutzte Oberfl\u00e4chen und R\u00e4umlichkeiten Ihrer Immobilie nachhaltig zu pflegen, m\u00fcssen diese t\u00e4glich gereinigt werden. Das gilt vor allem f\u00fcr den Sanit\u00e4rbereich, da f\u00fcr diesen h\u00f6here Hygieneanspr\u00fcche vorgeschrieben werden. Bei der Sanit\u00e4rreinigung werden durch unsere erfahrenen Mitarbeiter u. a. folgende Reinigungsarbeiten durchgef\u00fchrt:<\/p>\n<p style=\"text-align: justify;\">Sanit\u00e4reanlagen werden grunds\u00e4tzlich t\u00e4glich gereinigt. Toiletten und Pissoires werden mit Badreinigern eingeweicht und geb\u00fcrstet, Becken und Deckel nass abgewischt und desinfiziert. Ebenso werden B\u00fcrsten eingeweicht und B\u00fcrstenhalter gereinigt. Zur t\u00e4glichen Pflege Ihrer Sanit\u00e4ranlagen geh\u00f6ren au\u00dferdem das S\u00e4ubern von Waschbecken, Armaturen und Spiegel sowie das Abwaschen von Fliesen im Spritzbereich. Weiterhin werden B\u00f6den t\u00e4glich nass gewischt und Seifenspender sowie Handtuchhalter ges\u00e4ubert. Bei Bedarf werden Papierhandtuch- und Seifenbeh\u00e4lter sowie Toilettenpapier aufgef\u00fcllt.<\/p>\n<h1><strong>Saubere R\u00e4ume \u2013 Zufriedene Mitarbeiter<\/strong><\/h1>\n<p style=\"text-align: justify;\">Sorgen Sie f\u00fcr eine saubere Atmosph\u00e4re durch die regelm\u00e4\u00dfige Reinigung Ihrer Immobilie: Entscheiden Sie sich f\u00fcr unser erfahrenes Reinigungsteam, welches mindestens einmal w\u00f6chentlich f\u00fcr strahlenden Glanz und Sauberkeit in Ihren B\u00fcror\u00e4umen sorgt. Dabei f\u00fchren unsere geschulten Mitarbeiter gr\u00fcndliche aber dennoch schonende Reinigungsmethoden aus, um Oberfl\u00e4chen, Fu\u00dfb\u00f6den und Mobiliar nachhaltig zu s\u00e4ubern. Zur regelm\u00e4\u00dfigen B\u00fcroraumreinigung z\u00e4hlen z. B. das feuchte Abwischen der Schreibtische, Heizk\u00f6rper, Fensterb\u00e4nke und Lichtschalter, das S\u00e4ubern von T\u00fcren, T\u00fcrgriffen sowie der Aktenschr\u00e4nke im Griffbereich, das Einsammeln von benutztem Geschirr, sowie die Reinigung von Glast\u00fcren, Spiegeln, PC-Geh\u00e4usen, Bildschirmen, Druckerger\u00e4ten und Telefonen sowie das Leeren \u00a0von Abfallbeh\u00e4ltern. Ebenso wird die Reinigung von Betriebsk\u00fcchen im Rahmen der regelm\u00e4\u00dfigen B\u00fcroraumreinigung durchgef\u00fchrt. Darunter z\u00e4hlen z. B. die Feuchtreinigung der K\u00fcchenm\u00f6bel sowie die Innenreinigung von K\u00fchlschr\u00e4nken und Mikrowellen.<\/p>\n<h1><strong>Unser Service \u2013 Ihre Vorteile<\/strong><\/h1>\n<p style=\"text-align: justify;\">Kundenzufriedenheit steht bei uns an erster Stelle. Daher wird der genaue Umfang einer Unterhaltsreinigung stets mit unseren Kunden auf deren Bed\u00fcrfnisse abgestimmt. Gemeinsam mit Ihnen stimmen wir einen Zeitplan zur Durchf\u00fchrung unserer Leistungen ab, sodass Betriebs- und Produktionszeiten nicht eingeschr\u00e4nkt werden.<\/p>\n<p style=\"text-align: justify;\">M\u00f6chten auch Sie sich von unseren zahlreichen Leistungen im Bereich Unterhaltsreinigung \u00fcberzeugen? Kontaktieren Sie uns noch heute \u2013 wir freuen uns auf Ihren Kontakt.<\/p>\n","protected":false},"excerpt":{"rendered":"<p>Sie w\u00fcnschen sich eine regelm\u00e4\u00dfige und gr\u00fcndliche Reinigung Ihrer Immobilie? Sie suchen einen stets sorgf\u00e4ltigen Reinigungsdienstleister? Wir sind Experten in der Unterhaltsreinigung! Regelm\u00e4\u00dfige Reinigung \u2013 Nachhaltige Werterhaltung Je nach Hygieneanspruch und Nutzung der zu reinigenden R\u00e4umlichkeiten f\u00fchren unsere geschulten Mitarbeiter Reinigungsdienstleistungen in festgelegten Intervallen durch. Die H\u00e4ufigkeit der durchzuf\u00fchrenden Reinigungsarbeiten wird in einem individuellen Reinigungsplan &hellip; <\/p>\n<p class=\"link-more\"><a href=\"https:\/\/www.asug-services.com\/de\/gebaeudeservice\/unterhaltsreinigung\/\" class=\"more-link\"><span class=\"screen-reader-text\">\u201eUnterhaltsreinigung\u201c<\/span> weiterlesen<\/a><\/p>\n","protected":false},"author":1,"featured_media":228,"parent":47,"menu_order":0,"comment_status":"closed","ping_status":"closed","template":"","meta":{"footnotes":""},"class_list":["post-50","page","type-page","status-publish","has-post-thumbnail","hentry"],"yoast_head":"<!-- This site is optimized with the Yoast SEO plugin v23.4 - https:\/\/yoast.com\/wordpress\/plugins\/seo\/ -->\n<title>Unterhaltsreinigung | Der beste Hausmeister der Stadt<\/title>\n<meta name=\"robots\" content=\"index, follow, max-snippet:-1, max-image-preview:large, max-video-preview:-1\" \/>\n<link rel=\"canonical\" href=\"https:\/\/www.asug-services.com\/de\/gebaeudeservice\/unterhaltsreinigung\/\" \/>\n<meta property=\"og:locale\" content=\"de_DE\" \/>\n<meta property=\"og:type\" content=\"article\" \/>\n<meta property=\"og:title\" content=\"Unterhaltsreinigung | Der beste Hausmeister der Stadt\" \/>\n<meta property=\"og:description\" content=\"Sie w\u00fcnschen sich eine regelm\u00e4\u00dfige und gr\u00fcndliche Reinigung Ihrer Immobilie? Sie suchen einen stets sorgf\u00e4ltigen Reinigungsdienstleister? Wir sind Experten in der Unterhaltsreinigung! Regelm\u00e4\u00dfige Reinigung \u2013 Nachhaltige Werterhaltung Je nach Hygieneanspruch und Nutzung der zu reinigenden R\u00e4umlichkeiten f\u00fchren unsere geschulten Mitarbeiter Reinigungsdienstleistungen in festgelegten Intervallen durch. Die H\u00e4ufigkeit der durchzuf\u00fchrenden Reinigungsarbeiten wird in einem individuellen Reinigungsplan &hellip; \u201eUnterhaltsreinigung\u201c weiterlesen\" \/>\n<meta property=\"og:url\" content=\"https:\/\/www.asug-services.com\/de\/gebaeudeservice\/unterhaltsreinigung\/\" \/>\n<meta property=\"og:site_name\" content=\"Der beste Hausmeister der Stadt\" \/>\n<meta property=\"article:publisher\" content=\"https:\/\/www.facebook.com\/bester.hausmeister\" \/>\n<meta property=\"article:modified_time\" content=\"2018-01-20T13:37:29+00:00\" \/>\n<meta property=\"og:image\" content=\"https:\/\/www.asug-services.com\/wp-content\/uploads\/2017\/07\/image_header_004.jpg\" \/>\n\t<meta property=\"og:image:width\" content=\"1200\" \/>\n\t<meta property=\"og:image:height\" content=\"280\" \/>\n\t<meta property=\"og:image:type\" content=\"image\/jpeg\" \/>\n<meta name=\"twitter:card\" content=\"summary_large_image\" \/>\n<meta name=\"twitter:site\" content=\"@asug_services\" \/>\n<meta name=\"twitter:label1\" content=\"Gesch\u00e4tzte Lesezeit\" \/>\n\t<meta name=\"twitter:data1\" content=\"3\u00a0Minuten\" \/>\n<script type=\"application\/ld+json\" class=\"yoast-schema-graph\">{\"@context\":\"https:\/\/schema.org\",\"@graph\":[{\"@type\":\"WebPage\",\"@id\":\"https:\/\/www.asug-services.com\/de\/gebaeudeservice\/unterhaltsreinigung\/\",\"url\":\"https:\/\/www.asug-services.com\/de\/gebaeudeservice\/unterhaltsreinigung\/\",\"name\":\"Unterhaltsreinigung | Der beste Hausmeister der Stadt\",\"isPartOf\":{\"@id\":\"https:\/\/www.asug-services.com\/de\/#website\"},\"primaryImageOfPage\":{\"@id\":\"https:\/\/www.asug-services.com\/de\/gebaeudeservice\/unterhaltsreinigung\/#primaryimage\"},\"image\":{\"@id\":\"https:\/\/www.asug-services.com\/de\/gebaeudeservice\/unterhaltsreinigung\/#primaryimage\"},\"thumbnailUrl\":\"https:\/\/www.asug-services.com\/wp-content\/uploads\/2017\/07\/image_header_004.jpg\",\"datePublished\":\"2017-07-15T17:37:23+00:00\",\"dateModified\":\"2018-01-20T13:37:29+00:00\",\"breadcrumb\":{\"@id\":\"https:\/\/www.asug-services.com\/de\/gebaeudeservice\/unterhaltsreinigung\/#breadcrumb\"},\"inLanguage\":\"de\",\"potentialAction\":[{\"@type\":\"ReadAction\",\"target\":[\"https:\/\/www.asug-services.com\/de\/gebaeudeservice\/unterhaltsreinigung\/\"]}]},{\"@type\":\"ImageObject\",\"inLanguage\":\"de\",\"@id\":\"https:\/\/www.asug-services.com\/de\/gebaeudeservice\/unterhaltsreinigung\/#primaryimage\",\"url\":\"https:\/\/www.asug-services.com\/wp-content\/uploads\/2017\/07\/image_header_004.jpg\",\"contentUrl\":\"https:\/\/www.asug-services.com\/wp-content\/uploads\/2017\/07\/image_header_004.jpg\",\"width\":1200,\"height\":280},{\"@type\":\"BreadcrumbList\",\"@id\":\"https:\/\/www.asug-services.com\/de\/gebaeudeservice\/unterhaltsreinigung\/#breadcrumb\",\"itemListElement\":[{\"@type\":\"ListItem\",\"position\":1,\"name\":\"Startseite\",\"item\":\"https:\/\/www.asug-services.com\/de\/\"},{\"@type\":\"ListItem\",\"position\":2,\"name\":\"Geb\u00e4udereinigung\",\"item\":\"https:\/\/www.asug-services.com\/de\/gebaeudeservice\/\"},{\"@type\":\"ListItem\",\"position\":3,\"name\":\"Unterhaltsreinigung\"}]},{\"@type\":\"WebSite\",\"@id\":\"https:\/\/www.asug-services.com\/de\/#website\",\"url\":\"https:\/\/www.asug-services.com\/de\/\",\"name\":\"Der beste Hausmeister der Stadt\",\"description\":\"\u2705 Ihr zuverl\u00e4ssiger Partner f\u00fcr Geb\u00e4udeservice \u2705 Seit 23 Jahren in Chemnitz \u2705 Kostenfreies Angebot innerhalb von 24 Stunden \u2705 Services in h\u00f6chster Qualit\u00e4t zu fairen Preisen \u2705 Perfekte Umsetzung Ihres Traumprojektes \u2705 \u00dcberzeugende Beratung \u2705 Fokussiert und zielorientiert \u2705 Mit viel Herzblut und gr\u00fcnem Daumen \u2705 Erfahren Sie, was uns einzigartig macht!\",\"publisher\":{\"@id\":\"https:\/\/www.asug-services.com\/de\/#organization\"},\"potentialAction\":[{\"@type\":\"SearchAction\",\"target\":{\"@type\":\"EntryPoint\",\"urlTemplate\":\"https:\/\/www.asug-services.com\/de\/?s={search_term_string}\"},\"query-input\":{\"@type\":\"PropertyValueSpecification\",\"valueRequired\":true,\"valueName\":\"search_term_string\"}}],\"inLanguage\":\"de\"},{\"@type\":\"Organization\",\"@id\":\"https:\/\/www.asug-services.com\/de\/#organization\",\"name\":\"ASUG Geb\u00e4udeservice GmbH\",\"url\":\"https:\/\/www.asug-services.com\/de\/\",\"logo\":{\"@type\":\"ImageObject\",\"inLanguage\":\"de\",\"@id\":\"https:\/\/www.asug-services.com\/de\/#\/schema\/logo\/image\/\",\"url\":\"https:\/\/www.asug-services.com\/wp-content\/uploads\/2017\/12\/ASUG-2017-07-17-Logo-f\u00fcr-Website-Bearbeitung-abgeschlossen.png\",\"contentUrl\":\"https:\/\/www.asug-services.com\/wp-content\/uploads\/2017\/12\/ASUG-2017-07-17-Logo-f\u00fcr-Website-Bearbeitung-abgeschlossen.png\",\"width\":3744,\"height\":343,\"caption\":\"ASUG Geb\u00e4udeservice GmbH\"},\"image\":{\"@id\":\"https:\/\/www.asug-services.com\/de\/#\/schema\/logo\/image\/\"},\"sameAs\":[\"https:\/\/www.facebook.com\/bester.hausmeister\",\"https:\/\/x.com\/asug_services\",\"https:\/\/www.instagram.com\/bester.hausmeister\/\"]}]}<\/script>\n<!-- \/ Yoast SEO plugin. -->","yoast_head_json":{"title":"Unterhaltsreinigung | Der beste Hausmeister der Stadt","robots":{"index":"index","follow":"follow","max-snippet":"max-snippet:-1","max-image-preview":"max-image-preview:large","max-video-preview":"max-video-preview:-1"},"canonical":"https:\/\/www.asug-services.com\/de\/gebaeudeservice\/unterhaltsreinigung\/","og_locale":"de_DE","og_type":"article","og_title":"Unterhaltsreinigung | Der beste Hausmeister der Stadt","og_description":"Sie w\u00fcnschen sich eine regelm\u00e4\u00dfige und gr\u00fcndliche Reinigung Ihrer Immobilie? Sie suchen einen stets sorgf\u00e4ltigen Reinigungsdienstleister? Wir sind Experten in der Unterhaltsreinigung! Regelm\u00e4\u00dfige Reinigung \u2013 Nachhaltige Werterhaltung Je nach Hygieneanspruch und Nutzung der zu reinigenden R\u00e4umlichkeiten f\u00fchren unsere geschulten Mitarbeiter Reinigungsdienstleistungen in festgelegten Intervallen durch. Die H\u00e4ufigkeit der durchzuf\u00fchrenden Reinigungsarbeiten wird in einem individuellen Reinigungsplan &hellip; \u201eUnterhaltsreinigung\u201c weiterlesen","og_url":"https:\/\/www.asug-services.com\/de\/gebaeudeservice\/unterhaltsreinigung\/","og_site_name":"Der beste Hausmeister der Stadt","article_publisher":"https:\/\/www.facebook.com\/bester.hausmeister","article_modified_time":"2018-01-20T13:37:29+00:00","og_image":[{"width":1200,"height":280,"url":"https:\/\/www.asug-services.com\/wp-content\/uploads\/2017\/07\/image_header_004.jpg","type":"image\/jpeg"}],"twitter_card":"summary_large_image","twitter_site":"@asug_services","twitter_misc":{"Gesch\u00e4tzte Lesezeit":"3\u00a0Minuten"},"schema":{"@context":"https:\/\/schema.org","@graph":[{"@type":"WebPage","@id":"https:\/\/www.asug-services.com\/de\/gebaeudeservice\/unterhaltsreinigung\/","url":"https:\/\/www.asug-services.com\/de\/gebaeudeservice\/unterhaltsreinigung\/","name":"Unterhaltsreinigung | Der beste Hausmeister der Stadt","isPartOf":{"@id":"https:\/\/www.asug-services.com\/de\/#website"},"primaryImageOfPage":{"@id":"https:\/\/www.asug-services.com\/de\/gebaeudeservice\/unterhaltsreinigung\/#primaryimage"},"image":{"@id":"https:\/\/www.asug-services.com\/de\/gebaeudeservice\/unterhaltsreinigung\/#primaryimage"},"thumbnailUrl":"https:\/\/www.asug-services.com\/wp-content\/uploads\/2017\/07\/image_header_004.jpg","datePublished":"2017-07-15T17:37:23+00:00","dateModified":"2018-01-20T13:37:29+00:00","breadcrumb":{"@id":"https:\/\/www.asug-services.com\/de\/gebaeudeservice\/unterhaltsreinigung\/#breadcrumb"},"inLanguage":"de","potentialAction":[{"@type":"ReadAction","target":["https:\/\/www.asug-services.com\/de\/gebaeudeservice\/unterhaltsreinigung\/"]}]},{"@type":"ImageObject","inLanguage":"de","@id":"https:\/\/www.asug-services.com\/de\/gebaeudeservice\/unterhaltsreinigung\/#primaryimage","url":"https:\/\/www.asug-services.com\/wp-content\/uploads\/2017\/07\/image_header_004.jpg","contentUrl":"https:\/\/www.asug-services.com\/wp-content\/uploads\/2017\/07\/image_header_004.jpg","width":1200,"height":280},{"@type":"BreadcrumbList","@id":"https:\/\/www.asug-services.com\/de\/gebaeudeservice\/unterhaltsreinigung\/#breadcrumb","itemListElement":[{"@type":"ListItem","position":1,"name":"Startseite","item":"https:\/\/www.asug-services.com\/de\/"},{"@type":"ListItem","position":2,"name":"Geb\u00e4udereinigung","item":"https:\/\/www.asug-services.com\/de\/gebaeudeservice\/"},{"@type":"ListItem","position":3,"name":"Unterhaltsreinigung"}]},{"@type":"WebSite","@id":"https:\/\/www.asug-services.com\/de\/#website","url":"https:\/\/www.asug-services.com\/de\/","name":"Der beste Hausmeister der Stadt","description":"\u2705 Ihr zuverl\u00e4ssiger Partner f\u00fcr Geb\u00e4udeservice \u2705 Seit 23 Jahren in Chemnitz \u2705 Kostenfreies Angebot innerhalb von 24 Stunden \u2705 Services in h\u00f6chster Qualit\u00e4t zu fairen Preisen \u2705 Perfekte Umsetzung Ihres Traumprojektes \u2705 \u00dcberzeugende Beratung \u2705 Fokussiert und zielorientiert \u2705 Mit viel Herzblut und gr\u00fcnem Daumen \u2705 Erfahren Sie, was uns einzigartig macht!","publisher":{"@id":"https:\/\/www.asug-services.com\/de\/#organization"},"potentialAction":[{"@type":"SearchAction","target":{"@type":"EntryPoint","urlTemplate":"https:\/\/www.asug-services.com\/de\/?s={search_term_string}"},"query-input":{"@type":"PropertyValueSpecification","valueRequired":true,"valueName":"search_term_string"}}],"inLanguage":"de"},{"@type":"Organization","@id":"https:\/\/www.asug-services.com\/de\/#organization","name":"ASUG Geb\u00e4udeservice GmbH","url":"https:\/\/www.asug-services.com\/de\/","logo":{"@type":"ImageObject","inLanguage":"de","@id":"https:\/\/www.asug-services.com\/de\/#\/schema\/logo\/image\/","url":"https:\/\/www.asug-services.com\/wp-content\/uploads\/2017\/12\/ASUG-2017-07-17-Logo-f\u00fcr-Website-Bearbeitung-abgeschlossen.png","contentUrl":"https:\/\/www.asug-services.com\/wp-content\/uploads\/2017\/12\/ASUG-2017-07-17-Logo-f\u00fcr-Website-Bearbeitung-abgeschlossen.png","width":3744,"height":343,"caption":"ASUG Geb\u00e4udeservice GmbH"},"image":{"@id":"https:\/\/www.asug-services.com\/de\/#\/schema\/logo\/image\/"},"sameAs":["https:\/\/www.facebook.com\/bester.hausmeister","https:\/\/x.com\/asug_services","https:\/\/www.instagram.com\/bester.hausmeister\/"]}]}},"_links":{"self":[{"href":"https:\/\/www.asug-services.com\/de\/wp-json\/wp\/v2\/pages\/50"}],"collection":[{"href":"https:\/\/www.asug-services.com\/de\/wp-json\/wp\/v2\/pages"}],"about":[{"href":"https:\/\/www.asug-services.com\/de\/wp-json\/wp\/v2\/types\/page"}],"author":[{"embeddable":true,"href":"https:\/\/www.asug-services.com\/de\/wp-json\/wp\/v2\/users\/1"}],"replies":[{"embeddable":true,"href":"https:\/\/www.asug-services.com\/de\/wp-json\/wp\/v2\/comments?post=50"}],"version-history":[{"count":6,"href":"https:\/\/www.asug-services.com\/de\/wp-json\/wp\/v2\/pages\/50\/revisions"}],"predecessor-version":[{"id":640,"href":"https:\/\/www.asug-services.com\/de\/wp-json\/wp\/v2\/pages\/50\/revisions\/640"}],"up":[{"embeddable":true,"href":"https:\/\/www.asug-services.com\/de\/wp-json\/wp\/v2\/pages\/47"}],"wp:featuredmedia":[{"embeddable":true,"href":"https:\/\/www.asug-services.com\/de\/wp-json\/wp\/v2\/media\/228"}],"wp:attachment":[{"href":"https:\/\/www.asug-services.com\/de\/wp-json\/wp\/v2\/media?parent=50"}],"curies":[{"name":"wp","href":"https:\/\/api.w.org\/{rel}","templated":true}]}}