{"id":47,"date":"2017-07-15T19:35:30","date_gmt":"2017-07-15T17:35:30","guid":{"rendered":"http:\/\/www.asug-services.com\/?page_id=47"},"modified":"2018-04-15T20:29:20","modified_gmt":"2018-04-15T18:29:20","slug":"gebaeudeservice","status":"publish","type":"page","link":"https:\/\/www.asug-services.com\/de\/gebaeudeservice\/","title":{"rendered":"Geb\u00e4udereinigung"},"content":{"rendered":"<h2 style=\"text-align: center;\">Saubere Leistungen f\u00fcr Ihren Erfolg.<\/h2>\n<p>Sie suchen einen zuverl\u00e4ssigen Partner, der Sie bei der Pflege Ihrer Immobilie unterst\u00fctzt? Ob Unterhalts-, Industrie- oder Sonderreinigung \u2013 Wir erledigen s\u00e4mtliche Aufgaben rund um Ihre Immobilie gewissenhaft und das seit \u00fcber 20 Jahren!<\/p>\n<p style=\"text-align: justify;\">Die regelm\u00e4\u00dfige, professionelle\u00a0Reinigung erh\u00e4lt nicht nur den Wert Ihrer Immobilie , Hygiene und Frische in Ihren R\u00e4umlichkeiten sorgen au\u00dferdem bei Ihren G\u00e4sten, Mitarbeitern oder Gesch\u00e4ftspartnern f\u00fcr ein angenehmes Gef\u00fchl von Behaglichkeit und Wohlempfinden. Ob als Industriebetrieb oder Privatvermieter \u2013 der erste Eindruck einer Immobilie ist entscheidend. Damit diese stets sauber, gepflegt und gl\u00e4nzend erscheint, sind unsere Reinigungsteams je nach Bedarf rund um die Uhr f\u00fcr Sie im Einsatz und entfernen s\u00e4mtlichen Schmutz fachgerecht und effizient.<\/p>\n<h3 style=\"text-align: center;\"><strong>Umweltfreundliche Reinigungsmittel aus unserer Region<\/strong><\/h3>\n<p style=\"text-align: justify;\">Um das \u00f6kologische Gleichgewicht zu erhalten, verwenden wir stets umweltschonende Reinigungsmittel, die h\u00f6chste Standards erf\u00fcllen. Diese beziehen wir nahezu ausschlie\u00dflich von Herstellern aus unserer Region im Raum Sachsen bzw. aus dem Erzgebirge. Durch diese Zusammenarbeit ist es uns m\u00f6glich, Reinigungsmittel direkt auf die individuellen Bed\u00fcrfnisse unserer Kunden zuzuschneiden. \u00a0So erarbeiten wir, gemeinsam mit Ihnen, individuelle Reinigungsl\u00f6sungen, die Ihren Anforderungen 100%ig gerecht werden und ein optimal sauberes Ergebnis erzielen.<\/p>\n<h3 style=\"text-align: center;\"><strong>Unser Leistungsportfolio im \u00dcberblick<\/strong><\/h3>\n<p style=\"text-align: justify;\">Wir verstehen uns nicht als ein herk\u00f6mmliches Reinigungsunternehmen. Vielmehr bieten wir Ihnen als Komplettdienstleister ein Full-Service-Paket rund um Ihr Geb\u00e4ude. Zu unseren professionellen Leistungen z\u00e4hlen u.\u00a0a.:<\/p>\n<p style=\"text-align: justify;\">\u2705 <a href=\"http:\/\/www.asug-services.com\/gebaeudeservice\/unterhaltsreinigung\/\">Unterhaltsreinigung<br \/>\n<\/a>\u2705 <a href=\"http:\/\/www.asug-services.com\/gebaeudeservice\/glas-fensterreinigung\/\">Glas- und Fensterreinigung<\/a><br \/>\n\u2705 <a href=\"http:\/\/www.asug-services.com\/gebaeudeservice\/industriereinigung\/\">Industriereinigung<\/a><br \/>\n\u2705 <a href=\"http:\/\/www.asug-services.com\/gebaeudeservice\/fassadenreinigung\/\">Fassadenreinigung<\/a><br \/>\n\u2705 <a href=\"http:\/\/www.asug-services.com\/gebaeudeservice\/baureinigung\/\">Baureinigung<\/a><br \/>\n\u2705 <a href=\"http:\/\/www.asug-services.com\/gebaeudeservice\/sonderreinigung\/\">Grund- und Sonderreinigung<\/a><\/p>\n<h3 style=\"text-align: center;\"><strong>Ihre Kundenvorteile<\/strong><\/h3>\n<p style=\"text-align: justify;\">Die pers\u00f6nliche Beratung und Betreuung unserer Kunden ist uns sehr wichtig. Nur durch den pers\u00f6nlichen Kontakt zwischen Auftraggeber und Dienstleister k\u00f6nnen stabile Kundenbeziehungen langfristig aufgebaut werden. Unser Service beginnt bereits vor der ersten Auftragsausf\u00fchrung bei der Erstbesichtigung Ihres Objektes. F\u00fcr die Durchf\u00fchrung stellen wir feste Mitarbeiterteams aus engagierten Fachkr\u00e4ften zusammen, welche die ihnen \u00fcbertragenen Aufgaben kontinuierlich und auf bestm\u00f6glichstem Qualit\u00e4tsniveau ausf\u00fchren.<\/p>\n<p style=\"text-align: justify;\">Wir wissen genau, worauf unsere Kunden Wert legen. \u00dcberzeugen auch Sie sich von unseren kundennahen Leistungen mit hohem Qualit\u00e4tsanspruch. Kontaktieren Sie uns noch heute \u2013 wir freuen uns auf Ihre Kontaktaufnahme.<\/p>\n","protected":false},"excerpt":{"rendered":"<p>Saubere Leistungen f\u00fcr Ihren Erfolg. Sie suchen einen zuverl\u00e4ssigen Partner, der Sie bei der Pflege Ihrer Immobilie unterst\u00fctzt? Ob Unterhalts-, Industrie- oder Sonderreinigung \u2013 Wir erledigen s\u00e4mtliche Aufgaben rund um Ihre Immobilie gewissenhaft und das seit \u00fcber 20 Jahren! Die regelm\u00e4\u00dfige, professionelle\u00a0Reinigung erh\u00e4lt nicht nur den Wert Ihrer Immobilie , Hygiene und Frische in Ihren &hellip; <\/p>\n<p class=\"link-more\"><a href=\"https:\/\/www.asug-services.com\/de\/gebaeudeservice\/\" class=\"more-link\"><span class=\"screen-reader-text\">\u201eGeb\u00e4udereinigung\u201c<\/span> weiterlesen<\/a><\/p>\n","protected":false},"author":1,"featured_media":0,"parent":0,"menu_order":0,"comment_status":"closed","ping_status":"closed","template":"","meta":{"footnotes":""},"class_list":["post-47","page","type-page","status-publish","hentry"],"yoast_head":"<!-- This site is optimized with the Yoast SEO plugin v23.4 - https:\/\/yoast.com\/wordpress\/plugins\/seo\/ -->\n<title>Geb\u00e4udereinigung | Der beste Hausmeister der Stadt<\/title>\n<meta name=\"robots\" content=\"index, follow, max-snippet:-1, max-image-preview:large, max-video-preview:-1\" \/>\n<link rel=\"canonical\" href=\"https:\/\/www.asug-services.com\/de\/gebaeudeservice\/\" \/>\n<meta property=\"og:locale\" content=\"de_DE\" \/>\n<meta property=\"og:type\" content=\"article\" \/>\n<meta property=\"og:title\" content=\"Geb\u00e4udereinigung | Der beste Hausmeister der Stadt\" \/>\n<meta property=\"og:description\" content=\"Saubere Leistungen f\u00fcr Ihren Erfolg. Sie suchen einen zuverl\u00e4ssigen Partner, der Sie bei der Pflege Ihrer Immobilie unterst\u00fctzt? Ob Unterhalts-, Industrie- oder Sonderreinigung \u2013 Wir erledigen s\u00e4mtliche Aufgaben rund um Ihre Immobilie gewissenhaft und das seit \u00fcber 20 Jahren! Die regelm\u00e4\u00dfige, professionelle\u00a0Reinigung erh\u00e4lt nicht nur den Wert Ihrer Immobilie , Hygiene und Frische in Ihren &hellip; \u201eGeb\u00e4udereinigung\u201c weiterlesen\" \/>\n<meta property=\"og:url\" content=\"https:\/\/www.asug-services.com\/de\/gebaeudeservice\/\" \/>\n<meta property=\"og:site_name\" content=\"Der beste Hausmeister der Stadt\" \/>\n<meta property=\"article:publisher\" content=\"https:\/\/www.facebook.com\/bester.hausmeister\" \/>\n<meta property=\"article:modified_time\" content=\"2018-04-15T18:29:20+00:00\" \/>\n<meta name=\"twitter:card\" content=\"summary_large_image\" \/>\n<meta name=\"twitter:site\" content=\"@asug_services\" \/>\n<meta name=\"twitter:label1\" content=\"Gesch\u00e4tzte Lesezeit\" \/>\n\t<meta name=\"twitter:data1\" content=\"2\u00a0Minuten\" \/>\n<script type=\"application\/ld+json\" class=\"yoast-schema-graph\">{\"@context\":\"https:\/\/schema.org\",\"@graph\":[{\"@type\":\"WebPage\",\"@id\":\"https:\/\/www.asug-services.com\/de\/gebaeudeservice\/\",\"url\":\"https:\/\/www.asug-services.com\/de\/gebaeudeservice\/\",\"name\":\"Geb\u00e4udereinigung | Der beste Hausmeister der Stadt\",\"isPartOf\":{\"@id\":\"https:\/\/www.asug-services.com\/de\/#website\"},\"datePublished\":\"2017-07-15T17:35:30+00:00\",\"dateModified\":\"2018-04-15T18:29:20+00:00\",\"breadcrumb\":{\"@id\":\"https:\/\/www.asug-services.com\/de\/gebaeudeservice\/#breadcrumb\"},\"inLanguage\":\"de\",\"potentialAction\":[{\"@type\":\"ReadAction\",\"target\":[\"https:\/\/www.asug-services.com\/de\/gebaeudeservice\/\"]}]},{\"@type\":\"BreadcrumbList\",\"@id\":\"https:\/\/www.asug-services.com\/de\/gebaeudeservice\/#breadcrumb\",\"itemListElement\":[{\"@type\":\"ListItem\",\"position\":1,\"name\":\"Startseite\",\"item\":\"https:\/\/www.asug-services.com\/de\/\"},{\"@type\":\"ListItem\",\"position\":2,\"name\":\"Geb\u00e4udereinigung\"}]},{\"@type\":\"WebSite\",\"@id\":\"https:\/\/www.asug-services.com\/de\/#website\",\"url\":\"https:\/\/www.asug-services.com\/de\/\",\"name\":\"Der beste Hausmeister der Stadt\",\"description\":\"\u2705 Ihr zuverl\u00e4ssiger Partner f\u00fcr Geb\u00e4udeservice \u2705 Seit 23 Jahren in Chemnitz \u2705 Kostenfreies Angebot innerhalb von 24 Stunden \u2705 Services in h\u00f6chster Qualit\u00e4t zu fairen Preisen \u2705 Perfekte Umsetzung Ihres Traumprojektes \u2705 \u00dcberzeugende Beratung \u2705 Fokussiert und zielorientiert \u2705 Mit viel Herzblut und gr\u00fcnem Daumen \u2705 Erfahren Sie, was uns einzigartig macht!\",\"publisher\":{\"@id\":\"https:\/\/www.asug-services.com\/de\/#organization\"},\"potentialAction\":[{\"@type\":\"SearchAction\",\"target\":{\"@type\":\"EntryPoint\",\"urlTemplate\":\"https:\/\/www.asug-services.com\/de\/?s={search_term_string}\"},\"query-input\":{\"@type\":\"PropertyValueSpecification\",\"valueRequired\":true,\"valueName\":\"search_term_string\"}}],\"inLanguage\":\"de\"},{\"@type\":\"Organization\",\"@id\":\"https:\/\/www.asug-services.com\/de\/#organization\",\"name\":\"ASUG Geb\u00e4udeservice GmbH\",\"url\":\"https:\/\/www.asug-services.com\/de\/\",\"logo\":{\"@type\":\"ImageObject\",\"inLanguage\":\"de\",\"@id\":\"https:\/\/www.asug-services.com\/de\/#\/schema\/logo\/image\/\",\"url\":\"https:\/\/www.asug-services.com\/wp-content\/uploads\/2017\/12\/ASUG-2017-07-17-Logo-f\u00fcr-Website-Bearbeitung-abgeschlossen.png\",\"contentUrl\":\"https:\/\/www.asug-services.com\/wp-content\/uploads\/2017\/12\/ASUG-2017-07-17-Logo-f\u00fcr-Website-Bearbeitung-abgeschlossen.png\",\"width\":3744,\"height\":343,\"caption\":\"ASUG Geb\u00e4udeservice GmbH\"},\"image\":{\"@id\":\"https:\/\/www.asug-services.com\/de\/#\/schema\/logo\/image\/\"},\"sameAs\":[\"https:\/\/www.facebook.com\/bester.hausmeister\",\"https:\/\/x.com\/asug_services\",\"https:\/\/www.instagram.com\/bester.hausmeister\/\"]}]}<\/script>\n<!-- \/ Yoast SEO plugin. -->","yoast_head_json":{"title":"Geb\u00e4udereinigung | Der beste Hausmeister der Stadt","robots":{"index":"index","follow":"follow","max-snippet":"max-snippet:-1","max-image-preview":"max-image-preview:large","max-video-preview":"max-video-preview:-1"},"canonical":"https:\/\/www.asug-services.com\/de\/gebaeudeservice\/","og_locale":"de_DE","og_type":"article","og_title":"Geb\u00e4udereinigung | Der beste Hausmeister der Stadt","og_description":"Saubere Leistungen f\u00fcr Ihren Erfolg. Sie suchen einen zuverl\u00e4ssigen Partner, der Sie bei der Pflege Ihrer Immobilie unterst\u00fctzt? Ob Unterhalts-, Industrie- oder Sonderreinigung \u2013 Wir erledigen s\u00e4mtliche Aufgaben rund um Ihre Immobilie gewissenhaft und das seit \u00fcber 20 Jahren! Die regelm\u00e4\u00dfige, professionelle\u00a0Reinigung erh\u00e4lt nicht nur den Wert Ihrer Immobilie , Hygiene und Frische in Ihren &hellip; \u201eGeb\u00e4udereinigung\u201c weiterlesen","og_url":"https:\/\/www.asug-services.com\/de\/gebaeudeservice\/","og_site_name":"Der beste Hausmeister der Stadt","article_publisher":"https:\/\/www.facebook.com\/bester.hausmeister","article_modified_time":"2018-04-15T18:29:20+00:00","twitter_card":"summary_large_image","twitter_site":"@asug_services","twitter_misc":{"Gesch\u00e4tzte Lesezeit":"2\u00a0Minuten"},"schema":{"@context":"https:\/\/schema.org","@graph":[{"@type":"WebPage","@id":"https:\/\/www.asug-services.com\/de\/gebaeudeservice\/","url":"https:\/\/www.asug-services.com\/de\/gebaeudeservice\/","name":"Geb\u00e4udereinigung | Der beste Hausmeister der Stadt","isPartOf":{"@id":"https:\/\/www.asug-services.com\/de\/#website"},"datePublished":"2017-07-15T17:35:30+00:00","dateModified":"2018-04-15T18:29:20+00:00","breadcrumb":{"@id":"https:\/\/www.asug-services.com\/de\/gebaeudeservice\/#breadcrumb"},"inLanguage":"de","potentialAction":[{"@type":"ReadAction","target":["https:\/\/www.asug-services.com\/de\/gebaeudeservice\/"]}]},{"@type":"BreadcrumbList","@id":"https:\/\/www.asug-services.com\/de\/gebaeudeservice\/#breadcrumb","itemListElement":[{"@type":"ListItem","position":1,"name":"Startseite","item":"https:\/\/www.asug-services.com\/de\/"},{"@type":"ListItem","position":2,"name":"Geb\u00e4udereinigung"}]},{"@type":"WebSite","@id":"https:\/\/www.asug-services.com\/de\/#website","url":"https:\/\/www.asug-services.com\/de\/","name":"Der beste Hausmeister der Stadt","description":"\u2705 Ihr zuverl\u00e4ssiger Partner f\u00fcr Geb\u00e4udeservice \u2705 Seit 23 Jahren in Chemnitz \u2705 Kostenfreies Angebot innerhalb von 24 Stunden \u2705 Services in h\u00f6chster Qualit\u00e4t zu fairen Preisen \u2705 Perfekte Umsetzung Ihres Traumprojektes \u2705 \u00dcberzeugende Beratung \u2705 Fokussiert und zielorientiert \u2705 Mit viel Herzblut und gr\u00fcnem Daumen \u2705 Erfahren Sie, was uns einzigartig macht!","publisher":{"@id":"https:\/\/www.asug-services.com\/de\/#organization"},"potentialAction":[{"@type":"SearchAction","target":{"@type":"EntryPoint","urlTemplate":"https:\/\/www.asug-services.com\/de\/?s={search_term_string}"},"query-input":{"@type":"PropertyValueSpecification","valueRequired":true,"valueName":"search_term_string"}}],"inLanguage":"de"},{"@type":"Organization","@id":"https:\/\/www.asug-services.com\/de\/#organization","name":"ASUG Geb\u00e4udeservice GmbH","url":"https:\/\/www.asug-services.com\/de\/","logo":{"@type":"ImageObject","inLanguage":"de","@id":"https:\/\/www.asug-services.com\/de\/#\/schema\/logo\/image\/","url":"https:\/\/www.asug-services.com\/wp-content\/uploads\/2017\/12\/ASUG-2017-07-17-Logo-f\u00fcr-Website-Bearbeitung-abgeschlossen.png","contentUrl":"https:\/\/www.asug-services.com\/wp-content\/uploads\/2017\/12\/ASUG-2017-07-17-Logo-f\u00fcr-Website-Bearbeitung-abgeschlossen.png","width":3744,"height":343,"caption":"ASUG Geb\u00e4udeservice GmbH"},"image":{"@id":"https:\/\/www.asug-services.com\/de\/#\/schema\/logo\/image\/"},"sameAs":["https:\/\/www.facebook.com\/bester.hausmeister","https:\/\/x.com\/asug_services","https:\/\/www.instagram.com\/bester.hausmeister\/"]}]}},"_links":{"self":[{"href":"https:\/\/www.asug-services.com\/de\/wp-json\/wp\/v2\/pages\/47"}],"collection":[{"href":"https:\/\/www.asug-services.com\/de\/wp-json\/wp\/v2\/pages"}],"about":[{"href":"https:\/\/www.asug-services.com\/de\/wp-json\/wp\/v2\/types\/page"}],"author":[{"embeddable":true,"href":"https:\/\/www.asug-services.com\/de\/wp-json\/wp\/v2\/users\/1"}],"replies":[{"embeddable":true,"href":"https:\/\/www.asug-services.com\/de\/wp-json\/wp\/v2\/comments?post=47"}],"version-history":[{"count":10,"href":"https:\/\/www.asug-services.com\/de\/wp-json\/wp\/v2\/pages\/47\/revisions"}],"predecessor-version":[{"id":910,"href":"https:\/\/www.asug-services.com\/de\/wp-json\/wp\/v2\/pages\/47\/revisions\/910"}],"wp:attachment":[{"href":"https:\/\/www.asug-services.com\/de\/wp-json\/wp\/v2\/media?parent=47"}],"curies":[{"name":"wp","href":"https:\/\/api.w.org\/{rel}","templated":true}]}}