{"id":43,"date":"2017-07-15T19:33:32","date_gmt":"2017-07-15T17:33:32","guid":{"rendered":"http:\/\/www.asug-services.com\/?page_id=43"},"modified":"2018-08-21T08:34:31","modified_gmt":"2018-08-21T06:34:31","slug":"strassenreinigung","status":"publish","type":"page","link":"https:\/\/www.asug-services.com\/de\/facility-management\/strassenreinigung\/","title":{"rendered":"Stra\u00dfenreinigung"},"content":{"rendered":"<p style=\"text-align: justify;\">Parkplatzreinigung mittels Kehrmaschine, Gehwegreinigung, Reinigung von Ein- und Zufahrten, Streugutentfernung, Unkrautbeseitigung etc. \u2013 wir reinigen Stra\u00dfen und Au\u00dfenfl\u00e4chen zuverl\u00e4ssig seit mehr als 20 Jahren am Standort Chemnitz.<\/p>\n<h1 style=\"text-align: center;\">Der erste Eindruck z\u00e4hlt.<\/h1>\n<h2 style=\"text-align: center;\">Wir werten Ihre Au\u00dfenfl\u00e4chen auf!<\/h2>\n<p>Die Au\u00dfenfl\u00e4chen Ihrer Immobilien werden h\u00e4ufig auch als Visitenkarte Ihres Unternehmens bezeichnet \u2013 und das zurecht: Ein sauberes Erscheinungsbild Ihrer Zufahrten, Parkpl\u00e4tze und Fassaden hinterlassen einen ersten zentralen Eindruck bei Ihren Kunden.<\/p>\n<p style=\"text-align: justify;\">Als Komplettdienstleister halten wir Ihre Au\u00dfenfl\u00e4chen sauber und gepflegt \u2013 egal ob Parkpl\u00e4tze, Tiefgaragen, Einfahrten oder sonstige asphaltierte Freifl\u00e4chen.\u00a0Ausgestattet mit hochwertiger Technik k\u00fcmmern sich unsere Mitarbeiter kontinuierlich um die Reinigung und Instandhaltung Ihrer Au\u00dfenanlage: Sie beseitigen Streugut und sonstige Ablagerungen, entsorgen den regelm\u00e4\u00dfig aufkommenden Kehricht, sammeln Abfallreste ein und entfernen Unkraut und Wildwuchs.<\/p>\n<p style=\"text-align: justify;\">Au\u00dferdem reinigen wir Fassaden, Sitzb\u00e4nke und Au\u00dfenleuchten sowie entleeren Abfallbeh\u00e4lter unter Beachtung \u00f6kologischer Vorgaben. Auch der freie und sichere Zugang zu Parkpl\u00e4tzen, Ein- und Zufahrten sowie Gehwegen, f\u00fcr den wir durch unsere <a href=\"http:\/\/www.asug-services.com\/facility-management\/winterdienst\/\">Winterdienstleistungen<\/a>\u00a0sorgen, z\u00e4hlt zu unserem weitreichenden Leistungsportfolio.<\/p>\n<h3 style=\"text-align: center;\"><strong>\u00dcberblick unserer Leistungen im Bereich Stra\u00dfenreinigung<\/strong><\/h3>\n<p style=\"text-align: justify;\">Wir bieten unseren Kunden als erfahrener Geb\u00e4udedienstleister mit \u00fcber 20 Jahren Marktpr\u00e4senz ein weitreichendes Portfolio an Dienstleistungen im Bereich der Stra\u00dfenreinigung an. Das Spektrum unserer Leistungen beinhaltet unter anderem.:<\/p>\n<p style=\"text-align: justify;\"><img decoding=\"async\" class=\"emoji\" draggable=\"false\" src=\"https:\/\/s.w.org\/images\/core\/emoji\/11\/svg\/2705.svg\" alt=\"\u2705\" \/> Parkplatzreinigung<\/p>\n<p style=\"text-align: justify;\"><img decoding=\"async\" class=\"emoji\" draggable=\"false\" src=\"https:\/\/s.w.org\/images\/core\/emoji\/11\/svg\/2705.svg\" alt=\"\u2705\" \/> Reinigungen von Tiefgaragen<\/p>\n<p style=\"text-align: justify;\"><img decoding=\"async\" class=\"emoji\" draggable=\"false\" src=\"https:\/\/s.w.org\/images\/core\/emoji\/11\/svg\/2705.svg\" alt=\"\u2705\" \/> Reinigung von Zu- und Einfahrten<\/p>\n<p style=\"text-align: justify;\"><img decoding=\"async\" class=\"emoji\" draggable=\"false\" src=\"https:\/\/s.w.org\/images\/core\/emoji\/11\/svg\/2705.svg\" alt=\"\u2705\" \/> Gehwegreinigung<\/p>\n<p style=\"text-align: justify;\"><img decoding=\"async\" class=\"emoji\" draggable=\"false\" src=\"https:\/\/s.w.org\/images\/core\/emoji\/11\/svg\/2705.svg\" alt=\"\u2705\" \/> Fassadenreinigung<\/p>\n<p style=\"text-align: justify;\"><img decoding=\"async\" class=\"emoji\" draggable=\"false\" src=\"https:\/\/s.w.org\/images\/core\/emoji\/11\/svg\/2705.svg\" alt=\"\u2705\" \/> Entfernung und Entsorgung von Kehricht<\/p>\n<p style=\"text-align: justify;\"><img decoding=\"async\" class=\"emoji\" draggable=\"false\" src=\"https:\/\/s.w.org\/images\/core\/emoji\/11\/svg\/2705.svg\" alt=\"\u2705\" \/> Entfernung von Laub<\/p>\n<p style=\"text-align: justify;\"><img decoding=\"async\" class=\"emoji\" draggable=\"false\" src=\"https:\/\/s.w.org\/images\/core\/emoji\/11\/svg\/2705.svg\" alt=\"\u2705\" \/> Entfernung von Ru\u00dfablagerungen und Reifenabrieb<\/p>\n<p style=\"text-align: justify;\"><img decoding=\"async\" class=\"emoji\" draggable=\"false\" src=\"https:\/\/s.w.org\/images\/core\/emoji\/11\/svg\/2705.svg\" alt=\"\u2705\" \/>\u00a0Entfernung von Gesteinsstaub, Bl\u00fctenstaub, Pilzsporen und sonstiger Ablagerungen<\/p>\n<p style=\"text-align: justify;\"><img decoding=\"async\" class=\"emoji\" draggable=\"false\" src=\"https:\/\/s.w.org\/images\/core\/emoji\/11\/svg\/2705.svg\" alt=\"\u2705\" \/> Einsammeln und Entsorgung von Abfallresten<\/p>\n<p style=\"text-align: justify;\"><img decoding=\"async\" class=\"emoji\" draggable=\"false\" src=\"https:\/\/s.w.org\/images\/core\/emoji\/11\/svg\/2705.svg\" alt=\"\u2705\" \/> Entfernung und Entsorgung von sonstigen Verschmutzungen (Splitt, Hundekot etc.)<\/p>\n<h3 style=\"text-align: center;\"><strong>Unser Service \u2013 Ihr Vorteil<\/strong><\/h3>\n<p style=\"text-align: justify;\">Unser Angebot im Bereich Stra\u00dfen- und Au\u00dfenreinigung ist umfangreich. Wir entwickeln f\u00fcr jeden Au\u00dfenbereich das richtige Reinigungskonzept \u2013 mit individuellen Reinigungspl\u00e4nen, zuverl\u00e4ssigen Mitarbeitern und umweltgerechten L\u00f6sungen. Auch in Ihrer Anlage gibt es vieles zu reinigen \u2013 wir erf\u00fcllen Ihre W\u00fcnsche gern. \u00a0W\u00fcnschen Sie weitere Informationen zu unseren Leistungen im Bereich Stra\u00dfenreinigung? Kontaktieren Sie uns kostenlos \u2013 wir freuen uns auf Ihren Kontakt.<\/p>\n","protected":false},"excerpt":{"rendered":"<p>Parkplatzreinigung mittels Kehrmaschine, Gehwegreinigung, Reinigung von Ein- und Zufahrten, Streugutentfernung, Unkrautbeseitigung etc. \u2013 wir reinigen Stra\u00dfen und Au\u00dfenfl\u00e4chen zuverl\u00e4ssig seit mehr als 20 Jahren am Standort Chemnitz. Der erste Eindruck z\u00e4hlt. Wir werten Ihre Au\u00dfenfl\u00e4chen auf! Die Au\u00dfenfl\u00e4chen Ihrer Immobilien werden h\u00e4ufig auch als Visitenkarte Ihres Unternehmens bezeichnet \u2013 und das zurecht: Ein sauberes Erscheinungsbild &hellip; <\/p>\n<p class=\"link-more\"><a href=\"https:\/\/www.asug-services.com\/de\/facility-management\/strassenreinigung\/\" class=\"more-link\"><span class=\"screen-reader-text\">\u201eStra\u00dfenreinigung\u201c<\/span> weiterlesen<\/a><\/p>\n","protected":false},"author":1,"featured_media":227,"parent":28,"menu_order":0,"comment_status":"closed","ping_status":"closed","template":"","meta":{"footnotes":""},"class_list":["post-43","page","type-page","status-publish","has-post-thumbnail","hentry"],"yoast_head":"<!-- This site is optimized with the Yoast SEO plugin v23.4 - https:\/\/yoast.com\/wordpress\/plugins\/seo\/ -->\n<title>Stra\u00dfenreinigung | Der beste Hausmeister der Stadt<\/title>\n<meta name=\"robots\" content=\"index, follow, max-snippet:-1, max-image-preview:large, max-video-preview:-1\" \/>\n<link rel=\"canonical\" href=\"https:\/\/www.asug-services.com\/de\/facility-management\/strassenreinigung\/\" \/>\n<meta property=\"og:locale\" content=\"de_DE\" \/>\n<meta property=\"og:type\" content=\"article\" \/>\n<meta property=\"og:title\" content=\"Stra\u00dfenreinigung | Der beste Hausmeister der Stadt\" \/>\n<meta property=\"og:description\" content=\"Parkplatzreinigung mittels Kehrmaschine, Gehwegreinigung, Reinigung von Ein- und Zufahrten, Streugutentfernung, Unkrautbeseitigung etc. \u2013 wir reinigen Stra\u00dfen und Au\u00dfenfl\u00e4chen zuverl\u00e4ssig seit mehr als 20 Jahren am Standort Chemnitz. Der erste Eindruck z\u00e4hlt. Wir werten Ihre Au\u00dfenfl\u00e4chen auf! Die Au\u00dfenfl\u00e4chen Ihrer Immobilien werden h\u00e4ufig auch als Visitenkarte Ihres Unternehmens bezeichnet \u2013 und das zurecht: Ein sauberes Erscheinungsbild &hellip; \u201eStra\u00dfenreinigung\u201c weiterlesen\" \/>\n<meta property=\"og:url\" content=\"https:\/\/www.asug-services.com\/de\/facility-management\/strassenreinigung\/\" \/>\n<meta property=\"og:site_name\" content=\"Der beste Hausmeister der Stadt\" \/>\n<meta property=\"article:publisher\" content=\"https:\/\/www.facebook.com\/bester.hausmeister\" \/>\n<meta property=\"article:modified_time\" content=\"2018-08-21T06:34:31+00:00\" \/>\n<meta property=\"og:image\" content=\"https:\/\/www.asug-services.com\/wp-content\/uploads\/2017\/07\/image_header_003.jpg\" \/>\n\t<meta property=\"og:image:width\" content=\"1200\" \/>\n\t<meta property=\"og:image:height\" content=\"280\" \/>\n\t<meta property=\"og:image:type\" content=\"image\/jpeg\" \/>\n<meta name=\"twitter:card\" content=\"summary_large_image\" \/>\n<meta name=\"twitter:site\" content=\"@asug_services\" \/>\n<meta name=\"twitter:label1\" content=\"Gesch\u00e4tzte Lesezeit\" \/>\n\t<meta name=\"twitter:data1\" content=\"2\u00a0Minuten\" \/>\n<script type=\"application\/ld+json\" class=\"yoast-schema-graph\">{\"@context\":\"https:\/\/schema.org\",\"@graph\":[{\"@type\":\"WebPage\",\"@id\":\"https:\/\/www.asug-services.com\/de\/facility-management\/strassenreinigung\/\",\"url\":\"https:\/\/www.asug-services.com\/de\/facility-management\/strassenreinigung\/\",\"name\":\"Stra\u00dfenreinigung | Der beste Hausmeister der Stadt\",\"isPartOf\":{\"@id\":\"https:\/\/www.asug-services.com\/de\/#website\"},\"primaryImageOfPage\":{\"@id\":\"https:\/\/www.asug-services.com\/de\/facility-management\/strassenreinigung\/#primaryimage\"},\"image\":{\"@id\":\"https:\/\/www.asug-services.com\/de\/facility-management\/strassenreinigung\/#primaryimage\"},\"thumbnailUrl\":\"https:\/\/www.asug-services.com\/wp-content\/uploads\/2017\/07\/image_header_003.jpg\",\"datePublished\":\"2017-07-15T17:33:32+00:00\",\"dateModified\":\"2018-08-21T06:34:31+00:00\",\"breadcrumb\":{\"@id\":\"https:\/\/www.asug-services.com\/de\/facility-management\/strassenreinigung\/#breadcrumb\"},\"inLanguage\":\"de\",\"potentialAction\":[{\"@type\":\"ReadAction\",\"target\":[\"https:\/\/www.asug-services.com\/de\/facility-management\/strassenreinigung\/\"]}]},{\"@type\":\"ImageObject\",\"inLanguage\":\"de\",\"@id\":\"https:\/\/www.asug-services.com\/de\/facility-management\/strassenreinigung\/#primaryimage\",\"url\":\"https:\/\/www.asug-services.com\/wp-content\/uploads\/2017\/07\/image_header_003.jpg\",\"contentUrl\":\"https:\/\/www.asug-services.com\/wp-content\/uploads\/2017\/07\/image_header_003.jpg\",\"width\":1200,\"height\":280},{\"@type\":\"BreadcrumbList\",\"@id\":\"https:\/\/www.asug-services.com\/de\/facility-management\/strassenreinigung\/#breadcrumb\",\"itemListElement\":[{\"@type\":\"ListItem\",\"position\":1,\"name\":\"Startseite\",\"item\":\"https:\/\/www.asug-services.com\/de\/\"},{\"@type\":\"ListItem\",\"position\":2,\"name\":\"Facility-Management in Chemnitz\",\"item\":\"https:\/\/www.asug-services.com\/de\/facility-management\/\"},{\"@type\":\"ListItem\",\"position\":3,\"name\":\"Stra\u00dfenreinigung\"}]},{\"@type\":\"WebSite\",\"@id\":\"https:\/\/www.asug-services.com\/de\/#website\",\"url\":\"https:\/\/www.asug-services.com\/de\/\",\"name\":\"Der beste Hausmeister der Stadt\",\"description\":\"\u2705 Ihr zuverl\u00e4ssiger Partner f\u00fcr Geb\u00e4udeservice \u2705 Seit 23 Jahren in Chemnitz \u2705 Kostenfreies Angebot innerhalb von 24 Stunden \u2705 Services in h\u00f6chster Qualit\u00e4t zu fairen Preisen \u2705 Perfekte Umsetzung Ihres Traumprojektes \u2705 \u00dcberzeugende Beratung \u2705 Fokussiert und zielorientiert \u2705 Mit viel Herzblut und gr\u00fcnem Daumen \u2705 Erfahren Sie, was uns einzigartig macht!\",\"publisher\":{\"@id\":\"https:\/\/www.asug-services.com\/de\/#organization\"},\"potentialAction\":[{\"@type\":\"SearchAction\",\"target\":{\"@type\":\"EntryPoint\",\"urlTemplate\":\"https:\/\/www.asug-services.com\/de\/?s={search_term_string}\"},\"query-input\":{\"@type\":\"PropertyValueSpecification\",\"valueRequired\":true,\"valueName\":\"search_term_string\"}}],\"inLanguage\":\"de\"},{\"@type\":\"Organization\",\"@id\":\"https:\/\/www.asug-services.com\/de\/#organization\",\"name\":\"ASUG Geb\u00e4udeservice GmbH\",\"url\":\"https:\/\/www.asug-services.com\/de\/\",\"logo\":{\"@type\":\"ImageObject\",\"inLanguage\":\"de\",\"@id\":\"https:\/\/www.asug-services.com\/de\/#\/schema\/logo\/image\/\",\"url\":\"https:\/\/www.asug-services.com\/wp-content\/uploads\/2017\/12\/ASUG-2017-07-17-Logo-f\u00fcr-Website-Bearbeitung-abgeschlossen.png\",\"contentUrl\":\"https:\/\/www.asug-services.com\/wp-content\/uploads\/2017\/12\/ASUG-2017-07-17-Logo-f\u00fcr-Website-Bearbeitung-abgeschlossen.png\",\"width\":3744,\"height\":343,\"caption\":\"ASUG Geb\u00e4udeservice GmbH\"},\"image\":{\"@id\":\"https:\/\/www.asug-services.com\/de\/#\/schema\/logo\/image\/\"},\"sameAs\":[\"https:\/\/www.facebook.com\/bester.hausmeister\",\"https:\/\/x.com\/asug_services\",\"https:\/\/www.instagram.com\/bester.hausmeister\/\"]}]}<\/script>\n<!-- \/ Yoast SEO plugin. -->","yoast_head_json":{"title":"Stra\u00dfenreinigung | Der beste Hausmeister der Stadt","robots":{"index":"index","follow":"follow","max-snippet":"max-snippet:-1","max-image-preview":"max-image-preview:large","max-video-preview":"max-video-preview:-1"},"canonical":"https:\/\/www.asug-services.com\/de\/facility-management\/strassenreinigung\/","og_locale":"de_DE","og_type":"article","og_title":"Stra\u00dfenreinigung | Der beste Hausmeister der Stadt","og_description":"Parkplatzreinigung mittels Kehrmaschine, Gehwegreinigung, Reinigung von Ein- und Zufahrten, Streugutentfernung, Unkrautbeseitigung etc. \u2013 wir reinigen Stra\u00dfen und Au\u00dfenfl\u00e4chen zuverl\u00e4ssig seit mehr als 20 Jahren am Standort Chemnitz. Der erste Eindruck z\u00e4hlt. Wir werten Ihre Au\u00dfenfl\u00e4chen auf! Die Au\u00dfenfl\u00e4chen Ihrer Immobilien werden h\u00e4ufig auch als Visitenkarte Ihres Unternehmens bezeichnet \u2013 und das zurecht: Ein sauberes Erscheinungsbild &hellip; \u201eStra\u00dfenreinigung\u201c weiterlesen","og_url":"https:\/\/www.asug-services.com\/de\/facility-management\/strassenreinigung\/","og_site_name":"Der beste Hausmeister der Stadt","article_publisher":"https:\/\/www.facebook.com\/bester.hausmeister","article_modified_time":"2018-08-21T06:34:31+00:00","og_image":[{"width":1200,"height":280,"url":"https:\/\/www.asug-services.com\/wp-content\/uploads\/2017\/07\/image_header_003.jpg","type":"image\/jpeg"}],"twitter_card":"summary_large_image","twitter_site":"@asug_services","twitter_misc":{"Gesch\u00e4tzte Lesezeit":"2\u00a0Minuten"},"schema":{"@context":"https:\/\/schema.org","@graph":[{"@type":"WebPage","@id":"https:\/\/www.asug-services.com\/de\/facility-management\/strassenreinigung\/","url":"https:\/\/www.asug-services.com\/de\/facility-management\/strassenreinigung\/","name":"Stra\u00dfenreinigung | Der beste Hausmeister der Stadt","isPartOf":{"@id":"https:\/\/www.asug-services.com\/de\/#website"},"primaryImageOfPage":{"@id":"https:\/\/www.asug-services.com\/de\/facility-management\/strassenreinigung\/#primaryimage"},"image":{"@id":"https:\/\/www.asug-services.com\/de\/facility-management\/strassenreinigung\/#primaryimage"},"thumbnailUrl":"https:\/\/www.asug-services.com\/wp-content\/uploads\/2017\/07\/image_header_003.jpg","datePublished":"2017-07-15T17:33:32+00:00","dateModified":"2018-08-21T06:34:31+00:00","breadcrumb":{"@id":"https:\/\/www.asug-services.com\/de\/facility-management\/strassenreinigung\/#breadcrumb"},"inLanguage":"de","potentialAction":[{"@type":"ReadAction","target":["https:\/\/www.asug-services.com\/de\/facility-management\/strassenreinigung\/"]}]},{"@type":"ImageObject","inLanguage":"de","@id":"https:\/\/www.asug-services.com\/de\/facility-management\/strassenreinigung\/#primaryimage","url":"https:\/\/www.asug-services.com\/wp-content\/uploads\/2017\/07\/image_header_003.jpg","contentUrl":"https:\/\/www.asug-services.com\/wp-content\/uploads\/2017\/07\/image_header_003.jpg","width":1200,"height":280},{"@type":"BreadcrumbList","@id":"https:\/\/www.asug-services.com\/de\/facility-management\/strassenreinigung\/#breadcrumb","itemListElement":[{"@type":"ListItem","position":1,"name":"Startseite","item":"https:\/\/www.asug-services.com\/de\/"},{"@type":"ListItem","position":2,"name":"Facility-Management in Chemnitz","item":"https:\/\/www.asug-services.com\/de\/facility-management\/"},{"@type":"ListItem","position":3,"name":"Stra\u00dfenreinigung"}]},{"@type":"WebSite","@id":"https:\/\/www.asug-services.com\/de\/#website","url":"https:\/\/www.asug-services.com\/de\/","name":"Der beste Hausmeister der Stadt","description":"\u2705 Ihr zuverl\u00e4ssiger Partner f\u00fcr Geb\u00e4udeservice \u2705 Seit 23 Jahren in Chemnitz \u2705 Kostenfreies Angebot innerhalb von 24 Stunden \u2705 Services in h\u00f6chster Qualit\u00e4t zu fairen Preisen \u2705 Perfekte Umsetzung Ihres Traumprojektes \u2705 \u00dcberzeugende Beratung \u2705 Fokussiert und zielorientiert \u2705 Mit viel Herzblut und gr\u00fcnem Daumen \u2705 Erfahren Sie, was uns einzigartig macht!","publisher":{"@id":"https:\/\/www.asug-services.com\/de\/#organization"},"potentialAction":[{"@type":"SearchAction","target":{"@type":"EntryPoint","urlTemplate":"https:\/\/www.asug-services.com\/de\/?s={search_term_string}"},"query-input":{"@type":"PropertyValueSpecification","valueRequired":true,"valueName":"search_term_string"}}],"inLanguage":"de"},{"@type":"Organization","@id":"https:\/\/www.asug-services.com\/de\/#organization","name":"ASUG Geb\u00e4udeservice GmbH","url":"https:\/\/www.asug-services.com\/de\/","logo":{"@type":"ImageObject","inLanguage":"de","@id":"https:\/\/www.asug-services.com\/de\/#\/schema\/logo\/image\/","url":"https:\/\/www.asug-services.com\/wp-content\/uploads\/2017\/12\/ASUG-2017-07-17-Logo-f\u00fcr-Website-Bearbeitung-abgeschlossen.png","contentUrl":"https:\/\/www.asug-services.com\/wp-content\/uploads\/2017\/12\/ASUG-2017-07-17-Logo-f\u00fcr-Website-Bearbeitung-abgeschlossen.png","width":3744,"height":343,"caption":"ASUG Geb\u00e4udeservice GmbH"},"image":{"@id":"https:\/\/www.asug-services.com\/de\/#\/schema\/logo\/image\/"},"sameAs":["https:\/\/www.facebook.com\/bester.hausmeister","https:\/\/x.com\/asug_services","https:\/\/www.instagram.com\/bester.hausmeister\/"]}]}},"_links":{"self":[{"href":"https:\/\/www.asug-services.com\/de\/wp-json\/wp\/v2\/pages\/43"}],"collection":[{"href":"https:\/\/www.asug-services.com\/de\/wp-json\/wp\/v2\/pages"}],"about":[{"href":"https:\/\/www.asug-services.com\/de\/wp-json\/wp\/v2\/types\/page"}],"author":[{"embeddable":true,"href":"https:\/\/www.asug-services.com\/de\/wp-json\/wp\/v2\/users\/1"}],"replies":[{"embeddable":true,"href":"https:\/\/www.asug-services.com\/de\/wp-json\/wp\/v2\/comments?post=43"}],"version-history":[{"count":15,"href":"https:\/\/www.asug-services.com\/de\/wp-json\/wp\/v2\/pages\/43\/revisions"}],"predecessor-version":[{"id":1296,"href":"https:\/\/www.asug-services.com\/de\/wp-json\/wp\/v2\/pages\/43\/revisions\/1296"}],"up":[{"embeddable":true,"href":"https:\/\/www.asug-services.com\/de\/wp-json\/wp\/v2\/pages\/28"}],"wp:featuredmedia":[{"embeddable":true,"href":"https:\/\/www.asug-services.com\/de\/wp-json\/wp\/v2\/media\/227"}],"wp:attachment":[{"href":"https:\/\/www.asug-services.com\/de\/wp-json\/wp\/v2\/media?parent=43"}],"curies":[{"name":"wp","href":"https:\/\/api.w.org\/{rel}","templated":true}]}}