{"id":427,"date":"2017-10-07T09:10:05","date_gmt":"2017-10-07T07:10:05","guid":{"rendered":"http:\/\/www.asug-services.com\/de\/?page_id=427"},"modified":"2023-07-05T15:13:15","modified_gmt":"2023-07-05T13:13:15","slug":"anfahrt-und-kontakt","status":"publish","type":"page","link":"https:\/\/www.asug-services.com\/de\/unternehmen\/anfahrt-und-kontakt\/","title":{"rendered":"Anfahrt &#038; Kontakt"},"content":{"rendered":"<h2 style=\"text-align: center;\">So finden Sie uns!<\/h2>\n<p>Unsere Gesch\u00e4ftsadresse befindet sich in Schlo\u00dfchemnitz, einem Stadtteil in unmittelbarer N\u00e4he des Chemnitzer Stadtzentrums. Sie finden uns in der <strong>Emilienstra\u00dfe 35<\/strong>, in unmittelbarer N\u00e4he des Josephinenplatzes, des Chemnitzer Hauptbahnhofs und dem Einkaufszentrum <em>Sachsen-Allee<\/em>.<\/p>\n<p>F\u00fcr die Anreise mit \u00f6ffentlichen Verkehrsmitteln k\u00f6nnen Sie die Haltestelle <strong>&#8222;Emilienstra\u00dfe&#8220;<\/strong> der Chemnitzer Verkehrs-AG (CVAG) nutzen, die von der Buslinie 22 bedient wird. Eine weitere nahegelegene Haltestelle ist <strong>&#8222;Christian-Wehner-Stra\u00dfe&#8220;<\/strong>, die von der CVAG Buslinie 32 angefahren wird.<\/p>\n<p>Wenn Sie mit dem Auto anreisen, erreichen Sie uns \u00fcber die Autobahn A4 und nehmen entweder die <strong>Ausfahrt Chemnitz-Gl\u00f6sa<\/strong>, um \u00fcber die Chemnitztalstra\u00dfe\/Blankenburgstra\u00dfe zu uns zu gelangen, oder Sie w\u00e4hlen die <strong>Ausfahrt Chemnitz-Mitte<\/strong> und fahren \u00fcber die Leipziger Stra\u00dfe.<\/p>\n<p>F\u00fcr Ihre Bequemlichkeit stehen ausreichend <strong>kostenfreie Parkpl\u00e4tze<\/strong> auf unserem Betriebsgel\u00e4nde zur Verf\u00fcgung.<\/p>\n<p>Wir freuen uns auf Ihren Besuch!<\/p>\n<p><iframe loading=\"lazy\" style=\"width: 100%; border: 0;\" src=\"https:\/\/www.google.com\/maps\/embed?pb=!1m18!1m12!1m3!1d2519.8176067895292!2d12.923939315213714!3d50.83454226749622!2m3!1f0!2f0!3f0!3m2!1i1024!2i768!4f13.1!3m3!1m2!1s0x47a746421ce5a029%3A0xe6d0b819f077b7be!2sASUG+Geb%C3%A4udeservice+GmbH!5e0!3m2!1sde!2sde!4v1507360398457\" width=\"600\" height=\"450\" frameborder=\"0\" allowfullscreen=\"allowfullscreen\"><\/iframe><\/p>\n","protected":false},"excerpt":{"rendered":"<p>So finden Sie uns! Unsere Gesch\u00e4ftsadresse befindet sich in Schlo\u00dfchemnitz, einem Stadtteil in unmittelbarer N\u00e4he des Chemnitzer Stadtzentrums. Sie finden uns in der Emilienstra\u00dfe 35, in unmittelbarer N\u00e4he des Josephinenplatzes, des Chemnitzer Hauptbahnhofs und dem Einkaufszentrum Sachsen-Allee. F\u00fcr die Anreise mit \u00f6ffentlichen Verkehrsmitteln k\u00f6nnen Sie die Haltestelle &#8222;Emilienstra\u00dfe&#8220; der Chemnitzer Verkehrs-AG (CVAG) nutzen, die von &hellip; <\/p>\n<p class=\"link-more\"><a href=\"https:\/\/www.asug-services.com\/de\/unternehmen\/anfahrt-und-kontakt\/\" class=\"more-link\"><span class=\"screen-reader-text\">\u201eAnfahrt &#038; Kontakt\u201c<\/span> weiterlesen<\/a><\/p>\n","protected":false},"author":1,"featured_media":0,"parent":154,"menu_order":0,"comment_status":"closed","ping_status":"closed","template":"","meta":{"footnotes":""},"class_list":["post-427","page","type-page","status-publish","hentry"],"yoast_head":"<!-- This site is optimized with the Yoast SEO plugin v23.4 - https:\/\/yoast.com\/wordpress\/plugins\/seo\/ -->\n<title>Anfahrt &amp; Kontakt | Der beste Hausmeister der Stadt<\/title>\n<meta name=\"robots\" content=\"index, follow, max-snippet:-1, max-image-preview:large, max-video-preview:-1\" \/>\n<link rel=\"canonical\" href=\"https:\/\/www.asug-services.com\/de\/unternehmen\/anfahrt-und-kontakt\/\" \/>\n<meta property=\"og:locale\" content=\"de_DE\" \/>\n<meta property=\"og:type\" content=\"article\" \/>\n<meta property=\"og:title\" content=\"Anfahrt &amp; Kontakt | Der beste Hausmeister der Stadt\" \/>\n<meta property=\"og:description\" content=\"So finden Sie uns! Unsere Gesch\u00e4ftsadresse befindet sich in Schlo\u00dfchemnitz, einem Stadtteil in unmittelbarer N\u00e4he des Chemnitzer Stadtzentrums. Sie finden uns in der Emilienstra\u00dfe 35, in unmittelbarer N\u00e4he des Josephinenplatzes, des Chemnitzer Hauptbahnhofs und dem Einkaufszentrum Sachsen-Allee. F\u00fcr die Anreise mit \u00f6ffentlichen Verkehrsmitteln k\u00f6nnen Sie die Haltestelle &#8222;Emilienstra\u00dfe&#8220; der Chemnitzer Verkehrs-AG (CVAG) nutzen, die von &hellip; \u201eAnfahrt &#038; Kontakt\u201c weiterlesen\" \/>\n<meta property=\"og:url\" content=\"https:\/\/www.asug-services.com\/de\/unternehmen\/anfahrt-und-kontakt\/\" \/>\n<meta property=\"og:site_name\" content=\"Der beste Hausmeister der Stadt\" \/>\n<meta property=\"article:publisher\" content=\"https:\/\/www.facebook.com\/bester.hausmeister\" \/>\n<meta property=\"article:modified_time\" content=\"2023-07-05T13:13:15+00:00\" \/>\n<meta name=\"twitter:card\" content=\"summary_large_image\" \/>\n<meta name=\"twitter:site\" content=\"@asug_services\" \/>\n<meta name=\"twitter:label1\" content=\"Gesch\u00e4tzte Lesezeit\" \/>\n\t<meta name=\"twitter:data1\" content=\"1\u00a0Minute\" \/>\n<script type=\"application\/ld+json\" class=\"yoast-schema-graph\">{\"@context\":\"https:\/\/schema.org\",\"@graph\":[{\"@type\":\"WebPage\",\"@id\":\"https:\/\/www.asug-services.com\/de\/unternehmen\/anfahrt-und-kontakt\/\",\"url\":\"https:\/\/www.asug-services.com\/de\/unternehmen\/anfahrt-und-kontakt\/\",\"name\":\"Anfahrt & Kontakt | Der beste Hausmeister der Stadt\",\"isPartOf\":{\"@id\":\"https:\/\/www.asug-services.com\/de\/#website\"},\"datePublished\":\"2017-10-07T07:10:05+00:00\",\"dateModified\":\"2023-07-05T13:13:15+00:00\",\"breadcrumb\":{\"@id\":\"https:\/\/www.asug-services.com\/de\/unternehmen\/anfahrt-und-kontakt\/#breadcrumb\"},\"inLanguage\":\"de\",\"potentialAction\":[{\"@type\":\"ReadAction\",\"target\":[\"https:\/\/www.asug-services.com\/de\/unternehmen\/anfahrt-und-kontakt\/\"]}]},{\"@type\":\"BreadcrumbList\",\"@id\":\"https:\/\/www.asug-services.com\/de\/unternehmen\/anfahrt-und-kontakt\/#breadcrumb\",\"itemListElement\":[{\"@type\":\"ListItem\",\"position\":1,\"name\":\"Startseite\",\"item\":\"https:\/\/www.asug-services.com\/de\/\"},{\"@type\":\"ListItem\",\"position\":2,\"name\":\"Unternehmen\",\"item\":\"https:\/\/www.asug-services.com\/de\/unternehmen\/\"},{\"@type\":\"ListItem\",\"position\":3,\"name\":\"Anfahrt &#038; Kontakt\"}]},{\"@type\":\"WebSite\",\"@id\":\"https:\/\/www.asug-services.com\/de\/#website\",\"url\":\"https:\/\/www.asug-services.com\/de\/\",\"name\":\"Der beste Hausmeister der Stadt\",\"description\":\"\u2705 Ihr zuverl\u00e4ssiger Partner f\u00fcr Geb\u00e4udeservice \u2705 Seit 23 Jahren in Chemnitz \u2705 Kostenfreies Angebot innerhalb von 24 Stunden \u2705 Services in h\u00f6chster Qualit\u00e4t zu fairen Preisen \u2705 Perfekte Umsetzung Ihres Traumprojektes \u2705 \u00dcberzeugende Beratung \u2705 Fokussiert und zielorientiert \u2705 Mit viel Herzblut und gr\u00fcnem Daumen \u2705 Erfahren Sie, was uns einzigartig macht!\",\"publisher\":{\"@id\":\"https:\/\/www.asug-services.com\/de\/#organization\"},\"potentialAction\":[{\"@type\":\"SearchAction\",\"target\":{\"@type\":\"EntryPoint\",\"urlTemplate\":\"https:\/\/www.asug-services.com\/de\/?s={search_term_string}\"},\"query-input\":{\"@type\":\"PropertyValueSpecification\",\"valueRequired\":true,\"valueName\":\"search_term_string\"}}],\"inLanguage\":\"de\"},{\"@type\":\"Organization\",\"@id\":\"https:\/\/www.asug-services.com\/de\/#organization\",\"name\":\"ASUG Geb\u00e4udeservice GmbH\",\"url\":\"https:\/\/www.asug-services.com\/de\/\",\"logo\":{\"@type\":\"ImageObject\",\"inLanguage\":\"de\",\"@id\":\"https:\/\/www.asug-services.com\/de\/#\/schema\/logo\/image\/\",\"url\":\"https:\/\/www.asug-services.com\/wp-content\/uploads\/2017\/12\/ASUG-2017-07-17-Logo-f\u00fcr-Website-Bearbeitung-abgeschlossen.png\",\"contentUrl\":\"https:\/\/www.asug-services.com\/wp-content\/uploads\/2017\/12\/ASUG-2017-07-17-Logo-f\u00fcr-Website-Bearbeitung-abgeschlossen.png\",\"width\":3744,\"height\":343,\"caption\":\"ASUG Geb\u00e4udeservice GmbH\"},\"image\":{\"@id\":\"https:\/\/www.asug-services.com\/de\/#\/schema\/logo\/image\/\"},\"sameAs\":[\"https:\/\/www.facebook.com\/bester.hausmeister\",\"https:\/\/x.com\/asug_services\",\"https:\/\/www.instagram.com\/bester.hausmeister\/\"]}]}<\/script>\n<!-- \/ Yoast SEO plugin. -->","yoast_head_json":{"title":"Anfahrt & Kontakt | Der beste Hausmeister der Stadt","robots":{"index":"index","follow":"follow","max-snippet":"max-snippet:-1","max-image-preview":"max-image-preview:large","max-video-preview":"max-video-preview:-1"},"canonical":"https:\/\/www.asug-services.com\/de\/unternehmen\/anfahrt-und-kontakt\/","og_locale":"de_DE","og_type":"article","og_title":"Anfahrt & Kontakt | Der beste Hausmeister der Stadt","og_description":"So finden Sie uns! Unsere Gesch\u00e4ftsadresse befindet sich in Schlo\u00dfchemnitz, einem Stadtteil in unmittelbarer N\u00e4he des Chemnitzer Stadtzentrums. Sie finden uns in der Emilienstra\u00dfe 35, in unmittelbarer N\u00e4he des Josephinenplatzes, des Chemnitzer Hauptbahnhofs und dem Einkaufszentrum Sachsen-Allee. F\u00fcr die Anreise mit \u00f6ffentlichen Verkehrsmitteln k\u00f6nnen Sie die Haltestelle &#8222;Emilienstra\u00dfe&#8220; der Chemnitzer Verkehrs-AG (CVAG) nutzen, die von &hellip; \u201eAnfahrt &#038; Kontakt\u201c weiterlesen","og_url":"https:\/\/www.asug-services.com\/de\/unternehmen\/anfahrt-und-kontakt\/","og_site_name":"Der beste Hausmeister der Stadt","article_publisher":"https:\/\/www.facebook.com\/bester.hausmeister","article_modified_time":"2023-07-05T13:13:15+00:00","twitter_card":"summary_large_image","twitter_site":"@asug_services","twitter_misc":{"Gesch\u00e4tzte Lesezeit":"1\u00a0Minute"},"schema":{"@context":"https:\/\/schema.org","@graph":[{"@type":"WebPage","@id":"https:\/\/www.asug-services.com\/de\/unternehmen\/anfahrt-und-kontakt\/","url":"https:\/\/www.asug-services.com\/de\/unternehmen\/anfahrt-und-kontakt\/","name":"Anfahrt & Kontakt | Der beste Hausmeister der Stadt","isPartOf":{"@id":"https:\/\/www.asug-services.com\/de\/#website"},"datePublished":"2017-10-07T07:10:05+00:00","dateModified":"2023-07-05T13:13:15+00:00","breadcrumb":{"@id":"https:\/\/www.asug-services.com\/de\/unternehmen\/anfahrt-und-kontakt\/#breadcrumb"},"inLanguage":"de","potentialAction":[{"@type":"ReadAction","target":["https:\/\/www.asug-services.com\/de\/unternehmen\/anfahrt-und-kontakt\/"]}]},{"@type":"BreadcrumbList","@id":"https:\/\/www.asug-services.com\/de\/unternehmen\/anfahrt-und-kontakt\/#breadcrumb","itemListElement":[{"@type":"ListItem","position":1,"name":"Startseite","item":"https:\/\/www.asug-services.com\/de\/"},{"@type":"ListItem","position":2,"name":"Unternehmen","item":"https:\/\/www.asug-services.com\/de\/unternehmen\/"},{"@type":"ListItem","position":3,"name":"Anfahrt &#038; Kontakt"}]},{"@type":"WebSite","@id":"https:\/\/www.asug-services.com\/de\/#website","url":"https:\/\/www.asug-services.com\/de\/","name":"Der beste Hausmeister der Stadt","description":"\u2705 Ihr zuverl\u00e4ssiger Partner f\u00fcr Geb\u00e4udeservice \u2705 Seit 23 Jahren in Chemnitz \u2705 Kostenfreies Angebot innerhalb von 24 Stunden \u2705 Services in h\u00f6chster Qualit\u00e4t zu fairen Preisen \u2705 Perfekte Umsetzung Ihres Traumprojektes \u2705 \u00dcberzeugende Beratung \u2705 Fokussiert und zielorientiert \u2705 Mit viel Herzblut und gr\u00fcnem Daumen \u2705 Erfahren Sie, was uns einzigartig macht!","publisher":{"@id":"https:\/\/www.asug-services.com\/de\/#organization"},"potentialAction":[{"@type":"SearchAction","target":{"@type":"EntryPoint","urlTemplate":"https:\/\/www.asug-services.com\/de\/?s={search_term_string}"},"query-input":{"@type":"PropertyValueSpecification","valueRequired":true,"valueName":"search_term_string"}}],"inLanguage":"de"},{"@type":"Organization","@id":"https:\/\/www.asug-services.com\/de\/#organization","name":"ASUG Geb\u00e4udeservice GmbH","url":"https:\/\/www.asug-services.com\/de\/","logo":{"@type":"ImageObject","inLanguage":"de","@id":"https:\/\/www.asug-services.com\/de\/#\/schema\/logo\/image\/","url":"https:\/\/www.asug-services.com\/wp-content\/uploads\/2017\/12\/ASUG-2017-07-17-Logo-f\u00fcr-Website-Bearbeitung-abgeschlossen.png","contentUrl":"https:\/\/www.asug-services.com\/wp-content\/uploads\/2017\/12\/ASUG-2017-07-17-Logo-f\u00fcr-Website-Bearbeitung-abgeschlossen.png","width":3744,"height":343,"caption":"ASUG Geb\u00e4udeservice GmbH"},"image":{"@id":"https:\/\/www.asug-services.com\/de\/#\/schema\/logo\/image\/"},"sameAs":["https:\/\/www.facebook.com\/bester.hausmeister","https:\/\/x.com\/asug_services","https:\/\/www.instagram.com\/bester.hausmeister\/"]}]}},"_links":{"self":[{"href":"https:\/\/www.asug-services.com\/de\/wp-json\/wp\/v2\/pages\/427"}],"collection":[{"href":"https:\/\/www.asug-services.com\/de\/wp-json\/wp\/v2\/pages"}],"about":[{"href":"https:\/\/www.asug-services.com\/de\/wp-json\/wp\/v2\/types\/page"}],"author":[{"embeddable":true,"href":"https:\/\/www.asug-services.com\/de\/wp-json\/wp\/v2\/users\/1"}],"replies":[{"embeddable":true,"href":"https:\/\/www.asug-services.com\/de\/wp-json\/wp\/v2\/comments?post=427"}],"version-history":[{"count":12,"href":"https:\/\/www.asug-services.com\/de\/wp-json\/wp\/v2\/pages\/427\/revisions"}],"predecessor-version":[{"id":2226,"href":"https:\/\/www.asug-services.com\/de\/wp-json\/wp\/v2\/pages\/427\/revisions\/2226"}],"up":[{"embeddable":true,"href":"https:\/\/www.asug-services.com\/de\/wp-json\/wp\/v2\/pages\/154"}],"wp:attachment":[{"href":"https:\/\/www.asug-services.com\/de\/wp-json\/wp\/v2\/media?parent=427"}],"curies":[{"name":"wp","href":"https:\/\/api.w.org\/{rel}","templated":true}]}}