{"id":4,"date":"2017-07-14T16:29:01","date_gmt":"2017-07-14T14:29:01","guid":{"rendered":"http:\/\/www.asug-services.com\/?page_id=4"},"modified":"2026-02-17T15:35:48","modified_gmt":"2026-02-17T14:35:48","slug":"impressum","status":"publish","type":"page","link":"https:\/\/www.asug-services.com\/de\/impressum\/","title":{"rendered":"Impressum"},"content":{"rendered":"\n<h3 class=\"wp-block-heading\"><strong>Angaben gem\u00e4\u00df \u00a7 5 TMG<\/strong><\/h3>\n\n\n<div class=\"wp-block-image\">\n<figure class=\"alignleft is-resized\"><img loading=\"lazy\" decoding=\"async\" width=\"1024\" height=\"94\" src=\"http:\/\/www.asug-services.com\/wp-content\/uploads\/2017\/12\/ASUG-2017-07-17-Logo-f\u00fcr-Website-Bearbeitung-abgeschlossen-1024x94.png\" alt=\"\" class=\"wp-image-551\" style=\"width:300px\" srcset=\"https:\/\/www.asug-services.com\/wp-content\/uploads\/2017\/12\/ASUG-2017-07-17-Logo-f\u00fcr-Website-Bearbeitung-abgeschlossen-1024x94.png 1024w, https:\/\/www.asug-services.com\/wp-content\/uploads\/2017\/12\/ASUG-2017-07-17-Logo-f\u00fcr-Website-Bearbeitung-abgeschlossen-300x27.png 300w, https:\/\/www.asug-services.com\/wp-content\/uploads\/2017\/12\/ASUG-2017-07-17-Logo-f\u00fcr-Website-Bearbeitung-abgeschlossen-768x70.png 768w\" sizes=\"(max-width: 767px) 89vw, (max-width: 1000px) 54vw, (max-width: 1071px) 543px, 580px\" \/><\/figure><\/div>\n\n\n<p><br><\/p>\n\n\n\n<p><strong>ASUG Geb\u00e4udeservice GmbH<\/strong><br>Emilienstra\u00dfe 35<br>09113 Chemnitz<br>Deutschland<\/p>\n\n\n\n<p>vertreten durch:<br>Gesch\u00e4ftsf\u00fchrung: <strong>Matthias Kunert,\u00a0Dipl.-Wirt.-Ing (FH)<\/strong><\/p>\n\n\n\n<p><strong>Kontakt<\/strong><\/p>\n\n\n\n<p>Telefon: +49 (0)371 40 300 700<br>Fax: +49 (0)371 40 300 710<br>E-Mail: <a href=\"info@asug-services.com\">info@asug-services.com<\/a><br>Internet: <a href=\"http:\/\/www.asug-services.com\">www.asug-services.com<\/a><\/p>\n\n\n\n<h3 class=\"wp-block-heading\"><strong>Registereintrag<\/strong><\/h3>\n\n\n\n<p>Eintragung im Handelsregister.<br>Registergericht: Amtsgericht Chemnitz, Sachsen<br>Registernummer: HRB 14071<\/p>\n\n\n\n<p>Steuernummer: 215\/105\/08111<\/p>\n\n\n\n<p>Betriebsnummer: 09282083<\/p>\n\n\n\n<p>Umsatzsteuer-Identifikationsnummer gem\u00e4\u00df \u00a727 a Umsatzsteuergesetz: DE184555109<\/p>\n\n\n\n<h3 class=\"wp-block-heading\"><strong>Zust\u00e4ndige Aufsichtsbeh\u00f6rden<\/strong><\/h3>\n\n\n\n<p><strong>Industrie- und Handelskammer Chemnitz<\/strong><br>K\u00f6rperschaft des \u00f6ffentlichen Rechts<br>Stra\u00dfe der Nationen 25<br>09111 Chemnitz<\/p>\n\n\n\n<p>Postfach 464<br>09004 Chemnitz<\/p>\n\n\n\n<p>Telefon: +49 371 6900-0<br>Telefax: +49 371 6900-19 1565<\/p>\n\n\n\n<p>E-Mail:&nbsp;<a href=\"mailto:chemnitz@chemnitz.ihk.de\">chemnitz@chemnitz.ihk.de<\/a><br>Internet:&nbsp;<a href=\"http:\/\/www.chemnitz.ihk24.de\/\">http:\/\/www.chemnitz.ihk24.de<\/a><\/p>\n\n\n\n<p><strong>Industrie- und Handelskammer Chemnitz:<\/strong> 123 00171747<\/p>\n\n\n\n<h3 class=\"wp-block-heading\"><strong>Angaben zur Betriebs-\/Berufshaftpflichtversicherung<br><\/strong>(Confirmation of Cover &#8211; Confirmation de couverture)<\/h3>\n\n\n\n<p><strong>Versicherungsgeber<\/strong><\/p>\n\n\n\n<p>Allianz Versicherungs-Aktiengesellschaft<br>K\u00f6niginstr. 28<br>80802 M\u00fcnchen<br>Deutschland<\/p>\n\n\n\n<p>Telefon: +49 89 3800 -0<br>E-Mail:&nbsp;<a href=\"mailto:info@allianz.de\" target=\"_blank\" rel=\"noopener\">info@allianz.de<\/a><br>Internet: http:\/\/<a href=\"http:\/\/www.allianz.de\">www.allianz.de<\/a><\/p>\n\n\n\n<p class=\"has-text-align-left\">Die Versicherungssummen f\u00fcr die Betriebs-\/Berufshaftpflichtversicherung inkl. Umwelt-Haftpflichtversicherung sowie \u00d6ko-Haftungsversicherung betragen<\/p>\n\n\n\n<figure class=\"wp-block-table\"><table><tbody><tr><td><strong>pauschal f\u00fcr Personen- und Sachsch\u00e4den<\/strong><br>je Versicherungsfall<br>f\u00fcr alle Versicherungsf\u00e4lle eines Versicherungsjahres<\/td><td><strong>in EUR<\/strong><br>3.000.000,00<br>9.000.000,00<\/td><\/tr><\/tbody><\/table><\/figure>\n\n\n\n<p>Die Versicherungssummen<\/p>\n\n\n\n<figure class=\"wp-block-table\"><table><tbody><tr><td><strong>f\u00fcr Verm\u00f6genssch\u00e4den <\/strong>betragen<br>je Versicherungsfall<br>f\u00fcr alle Versicherungsf\u00e4lle eines Versicherungsjahres<\/td><td><strong>in EUR<\/strong><br>1.000.000,00<br>2.000.000,00<\/td><\/tr><tr><td><strong>f\u00fcr T\u00e4tigkeitssch\u00e4den im Rahmen der Vertragsdeckungssummen&nbsp;<\/strong>betragen<br>je Versicherungsfall<br>f\u00fcr alle Versicherungsf\u00e4lle eines Versicherungsjahres<\/td><td><strong>in EUR<br><\/strong><br>3.000.000,00<br>6.000.000,00<\/td><\/tr><tr><td><strong>f\u00fcr Schl\u00fcsselsch\u00e4den im Rahmen der Vertragsdeckungssummen&nbsp;<\/strong>betragen<br>je Versicherungsfall<br>f\u00fcr alle Versicherungsf\u00e4lle eines Versicherungsjahres<\/td><td><strong>in EUR<br><\/strong><br>3.000.000,00<br>6.000.000,00<\/td><\/tr><\/tbody><\/table><\/figure>\n\n\n\n<p><strong>Geltungsraum der Versicherung:&nbsp;<\/strong>Bundesrepublik Deutschland<\/p>\n\n\n\n<h3 class=\"wp-block-heading\"><strong>Angaben zum zust\u00e4ndigen Unfallversicherungstr\u00e4ger<\/strong><\/h3>\n\n\n\n<p><strong>Versicherungsgeber<\/strong><\/p>\n\n\n\n<p>Verwaltungs-Berufsgenossenschaft (VBG)<br>gesetzliche Unfallversicherung<br>VBG Bezirksverwaltung Dresden<br>Wiener Platz 6<br>01069 Dresden<br>Deutschland<\/p>\n\n\n\n<p>Telefon: +49 (0)351 81 45 -0<br>Telefon-Pr\u00e4vention: +49 (0)351 81 45 -222<br>Telefon-Rehabilitation: +49 (0)351 81 45 -333<br>Telefon-Unternehmensbetreuung: +49 (0)351 81 45 -444<br>Telefax: +49 (0)351 81 45 -109<\/p>\n\n\n\n<p>Internet:&nbsp;<a href=\"http:\/\/www.vbg.de\">http:\/\/www.vbg.de<\/a><\/p>\n\n\n\n<div>\n<p><strong>VBG-Unfallversicherungsnummer:<\/strong> 97\/0008\/8700<\/p>\n<\/div>\n\n\n\n<h3 class=\"wp-block-heading\"><strong>Mitglied der Handwerkskammer Chemnitz<\/strong><\/h3>\n\n\n\n<div>\n<p>Postanschrift: Postfach 415, 09004 Chemnitz<br>Anschrift: Limbacher Stra\u00dfe 195, 09116 Chemnitz<br>Tel.: +49 (0)371 5364 -0<br>Fax: +49 (0)371 5364 -222<br>E-Mail:&nbsp;<a href=\"mailto:info@hwk-chemnitz.de\">info@hwk-chemnitz.de<\/a><br>Internet: <a href=\"http:\/\/www.hwk-chemnitz.de\">www.hwk-chemnitz.de<\/a><\/p>\n<p><strong>HWK-Mitgliedsnummer:<\/strong>&nbsp;30678<\/p>\n<\/div>\n\n\n\n<h3 class=\"wp-block-heading\"><strong>Verantwortlich f\u00fcr den Inhalt nach \u00a7 55 Abs. 2 RStV<\/strong><\/h3>\n\n\n\n<p>ASUG Geb\u00e4udeservice GmbH<br>Matthias Kunert,\u00a0Dipl.-Wirt.-Ing. (FH)<br>Gesch\u00e4ftsf\u00fchrer<br>Emilienstra\u00dfe 35<br>09113 Chemnitz<br>Deutschland<\/p>\n\n\n\n<p><strong>Kontakt<\/strong><\/p>\n\n\n\n<p>Telefon: +49 (0)371 40 300 751<br>Fax: +49 (0)371 40 300 710<br>E-Mail: info@asug-services.com<\/p>\n\n\n\n<h3 class=\"wp-block-heading\"><strong>Online-Streitbeilegung<br><\/strong><strong style=\"font-size: 1rem;\">gem. Art. 14 Abs. 1 ODR-Verordnung (EU) Nr. 524\/2013<\/strong><\/h3>\n\n\n\n<div style=\"text-align: justify;\">\n<p>Die Europ\u00e4ische Kommission stellt eine Plattform zur Online-Streitbeilegung (OS) bereit, die Sie unter&nbsp;<a href=\"http:\/\/ec.europa.eu\/consumers\/odr\/\" target=\"_blank\" rel=\"noopener\">http:\/\/ec.europa.eu\/consumers\/odr\/<\/a> finden.&nbsp;Unsere E-Mail-Adresse finden Sie im Impressum.<\/p>\n<p>Wir sind grunds\u00e4tzlich nicht bereit und verpflichtet, an Streitbeilegungsverfahren vor einer Verbraucherschlichtungsstelle teilzunehmen.<\/p>\n<p style=\"text-align: right;\"><small style=\"text-align: right;\">Stand: 24.010.2023<\/small><\/p>\n<\/div>\n","protected":false},"excerpt":{"rendered":"<p>Angaben gem\u00e4\u00df \u00a7 5 TMG ASUG Geb\u00e4udeservice GmbHEmilienstra\u00dfe 3509113 ChemnitzDeutschland vertreten durch:Gesch\u00e4ftsf\u00fchrung: Matthias Kunert,\u00a0Dipl.-Wirt.-Ing (FH) Kontakt Telefon: +49 (0)371 40 300 700Fax: +49 (0)371 40 300 710E-Mail: info@asug-services.comInternet: www.asug-services.com Registereintrag Eintragung im Handelsregister.Registergericht: Amtsgericht Chemnitz, SachsenRegisternummer: HRB 14071 Steuernummer: 215\/105\/08111 Betriebsnummer: 09282083 Umsatzsteuer-Identifikationsnummer gem\u00e4\u00df \u00a727 a Umsatzsteuergesetz: DE184555109 Zust\u00e4ndige Aufsichtsbeh\u00f6rden Industrie- und Handelskammer ChemnitzK\u00f6rperschaft des &hellip; <\/p>\n<p class=\"link-more\"><a href=\"https:\/\/www.asug-services.com\/de\/impressum\/\" class=\"more-link\"><span class=\"screen-reader-text\">\u201eImpressum\u201c<\/span> weiterlesen<\/a><\/p>\n","protected":false},"author":1,"featured_media":835,"parent":0,"menu_order":0,"comment_status":"closed","ping_status":"closed","template":"","meta":{"footnotes":""},"class_list":["post-4","page","type-page","status-publish","has-post-thumbnail","hentry"],"yoast_head":"<!-- This site is optimized with the Yoast SEO plugin v23.4 - https:\/\/yoast.com\/wordpress\/plugins\/seo\/ -->\n<title>Impressum | Der beste Hausmeister der Stadt<\/title>\n<meta name=\"robots\" content=\"index, follow, max-snippet:-1, max-image-preview:large, max-video-preview:-1\" \/>\n<link rel=\"canonical\" href=\"https:\/\/www.asug-services.com\/de\/impressum\/\" \/>\n<meta property=\"og:locale\" content=\"de_DE\" \/>\n<meta property=\"og:type\" content=\"article\" \/>\n<meta property=\"og:title\" content=\"Impressum | Der beste Hausmeister der Stadt\" \/>\n<meta property=\"og:description\" content=\"Angaben gem\u00e4\u00df \u00a7 5 TMG ASUG Geb\u00e4udeservice GmbHEmilienstra\u00dfe 3509113 ChemnitzDeutschland vertreten durch:Gesch\u00e4ftsf\u00fchrung: Matthias Kunert,\u00a0Dipl.-Wirt.-Ing (FH) Kontakt Telefon: +49 (0)371 40 300 700Fax: +49 (0)371 40 300 710E-Mail: info@asug-services.comInternet: www.asug-services.com Registereintrag Eintragung im Handelsregister.Registergericht: Amtsgericht Chemnitz, SachsenRegisternummer: HRB 14071 Steuernummer: 215\/105\/08111 Betriebsnummer: 09282083 Umsatzsteuer-Identifikationsnummer gem\u00e4\u00df \u00a727 a Umsatzsteuergesetz: DE184555109 Zust\u00e4ndige Aufsichtsbeh\u00f6rden Industrie- und Handelskammer ChemnitzK\u00f6rperschaft des &hellip; \u201eImpressum\u201c weiterlesen\" \/>\n<meta property=\"og:url\" content=\"https:\/\/www.asug-services.com\/de\/impressum\/\" \/>\n<meta property=\"og:site_name\" content=\"Der beste Hausmeister der Stadt\" \/>\n<meta property=\"article:publisher\" content=\"https:\/\/www.facebook.com\/bester.hausmeister\" \/>\n<meta property=\"article:modified_time\" content=\"2026-02-17T14:35:48+00:00\" \/>\n<meta property=\"og:image\" content=\"https:\/\/www.asug-services.com\/wp-content\/uploads\/2018\/04\/01.jpg\" \/>\n\t<meta property=\"og:image:width\" content=\"1920\" \/>\n\t<meta property=\"og:image:height\" content=\"596\" \/>\n\t<meta property=\"og:image:type\" content=\"image\/jpeg\" \/>\n<meta name=\"twitter:card\" content=\"summary_large_image\" \/>\n<meta name=\"twitter:site\" content=\"@asug_services\" \/>\n<meta name=\"twitter:label1\" content=\"Gesch\u00e4tzte Lesezeit\" \/>\n\t<meta name=\"twitter:data1\" content=\"3\u00a0Minuten\" \/>\n<script type=\"application\/ld+json\" class=\"yoast-schema-graph\">{\"@context\":\"https:\/\/schema.org\",\"@graph\":[{\"@type\":\"WebPage\",\"@id\":\"https:\/\/www.asug-services.com\/de\/impressum\/\",\"url\":\"https:\/\/www.asug-services.com\/de\/impressum\/\",\"name\":\"Impressum | Der beste Hausmeister der Stadt\",\"isPartOf\":{\"@id\":\"https:\/\/www.asug-services.com\/de\/#website\"},\"primaryImageOfPage\":{\"@id\":\"https:\/\/www.asug-services.com\/de\/impressum\/#primaryimage\"},\"image\":{\"@id\":\"https:\/\/www.asug-services.com\/de\/impressum\/#primaryimage\"},\"thumbnailUrl\":\"https:\/\/www.asug-services.com\/wp-content\/uploads\/2018\/04\/01.jpg\",\"datePublished\":\"2017-07-14T14:29:01+00:00\",\"dateModified\":\"2026-02-17T14:35:48+00:00\",\"breadcrumb\":{\"@id\":\"https:\/\/www.asug-services.com\/de\/impressum\/#breadcrumb\"},\"inLanguage\":\"de\",\"potentialAction\":[{\"@type\":\"ReadAction\",\"target\":[\"https:\/\/www.asug-services.com\/de\/impressum\/\"]}]},{\"@type\":\"ImageObject\",\"inLanguage\":\"de\",\"@id\":\"https:\/\/www.asug-services.com\/de\/impressum\/#primaryimage\",\"url\":\"https:\/\/www.asug-services.com\/wp-content\/uploads\/2018\/04\/01.jpg\",\"contentUrl\":\"https:\/\/www.asug-services.com\/wp-content\/uploads\/2018\/04\/01.jpg\",\"width\":1920,\"height\":596},{\"@type\":\"BreadcrumbList\",\"@id\":\"https:\/\/www.asug-services.com\/de\/impressum\/#breadcrumb\",\"itemListElement\":[{\"@type\":\"ListItem\",\"position\":1,\"name\":\"Startseite\",\"item\":\"https:\/\/www.asug-services.com\/de\/\"},{\"@type\":\"ListItem\",\"position\":2,\"name\":\"Impressum\"}]},{\"@type\":\"WebSite\",\"@id\":\"https:\/\/www.asug-services.com\/de\/#website\",\"url\":\"https:\/\/www.asug-services.com\/de\/\",\"name\":\"Der beste Hausmeister der Stadt\",\"description\":\"\u2705 Ihr zuverl\u00e4ssiger Partner f\u00fcr Geb\u00e4udeservice \u2705 Seit 23 Jahren in Chemnitz \u2705 Kostenfreies Angebot innerhalb von 24 Stunden \u2705 Services in h\u00f6chster Qualit\u00e4t zu fairen Preisen \u2705 Perfekte Umsetzung Ihres Traumprojektes \u2705 \u00dcberzeugende Beratung \u2705 Fokussiert und zielorientiert \u2705 Mit viel Herzblut und gr\u00fcnem Daumen \u2705 Erfahren Sie, was uns einzigartig macht!\",\"publisher\":{\"@id\":\"https:\/\/www.asug-services.com\/de\/#organization\"},\"potentialAction\":[{\"@type\":\"SearchAction\",\"target\":{\"@type\":\"EntryPoint\",\"urlTemplate\":\"https:\/\/www.asug-services.com\/de\/?s={search_term_string}\"},\"query-input\":{\"@type\":\"PropertyValueSpecification\",\"valueRequired\":true,\"valueName\":\"search_term_string\"}}],\"inLanguage\":\"de\"},{\"@type\":\"Organization\",\"@id\":\"https:\/\/www.asug-services.com\/de\/#organization\",\"name\":\"ASUG Geb\u00e4udeservice GmbH\",\"url\":\"https:\/\/www.asug-services.com\/de\/\",\"logo\":{\"@type\":\"ImageObject\",\"inLanguage\":\"de\",\"@id\":\"https:\/\/www.asug-services.com\/de\/#\/schema\/logo\/image\/\",\"url\":\"https:\/\/www.asug-services.com\/wp-content\/uploads\/2017\/12\/ASUG-2017-07-17-Logo-f\u00fcr-Website-Bearbeitung-abgeschlossen.png\",\"contentUrl\":\"https:\/\/www.asug-services.com\/wp-content\/uploads\/2017\/12\/ASUG-2017-07-17-Logo-f\u00fcr-Website-Bearbeitung-abgeschlossen.png\",\"width\":3744,\"height\":343,\"caption\":\"ASUG Geb\u00e4udeservice GmbH\"},\"image\":{\"@id\":\"https:\/\/www.asug-services.com\/de\/#\/schema\/logo\/image\/\"},\"sameAs\":[\"https:\/\/www.facebook.com\/bester.hausmeister\",\"https:\/\/x.com\/asug_services\",\"https:\/\/www.instagram.com\/bester.hausmeister\/\"]}]}<\/script>\n<!-- \/ Yoast SEO plugin. -->","yoast_head_json":{"title":"Impressum | Der beste Hausmeister der Stadt","robots":{"index":"index","follow":"follow","max-snippet":"max-snippet:-1","max-image-preview":"max-image-preview:large","max-video-preview":"max-video-preview:-1"},"canonical":"https:\/\/www.asug-services.com\/de\/impressum\/","og_locale":"de_DE","og_type":"article","og_title":"Impressum | Der beste Hausmeister der Stadt","og_description":"Angaben gem\u00e4\u00df \u00a7 5 TMG ASUG Geb\u00e4udeservice GmbHEmilienstra\u00dfe 3509113 ChemnitzDeutschland vertreten durch:Gesch\u00e4ftsf\u00fchrung: Matthias Kunert,\u00a0Dipl.-Wirt.-Ing (FH) Kontakt Telefon: +49 (0)371 40 300 700Fax: +49 (0)371 40 300 710E-Mail: info@asug-services.comInternet: www.asug-services.com Registereintrag Eintragung im Handelsregister.Registergericht: Amtsgericht Chemnitz, SachsenRegisternummer: HRB 14071 Steuernummer: 215\/105\/08111 Betriebsnummer: 09282083 Umsatzsteuer-Identifikationsnummer gem\u00e4\u00df \u00a727 a Umsatzsteuergesetz: DE184555109 Zust\u00e4ndige Aufsichtsbeh\u00f6rden Industrie- und Handelskammer ChemnitzK\u00f6rperschaft des &hellip; \u201eImpressum\u201c weiterlesen","og_url":"https:\/\/www.asug-services.com\/de\/impressum\/","og_site_name":"Der beste Hausmeister der Stadt","article_publisher":"https:\/\/www.facebook.com\/bester.hausmeister","article_modified_time":"2026-02-17T14:35:48+00:00","og_image":[{"width":1920,"height":596,"url":"https:\/\/www.asug-services.com\/wp-content\/uploads\/2018\/04\/01.jpg","type":"image\/jpeg"}],"twitter_card":"summary_large_image","twitter_site":"@asug_services","twitter_misc":{"Gesch\u00e4tzte Lesezeit":"3\u00a0Minuten"},"schema":{"@context":"https:\/\/schema.org","@graph":[{"@type":"WebPage","@id":"https:\/\/www.asug-services.com\/de\/impressum\/","url":"https:\/\/www.asug-services.com\/de\/impressum\/","name":"Impressum | Der beste Hausmeister der Stadt","isPartOf":{"@id":"https:\/\/www.asug-services.com\/de\/#website"},"primaryImageOfPage":{"@id":"https:\/\/www.asug-services.com\/de\/impressum\/#primaryimage"},"image":{"@id":"https:\/\/www.asug-services.com\/de\/impressum\/#primaryimage"},"thumbnailUrl":"https:\/\/www.asug-services.com\/wp-content\/uploads\/2018\/04\/01.jpg","datePublished":"2017-07-14T14:29:01+00:00","dateModified":"2026-02-17T14:35:48+00:00","breadcrumb":{"@id":"https:\/\/www.asug-services.com\/de\/impressum\/#breadcrumb"},"inLanguage":"de","potentialAction":[{"@type":"ReadAction","target":["https:\/\/www.asug-services.com\/de\/impressum\/"]}]},{"@type":"ImageObject","inLanguage":"de","@id":"https:\/\/www.asug-services.com\/de\/impressum\/#primaryimage","url":"https:\/\/www.asug-services.com\/wp-content\/uploads\/2018\/04\/01.jpg","contentUrl":"https:\/\/www.asug-services.com\/wp-content\/uploads\/2018\/04\/01.jpg","width":1920,"height":596},{"@type":"BreadcrumbList","@id":"https:\/\/www.asug-services.com\/de\/impressum\/#breadcrumb","itemListElement":[{"@type":"ListItem","position":1,"name":"Startseite","item":"https:\/\/www.asug-services.com\/de\/"},{"@type":"ListItem","position":2,"name":"Impressum"}]},{"@type":"WebSite","@id":"https:\/\/www.asug-services.com\/de\/#website","url":"https:\/\/www.asug-services.com\/de\/","name":"Der beste Hausmeister der Stadt","description":"\u2705 Ihr zuverl\u00e4ssiger Partner f\u00fcr Geb\u00e4udeservice \u2705 Seit 23 Jahren in Chemnitz \u2705 Kostenfreies Angebot innerhalb von 24 Stunden \u2705 Services in h\u00f6chster Qualit\u00e4t zu fairen Preisen \u2705 Perfekte Umsetzung Ihres Traumprojektes \u2705 \u00dcberzeugende Beratung \u2705 Fokussiert und zielorientiert \u2705 Mit viel Herzblut und gr\u00fcnem Daumen \u2705 Erfahren Sie, was uns einzigartig macht!","publisher":{"@id":"https:\/\/www.asug-services.com\/de\/#organization"},"potentialAction":[{"@type":"SearchAction","target":{"@type":"EntryPoint","urlTemplate":"https:\/\/www.asug-services.com\/de\/?s={search_term_string}"},"query-input":{"@type":"PropertyValueSpecification","valueRequired":true,"valueName":"search_term_string"}}],"inLanguage":"de"},{"@type":"Organization","@id":"https:\/\/www.asug-services.com\/de\/#organization","name":"ASUG Geb\u00e4udeservice GmbH","url":"https:\/\/www.asug-services.com\/de\/","logo":{"@type":"ImageObject","inLanguage":"de","@id":"https:\/\/www.asug-services.com\/de\/#\/schema\/logo\/image\/","url":"https:\/\/www.asug-services.com\/wp-content\/uploads\/2017\/12\/ASUG-2017-07-17-Logo-f\u00fcr-Website-Bearbeitung-abgeschlossen.png","contentUrl":"https:\/\/www.asug-services.com\/wp-content\/uploads\/2017\/12\/ASUG-2017-07-17-Logo-f\u00fcr-Website-Bearbeitung-abgeschlossen.png","width":3744,"height":343,"caption":"ASUG Geb\u00e4udeservice GmbH"},"image":{"@id":"https:\/\/www.asug-services.com\/de\/#\/schema\/logo\/image\/"},"sameAs":["https:\/\/www.facebook.com\/bester.hausmeister","https:\/\/x.com\/asug_services","https:\/\/www.instagram.com\/bester.hausmeister\/"]}]}},"_links":{"self":[{"href":"https:\/\/www.asug-services.com\/de\/wp-json\/wp\/v2\/pages\/4"}],"collection":[{"href":"https:\/\/www.asug-services.com\/de\/wp-json\/wp\/v2\/pages"}],"about":[{"href":"https:\/\/www.asug-services.com\/de\/wp-json\/wp\/v2\/types\/page"}],"author":[{"embeddable":true,"href":"https:\/\/www.asug-services.com\/de\/wp-json\/wp\/v2\/users\/1"}],"replies":[{"embeddable":true,"href":"https:\/\/www.asug-services.com\/de\/wp-json\/wp\/v2\/comments?post=4"}],"version-history":[{"count":35,"href":"https:\/\/www.asug-services.com\/de\/wp-json\/wp\/v2\/pages\/4\/revisions"}],"predecessor-version":[{"id":2301,"href":"https:\/\/www.asug-services.com\/de\/wp-json\/wp\/v2\/pages\/4\/revisions\/2301"}],"wp:featuredmedia":[{"embeddable":true,"href":"https:\/\/www.asug-services.com\/de\/wp-json\/wp\/v2\/media\/835"}],"wp:attachment":[{"href":"https:\/\/www.asug-services.com\/de\/wp-json\/wp\/v2\/media?parent=4"}],"curies":[{"name":"wp","href":"https:\/\/api.w.org\/{rel}","templated":true}]}}