{"id":37,"date":"2017-07-15T19:30:18","date_gmt":"2017-07-15T17:30:18","guid":{"rendered":"http:\/\/www.asug-services.com\/?page_id=37"},"modified":"2023-03-17T10:56:51","modified_gmt":"2023-03-17T09:56:51","slug":"entsorgung-entruempelung","status":"publish","type":"page","link":"https:\/\/www.asug-services.com\/de\/facility-management\/entsorgung-entruempelung\/","title":{"rendered":"Entr\u00fcmpelung und Entsorgung in Chemnitz"},"content":{"rendered":"\n<div style=\"height:25px\" aria-hidden=\"true\" class=\"wp-block-spacer\"><\/div>\n\n\n\n<h2 class=\"has-text-align-center has-large-font-size wp-block-heading\" style=\"font-style:normal;font-weight:100\">Haushaltsaufl\u00f6sungen, Firmenaufl\u00f6sungen,  Wohnungsber\u00e4umungen und mehr!<\/h2>\n\n\n\n<div style=\"height:10px\" aria-hidden=\"true\" class=\"wp-block-spacer\"><\/div>\n\n\n\n<p>Sie ben\u00f6tigen professionelle Hilfe bei der Entr\u00fcmpelung Ihrer Immobilie? Ob es sich um eine Haushaltsaufl\u00f6sung, Wohnungsber\u00e4umung, Firmenaufl\u00f6sung oder einen Umzug handelt, wir bieten Ihnen zuverl\u00e4ssige und effiziente L\u00f6sungen. Seit \u00fcber 25 Jahren sind wir in Chemnitz und Umgebung t\u00e4tig und k\u00fcmmern uns um die Entr\u00fcmpelung von Wohnungen, Fabriken, Dachb\u00f6den, Kellern, Garagen, G\u00e4rten, H\u00f6fen und mehr. Dabei achten wir stets darauf, dass nur Sauberkeit zur\u00fcckbleibt.<\/p>\n\n\n\n<div class=\"wp-block-columns is-layout-flex wp-container-core-columns-is-layout-1 wp-block-columns-is-layout-flex\">\n<div class=\"wp-block-column is-layout-flow wp-block-column-is-layout-flow\">\n<p>Unsere erfahrenen Mitarbeiter unterst\u00fctzen Sie gerne bei der Entsorgung von Sperrm\u00fcll und anderen Abf\u00e4llen. Wir verf\u00fcgen \u00fcber einen umfangreichen Fuhrpark, mit dem wir auch schweres Mobiliar transportieren k\u00f6nnen. Wir nehmen jede Herausforderung an und setzen alles daran, Ihre Immobilie fristgerecht bezugsfertig zu \u00fcbergeben.<\/p>\n<\/div>\n\n\n\n<div class=\"wp-block-column is-layout-flow wp-block-column-is-layout-flow\">\n<figure class=\"wp-block-image size-large is-style-default\"><img loading=\"lazy\" decoding=\"async\" width=\"1024\" height=\"683\" src=\"https:\/\/www.asug-services.com\/wp-content\/uploads\/2023\/03\/Fotolia_112955900_Subscription_Monthly_XXL-2048x1365-1-1024x683.jpg\" alt=\"Entr\u00fcmpelung und Entsorgung in Chemnitz\" class=\"wp-image-2194\" srcset=\"https:\/\/www.asug-services.com\/wp-content\/uploads\/2023\/03\/Fotolia_112955900_Subscription_Monthly_XXL-2048x1365-1-1024x683.jpg 1024w, https:\/\/www.asug-services.com\/wp-content\/uploads\/2023\/03\/Fotolia_112955900_Subscription_Monthly_XXL-2048x1365-1-300x200.jpg 300w, https:\/\/www.asug-services.com\/wp-content\/uploads\/2023\/03\/Fotolia_112955900_Subscription_Monthly_XXL-2048x1365-1-768x512.jpg 768w, https:\/\/www.asug-services.com\/wp-content\/uploads\/2023\/03\/Fotolia_112955900_Subscription_Monthly_XXL-2048x1365-1-1536x1024.jpg 1536w, https:\/\/www.asug-services.com\/wp-content\/uploads\/2023\/03\/Fotolia_112955900_Subscription_Monthly_XXL-2048x1365-1.jpg 2048w\" sizes=\"(max-width: 767px) 89vw, (max-width: 1000px) 54vw, (max-width: 1071px) 543px, 580px\" \/><figcaption class=\"wp-element-caption\"><em>Foto: \u00a9 levelupart \/ #112955900 \/ stock.adobe.com<\/em><\/figcaption><\/figure>\n<\/div>\n<\/div>\n\n\n\n<p class=\"has-text-align-center\"><strong>Unser Leistungsangebot umfasst unter anderem:<\/strong><\/p>\n\n\n\n<p>\ud83c\udf43 <strong>Haushaltsaufl\u00f6sungen:<\/strong> Wir analysieren die Ausgangssituation und erstellen einen geeigneten Ablaufplan, um Ihre Immobilie schnellstm\u00f6glich und effizient zu entr\u00fcmpeln.<\/p>\n\n\n\n<p>\ud83c\udf43 <strong>Firmenaufl\u00f6sungen: <\/strong>Wir unterst\u00fctzen Sie bei der Entr\u00fcmpelung Ihres Betriebs und garantieren eine schnellstm\u00f6gliche Ausf\u00fchrung unserer Dienstleistungen.<\/p>\n\n\n\n<p>\ud83c\udf43 <strong>Wohnungsber\u00e4umungen: <\/strong>Wir entsorgen fachgerecht alle Abf\u00e4lle, die nach dem Auszug eines Mieters zur\u00fcckbleiben.<\/p>\n\n\n\n<div style=\"height:10px\" aria-hidden=\"true\" class=\"wp-block-spacer\"><\/div>\n\n\n\n<p>Wir entwickeln f\u00fcr jedes Objekt das richtige Entr\u00fcmpelungskonzept mit individuellen Ablaufpl\u00e4nen, zuverl\u00e4ssigen Mitarbeitern und umweltgerechten L\u00f6sungen. Kontaktieren Sie uns noch heute, um mehr \u00fcber unsere Dienstleistungen im Bereich Entr\u00fcmpelung und Entsorgung zu erfahren. Wir freuen uns darauf, Ihnen zu helfen.<\/p>\n\n\n\n<div class=\"wp-block-columns is-layout-flex wp-container-core-columns-is-layout-2 wp-block-columns-is-layout-flex\">\n<div class=\"wp-block-column is-vertically-aligned-center is-layout-flow wp-block-column-is-layout-flow\">\n<div class=\"wp-block-buttons has-custom-font-size has-medium-font-size is-horizontal is-content-justification-center is-layout-flex wp-container-core-buttons-is-layout-1 wp-block-buttons-is-layout-flex\">\n<div class=\"wp-block-button has-custom-font-size is-style-fill has-medium-font-size\"><a class=\"wp-block-button__link has-white-color has-text-color has-background wp-element-button\" href=\"https:\/\/www.asug-services.com\/de\/kontakt\/\" style=\"border-radius:5px;background-color:#73c800\">Jetzt Angebot anfordern!<\/a><\/div>\n<\/div>\n<\/div>\n<\/div>\n\n\n\n<div style=\"height:10px\" aria-hidden=\"true\" class=\"wp-block-spacer\"><\/div>\n\n\n\n<hr class=\"wp-block-separator has-text-color has-alpha-channel-opacity has-background is-style-default\" style=\"background-color:#73c800;color:#73c800\"\/>\n\n\n\n<p class=\"has-text-align-right has-small-font-size\">Letzte Aktualisierung am 17.03.2023 von\u00a0<a href=\"https:\/\/www.asug-services.com\/heitara-redaktion\">ASUG Geb\u00e4udeservice GmbH<\/a><\/p>\n\n\n\n<p class=\"has-text-align-right has-small-font-size\">\u00a9 ASUG Geb\u00e4udeservice GmbH<\/p>\n","protected":false},"excerpt":{"rendered":"<p>Haushaltsaufl\u00f6sungen, Firmenaufl\u00f6sungen, Wohnungsber\u00e4umungen und mehr! Sie ben\u00f6tigen professionelle Hilfe bei der Entr\u00fcmpelung Ihrer Immobilie? Ob es sich um eine Haushaltsaufl\u00f6sung, Wohnungsber\u00e4umung, Firmenaufl\u00f6sung oder einen Umzug handelt, wir bieten Ihnen zuverl\u00e4ssige und effiziente L\u00f6sungen. Seit \u00fcber 25 Jahren sind wir in Chemnitz und Umgebung t\u00e4tig und k\u00fcmmern uns um die Entr\u00fcmpelung von Wohnungen, Fabriken, Dachb\u00f6den, Kellern, &hellip; <\/p>\n<p class=\"link-more\"><a href=\"https:\/\/www.asug-services.com\/de\/facility-management\/entsorgung-entruempelung\/\" class=\"more-link\"><span class=\"screen-reader-text\">\u201eEntr\u00fcmpelung und Entsorgung in Chemnitz\u201c<\/span> weiterlesen<\/a><\/p>\n","protected":false},"author":1,"featured_media":0,"parent":28,"menu_order":0,"comment_status":"closed","ping_status":"closed","template":"","meta":{"footnotes":""},"class_list":["post-37","page","type-page","status-publish","hentry"],"yoast_head":"<!-- This site is optimized with the Yoast SEO plugin v23.4 - https:\/\/yoast.com\/wordpress\/plugins\/seo\/ -->\n<title>Entr\u00fcmpelung und Entsorgung in Chemnitz | Der beste Hausmeister der Stadt<\/title>\n<meta name=\"robots\" content=\"index, follow, max-snippet:-1, max-image-preview:large, max-video-preview:-1\" \/>\n<link rel=\"canonical\" href=\"https:\/\/www.asug-services.com\/de\/facility-management\/entsorgung-entruempelung\/\" \/>\n<meta property=\"og:locale\" content=\"de_DE\" \/>\n<meta property=\"og:type\" content=\"article\" \/>\n<meta property=\"og:title\" content=\"Entr\u00fcmpelung und Entsorgung in Chemnitz | Der beste Hausmeister der Stadt\" \/>\n<meta property=\"og:description\" content=\"Haushaltsaufl\u00f6sungen, Firmenaufl\u00f6sungen, Wohnungsber\u00e4umungen und mehr! Sie ben\u00f6tigen professionelle Hilfe bei der Entr\u00fcmpelung Ihrer Immobilie? Ob es sich um eine Haushaltsaufl\u00f6sung, Wohnungsber\u00e4umung, Firmenaufl\u00f6sung oder einen Umzug handelt, wir bieten Ihnen zuverl\u00e4ssige und effiziente L\u00f6sungen. Seit \u00fcber 25 Jahren sind wir in Chemnitz und Umgebung t\u00e4tig und k\u00fcmmern uns um die Entr\u00fcmpelung von Wohnungen, Fabriken, Dachb\u00f6den, Kellern, &hellip; \u201eEntr\u00fcmpelung und Entsorgung in Chemnitz\u201c weiterlesen\" \/>\n<meta property=\"og:url\" content=\"https:\/\/www.asug-services.com\/de\/facility-management\/entsorgung-entruempelung\/\" \/>\n<meta property=\"og:site_name\" content=\"Der beste Hausmeister der Stadt\" \/>\n<meta property=\"article:publisher\" content=\"https:\/\/www.facebook.com\/bester.hausmeister\" \/>\n<meta property=\"article:modified_time\" content=\"2023-03-17T09:56:51+00:00\" \/>\n<meta property=\"og:image\" content=\"https:\/\/www.asug-services.com\/wp-content\/uploads\/2023\/03\/Fotolia_112955900_Subscription_Monthly_XXL-2048x1365-1-1024x683.jpg\" \/>\n<meta name=\"twitter:card\" content=\"summary_large_image\" \/>\n<meta name=\"twitter:site\" content=\"@asug_services\" \/>\n<meta name=\"twitter:label1\" content=\"Gesch\u00e4tzte Lesezeit\" \/>\n\t<meta name=\"twitter:data1\" content=\"2\u00a0Minuten\" \/>\n<script type=\"application\/ld+json\" class=\"yoast-schema-graph\">{\"@context\":\"https:\/\/schema.org\",\"@graph\":[{\"@type\":\"WebPage\",\"@id\":\"https:\/\/www.asug-services.com\/de\/facility-management\/entsorgung-entruempelung\/\",\"url\":\"https:\/\/www.asug-services.com\/de\/facility-management\/entsorgung-entruempelung\/\",\"name\":\"Entr\u00fcmpelung und Entsorgung in Chemnitz | Der beste Hausmeister der Stadt\",\"isPartOf\":{\"@id\":\"https:\/\/www.asug-services.com\/de\/#website\"},\"primaryImageOfPage\":{\"@id\":\"https:\/\/www.asug-services.com\/de\/facility-management\/entsorgung-entruempelung\/#primaryimage\"},\"image\":{\"@id\":\"https:\/\/www.asug-services.com\/de\/facility-management\/entsorgung-entruempelung\/#primaryimage\"},\"thumbnailUrl\":\"https:\/\/www.asug-services.com\/wp-content\/uploads\/2023\/03\/Fotolia_112955900_Subscription_Monthly_XXL-2048x1365-1-1024x683.jpg\",\"datePublished\":\"2017-07-15T17:30:18+00:00\",\"dateModified\":\"2023-03-17T09:56:51+00:00\",\"breadcrumb\":{\"@id\":\"https:\/\/www.asug-services.com\/de\/facility-management\/entsorgung-entruempelung\/#breadcrumb\"},\"inLanguage\":\"de\",\"potentialAction\":[{\"@type\":\"ReadAction\",\"target\":[\"https:\/\/www.asug-services.com\/de\/facility-management\/entsorgung-entruempelung\/\"]}]},{\"@type\":\"ImageObject\",\"inLanguage\":\"de\",\"@id\":\"https:\/\/www.asug-services.com\/de\/facility-management\/entsorgung-entruempelung\/#primaryimage\",\"url\":\"https:\/\/www.asug-services.com\/wp-content\/uploads\/2023\/03\/Fotolia_112955900_Subscription_Monthly_XXL-2048x1365-1-1024x683.jpg\",\"contentUrl\":\"https:\/\/www.asug-services.com\/wp-content\/uploads\/2023\/03\/Fotolia_112955900_Subscription_Monthly_XXL-2048x1365-1-1024x683.jpg\"},{\"@type\":\"BreadcrumbList\",\"@id\":\"https:\/\/www.asug-services.com\/de\/facility-management\/entsorgung-entruempelung\/#breadcrumb\",\"itemListElement\":[{\"@type\":\"ListItem\",\"position\":1,\"name\":\"Startseite\",\"item\":\"https:\/\/www.asug-services.com\/de\/\"},{\"@type\":\"ListItem\",\"position\":2,\"name\":\"Facility-Management in Chemnitz\",\"item\":\"https:\/\/www.asug-services.com\/de\/facility-management\/\"},{\"@type\":\"ListItem\",\"position\":3,\"name\":\"Entr\u00fcmpelung und Entsorgung in Chemnitz\"}]},{\"@type\":\"WebSite\",\"@id\":\"https:\/\/www.asug-services.com\/de\/#website\",\"url\":\"https:\/\/www.asug-services.com\/de\/\",\"name\":\"Der beste Hausmeister der Stadt\",\"description\":\"\u2705 Ihr zuverl\u00e4ssiger Partner f\u00fcr Geb\u00e4udeservice \u2705 Seit 23 Jahren in Chemnitz \u2705 Kostenfreies Angebot innerhalb von 24 Stunden \u2705 Services in h\u00f6chster Qualit\u00e4t zu fairen Preisen \u2705 Perfekte Umsetzung Ihres Traumprojektes \u2705 \u00dcberzeugende Beratung \u2705 Fokussiert und zielorientiert \u2705 Mit viel Herzblut und gr\u00fcnem Daumen \u2705 Erfahren Sie, was uns einzigartig macht!\",\"publisher\":{\"@id\":\"https:\/\/www.asug-services.com\/de\/#organization\"},\"potentialAction\":[{\"@type\":\"SearchAction\",\"target\":{\"@type\":\"EntryPoint\",\"urlTemplate\":\"https:\/\/www.asug-services.com\/de\/?s={search_term_string}\"},\"query-input\":{\"@type\":\"PropertyValueSpecification\",\"valueRequired\":true,\"valueName\":\"search_term_string\"}}],\"inLanguage\":\"de\"},{\"@type\":\"Organization\",\"@id\":\"https:\/\/www.asug-services.com\/de\/#organization\",\"name\":\"ASUG Geb\u00e4udeservice GmbH\",\"url\":\"https:\/\/www.asug-services.com\/de\/\",\"logo\":{\"@type\":\"ImageObject\",\"inLanguage\":\"de\",\"@id\":\"https:\/\/www.asug-services.com\/de\/#\/schema\/logo\/image\/\",\"url\":\"https:\/\/www.asug-services.com\/wp-content\/uploads\/2017\/12\/ASUG-2017-07-17-Logo-f\u00fcr-Website-Bearbeitung-abgeschlossen.png\",\"contentUrl\":\"https:\/\/www.asug-services.com\/wp-content\/uploads\/2017\/12\/ASUG-2017-07-17-Logo-f\u00fcr-Website-Bearbeitung-abgeschlossen.png\",\"width\":3744,\"height\":343,\"caption\":\"ASUG Geb\u00e4udeservice GmbH\"},\"image\":{\"@id\":\"https:\/\/www.asug-services.com\/de\/#\/schema\/logo\/image\/\"},\"sameAs\":[\"https:\/\/www.facebook.com\/bester.hausmeister\",\"https:\/\/x.com\/asug_services\",\"https:\/\/www.instagram.com\/bester.hausmeister\/\"]}]}<\/script>\n<!-- \/ Yoast SEO plugin. -->","yoast_head_json":{"title":"Entr\u00fcmpelung und Entsorgung in Chemnitz | Der beste Hausmeister der Stadt","robots":{"index":"index","follow":"follow","max-snippet":"max-snippet:-1","max-image-preview":"max-image-preview:large","max-video-preview":"max-video-preview:-1"},"canonical":"https:\/\/www.asug-services.com\/de\/facility-management\/entsorgung-entruempelung\/","og_locale":"de_DE","og_type":"article","og_title":"Entr\u00fcmpelung und Entsorgung in Chemnitz | Der beste Hausmeister der Stadt","og_description":"Haushaltsaufl\u00f6sungen, Firmenaufl\u00f6sungen, Wohnungsber\u00e4umungen und mehr! Sie ben\u00f6tigen professionelle Hilfe bei der Entr\u00fcmpelung Ihrer Immobilie? Ob es sich um eine Haushaltsaufl\u00f6sung, Wohnungsber\u00e4umung, Firmenaufl\u00f6sung oder einen Umzug handelt, wir bieten Ihnen zuverl\u00e4ssige und effiziente L\u00f6sungen. Seit \u00fcber 25 Jahren sind wir in Chemnitz und Umgebung t\u00e4tig und k\u00fcmmern uns um die Entr\u00fcmpelung von Wohnungen, Fabriken, Dachb\u00f6den, Kellern, &hellip; \u201eEntr\u00fcmpelung und Entsorgung in Chemnitz\u201c weiterlesen","og_url":"https:\/\/www.asug-services.com\/de\/facility-management\/entsorgung-entruempelung\/","og_site_name":"Der beste Hausmeister der Stadt","article_publisher":"https:\/\/www.facebook.com\/bester.hausmeister","article_modified_time":"2023-03-17T09:56:51+00:00","og_image":[{"url":"https:\/\/www.asug-services.com\/wp-content\/uploads\/2023\/03\/Fotolia_112955900_Subscription_Monthly_XXL-2048x1365-1-1024x683.jpg"}],"twitter_card":"summary_large_image","twitter_site":"@asug_services","twitter_misc":{"Gesch\u00e4tzte Lesezeit":"2\u00a0Minuten"},"schema":{"@context":"https:\/\/schema.org","@graph":[{"@type":"WebPage","@id":"https:\/\/www.asug-services.com\/de\/facility-management\/entsorgung-entruempelung\/","url":"https:\/\/www.asug-services.com\/de\/facility-management\/entsorgung-entruempelung\/","name":"Entr\u00fcmpelung und Entsorgung in Chemnitz | Der beste Hausmeister der Stadt","isPartOf":{"@id":"https:\/\/www.asug-services.com\/de\/#website"},"primaryImageOfPage":{"@id":"https:\/\/www.asug-services.com\/de\/facility-management\/entsorgung-entruempelung\/#primaryimage"},"image":{"@id":"https:\/\/www.asug-services.com\/de\/facility-management\/entsorgung-entruempelung\/#primaryimage"},"thumbnailUrl":"https:\/\/www.asug-services.com\/wp-content\/uploads\/2023\/03\/Fotolia_112955900_Subscription_Monthly_XXL-2048x1365-1-1024x683.jpg","datePublished":"2017-07-15T17:30:18+00:00","dateModified":"2023-03-17T09:56:51+00:00","breadcrumb":{"@id":"https:\/\/www.asug-services.com\/de\/facility-management\/entsorgung-entruempelung\/#breadcrumb"},"inLanguage":"de","potentialAction":[{"@type":"ReadAction","target":["https:\/\/www.asug-services.com\/de\/facility-management\/entsorgung-entruempelung\/"]}]},{"@type":"ImageObject","inLanguage":"de","@id":"https:\/\/www.asug-services.com\/de\/facility-management\/entsorgung-entruempelung\/#primaryimage","url":"https:\/\/www.asug-services.com\/wp-content\/uploads\/2023\/03\/Fotolia_112955900_Subscription_Monthly_XXL-2048x1365-1-1024x683.jpg","contentUrl":"https:\/\/www.asug-services.com\/wp-content\/uploads\/2023\/03\/Fotolia_112955900_Subscription_Monthly_XXL-2048x1365-1-1024x683.jpg"},{"@type":"BreadcrumbList","@id":"https:\/\/www.asug-services.com\/de\/facility-management\/entsorgung-entruempelung\/#breadcrumb","itemListElement":[{"@type":"ListItem","position":1,"name":"Startseite","item":"https:\/\/www.asug-services.com\/de\/"},{"@type":"ListItem","position":2,"name":"Facility-Management in Chemnitz","item":"https:\/\/www.asug-services.com\/de\/facility-management\/"},{"@type":"ListItem","position":3,"name":"Entr\u00fcmpelung und Entsorgung in Chemnitz"}]},{"@type":"WebSite","@id":"https:\/\/www.asug-services.com\/de\/#website","url":"https:\/\/www.asug-services.com\/de\/","name":"Der beste Hausmeister der Stadt","description":"\u2705 Ihr zuverl\u00e4ssiger Partner f\u00fcr Geb\u00e4udeservice \u2705 Seit 23 Jahren in Chemnitz \u2705 Kostenfreies Angebot innerhalb von 24 Stunden \u2705 Services in h\u00f6chster Qualit\u00e4t zu fairen Preisen \u2705 Perfekte Umsetzung Ihres Traumprojektes \u2705 \u00dcberzeugende Beratung \u2705 Fokussiert und zielorientiert \u2705 Mit viel Herzblut und gr\u00fcnem Daumen \u2705 Erfahren Sie, was uns einzigartig macht!","publisher":{"@id":"https:\/\/www.asug-services.com\/de\/#organization"},"potentialAction":[{"@type":"SearchAction","target":{"@type":"EntryPoint","urlTemplate":"https:\/\/www.asug-services.com\/de\/?s={search_term_string}"},"query-input":{"@type":"PropertyValueSpecification","valueRequired":true,"valueName":"search_term_string"}}],"inLanguage":"de"},{"@type":"Organization","@id":"https:\/\/www.asug-services.com\/de\/#organization","name":"ASUG Geb\u00e4udeservice GmbH","url":"https:\/\/www.asug-services.com\/de\/","logo":{"@type":"ImageObject","inLanguage":"de","@id":"https:\/\/www.asug-services.com\/de\/#\/schema\/logo\/image\/","url":"https:\/\/www.asug-services.com\/wp-content\/uploads\/2017\/12\/ASUG-2017-07-17-Logo-f\u00fcr-Website-Bearbeitung-abgeschlossen.png","contentUrl":"https:\/\/www.asug-services.com\/wp-content\/uploads\/2017\/12\/ASUG-2017-07-17-Logo-f\u00fcr-Website-Bearbeitung-abgeschlossen.png","width":3744,"height":343,"caption":"ASUG Geb\u00e4udeservice GmbH"},"image":{"@id":"https:\/\/www.asug-services.com\/de\/#\/schema\/logo\/image\/"},"sameAs":["https:\/\/www.facebook.com\/bester.hausmeister","https:\/\/x.com\/asug_services","https:\/\/www.instagram.com\/bester.hausmeister\/"]}]}},"_links":{"self":[{"href":"https:\/\/www.asug-services.com\/de\/wp-json\/wp\/v2\/pages\/37"}],"collection":[{"href":"https:\/\/www.asug-services.com\/de\/wp-json\/wp\/v2\/pages"}],"about":[{"href":"https:\/\/www.asug-services.com\/de\/wp-json\/wp\/v2\/types\/page"}],"author":[{"embeddable":true,"href":"https:\/\/www.asug-services.com\/de\/wp-json\/wp\/v2\/users\/1"}],"replies":[{"embeddable":true,"href":"https:\/\/www.asug-services.com\/de\/wp-json\/wp\/v2\/comments?post=37"}],"version-history":[{"count":22,"href":"https:\/\/www.asug-services.com\/de\/wp-json\/wp\/v2\/pages\/37\/revisions"}],"predecessor-version":[{"id":2208,"href":"https:\/\/www.asug-services.com\/de\/wp-json\/wp\/v2\/pages\/37\/revisions\/2208"}],"up":[{"embeddable":true,"href":"https:\/\/www.asug-services.com\/de\/wp-json\/wp\/v2\/pages\/28"}],"wp:attachment":[{"href":"https:\/\/www.asug-services.com\/de\/wp-json\/wp\/v2\/media?parent=37"}],"curies":[{"name":"wp","href":"https:\/\/api.w.org\/{rel}","templated":true}]}}