{"id":35,"date":"2017-07-15T19:28:21","date_gmt":"2017-07-15T17:28:21","guid":{"rendered":"http:\/\/www.asug-services.com\/?page_id=35"},"modified":"2023-03-17T10:41:52","modified_gmt":"2023-03-17T09:41:52","slug":"gruenanlagenpflege","status":"publish","type":"page","link":"https:\/\/www.asug-services.com\/de\/facility-management\/gruenanlagenpflege\/","title":{"rendered":"Gr\u00fcnanlagenpflege in Chemnitz"},"content":{"rendered":"\n<h2 class=\"has-text-align-center wp-block-heading\">Ihre Profis f\u00fcr eine gepflegte Au\u00dfenanlage<\/h2>\n\n\n\n<p>Als professionelle Gr\u00fcnanlagenpflege sind wir Ihr zuverl\u00e4ssiger Partner f\u00fcr die Gestaltung und Pflege Ihrer Au\u00dfenanlagen. Wir sorgen daf\u00fcr, dass Ihre Gr\u00fcnfl\u00e4chen und Graufl\u00e4chen das Erscheinungsbild Ihres Unternehmens positiv beeinflussen. Eine gepflegte Au\u00dfenanlage ist nicht nur eine Visitenkarte, sondern tr\u00e4gt auch zum Wohlbefinden Ihrer Mitarbeiter und Kunden bei. Unsere erfahrenen Mitarbeiter sind Experten auf ihrem Gebiet und setzen modernste Technologie ein, um Ihre Au\u00dfenanlagen kontinuierlich zu pflegen und instand zu halten.<\/p>\n\n\n\n<p>Unser Leistungsangebot umfasst unter anderem:<\/p>\n\n\n\n<p><strong><span style=\"color: #66b32b;\">\ud83c\udf43<\/span><\/strong> Rasenpflege und -mahd<br><strong><span style=\"color: #66b32b;\">\ud83c\udf43<\/span><\/strong> Heckenschnitt und Strauchschnitt<br><strong><span style=\"color: #66b32b;\">\ud83c\udf43<\/span><\/strong> Geh\u00f6lzschnitt und Baumpflege<br><strong><span style=\"color: #66b32b;\">\ud83c\udf43<\/span><\/strong> Laubbeseitigung und Entsorgung von R\u00fcckst\u00e4nden<br><strong><span style=\"color: #66b32b;\">\ud83c\udf43<\/span><\/strong> Unkrautbeseitigung und Beetfl\u00e4chenreinigung<br><strong><span style=\"color: #66b32b;\">\ud83c\udf43<\/span><\/strong> Neuanlage von Gr\u00fcnfl\u00e4chen (Neu- und Ersatzpflanzungen)<br><strong><span style=\"color: #66b32b;\">\ud83c\udf43<\/span><\/strong> Baumpflege und Baumf\u00e4llarbeiten<br><strong><span style=\"color: #66b32b;\">\ud83c\udf43<\/span><\/strong> Entsorgung von R\u00fcckst\u00e4nden (z. B. Schnittreste von Geh\u00f6lzen)<br><strong><span style=\"color: #66b32b;\">\ud83c\udf43<\/span><\/strong> Schutzma\u00dfnahmen in den Wintermonaten (z. B. Abdeckung von empfindlichen Beeten und Pflanzen)<\/p>\n\n\n\n<p>Unsere Mitarbeiter sind darauf spezialisiert, Gr\u00fcn- und Au\u00dfenfl\u00e4chen so zu gestalten, dass diese zum Wohlbefinden von Mensch und Natur beitragen. Wir planen gemeinsam mit Ihnen die Durchf\u00fchrung unserer Dienstleistungen, um eine fach- und wunschgerechte Gestaltung Ihrer Au\u00dfenanlagen zu gew\u00e4hrleisten. Dabei beraten wir Sie gerne, wie Ihr Budget optimal eingesetzt werden kann, um den Aufwand und den Nutzen in ein positives Verh\u00e4ltnis zu bringen.<\/p>\n\n\n\n<p>Als etablierter Geb\u00e4udedienstleister mit \u00fcber 25 Jahren Erfahrung bieten wir unseren Kunden ein umfangreiches Dienstleistungsportfolio im Bereich der Gr\u00fcn- und Au\u00dfenanlagenpflege an. Unsere Mitarbeiter sind mit modernster Technik ausgestattet, um auch gr\u00f6\u00dfere Objekte zuverl\u00e4ssig und professionell pflegen und instand halten zu k\u00f6nnen.<\/p>\n\n\n\n<p>Auch Ihre Graufl\u00e4chen bed\u00fcrfen einer kontinuierlichen Pflege, um ein sauberes und gepflegtes Erscheinungsbild zu gew\u00e4hrleisten. Wir halten Ihre asphaltierten oder gepflasterten Fl\u00e4chen frei von Unkraut, Laub und Schmutz. Unsere erfahrenen Mitarbeiter setzen umweltfreundliche Methoden ein, um anhaftende Verschmutzungen wie Kaugummi, Maschinen\u00f6le oder Farbreste zu entfernen. Wir \u00fcbernehmen f\u00fcr Sie auch die Entsorgung des regelm\u00e4\u00dfig anfallenden Kehrichts, leeren Abfallbeh\u00e4lter und f\u00fcllen M\u00fclls\u00e4cke nach.<\/p>\n\n\n\n<p>Sie m\u00f6chten mehr \u00fcber unsere Methoden und Dienstleistungen im Bereich der Au\u00dfenpflege erfahren? Unsere Mitarbeiter im Bereich Stra\u00dfenreinigung stehen Ihnen gerne zur Verf\u00fcgung. Kontaktieren Sie uns kostenlos und unverbindlich \u2013 wir freuen uns auf Ihren Anruf.<\/p>\n\n\n\n<div style=\"height:10px\" aria-hidden=\"true\" class=\"wp-block-spacer\"><\/div>\n\n\n\n<hr class=\"wp-block-separator has-text-color has-alpha-channel-opacity has-background is-style-default\" style=\"background-color:#73c800;color:#73c800\"\/>\n\n\n\n<p class=\"has-text-align-right has-small-font-size\">Letzte Aktualisierung am 17.03.2023 von&nbsp;<a href=\"https:\/\/www.asug-services.com\/heitara-redaktion\">ASUG Geb\u00e4udeservice GmbH<\/a><\/p>\n\n\n\n<p class=\"has-text-align-right has-small-font-size\">\u00a9 ASUG Geb\u00e4udeservice GmbH<\/p>\n","protected":false},"excerpt":{"rendered":"<p>Ihre Profis f\u00fcr eine gepflegte Au\u00dfenanlage Als professionelle Gr\u00fcnanlagenpflege sind wir Ihr zuverl\u00e4ssiger Partner f\u00fcr die Gestaltung und Pflege Ihrer Au\u00dfenanlagen. Wir sorgen daf\u00fcr, dass Ihre Gr\u00fcnfl\u00e4chen und Graufl\u00e4chen das Erscheinungsbild Ihres Unternehmens positiv beeinflussen. Eine gepflegte Au\u00dfenanlage ist nicht nur eine Visitenkarte, sondern tr\u00e4gt auch zum Wohlbefinden Ihrer Mitarbeiter und Kunden bei. Unsere erfahrenen &hellip; <\/p>\n<p class=\"link-more\"><a href=\"https:\/\/www.asug-services.com\/de\/facility-management\/gruenanlagenpflege\/\" class=\"more-link\"><span class=\"screen-reader-text\">\u201eGr\u00fcnanlagenpflege in Chemnitz\u201c<\/span> weiterlesen<\/a><\/p>\n","protected":false},"author":1,"featured_media":164,"parent":28,"menu_order":0,"comment_status":"closed","ping_status":"closed","template":"","meta":{"footnotes":""},"class_list":["post-35","page","type-page","status-publish","has-post-thumbnail","hentry"],"yoast_head":"<!-- This site is optimized with the Yoast SEO plugin v23.4 - https:\/\/yoast.com\/wordpress\/plugins\/seo\/ -->\n<title>Gr\u00fcnanlagenpflege in Chemnitz | Der beste Hausmeister der Stadt<\/title>\n<meta name=\"robots\" content=\"index, follow, max-snippet:-1, max-image-preview:large, max-video-preview:-1\" \/>\n<link rel=\"canonical\" href=\"https:\/\/www.asug-services.com\/de\/facility-management\/gruenanlagenpflege\/\" \/>\n<meta property=\"og:locale\" content=\"de_DE\" \/>\n<meta property=\"og:type\" content=\"article\" \/>\n<meta property=\"og:title\" content=\"Gr\u00fcnanlagenpflege in Chemnitz | Der beste Hausmeister der Stadt\" \/>\n<meta property=\"og:description\" content=\"Ihre Profis f\u00fcr eine gepflegte Au\u00dfenanlage Als professionelle Gr\u00fcnanlagenpflege sind wir Ihr zuverl\u00e4ssiger Partner f\u00fcr die Gestaltung und Pflege Ihrer Au\u00dfenanlagen. Wir sorgen daf\u00fcr, dass Ihre Gr\u00fcnfl\u00e4chen und Graufl\u00e4chen das Erscheinungsbild Ihres Unternehmens positiv beeinflussen. Eine gepflegte Au\u00dfenanlage ist nicht nur eine Visitenkarte, sondern tr\u00e4gt auch zum Wohlbefinden Ihrer Mitarbeiter und Kunden bei. Unsere erfahrenen &hellip; \u201eGr\u00fcnanlagenpflege in Chemnitz\u201c weiterlesen\" \/>\n<meta property=\"og:url\" content=\"https:\/\/www.asug-services.com\/de\/facility-management\/gruenanlagenpflege\/\" \/>\n<meta property=\"og:site_name\" content=\"Der beste Hausmeister der Stadt\" \/>\n<meta property=\"article:publisher\" content=\"https:\/\/www.facebook.com\/bester.hausmeister\" \/>\n<meta property=\"article:modified_time\" content=\"2023-03-17T09:41:52+00:00\" \/>\n<meta property=\"og:image\" content=\"https:\/\/www.asug-services.com\/wp-content\/uploads\/2017\/07\/Fotolia_67084117_M-e1500387644324.jpg\" \/>\n\t<meta property=\"og:image:width\" content=\"1200\" \/>\n\t<meta property=\"og:image:height\" content=\"279\" \/>\n\t<meta property=\"og:image:type\" content=\"image\/jpeg\" \/>\n<meta name=\"twitter:card\" content=\"summary_large_image\" \/>\n<meta name=\"twitter:site\" content=\"@asug_services\" \/>\n<meta name=\"twitter:label1\" content=\"Gesch\u00e4tzte Lesezeit\" \/>\n\t<meta name=\"twitter:data1\" content=\"2\u00a0Minuten\" \/>\n<script type=\"application\/ld+json\" class=\"yoast-schema-graph\">{\"@context\":\"https:\/\/schema.org\",\"@graph\":[{\"@type\":\"WebPage\",\"@id\":\"https:\/\/www.asug-services.com\/de\/facility-management\/gruenanlagenpflege\/\",\"url\":\"https:\/\/www.asug-services.com\/de\/facility-management\/gruenanlagenpflege\/\",\"name\":\"Gr\u00fcnanlagenpflege in Chemnitz | Der beste Hausmeister der Stadt\",\"isPartOf\":{\"@id\":\"https:\/\/www.asug-services.com\/de\/#website\"},\"primaryImageOfPage\":{\"@id\":\"https:\/\/www.asug-services.com\/de\/facility-management\/gruenanlagenpflege\/#primaryimage\"},\"image\":{\"@id\":\"https:\/\/www.asug-services.com\/de\/facility-management\/gruenanlagenpflege\/#primaryimage\"},\"thumbnailUrl\":\"https:\/\/www.asug-services.com\/wp-content\/uploads\/2017\/07\/Fotolia_67084117_M-e1500387644324.jpg\",\"datePublished\":\"2017-07-15T17:28:21+00:00\",\"dateModified\":\"2023-03-17T09:41:52+00:00\",\"breadcrumb\":{\"@id\":\"https:\/\/www.asug-services.com\/de\/facility-management\/gruenanlagenpflege\/#breadcrumb\"},\"inLanguage\":\"de\",\"potentialAction\":[{\"@type\":\"ReadAction\",\"target\":[\"https:\/\/www.asug-services.com\/de\/facility-management\/gruenanlagenpflege\/\"]}]},{\"@type\":\"ImageObject\",\"inLanguage\":\"de\",\"@id\":\"https:\/\/www.asug-services.com\/de\/facility-management\/gruenanlagenpflege\/#primaryimage\",\"url\":\"https:\/\/www.asug-services.com\/wp-content\/uploads\/2017\/07\/Fotolia_67084117_M-e1500387644324.jpg\",\"contentUrl\":\"https:\/\/www.asug-services.com\/wp-content\/uploads\/2017\/07\/Fotolia_67084117_M-e1500387644324.jpg\",\"width\":1200,\"height\":279},{\"@type\":\"BreadcrumbList\",\"@id\":\"https:\/\/www.asug-services.com\/de\/facility-management\/gruenanlagenpflege\/#breadcrumb\",\"itemListElement\":[{\"@type\":\"ListItem\",\"position\":1,\"name\":\"Startseite\",\"item\":\"https:\/\/www.asug-services.com\/de\/\"},{\"@type\":\"ListItem\",\"position\":2,\"name\":\"Facility-Management in Chemnitz\",\"item\":\"https:\/\/www.asug-services.com\/de\/facility-management\/\"},{\"@type\":\"ListItem\",\"position\":3,\"name\":\"Gr\u00fcnanlagenpflege in Chemnitz\"}]},{\"@type\":\"WebSite\",\"@id\":\"https:\/\/www.asug-services.com\/de\/#website\",\"url\":\"https:\/\/www.asug-services.com\/de\/\",\"name\":\"Der beste Hausmeister der Stadt\",\"description\":\"\u2705 Ihr zuverl\u00e4ssiger Partner f\u00fcr Geb\u00e4udeservice \u2705 Seit 23 Jahren in Chemnitz \u2705 Kostenfreies Angebot innerhalb von 24 Stunden \u2705 Services in h\u00f6chster Qualit\u00e4t zu fairen Preisen \u2705 Perfekte Umsetzung Ihres Traumprojektes \u2705 \u00dcberzeugende Beratung \u2705 Fokussiert und zielorientiert \u2705 Mit viel Herzblut und gr\u00fcnem Daumen \u2705 Erfahren Sie, was uns einzigartig macht!\",\"publisher\":{\"@id\":\"https:\/\/www.asug-services.com\/de\/#organization\"},\"potentialAction\":[{\"@type\":\"SearchAction\",\"target\":{\"@type\":\"EntryPoint\",\"urlTemplate\":\"https:\/\/www.asug-services.com\/de\/?s={search_term_string}\"},\"query-input\":{\"@type\":\"PropertyValueSpecification\",\"valueRequired\":true,\"valueName\":\"search_term_string\"}}],\"inLanguage\":\"de\"},{\"@type\":\"Organization\",\"@id\":\"https:\/\/www.asug-services.com\/de\/#organization\",\"name\":\"ASUG Geb\u00e4udeservice GmbH\",\"url\":\"https:\/\/www.asug-services.com\/de\/\",\"logo\":{\"@type\":\"ImageObject\",\"inLanguage\":\"de\",\"@id\":\"https:\/\/www.asug-services.com\/de\/#\/schema\/logo\/image\/\",\"url\":\"https:\/\/www.asug-services.com\/wp-content\/uploads\/2017\/12\/ASUG-2017-07-17-Logo-f\u00fcr-Website-Bearbeitung-abgeschlossen.png\",\"contentUrl\":\"https:\/\/www.asug-services.com\/wp-content\/uploads\/2017\/12\/ASUG-2017-07-17-Logo-f\u00fcr-Website-Bearbeitung-abgeschlossen.png\",\"width\":3744,\"height\":343,\"caption\":\"ASUG Geb\u00e4udeservice GmbH\"},\"image\":{\"@id\":\"https:\/\/www.asug-services.com\/de\/#\/schema\/logo\/image\/\"},\"sameAs\":[\"https:\/\/www.facebook.com\/bester.hausmeister\",\"https:\/\/x.com\/asug_services\",\"https:\/\/www.instagram.com\/bester.hausmeister\/\"]}]}<\/script>\n<!-- \/ Yoast SEO plugin. -->","yoast_head_json":{"title":"Gr\u00fcnanlagenpflege in Chemnitz | Der beste Hausmeister der Stadt","robots":{"index":"index","follow":"follow","max-snippet":"max-snippet:-1","max-image-preview":"max-image-preview:large","max-video-preview":"max-video-preview:-1"},"canonical":"https:\/\/www.asug-services.com\/de\/facility-management\/gruenanlagenpflege\/","og_locale":"de_DE","og_type":"article","og_title":"Gr\u00fcnanlagenpflege in Chemnitz | Der beste Hausmeister der Stadt","og_description":"Ihre Profis f\u00fcr eine gepflegte Au\u00dfenanlage Als professionelle Gr\u00fcnanlagenpflege sind wir Ihr zuverl\u00e4ssiger Partner f\u00fcr die Gestaltung und Pflege Ihrer Au\u00dfenanlagen. Wir sorgen daf\u00fcr, dass Ihre Gr\u00fcnfl\u00e4chen und Graufl\u00e4chen das Erscheinungsbild Ihres Unternehmens positiv beeinflussen. Eine gepflegte Au\u00dfenanlage ist nicht nur eine Visitenkarte, sondern tr\u00e4gt auch zum Wohlbefinden Ihrer Mitarbeiter und Kunden bei. Unsere erfahrenen &hellip; \u201eGr\u00fcnanlagenpflege in Chemnitz\u201c weiterlesen","og_url":"https:\/\/www.asug-services.com\/de\/facility-management\/gruenanlagenpflege\/","og_site_name":"Der beste Hausmeister der Stadt","article_publisher":"https:\/\/www.facebook.com\/bester.hausmeister","article_modified_time":"2023-03-17T09:41:52+00:00","og_image":[{"width":1200,"height":279,"url":"https:\/\/www.asug-services.com\/wp-content\/uploads\/2017\/07\/Fotolia_67084117_M-e1500387644324.jpg","type":"image\/jpeg"}],"twitter_card":"summary_large_image","twitter_site":"@asug_services","twitter_misc":{"Gesch\u00e4tzte Lesezeit":"2\u00a0Minuten"},"schema":{"@context":"https:\/\/schema.org","@graph":[{"@type":"WebPage","@id":"https:\/\/www.asug-services.com\/de\/facility-management\/gruenanlagenpflege\/","url":"https:\/\/www.asug-services.com\/de\/facility-management\/gruenanlagenpflege\/","name":"Gr\u00fcnanlagenpflege in Chemnitz | Der beste Hausmeister der Stadt","isPartOf":{"@id":"https:\/\/www.asug-services.com\/de\/#website"},"primaryImageOfPage":{"@id":"https:\/\/www.asug-services.com\/de\/facility-management\/gruenanlagenpflege\/#primaryimage"},"image":{"@id":"https:\/\/www.asug-services.com\/de\/facility-management\/gruenanlagenpflege\/#primaryimage"},"thumbnailUrl":"https:\/\/www.asug-services.com\/wp-content\/uploads\/2017\/07\/Fotolia_67084117_M-e1500387644324.jpg","datePublished":"2017-07-15T17:28:21+00:00","dateModified":"2023-03-17T09:41:52+00:00","breadcrumb":{"@id":"https:\/\/www.asug-services.com\/de\/facility-management\/gruenanlagenpflege\/#breadcrumb"},"inLanguage":"de","potentialAction":[{"@type":"ReadAction","target":["https:\/\/www.asug-services.com\/de\/facility-management\/gruenanlagenpflege\/"]}]},{"@type":"ImageObject","inLanguage":"de","@id":"https:\/\/www.asug-services.com\/de\/facility-management\/gruenanlagenpflege\/#primaryimage","url":"https:\/\/www.asug-services.com\/wp-content\/uploads\/2017\/07\/Fotolia_67084117_M-e1500387644324.jpg","contentUrl":"https:\/\/www.asug-services.com\/wp-content\/uploads\/2017\/07\/Fotolia_67084117_M-e1500387644324.jpg","width":1200,"height":279},{"@type":"BreadcrumbList","@id":"https:\/\/www.asug-services.com\/de\/facility-management\/gruenanlagenpflege\/#breadcrumb","itemListElement":[{"@type":"ListItem","position":1,"name":"Startseite","item":"https:\/\/www.asug-services.com\/de\/"},{"@type":"ListItem","position":2,"name":"Facility-Management in Chemnitz","item":"https:\/\/www.asug-services.com\/de\/facility-management\/"},{"@type":"ListItem","position":3,"name":"Gr\u00fcnanlagenpflege in Chemnitz"}]},{"@type":"WebSite","@id":"https:\/\/www.asug-services.com\/de\/#website","url":"https:\/\/www.asug-services.com\/de\/","name":"Der beste Hausmeister der Stadt","description":"\u2705 Ihr zuverl\u00e4ssiger Partner f\u00fcr Geb\u00e4udeservice \u2705 Seit 23 Jahren in Chemnitz \u2705 Kostenfreies Angebot innerhalb von 24 Stunden \u2705 Services in h\u00f6chster Qualit\u00e4t zu fairen Preisen \u2705 Perfekte Umsetzung Ihres Traumprojektes \u2705 \u00dcberzeugende Beratung \u2705 Fokussiert und zielorientiert \u2705 Mit viel Herzblut und gr\u00fcnem Daumen \u2705 Erfahren Sie, was uns einzigartig macht!","publisher":{"@id":"https:\/\/www.asug-services.com\/de\/#organization"},"potentialAction":[{"@type":"SearchAction","target":{"@type":"EntryPoint","urlTemplate":"https:\/\/www.asug-services.com\/de\/?s={search_term_string}"},"query-input":{"@type":"PropertyValueSpecification","valueRequired":true,"valueName":"search_term_string"}}],"inLanguage":"de"},{"@type":"Organization","@id":"https:\/\/www.asug-services.com\/de\/#organization","name":"ASUG Geb\u00e4udeservice GmbH","url":"https:\/\/www.asug-services.com\/de\/","logo":{"@type":"ImageObject","inLanguage":"de","@id":"https:\/\/www.asug-services.com\/de\/#\/schema\/logo\/image\/","url":"https:\/\/www.asug-services.com\/wp-content\/uploads\/2017\/12\/ASUG-2017-07-17-Logo-f\u00fcr-Website-Bearbeitung-abgeschlossen.png","contentUrl":"https:\/\/www.asug-services.com\/wp-content\/uploads\/2017\/12\/ASUG-2017-07-17-Logo-f\u00fcr-Website-Bearbeitung-abgeschlossen.png","width":3744,"height":343,"caption":"ASUG Geb\u00e4udeservice GmbH"},"image":{"@id":"https:\/\/www.asug-services.com\/de\/#\/schema\/logo\/image\/"},"sameAs":["https:\/\/www.facebook.com\/bester.hausmeister","https:\/\/x.com\/asug_services","https:\/\/www.instagram.com\/bester.hausmeister\/"]}]}},"_links":{"self":[{"href":"https:\/\/www.asug-services.com\/de\/wp-json\/wp\/v2\/pages\/35"}],"collection":[{"href":"https:\/\/www.asug-services.com\/de\/wp-json\/wp\/v2\/pages"}],"about":[{"href":"https:\/\/www.asug-services.com\/de\/wp-json\/wp\/v2\/types\/page"}],"author":[{"embeddable":true,"href":"https:\/\/www.asug-services.com\/de\/wp-json\/wp\/v2\/users\/1"}],"replies":[{"embeddable":true,"href":"https:\/\/www.asug-services.com\/de\/wp-json\/wp\/v2\/comments?post=35"}],"version-history":[{"count":16,"href":"https:\/\/www.asug-services.com\/de\/wp-json\/wp\/v2\/pages\/35\/revisions"}],"predecessor-version":[{"id":2204,"href":"https:\/\/www.asug-services.com\/de\/wp-json\/wp\/v2\/pages\/35\/revisions\/2204"}],"up":[{"embeddable":true,"href":"https:\/\/www.asug-services.com\/de\/wp-json\/wp\/v2\/pages\/28"}],"wp:featuredmedia":[{"embeddable":true,"href":"https:\/\/www.asug-services.com\/de\/wp-json\/wp\/v2\/media\/164"}],"wp:attachment":[{"href":"https:\/\/www.asug-services.com\/de\/wp-json\/wp\/v2\/media?parent=35"}],"curies":[{"name":"wp","href":"https:\/\/api.w.org\/{rel}","templated":true}]}}