{"id":32,"date":"2017-07-15T19:23:25","date_gmt":"2017-07-15T17:23:25","guid":{"rendered":"http:\/\/www.asug-services.com\/?page_id=32"},"modified":"2018-01-20T14:20:13","modified_gmt":"2018-01-20T13:20:13","slug":"hausmeisterservice","status":"publish","type":"page","link":"https:\/\/www.asug-services.com\/de\/facility-management\/hausmeisterservice\/","title":{"rendered":"Hausmeisterservice"},"content":{"rendered":"<p style=\"text-align: justify;\">Jede Immobilie braucht einen zuverl\u00e4ssigen Hausmeister \u2013 Ob Leuchtmittelaustausch oder Durchf\u00fchrung von Kleinreparaturen \u2013 unsere Fachkr\u00e4fte k\u00fcmmern sich gewissenhaft um Ihr Objekt!<\/p>\n<h1><strong>Unsere Mitarbeiter sind nicht nur einfache &#8222;Hausmeister&#8220;\u2026<\/strong><\/h1>\n<p style=\"text-align: justify;\">\u2026sie sind vielmehr ausgebildete Fachkr\u00e4fte mit langj\u00e4hriger Praxiserfahrung im technischen Bereich. Sie punkten bei unseren Kunden mit Zuverl\u00e4ssigkeit, P\u00fcnktlichkeit und Vertrauen. Sie f\u00fchren s\u00e4mtliche \u00fcbertragene Aufgaben gewissenhaft und mit bestem Fachwissen durch. Pl\u00f6tzlich auftretende St\u00f6rungen oder Behinderungen beseitigen unsere Haustechniker flexible und verantwortungsbewusst.<\/p>\n<h1><strong>Unser Leistungsangebot im Bereich Hausmeisterservice<\/strong><\/h1>\n<p style=\"text-align: justify;\">Unsere Hauswarte sind echte Allrounder \u2013 sie f\u00fchren t\u00e4glich Reparaturen in der gesamten Immobilie aus. Au\u00dferdem erledigen sie T\u00e4tigkeiten des Winterdienstes, der Gr\u00fcnanlagenpflege sowie der Geb\u00e4udereinigung. Das Leistungsportfolio unserer Hausmeister beinhaltet unter anderem folgende Aufgaben:<\/p>\n<p>\u2705 Regelm\u00e4\u00dfige Kontrollen der Geb\u00e4ude- und Technikfl\u00e4chen, der Flucht- und Rettungswege, der Au\u00dfen- und Innenbeleuchtungstechnik, der Beschilderung von Verkehrswegen<br \/>\n\u2705 Durchf\u00fchrung von Kleinreparaturen im gesamten Objekt<br \/>\n\u2705 Erneuerung bzw. Austausch von Beschilderungen<br \/>\n\u2705 Beseitigung von M\u00e4ngeln und Sch\u00e4den<br \/>\n\u2705 Austausch von Leuchtmitteln<\/p>\n<p style=\"text-align: justify;\">Zus\u00e4tzlich f\u00fchren unsere Fachkr\u00e4fte regelm\u00e4\u00dfige Kontrollrundg\u00e4nge im gesamten Objekt durch. Je nach Vorgabe des Auftraggebers lesen sie Z\u00e4hlerst\u00e4nde ab. Sie weisen in der kalten Jahreszeit auf Gefahren durch Schnee und Gl\u00e4tte hin. Sie dokumentieren eventuelle Verst\u00f6\u00dfe gegen die Hausordnung und melden erkannte M\u00e4ngel oder sonstige Sch\u00e4den. Au\u00dferdem leiten Erstma\u00dfnahmen zu deren Beseitigung ein.<\/p>\n<h1><strong>Unser Service beginnt bereits bei der Erstbesichtigung Ihrer Immobilie<\/strong><\/h1>\n<p style=\"text-align: justify;\">Bereits vor der ersten Auftragsdurchf\u00fchrung begehen wir Ihr Objekt, um ein grundlegendes Gesamtbild Ihrer Anlage zu erhalten. Gemeinsam mit Ihnen legen wir im pers\u00f6nlichen Gespr\u00e4ch s\u00e4mtliche Anforderungen an die Betreuung und Instandhaltung Ihrer Immobilie fest. Wir planen, wie h\u00e4ufig und in welchem Umfang unsere Dienstleistungen durchzuf\u00fchren sind, um Ihrem Anspruch gerecht werden zu k\u00f6nnen. Sie profitieren nicht nur von einer fachlichen Beratung sowie einer hohen Flexibilit\u00e4t, sondern erhalten auf Wunsch alle Dienstleistungen im Bereich Geb\u00e4udeservice aus einer Hand.<\/p>\n<p style=\"text-align: justify;\">Unser Leistungsspektrum im Bereich Hausmeisterservice ist umfangreich. Um die Zufriedenheit unserer Kunden zu gew\u00e4hrleisten, setzen wir auf kompetente Fachkr\u00e4fte, moderne Technik und Qualit\u00e4t in der Umsetzung unserer Leistungen. W\u00fcnschen Sie weitere Informationen zu unseren Leistungen im Bereich Hausmeisterservice? Kontaktieren Sie uns kostenlos \u2013 wir freuen uns auf Ihren Kontakt.<\/p>\n","protected":false},"excerpt":{"rendered":"<p>Jede Immobilie braucht einen zuverl\u00e4ssigen Hausmeister \u2013 Ob Leuchtmittelaustausch oder Durchf\u00fchrung von Kleinreparaturen \u2013 unsere Fachkr\u00e4fte k\u00fcmmern sich gewissenhaft um Ihr Objekt! Unsere Mitarbeiter sind nicht nur einfache &#8222;Hausmeister&#8220;\u2026 \u2026sie sind vielmehr ausgebildete Fachkr\u00e4fte mit langj\u00e4hriger Praxiserfahrung im technischen Bereich. Sie punkten bei unseren Kunden mit Zuverl\u00e4ssigkeit, P\u00fcnktlichkeit und Vertrauen. Sie f\u00fchren s\u00e4mtliche \u00fcbertragene Aufgaben &hellip; <\/p>\n<p class=\"link-more\"><a href=\"https:\/\/www.asug-services.com\/de\/facility-management\/hausmeisterservice\/\" class=\"more-link\"><span class=\"screen-reader-text\">\u201eHausmeisterservice\u201c<\/span> weiterlesen<\/a><\/p>\n","protected":false},"author":1,"featured_media":0,"parent":28,"menu_order":0,"comment_status":"closed","ping_status":"closed","template":"","meta":{"footnotes":""},"class_list":["post-32","page","type-page","status-publish","hentry"],"yoast_head":"<!-- This site is optimized with the Yoast SEO plugin v23.4 - https:\/\/yoast.com\/wordpress\/plugins\/seo\/ -->\n<title>Hausmeisterservice | Der beste Hausmeister der Stadt<\/title>\n<meta name=\"robots\" content=\"index, follow, max-snippet:-1, max-image-preview:large, max-video-preview:-1\" \/>\n<link rel=\"canonical\" href=\"https:\/\/www.asug-services.com\/de\/facility-management\/hausmeisterservice\/\" \/>\n<meta property=\"og:locale\" content=\"de_DE\" \/>\n<meta property=\"og:type\" content=\"article\" \/>\n<meta property=\"og:title\" content=\"Hausmeisterservice | Der beste Hausmeister der Stadt\" \/>\n<meta property=\"og:description\" content=\"Jede Immobilie braucht einen zuverl\u00e4ssigen Hausmeister \u2013 Ob Leuchtmittelaustausch oder Durchf\u00fchrung von Kleinreparaturen \u2013 unsere Fachkr\u00e4fte k\u00fcmmern sich gewissenhaft um Ihr Objekt! Unsere Mitarbeiter sind nicht nur einfache &#8222;Hausmeister&#8220;\u2026 \u2026sie sind vielmehr ausgebildete Fachkr\u00e4fte mit langj\u00e4hriger Praxiserfahrung im technischen Bereich. Sie punkten bei unseren Kunden mit Zuverl\u00e4ssigkeit, P\u00fcnktlichkeit und Vertrauen. Sie f\u00fchren s\u00e4mtliche \u00fcbertragene Aufgaben &hellip; \u201eHausmeisterservice\u201c weiterlesen\" \/>\n<meta property=\"og:url\" content=\"https:\/\/www.asug-services.com\/de\/facility-management\/hausmeisterservice\/\" \/>\n<meta property=\"og:site_name\" content=\"Der beste Hausmeister der Stadt\" \/>\n<meta property=\"article:publisher\" content=\"https:\/\/www.facebook.com\/bester.hausmeister\" \/>\n<meta property=\"article:modified_time\" content=\"2018-01-20T13:20:13+00:00\" \/>\n<meta name=\"twitter:card\" content=\"summary_large_image\" \/>\n<meta name=\"twitter:site\" content=\"@asug_services\" \/>\n<meta name=\"twitter:label1\" content=\"Gesch\u00e4tzte Lesezeit\" \/>\n\t<meta name=\"twitter:data1\" content=\"2\u00a0Minuten\" \/>\n<script type=\"application\/ld+json\" class=\"yoast-schema-graph\">{\"@context\":\"https:\/\/schema.org\",\"@graph\":[{\"@type\":\"WebPage\",\"@id\":\"https:\/\/www.asug-services.com\/de\/facility-management\/hausmeisterservice\/\",\"url\":\"https:\/\/www.asug-services.com\/de\/facility-management\/hausmeisterservice\/\",\"name\":\"Hausmeisterservice | Der beste Hausmeister der Stadt\",\"isPartOf\":{\"@id\":\"https:\/\/www.asug-services.com\/de\/#website\"},\"datePublished\":\"2017-07-15T17:23:25+00:00\",\"dateModified\":\"2018-01-20T13:20:13+00:00\",\"breadcrumb\":{\"@id\":\"https:\/\/www.asug-services.com\/de\/facility-management\/hausmeisterservice\/#breadcrumb\"},\"inLanguage\":\"de\",\"potentialAction\":[{\"@type\":\"ReadAction\",\"target\":[\"https:\/\/www.asug-services.com\/de\/facility-management\/hausmeisterservice\/\"]}]},{\"@type\":\"BreadcrumbList\",\"@id\":\"https:\/\/www.asug-services.com\/de\/facility-management\/hausmeisterservice\/#breadcrumb\",\"itemListElement\":[{\"@type\":\"ListItem\",\"position\":1,\"name\":\"Startseite\",\"item\":\"https:\/\/www.asug-services.com\/de\/\"},{\"@type\":\"ListItem\",\"position\":2,\"name\":\"Facility-Management in Chemnitz\",\"item\":\"https:\/\/www.asug-services.com\/de\/facility-management\/\"},{\"@type\":\"ListItem\",\"position\":3,\"name\":\"Hausmeisterservice\"}]},{\"@type\":\"WebSite\",\"@id\":\"https:\/\/www.asug-services.com\/de\/#website\",\"url\":\"https:\/\/www.asug-services.com\/de\/\",\"name\":\"Der beste Hausmeister der Stadt\",\"description\":\"\u2705 Ihr zuverl\u00e4ssiger Partner f\u00fcr Geb\u00e4udeservice \u2705 Seit 23 Jahren in Chemnitz \u2705 Kostenfreies Angebot innerhalb von 24 Stunden \u2705 Services in h\u00f6chster Qualit\u00e4t zu fairen Preisen \u2705 Perfekte Umsetzung Ihres Traumprojektes \u2705 \u00dcberzeugende Beratung \u2705 Fokussiert und zielorientiert \u2705 Mit viel Herzblut und gr\u00fcnem Daumen \u2705 Erfahren Sie, was uns einzigartig macht!\",\"publisher\":{\"@id\":\"https:\/\/www.asug-services.com\/de\/#organization\"},\"potentialAction\":[{\"@type\":\"SearchAction\",\"target\":{\"@type\":\"EntryPoint\",\"urlTemplate\":\"https:\/\/www.asug-services.com\/de\/?s={search_term_string}\"},\"query-input\":{\"@type\":\"PropertyValueSpecification\",\"valueRequired\":true,\"valueName\":\"search_term_string\"}}],\"inLanguage\":\"de\"},{\"@type\":\"Organization\",\"@id\":\"https:\/\/www.asug-services.com\/de\/#organization\",\"name\":\"ASUG Geb\u00e4udeservice GmbH\",\"url\":\"https:\/\/www.asug-services.com\/de\/\",\"logo\":{\"@type\":\"ImageObject\",\"inLanguage\":\"de\",\"@id\":\"https:\/\/www.asug-services.com\/de\/#\/schema\/logo\/image\/\",\"url\":\"https:\/\/www.asug-services.com\/wp-content\/uploads\/2017\/12\/ASUG-2017-07-17-Logo-f\u00fcr-Website-Bearbeitung-abgeschlossen.png\",\"contentUrl\":\"https:\/\/www.asug-services.com\/wp-content\/uploads\/2017\/12\/ASUG-2017-07-17-Logo-f\u00fcr-Website-Bearbeitung-abgeschlossen.png\",\"width\":3744,\"height\":343,\"caption\":\"ASUG Geb\u00e4udeservice GmbH\"},\"image\":{\"@id\":\"https:\/\/www.asug-services.com\/de\/#\/schema\/logo\/image\/\"},\"sameAs\":[\"https:\/\/www.facebook.com\/bester.hausmeister\",\"https:\/\/x.com\/asug_services\",\"https:\/\/www.instagram.com\/bester.hausmeister\/\"]}]}<\/script>\n<!-- \/ Yoast SEO plugin. -->","yoast_head_json":{"title":"Hausmeisterservice | Der beste Hausmeister der Stadt","robots":{"index":"index","follow":"follow","max-snippet":"max-snippet:-1","max-image-preview":"max-image-preview:large","max-video-preview":"max-video-preview:-1"},"canonical":"https:\/\/www.asug-services.com\/de\/facility-management\/hausmeisterservice\/","og_locale":"de_DE","og_type":"article","og_title":"Hausmeisterservice | Der beste Hausmeister der Stadt","og_description":"Jede Immobilie braucht einen zuverl\u00e4ssigen Hausmeister \u2013 Ob Leuchtmittelaustausch oder Durchf\u00fchrung von Kleinreparaturen \u2013 unsere Fachkr\u00e4fte k\u00fcmmern sich gewissenhaft um Ihr Objekt! Unsere Mitarbeiter sind nicht nur einfache &#8222;Hausmeister&#8220;\u2026 \u2026sie sind vielmehr ausgebildete Fachkr\u00e4fte mit langj\u00e4hriger Praxiserfahrung im technischen Bereich. Sie punkten bei unseren Kunden mit Zuverl\u00e4ssigkeit, P\u00fcnktlichkeit und Vertrauen. Sie f\u00fchren s\u00e4mtliche \u00fcbertragene Aufgaben &hellip; \u201eHausmeisterservice\u201c weiterlesen","og_url":"https:\/\/www.asug-services.com\/de\/facility-management\/hausmeisterservice\/","og_site_name":"Der beste Hausmeister der Stadt","article_publisher":"https:\/\/www.facebook.com\/bester.hausmeister","article_modified_time":"2018-01-20T13:20:13+00:00","twitter_card":"summary_large_image","twitter_site":"@asug_services","twitter_misc":{"Gesch\u00e4tzte Lesezeit":"2\u00a0Minuten"},"schema":{"@context":"https:\/\/schema.org","@graph":[{"@type":"WebPage","@id":"https:\/\/www.asug-services.com\/de\/facility-management\/hausmeisterservice\/","url":"https:\/\/www.asug-services.com\/de\/facility-management\/hausmeisterservice\/","name":"Hausmeisterservice | Der beste Hausmeister der Stadt","isPartOf":{"@id":"https:\/\/www.asug-services.com\/de\/#website"},"datePublished":"2017-07-15T17:23:25+00:00","dateModified":"2018-01-20T13:20:13+00:00","breadcrumb":{"@id":"https:\/\/www.asug-services.com\/de\/facility-management\/hausmeisterservice\/#breadcrumb"},"inLanguage":"de","potentialAction":[{"@type":"ReadAction","target":["https:\/\/www.asug-services.com\/de\/facility-management\/hausmeisterservice\/"]}]},{"@type":"BreadcrumbList","@id":"https:\/\/www.asug-services.com\/de\/facility-management\/hausmeisterservice\/#breadcrumb","itemListElement":[{"@type":"ListItem","position":1,"name":"Startseite","item":"https:\/\/www.asug-services.com\/de\/"},{"@type":"ListItem","position":2,"name":"Facility-Management in Chemnitz","item":"https:\/\/www.asug-services.com\/de\/facility-management\/"},{"@type":"ListItem","position":3,"name":"Hausmeisterservice"}]},{"@type":"WebSite","@id":"https:\/\/www.asug-services.com\/de\/#website","url":"https:\/\/www.asug-services.com\/de\/","name":"Der beste Hausmeister der Stadt","description":"\u2705 Ihr zuverl\u00e4ssiger Partner f\u00fcr Geb\u00e4udeservice \u2705 Seit 23 Jahren in Chemnitz \u2705 Kostenfreies Angebot innerhalb von 24 Stunden \u2705 Services in h\u00f6chster Qualit\u00e4t zu fairen Preisen \u2705 Perfekte Umsetzung Ihres Traumprojektes \u2705 \u00dcberzeugende Beratung \u2705 Fokussiert und zielorientiert \u2705 Mit viel Herzblut und gr\u00fcnem Daumen \u2705 Erfahren Sie, was uns einzigartig macht!","publisher":{"@id":"https:\/\/www.asug-services.com\/de\/#organization"},"potentialAction":[{"@type":"SearchAction","target":{"@type":"EntryPoint","urlTemplate":"https:\/\/www.asug-services.com\/de\/?s={search_term_string}"},"query-input":{"@type":"PropertyValueSpecification","valueRequired":true,"valueName":"search_term_string"}}],"inLanguage":"de"},{"@type":"Organization","@id":"https:\/\/www.asug-services.com\/de\/#organization","name":"ASUG Geb\u00e4udeservice GmbH","url":"https:\/\/www.asug-services.com\/de\/","logo":{"@type":"ImageObject","inLanguage":"de","@id":"https:\/\/www.asug-services.com\/de\/#\/schema\/logo\/image\/","url":"https:\/\/www.asug-services.com\/wp-content\/uploads\/2017\/12\/ASUG-2017-07-17-Logo-f\u00fcr-Website-Bearbeitung-abgeschlossen.png","contentUrl":"https:\/\/www.asug-services.com\/wp-content\/uploads\/2017\/12\/ASUG-2017-07-17-Logo-f\u00fcr-Website-Bearbeitung-abgeschlossen.png","width":3744,"height":343,"caption":"ASUG Geb\u00e4udeservice GmbH"},"image":{"@id":"https:\/\/www.asug-services.com\/de\/#\/schema\/logo\/image\/"},"sameAs":["https:\/\/www.facebook.com\/bester.hausmeister","https:\/\/x.com\/asug_services","https:\/\/www.instagram.com\/bester.hausmeister\/"]}]}},"_links":{"self":[{"href":"https:\/\/www.asug-services.com\/de\/wp-json\/wp\/v2\/pages\/32"}],"collection":[{"href":"https:\/\/www.asug-services.com\/de\/wp-json\/wp\/v2\/pages"}],"about":[{"href":"https:\/\/www.asug-services.com\/de\/wp-json\/wp\/v2\/types\/page"}],"author":[{"embeddable":true,"href":"https:\/\/www.asug-services.com\/de\/wp-json\/wp\/v2\/users\/1"}],"replies":[{"embeddable":true,"href":"https:\/\/www.asug-services.com\/de\/wp-json\/wp\/v2\/comments?post=32"}],"version-history":[{"count":9,"href":"https:\/\/www.asug-services.com\/de\/wp-json\/wp\/v2\/pages\/32\/revisions"}],"predecessor-version":[{"id":634,"href":"https:\/\/www.asug-services.com\/de\/wp-json\/wp\/v2\/pages\/32\/revisions\/634"}],"up":[{"embeddable":true,"href":"https:\/\/www.asug-services.com\/de\/wp-json\/wp\/v2\/pages\/28"}],"wp:attachment":[{"href":"https:\/\/www.asug-services.com\/de\/wp-json\/wp\/v2\/media?parent=32"}],"curies":[{"name":"wp","href":"https:\/\/api.w.org\/{rel}","templated":true}]}}