{"id":28,"date":"2017-07-15T19:13:20","date_gmt":"2017-07-15T17:13:20","guid":{"rendered":"http:\/\/www.asug-services.com\/?page_id=28"},"modified":"2023-03-17T09:48:07","modified_gmt":"2023-03-17T08:48:07","slug":"facility-management","status":"publish","type":"page","link":"https:\/\/www.asug-services.com\/de\/facility-management\/","title":{"rendered":"Facility-Management in Chemnitz"},"content":{"rendered":"\n<h2 class=\"has-text-align-center has-large-font-size wp-block-heading\" style=\"font-style:normal;font-weight:200\">Komplettdienstleister f\u00fcr Ihre Immobilie<\/h2>\n\n\n\n<p>Seit \u00fcber 25 Jahren sind wir als Facility-Management-Experten in Chemnitz t\u00e4tig und bieten umfassende Dienstleistungen f\u00fcr die Instandhaltung von Geb\u00e4uden und Gr\u00fcnanlagen an. Wir verstehen uns nicht nur als Hausmeister, sondern erf\u00fcllen Kundenw\u00fcnsche kontinuierlich und ganzheitlich, um eine nachhaltige Werterhaltung Ihrer Immobilie zu sichern. Unsere erfahrenen Mitarbeiter k\u00fcmmern sich um die regelm\u00e4\u00dfige Reinigung und Instandhaltung, sowohl innen als auch au\u00dfen, und das 365 Tage im Jahr.<\/p>\n\n\n\n<p>Unser umfangreiches Leistungsangebot umfasst:<\/p>\n\n\n\n<p><a href=\"http:\/\/www.asug-services.com\/facility-management\/gruenanlagenpflege\/\">\u2705&nbsp;Gr\u00fcnanlagenpflege<\/a><br><a href=\"http:\/\/www.asug-services.com\/gebaeudeservice\/strassenreinigung\/\">\u2705&nbsp;Stra\u00dfenreinigung<\/a><br><a href=\"http:\/\/www.asug-services.com\/facility-management\/winterdienst\/\">\u2705&nbsp;Winterdienst<\/a><br><a href=\"http:\/\/www.asug-services.com\/facility-management\/hausmeisterservice\/\">\u2705&nbsp;Hausmeisterservice<\/a><br><a href=\"http:\/\/www.asug-services.com\/facility-management\/transport-und-kurierdienste\/\">\u2705&nbsp;Transport- und Kurierdienste<\/a><br><a href=\"http:\/\/www.asug-services.com\/facility-management\/entsorgung-entruempelung\/\">\u2705&nbsp;Entsorgung &amp; Entr\u00fcmpelung<\/a><\/p>\n\n\n\n<p>Dank unseres langj\u00e4hrigen Erfahrungsspektrums und regelm\u00e4\u00dfiger Qualit\u00e4tskontrollen erhalten zahlreiche Immobilien durch uns eine hohe technische Funktionalit\u00e4t und Wirtschaftlichkeit. Unsere Leistungen beginnen bei der Verbesserung logistischer Prozesse innerhalb des Geb\u00e4udes und reichen bis hin zum t\u00e4glichen Unterhalt durch Hausmeisterservice, Gr\u00fcnanlagenpflege und Geb\u00e4udeservice.<\/p>\n\n\n\n<p>\u00dcberzeugen Sie sich selbst von unseren Dienstleistungen und fordern Sie noch heute ein kostenloses und unverbindliches Angebot an. Kontaktieren Sie uns kostenfrei und wir freuen uns darauf, Sie zu unterst\u00fctzen.<\/p>\n","protected":false},"excerpt":{"rendered":"<p>Komplettdienstleister f\u00fcr Ihre Immobilie Seit \u00fcber 25 Jahren sind wir als Facility-Management-Experten in Chemnitz t\u00e4tig und bieten umfassende Dienstleistungen f\u00fcr die Instandhaltung von Geb\u00e4uden und Gr\u00fcnanlagen an. Wir verstehen uns nicht nur als Hausmeister, sondern erf\u00fcllen Kundenw\u00fcnsche kontinuierlich und ganzheitlich, um eine nachhaltige Werterhaltung Ihrer Immobilie zu sichern. Unsere erfahrenen Mitarbeiter k\u00fcmmern sich um die &hellip; <\/p>\n<p class=\"link-more\"><a href=\"https:\/\/www.asug-services.com\/de\/facility-management\/\" class=\"more-link\"><span class=\"screen-reader-text\">\u201eFacility-Management in Chemnitz\u201c<\/span> weiterlesen<\/a><\/p>\n","protected":false},"author":1,"featured_media":0,"parent":0,"menu_order":0,"comment_status":"closed","ping_status":"closed","template":"","meta":{"footnotes":""},"class_list":["post-28","page","type-page","status-publish","hentry"],"yoast_head":"<!-- This site is optimized with the Yoast SEO plugin v23.4 - https:\/\/yoast.com\/wordpress\/plugins\/seo\/ -->\n<title>Facility-Management in Chemnitz | Der beste Hausmeister der Stadt<\/title>\n<meta name=\"robots\" content=\"index, follow, max-snippet:-1, max-image-preview:large, max-video-preview:-1\" \/>\n<link rel=\"canonical\" href=\"https:\/\/www.asug-services.com\/de\/facility-management\/\" \/>\n<meta property=\"og:locale\" content=\"de_DE\" \/>\n<meta property=\"og:type\" content=\"article\" \/>\n<meta property=\"og:title\" content=\"Facility-Management in Chemnitz | Der beste Hausmeister der Stadt\" \/>\n<meta property=\"og:description\" content=\"Komplettdienstleister f\u00fcr Ihre Immobilie Seit \u00fcber 25 Jahren sind wir als Facility-Management-Experten in Chemnitz t\u00e4tig und bieten umfassende Dienstleistungen f\u00fcr die Instandhaltung von Geb\u00e4uden und Gr\u00fcnanlagen an. Wir verstehen uns nicht nur als Hausmeister, sondern erf\u00fcllen Kundenw\u00fcnsche kontinuierlich und ganzheitlich, um eine nachhaltige Werterhaltung Ihrer Immobilie zu sichern. Unsere erfahrenen Mitarbeiter k\u00fcmmern sich um die &hellip; \u201eFacility-Management in Chemnitz\u201c weiterlesen\" \/>\n<meta property=\"og:url\" content=\"https:\/\/www.asug-services.com\/de\/facility-management\/\" \/>\n<meta property=\"og:site_name\" content=\"Der beste Hausmeister der Stadt\" \/>\n<meta property=\"article:publisher\" content=\"https:\/\/www.facebook.com\/bester.hausmeister\" \/>\n<meta property=\"article:modified_time\" content=\"2023-03-17T08:48:07+00:00\" \/>\n<meta name=\"twitter:card\" content=\"summary_large_image\" \/>\n<meta name=\"twitter:site\" content=\"@asug_services\" \/>\n<meta name=\"twitter:label1\" content=\"Gesch\u00e4tzte Lesezeit\" \/>\n\t<meta name=\"twitter:data1\" content=\"1\u00a0Minute\" \/>\n<script type=\"application\/ld+json\" class=\"yoast-schema-graph\">{\"@context\":\"https:\/\/schema.org\",\"@graph\":[{\"@type\":\"WebPage\",\"@id\":\"https:\/\/www.asug-services.com\/de\/facility-management\/\",\"url\":\"https:\/\/www.asug-services.com\/de\/facility-management\/\",\"name\":\"Facility-Management in Chemnitz | Der beste Hausmeister der Stadt\",\"isPartOf\":{\"@id\":\"https:\/\/www.asug-services.com\/de\/#website\"},\"datePublished\":\"2017-07-15T17:13:20+00:00\",\"dateModified\":\"2023-03-17T08:48:07+00:00\",\"breadcrumb\":{\"@id\":\"https:\/\/www.asug-services.com\/de\/facility-management\/#breadcrumb\"},\"inLanguage\":\"de\",\"potentialAction\":[{\"@type\":\"ReadAction\",\"target\":[\"https:\/\/www.asug-services.com\/de\/facility-management\/\"]}]},{\"@type\":\"BreadcrumbList\",\"@id\":\"https:\/\/www.asug-services.com\/de\/facility-management\/#breadcrumb\",\"itemListElement\":[{\"@type\":\"ListItem\",\"position\":1,\"name\":\"Startseite\",\"item\":\"https:\/\/www.asug-services.com\/de\/\"},{\"@type\":\"ListItem\",\"position\":2,\"name\":\"Facility-Management in Chemnitz\"}]},{\"@type\":\"WebSite\",\"@id\":\"https:\/\/www.asug-services.com\/de\/#website\",\"url\":\"https:\/\/www.asug-services.com\/de\/\",\"name\":\"Der beste Hausmeister der Stadt\",\"description\":\"\u2705 Ihr zuverl\u00e4ssiger Partner f\u00fcr Geb\u00e4udeservice \u2705 Seit 23 Jahren in Chemnitz \u2705 Kostenfreies Angebot innerhalb von 24 Stunden \u2705 Services in h\u00f6chster Qualit\u00e4t zu fairen Preisen \u2705 Perfekte Umsetzung Ihres Traumprojektes \u2705 \u00dcberzeugende Beratung \u2705 Fokussiert und zielorientiert \u2705 Mit viel Herzblut und gr\u00fcnem Daumen \u2705 Erfahren Sie, was uns einzigartig macht!\",\"publisher\":{\"@id\":\"https:\/\/www.asug-services.com\/de\/#organization\"},\"potentialAction\":[{\"@type\":\"SearchAction\",\"target\":{\"@type\":\"EntryPoint\",\"urlTemplate\":\"https:\/\/www.asug-services.com\/de\/?s={search_term_string}\"},\"query-input\":{\"@type\":\"PropertyValueSpecification\",\"valueRequired\":true,\"valueName\":\"search_term_string\"}}],\"inLanguage\":\"de\"},{\"@type\":\"Organization\",\"@id\":\"https:\/\/www.asug-services.com\/de\/#organization\",\"name\":\"ASUG Geb\u00e4udeservice GmbH\",\"url\":\"https:\/\/www.asug-services.com\/de\/\",\"logo\":{\"@type\":\"ImageObject\",\"inLanguage\":\"de\",\"@id\":\"https:\/\/www.asug-services.com\/de\/#\/schema\/logo\/image\/\",\"url\":\"https:\/\/www.asug-services.com\/wp-content\/uploads\/2017\/12\/ASUG-2017-07-17-Logo-f\u00fcr-Website-Bearbeitung-abgeschlossen.png\",\"contentUrl\":\"https:\/\/www.asug-services.com\/wp-content\/uploads\/2017\/12\/ASUG-2017-07-17-Logo-f\u00fcr-Website-Bearbeitung-abgeschlossen.png\",\"width\":3744,\"height\":343,\"caption\":\"ASUG Geb\u00e4udeservice GmbH\"},\"image\":{\"@id\":\"https:\/\/www.asug-services.com\/de\/#\/schema\/logo\/image\/\"},\"sameAs\":[\"https:\/\/www.facebook.com\/bester.hausmeister\",\"https:\/\/x.com\/asug_services\",\"https:\/\/www.instagram.com\/bester.hausmeister\/\"]}]}<\/script>\n<!-- \/ Yoast SEO plugin. -->","yoast_head_json":{"title":"Facility-Management in Chemnitz | Der beste Hausmeister der Stadt","robots":{"index":"index","follow":"follow","max-snippet":"max-snippet:-1","max-image-preview":"max-image-preview:large","max-video-preview":"max-video-preview:-1"},"canonical":"https:\/\/www.asug-services.com\/de\/facility-management\/","og_locale":"de_DE","og_type":"article","og_title":"Facility-Management in Chemnitz | Der beste Hausmeister der Stadt","og_description":"Komplettdienstleister f\u00fcr Ihre Immobilie Seit \u00fcber 25 Jahren sind wir als Facility-Management-Experten in Chemnitz t\u00e4tig und bieten umfassende Dienstleistungen f\u00fcr die Instandhaltung von Geb\u00e4uden und Gr\u00fcnanlagen an. Wir verstehen uns nicht nur als Hausmeister, sondern erf\u00fcllen Kundenw\u00fcnsche kontinuierlich und ganzheitlich, um eine nachhaltige Werterhaltung Ihrer Immobilie zu sichern. Unsere erfahrenen Mitarbeiter k\u00fcmmern sich um die &hellip; \u201eFacility-Management in Chemnitz\u201c weiterlesen","og_url":"https:\/\/www.asug-services.com\/de\/facility-management\/","og_site_name":"Der beste Hausmeister der Stadt","article_publisher":"https:\/\/www.facebook.com\/bester.hausmeister","article_modified_time":"2023-03-17T08:48:07+00:00","twitter_card":"summary_large_image","twitter_site":"@asug_services","twitter_misc":{"Gesch\u00e4tzte Lesezeit":"1\u00a0Minute"},"schema":{"@context":"https:\/\/schema.org","@graph":[{"@type":"WebPage","@id":"https:\/\/www.asug-services.com\/de\/facility-management\/","url":"https:\/\/www.asug-services.com\/de\/facility-management\/","name":"Facility-Management in Chemnitz | Der beste Hausmeister der Stadt","isPartOf":{"@id":"https:\/\/www.asug-services.com\/de\/#website"},"datePublished":"2017-07-15T17:13:20+00:00","dateModified":"2023-03-17T08:48:07+00:00","breadcrumb":{"@id":"https:\/\/www.asug-services.com\/de\/facility-management\/#breadcrumb"},"inLanguage":"de","potentialAction":[{"@type":"ReadAction","target":["https:\/\/www.asug-services.com\/de\/facility-management\/"]}]},{"@type":"BreadcrumbList","@id":"https:\/\/www.asug-services.com\/de\/facility-management\/#breadcrumb","itemListElement":[{"@type":"ListItem","position":1,"name":"Startseite","item":"https:\/\/www.asug-services.com\/de\/"},{"@type":"ListItem","position":2,"name":"Facility-Management in Chemnitz"}]},{"@type":"WebSite","@id":"https:\/\/www.asug-services.com\/de\/#website","url":"https:\/\/www.asug-services.com\/de\/","name":"Der beste Hausmeister der Stadt","description":"\u2705 Ihr zuverl\u00e4ssiger Partner f\u00fcr Geb\u00e4udeservice \u2705 Seit 23 Jahren in Chemnitz \u2705 Kostenfreies Angebot innerhalb von 24 Stunden \u2705 Services in h\u00f6chster Qualit\u00e4t zu fairen Preisen \u2705 Perfekte Umsetzung Ihres Traumprojektes \u2705 \u00dcberzeugende Beratung \u2705 Fokussiert und zielorientiert \u2705 Mit viel Herzblut und gr\u00fcnem Daumen \u2705 Erfahren Sie, was uns einzigartig macht!","publisher":{"@id":"https:\/\/www.asug-services.com\/de\/#organization"},"potentialAction":[{"@type":"SearchAction","target":{"@type":"EntryPoint","urlTemplate":"https:\/\/www.asug-services.com\/de\/?s={search_term_string}"},"query-input":{"@type":"PropertyValueSpecification","valueRequired":true,"valueName":"search_term_string"}}],"inLanguage":"de"},{"@type":"Organization","@id":"https:\/\/www.asug-services.com\/de\/#organization","name":"ASUG Geb\u00e4udeservice GmbH","url":"https:\/\/www.asug-services.com\/de\/","logo":{"@type":"ImageObject","inLanguage":"de","@id":"https:\/\/www.asug-services.com\/de\/#\/schema\/logo\/image\/","url":"https:\/\/www.asug-services.com\/wp-content\/uploads\/2017\/12\/ASUG-2017-07-17-Logo-f\u00fcr-Website-Bearbeitung-abgeschlossen.png","contentUrl":"https:\/\/www.asug-services.com\/wp-content\/uploads\/2017\/12\/ASUG-2017-07-17-Logo-f\u00fcr-Website-Bearbeitung-abgeschlossen.png","width":3744,"height":343,"caption":"ASUG Geb\u00e4udeservice GmbH"},"image":{"@id":"https:\/\/www.asug-services.com\/de\/#\/schema\/logo\/image\/"},"sameAs":["https:\/\/www.facebook.com\/bester.hausmeister","https:\/\/x.com\/asug_services","https:\/\/www.instagram.com\/bester.hausmeister\/"]}]}},"_links":{"self":[{"href":"https:\/\/www.asug-services.com\/de\/wp-json\/wp\/v2\/pages\/28"}],"collection":[{"href":"https:\/\/www.asug-services.com\/de\/wp-json\/wp\/v2\/pages"}],"about":[{"href":"https:\/\/www.asug-services.com\/de\/wp-json\/wp\/v2\/types\/page"}],"author":[{"embeddable":true,"href":"https:\/\/www.asug-services.com\/de\/wp-json\/wp\/v2\/users\/1"}],"replies":[{"embeddable":true,"href":"https:\/\/www.asug-services.com\/de\/wp-json\/wp\/v2\/comments?post=28"}],"version-history":[{"count":13,"href":"https:\/\/www.asug-services.com\/de\/wp-json\/wp\/v2\/pages\/28\/revisions"}],"predecessor-version":[{"id":2174,"href":"https:\/\/www.asug-services.com\/de\/wp-json\/wp\/v2\/pages\/28\/revisions\/2174"}],"wp:attachment":[{"href":"https:\/\/www.asug-services.com\/de\/wp-json\/wp\/v2\/media?parent=28"}],"curies":[{"name":"wp","href":"https:\/\/api.w.org\/{rel}","templated":true}]}}