{"id":25,"date":"2017-07-15T18:56:10","date_gmt":"2017-07-15T16:56:10","guid":{"rendered":"http:\/\/www.asug-services.com\/?page_id=25"},"modified":"2018-06-01T14:17:03","modified_gmt":"2018-06-01T12:17:03","slug":"karriere","status":"publish","type":"page","link":"https:\/\/www.asug-services.com\/de\/karriere\/","title":{"rendered":"Jobs &#038; Karriere"},"content":{"rendered":"<h2 style=\"text-align: center;\">Werden Sie Teil unseres gro\u00dfartigen Teams!<\/h2>\n<div><\/div>\n<p style=\"text-align: justify;\">Seit 1996 ist die\u00a0ASUG Geb\u00e4udeservice GmbH\u00a0ein erfolgreiches Dienstleistungsunternehmen im Bereich Geb\u00e4udeservice.\u00a0 Das Leistungsspektrum der ASUG umfasst den Dienstleistungssektor mit den Bereichen Objektbetreuung, Geb\u00e4udereinigung\u00a0und\u00a0Winterdienst\u00a0genauso wie die Neubepflanzung und\u00a0Pflege von Gr\u00fcnanlagen.<\/p>\n<p style=\"text-align: justify;\">Kunden aller Branchen vertrauen uns ihre Immobilien an und erwarten ein gepflegtes Umfeld und einen effizienten Geb\u00e4ude\u00adbetrieb. Bewerben Sie sich und werden Sie Teil einer gr\u00fcnen Zukunft!<\/p>\n<p style=\"text-align: center;\"><a class=\"wp-button\" href=\"https:\/\/www.asug-services.com\/de\/karriere\/stellenangebote\/\" target=\"_blank\" rel=\"noopener\">Zu den Stellenangeboten<\/a><\/p>\n<h3 style=\"text-align: center;\"><strong>Ihre Vorteile bei ASUG<\/strong><\/h3>\n<p>\u2705\u00a0Wir bieten Ihnen eine Unternehmenskultur, in der Sie mit Ihren Ideen etwas bewegen k\u00f6nnen und Ihre Meinung stets gefragt ist,<\/p>\n<p>\u2705\u00a0ein <strong>freundliches Betriebsklima<\/strong>, gepr\u00e4gt von Vertrauen,<br \/>\nRespekt und Fairness,<\/p>\n<p>\u2705\u00a0 anspruchsvolle und abwechslungsreiche T\u00e4tigkeiten,<\/p>\n<p>\u2705\u00a0die Chance eigenverantwortlich einen Beitrag zu leisten,<\/p>\n<p>\u2705\u00a0Perspektiven zur <strong>beruflichen Weiterentwicklung\u00a0und Aufstiegschancen<\/strong>,<\/p>\n<p>\u2705\u00a0strukturierte Einarbeitung in neue Aufgabenbereiche,<\/p>\n<p><strong>\u2705\u00a0flexible Arbeitszeiten<\/strong>, die gen\u00fcgend Freiraum f\u00fcr Ihre pers\u00f6nliche Weiterentwicklung und Ihr Privatleben lassen,<\/p>\n<p>\u2705\u00a0einen <strong>sicheren Arbeitsplatz<\/strong> im Sommer und im Winter,<\/p>\n<p>\u2705\u00a0hochwertiges Arbeitsmaterial, moderne Marken-Berufsbekleidung<\/p>\n<p>\u2705\u00a0und Sonderzahlungen wie\u00a0<b>Urlaubs- und Weihnachtsgeld<\/b>.<\/p>\n<h3 style=\"text-align: center;\"><strong>Ihre Bewerbung<\/strong><\/h3>\n<p style=\"text-align: justify;\">Wenn Sie sich f\u00fcr eine herausfordernde T\u00e4tigkeit bei ASUG interessieren, z\u00f6gern Sie bitte nicht, sich zu bewerben! Nutzen Sie daf\u00fcr bitte unsere\u00a0<strong><a href=\"http:\/\/www.asug-services.com\/de\/karriere\/online-bewerbung\/\">Onlinebewerbung<\/a><\/strong>\u00a0oder senden Sie uns Ihre vollst\u00e4ndigen Bewerbungsunterlagen an\u00a0<a class=\"text-warning\" href=\"http:\/\/www.asug-services.com\/de\/karriere\/reinigungskraft-mw\/info@asug-services.com\">info@asug-services.com<\/a>\u00a0mit Angaben zur Ihrem n\u00e4chstm\u00f6glichen Eintrittstermin.<\/p>\n<p style=\"text-align: center;\">Wir freuen uns auf Ihre Bewerbung!<\/p>\n<p style=\"text-align: center;\"><a class=\"wp-button\" href=\"https:\/\/www.asug-services.com\/de\/karriere\/online-bewerbung\/\" target=\"_blank\" rel=\"noopener\">Zur Onlinebewerbung<\/a><\/p>\n","protected":false},"excerpt":{"rendered":"<p>Werden Sie Teil unseres gro\u00dfartigen Teams! Seit 1996 ist die\u00a0ASUG Geb\u00e4udeservice GmbH\u00a0ein erfolgreiches Dienstleistungsunternehmen im Bereich Geb\u00e4udeservice.\u00a0 Das Leistungsspektrum der ASUG umfasst den Dienstleistungssektor mit den Bereichen Objektbetreuung, Geb\u00e4udereinigung\u00a0und\u00a0Winterdienst\u00a0genauso wie die Neubepflanzung und\u00a0Pflege von Gr\u00fcnanlagen. Kunden aller Branchen vertrauen uns ihre Immobilien an und erwarten ein gepflegtes Umfeld und einen effizienten Geb\u00e4ude\u00adbetrieb. Bewerben Sie sich &hellip; <\/p>\n<p class=\"link-more\"><a href=\"https:\/\/www.asug-services.com\/de\/karriere\/\" class=\"more-link\"><span class=\"screen-reader-text\">\u201eJobs &#038; Karriere\u201c<\/span> weiterlesen<\/a><\/p>\n","protected":false},"author":1,"featured_media":0,"parent":0,"menu_order":0,"comment_status":"closed","ping_status":"closed","template":"","meta":{"footnotes":""},"class_list":["post-25","page","type-page","status-publish","hentry"],"yoast_head":"<!-- This site is optimized with the Yoast SEO plugin v23.4 - https:\/\/yoast.com\/wordpress\/plugins\/seo\/ -->\n<title>Jobs &amp; Karriere | Der beste Hausmeister der Stadt<\/title>\n<meta name=\"robots\" content=\"index, follow, max-snippet:-1, max-image-preview:large, max-video-preview:-1\" \/>\n<link rel=\"canonical\" href=\"https:\/\/www.asug-services.com\/de\/karriere\/\" \/>\n<meta property=\"og:locale\" content=\"de_DE\" \/>\n<meta property=\"og:type\" content=\"article\" \/>\n<meta property=\"og:title\" content=\"Jobs &amp; Karriere | Der beste Hausmeister der Stadt\" \/>\n<meta property=\"og:description\" content=\"Werden Sie Teil unseres gro\u00dfartigen Teams! Seit 1996 ist die\u00a0ASUG Geb\u00e4udeservice GmbH\u00a0ein erfolgreiches Dienstleistungsunternehmen im Bereich Geb\u00e4udeservice.\u00a0 Das Leistungsspektrum der ASUG umfasst den Dienstleistungssektor mit den Bereichen Objektbetreuung, Geb\u00e4udereinigung\u00a0und\u00a0Winterdienst\u00a0genauso wie die Neubepflanzung und\u00a0Pflege von Gr\u00fcnanlagen. Kunden aller Branchen vertrauen uns ihre Immobilien an und erwarten ein gepflegtes Umfeld und einen effizienten Geb\u00e4ude\u00adbetrieb. Bewerben Sie sich &hellip; \u201eJobs &#038; Karriere\u201c weiterlesen\" \/>\n<meta property=\"og:url\" content=\"https:\/\/www.asug-services.com\/de\/karriere\/\" \/>\n<meta property=\"og:site_name\" content=\"Der beste Hausmeister der Stadt\" \/>\n<meta property=\"article:publisher\" content=\"https:\/\/www.facebook.com\/bester.hausmeister\" \/>\n<meta property=\"article:modified_time\" content=\"2018-06-01T12:17:03+00:00\" \/>\n<meta name=\"twitter:card\" content=\"summary_large_image\" \/>\n<meta name=\"twitter:site\" content=\"@asug_services\" \/>\n<meta name=\"twitter:label1\" content=\"Gesch\u00e4tzte Lesezeit\" \/>\n\t<meta name=\"twitter:data1\" content=\"1\u00a0Minute\" \/>\n<script type=\"application\/ld+json\" class=\"yoast-schema-graph\">{\"@context\":\"https:\/\/schema.org\",\"@graph\":[{\"@type\":\"WebPage\",\"@id\":\"https:\/\/www.asug-services.com\/de\/karriere\/\",\"url\":\"https:\/\/www.asug-services.com\/de\/karriere\/\",\"name\":\"Jobs & Karriere | Der beste Hausmeister der Stadt\",\"isPartOf\":{\"@id\":\"https:\/\/www.asug-services.com\/de\/#website\"},\"datePublished\":\"2017-07-15T16:56:10+00:00\",\"dateModified\":\"2018-06-01T12:17:03+00:00\",\"breadcrumb\":{\"@id\":\"https:\/\/www.asug-services.com\/de\/karriere\/#breadcrumb\"},\"inLanguage\":\"de\",\"potentialAction\":[{\"@type\":\"ReadAction\",\"target\":[\"https:\/\/www.asug-services.com\/de\/karriere\/\"]}]},{\"@type\":\"BreadcrumbList\",\"@id\":\"https:\/\/www.asug-services.com\/de\/karriere\/#breadcrumb\",\"itemListElement\":[{\"@type\":\"ListItem\",\"position\":1,\"name\":\"Startseite\",\"item\":\"https:\/\/www.asug-services.com\/de\/\"},{\"@type\":\"ListItem\",\"position\":2,\"name\":\"Jobs &#038; Karriere\"}]},{\"@type\":\"WebSite\",\"@id\":\"https:\/\/www.asug-services.com\/de\/#website\",\"url\":\"https:\/\/www.asug-services.com\/de\/\",\"name\":\"Der beste Hausmeister der Stadt\",\"description\":\"\u2705 Ihr zuverl\u00e4ssiger Partner f\u00fcr Geb\u00e4udeservice \u2705 Seit 23 Jahren in Chemnitz \u2705 Kostenfreies Angebot innerhalb von 24 Stunden \u2705 Services in h\u00f6chster Qualit\u00e4t zu fairen Preisen \u2705 Perfekte Umsetzung Ihres Traumprojektes \u2705 \u00dcberzeugende Beratung \u2705 Fokussiert und zielorientiert \u2705 Mit viel Herzblut und gr\u00fcnem Daumen \u2705 Erfahren Sie, was uns einzigartig macht!\",\"publisher\":{\"@id\":\"https:\/\/www.asug-services.com\/de\/#organization\"},\"potentialAction\":[{\"@type\":\"SearchAction\",\"target\":{\"@type\":\"EntryPoint\",\"urlTemplate\":\"https:\/\/www.asug-services.com\/de\/?s={search_term_string}\"},\"query-input\":{\"@type\":\"PropertyValueSpecification\",\"valueRequired\":true,\"valueName\":\"search_term_string\"}}],\"inLanguage\":\"de\"},{\"@type\":\"Organization\",\"@id\":\"https:\/\/www.asug-services.com\/de\/#organization\",\"name\":\"ASUG Geb\u00e4udeservice GmbH\",\"url\":\"https:\/\/www.asug-services.com\/de\/\",\"logo\":{\"@type\":\"ImageObject\",\"inLanguage\":\"de\",\"@id\":\"https:\/\/www.asug-services.com\/de\/#\/schema\/logo\/image\/\",\"url\":\"https:\/\/www.asug-services.com\/wp-content\/uploads\/2017\/12\/ASUG-2017-07-17-Logo-f\u00fcr-Website-Bearbeitung-abgeschlossen.png\",\"contentUrl\":\"https:\/\/www.asug-services.com\/wp-content\/uploads\/2017\/12\/ASUG-2017-07-17-Logo-f\u00fcr-Website-Bearbeitung-abgeschlossen.png\",\"width\":3744,\"height\":343,\"caption\":\"ASUG Geb\u00e4udeservice GmbH\"},\"image\":{\"@id\":\"https:\/\/www.asug-services.com\/de\/#\/schema\/logo\/image\/\"},\"sameAs\":[\"https:\/\/www.facebook.com\/bester.hausmeister\",\"https:\/\/x.com\/asug_services\",\"https:\/\/www.instagram.com\/bester.hausmeister\/\"]}]}<\/script>\n<!-- \/ Yoast SEO plugin. -->","yoast_head_json":{"title":"Jobs & Karriere | Der beste Hausmeister der Stadt","robots":{"index":"index","follow":"follow","max-snippet":"max-snippet:-1","max-image-preview":"max-image-preview:large","max-video-preview":"max-video-preview:-1"},"canonical":"https:\/\/www.asug-services.com\/de\/karriere\/","og_locale":"de_DE","og_type":"article","og_title":"Jobs & Karriere | Der beste Hausmeister der Stadt","og_description":"Werden Sie Teil unseres gro\u00dfartigen Teams! Seit 1996 ist die\u00a0ASUG Geb\u00e4udeservice GmbH\u00a0ein erfolgreiches Dienstleistungsunternehmen im Bereich Geb\u00e4udeservice.\u00a0 Das Leistungsspektrum der ASUG umfasst den Dienstleistungssektor mit den Bereichen Objektbetreuung, Geb\u00e4udereinigung\u00a0und\u00a0Winterdienst\u00a0genauso wie die Neubepflanzung und\u00a0Pflege von Gr\u00fcnanlagen. Kunden aller Branchen vertrauen uns ihre Immobilien an und erwarten ein gepflegtes Umfeld und einen effizienten Geb\u00e4ude\u00adbetrieb. Bewerben Sie sich &hellip; \u201eJobs &#038; Karriere\u201c weiterlesen","og_url":"https:\/\/www.asug-services.com\/de\/karriere\/","og_site_name":"Der beste Hausmeister der Stadt","article_publisher":"https:\/\/www.facebook.com\/bester.hausmeister","article_modified_time":"2018-06-01T12:17:03+00:00","twitter_card":"summary_large_image","twitter_site":"@asug_services","twitter_misc":{"Gesch\u00e4tzte Lesezeit":"1\u00a0Minute"},"schema":{"@context":"https:\/\/schema.org","@graph":[{"@type":"WebPage","@id":"https:\/\/www.asug-services.com\/de\/karriere\/","url":"https:\/\/www.asug-services.com\/de\/karriere\/","name":"Jobs & Karriere | Der beste Hausmeister der Stadt","isPartOf":{"@id":"https:\/\/www.asug-services.com\/de\/#website"},"datePublished":"2017-07-15T16:56:10+00:00","dateModified":"2018-06-01T12:17:03+00:00","breadcrumb":{"@id":"https:\/\/www.asug-services.com\/de\/karriere\/#breadcrumb"},"inLanguage":"de","potentialAction":[{"@type":"ReadAction","target":["https:\/\/www.asug-services.com\/de\/karriere\/"]}]},{"@type":"BreadcrumbList","@id":"https:\/\/www.asug-services.com\/de\/karriere\/#breadcrumb","itemListElement":[{"@type":"ListItem","position":1,"name":"Startseite","item":"https:\/\/www.asug-services.com\/de\/"},{"@type":"ListItem","position":2,"name":"Jobs &#038; Karriere"}]},{"@type":"WebSite","@id":"https:\/\/www.asug-services.com\/de\/#website","url":"https:\/\/www.asug-services.com\/de\/","name":"Der beste Hausmeister der Stadt","description":"\u2705 Ihr zuverl\u00e4ssiger Partner f\u00fcr Geb\u00e4udeservice \u2705 Seit 23 Jahren in Chemnitz \u2705 Kostenfreies Angebot innerhalb von 24 Stunden \u2705 Services in h\u00f6chster Qualit\u00e4t zu fairen Preisen \u2705 Perfekte Umsetzung Ihres Traumprojektes \u2705 \u00dcberzeugende Beratung \u2705 Fokussiert und zielorientiert \u2705 Mit viel Herzblut und gr\u00fcnem Daumen \u2705 Erfahren Sie, was uns einzigartig macht!","publisher":{"@id":"https:\/\/www.asug-services.com\/de\/#organization"},"potentialAction":[{"@type":"SearchAction","target":{"@type":"EntryPoint","urlTemplate":"https:\/\/www.asug-services.com\/de\/?s={search_term_string}"},"query-input":{"@type":"PropertyValueSpecification","valueRequired":true,"valueName":"search_term_string"}}],"inLanguage":"de"},{"@type":"Organization","@id":"https:\/\/www.asug-services.com\/de\/#organization","name":"ASUG Geb\u00e4udeservice GmbH","url":"https:\/\/www.asug-services.com\/de\/","logo":{"@type":"ImageObject","inLanguage":"de","@id":"https:\/\/www.asug-services.com\/de\/#\/schema\/logo\/image\/","url":"https:\/\/www.asug-services.com\/wp-content\/uploads\/2017\/12\/ASUG-2017-07-17-Logo-f\u00fcr-Website-Bearbeitung-abgeschlossen.png","contentUrl":"https:\/\/www.asug-services.com\/wp-content\/uploads\/2017\/12\/ASUG-2017-07-17-Logo-f\u00fcr-Website-Bearbeitung-abgeschlossen.png","width":3744,"height":343,"caption":"ASUG Geb\u00e4udeservice GmbH"},"image":{"@id":"https:\/\/www.asug-services.com\/de\/#\/schema\/logo\/image\/"},"sameAs":["https:\/\/www.facebook.com\/bester.hausmeister","https:\/\/x.com\/asug_services","https:\/\/www.instagram.com\/bester.hausmeister\/"]}]}},"_links":{"self":[{"href":"https:\/\/www.asug-services.com\/de\/wp-json\/wp\/v2\/pages\/25"}],"collection":[{"href":"https:\/\/www.asug-services.com\/de\/wp-json\/wp\/v2\/pages"}],"about":[{"href":"https:\/\/www.asug-services.com\/de\/wp-json\/wp\/v2\/types\/page"}],"author":[{"embeddable":true,"href":"https:\/\/www.asug-services.com\/de\/wp-json\/wp\/v2\/users\/1"}],"replies":[{"embeddable":true,"href":"https:\/\/www.asug-services.com\/de\/wp-json\/wp\/v2\/comments?post=25"}],"version-history":[{"count":19,"href":"https:\/\/www.asug-services.com\/de\/wp-json\/wp\/v2\/pages\/25\/revisions"}],"predecessor-version":[{"id":1106,"href":"https:\/\/www.asug-services.com\/de\/wp-json\/wp\/v2\/pages\/25\/revisions\/1106"}],"wp:attachment":[{"href":"https:\/\/www.asug-services.com\/de\/wp-json\/wp\/v2\/media?parent=25"}],"curies":[{"name":"wp","href":"https:\/\/api.w.org\/{rel}","templated":true}]}}