{"id":2146,"date":"2021-11-09T15:43:33","date_gmt":"2021-11-09T14:43:33","guid":{"rendered":"https:\/\/www.asug-services.com\/de\/?page_id=2146"},"modified":"2023-10-24T17:04:40","modified_gmt":"2023-10-24T15:04:40","slug":"kraftfahrer-winterdienst-m-w-d","status":"publish","type":"page","link":"https:\/\/www.asug-services.com\/de\/kraftfahrer-winterdienst-m-w-d\/","title":{"rendered":"Kraftfahrer Winterdienst (m\/w\/d)"},"content":{"rendered":"\n<h3 class=\"wp-block-heading\"><strong>F\u00fcr unseren Standort in Chemnitz und Umgebung<\/strong><\/h3>\n\n\n\n<figure class=\"wp-block-table\"><table><tbody><tr><td>\ud83d\uddfa&nbsp;Chemnitz<\/td><td>\ud83d\udd52&nbsp;Vollzeit<\/td><td>\ud83d\udcc5 24.10.2023<\/td><td>\ud83d\udcbc&nbsp;Festanstellung<\/td><td>\ud83d\udcb6 13,50 \u20ac\/Std.<\/td><\/tr><\/tbody><\/table><\/figure>\n\n\n\n<p>Als Fahrer (m\/w\/d) f\u00fcr unsere LKW (FS-Klassen: C1, C) f\u00fchren Sie Winterdienstauftr\u00e4ge nach einer vorgegebenen Tourenplanung aus. Sie r\u00e4umen und streuen Wege, Pl\u00e4tze und sorgen somit f\u00fcr ger\u00e4umte und rutschfreie Fl\u00e4chen.<\/p>\n\n\n\n<p>Die Schl\u00fcsselzahl 95 (5 Module) nach dem BKrFQG ist f\u00fcr dieses Stellenangebot nicht erforderlich. Es gilt eine Ausnahme des BKrFQG gem. \u00a71 Absatz 2 des BKrFQG. (sog. Handwerkerregelung)<\/p>\n\n\n\n<p>Die&nbsp;<strong>ASUG Geb\u00e4udeservice GmbH<\/strong>&nbsp;ist ein expandierendes Dienstleistungsunternehmen mit Standort in Chemnitz.&nbsp; Unser Leistungsspektrum&nbsp; umfasst den Dienstleistungssektor mit den Bereichen <strong>Objektpflege \/ Objektbetreuung, Geb\u00e4udereinigung<\/strong> und <strong>Winterdienst<\/strong> genauso wie die Neubepflanzung und <strong>Pflege von Gr\u00fcnanlagen<\/strong>. Kunden aller Branchen vertrauen uns ihre Immobilien an. Wir sorgen f\u00fcr ein gepflegtes Umfeld und einen effizienten Geb\u00e4udebetrieb.<\/p>\n\n\n\n<p>Bewerben Sie sich und werden Sie Teil unserer Dienstleistungs-Familie.<\/p>\n\n\n\n<h3 class=\"wp-block-heading\"><strong>Ihr Know-How<\/strong><\/h3>\n\n\n\n<p> \u2705 Sie verf\u00fcgen \u00fcber eine erfolgreich abgeschlossene Berufsausbildung<\/p>\n\n\n\n<p> \u2705 Sie haben den F\u00fchrerschein der Klasse C\/C1 und kennen sich idealerweise in der Bedienung von Kehrmaschinen aus.<\/p>\n\n\n\n<p> \u2705 W\u00fcnschenswert sind Kenntnisse in der Geb\u00e4udereinigung und im Umgang mit Winterdiensttechnik.<\/p>\n\n\n\n<p> \u2705 Sie sind handwerklich geschickt und bringen ein gutes technisches Verst\u00e4ndnis mit.<\/p>\n\n\n\n<p> \u2705 Flexible Arbeitszeiten sehen Sie als Vorteil und zeigen Ihre Einsatzbereitschaft k\u00fcnftig bei uns auch im Winterdienst.<\/p>\n\n\n\n<p> \u2705 Wochenendarbeit und Rufbereitschaft sehen Sie als willkommene Abwechslung.<\/p>\n\n\n\n<h3 class=\"wp-block-heading\"><strong> Ihre Aufgaben <\/strong><\/h3>\n\n\n\n<p> \u2705&nbsp; Als Fahrer f\u00fcr unsere Klein- und Gro\u00dfkehrmaschinen f\u00fchren Sie f\u00fcr uns Kehrauftr\u00e4ge nach einer vorgegebenen Tourenplanung aus.<\/p>\n\n\n\n<p> \u2705&nbsp; Sie leisten die Auftr\u00e4ge eigenst\u00e4ndig f\u00fcr unterschiedliche Kunden  und an abwechslungs\u00adreichen Einsatzorten, wie z. B. auf \u00f6ffentlichen  Gro\u00dfveranstaltungen.<\/p>\n\n\n\n<p> \u2705&nbsp; Sie warten und pflegen die Ihnen anvertrauten Fahrzeuge sorgsam und eigenverantwortlich.<\/p>\n\n\n\n<p> \u2705&nbsp; Bei Bedarf unterst\u00fctzen Sie Ihre Kollegen in unseren vielf\u00e4ltigen  Bereichen, beispielsweise der Gr\u00fcnpflege oder Verkehrssicherung.<\/p>\n\n\n\n<p> \u2705&nbsp; Im Winterdienst f\u00fchren Sie R\u00e4umfahrzeuge.<\/p>\n\n\n\n<h3 class=\"wp-block-heading\"><strong>Ihre Vorteile bei ASUG<\/strong><\/h3>\n\n\n\n<p>\u2705&nbsp;Wir bieten Ihnen ein&nbsp;<strong>unbefristetes<\/strong>&nbsp;Arbeitsverh\u00e4ltnis&nbsp;in&nbsp;<strong>Vollzeit, mit 35-40 Wochenstunden,<\/strong><\/p>\n\n\n\n<p>\u2705&nbsp;eine Unternehmenskultur, in der Sie mit Ihren Ideen etwas bewegen k\u00f6nnen und Ihre Meinung stets gefragt ist,<\/p>\n\n\n\n<p>\u2705&nbsp;ein <strong>freundliches Betriebsklima<\/strong>, gepr\u00e4gt von Vertrauen,<br>Respekt und Fairness,<\/p>\n\n\n\n<p>\u2705&nbsp;anspruchsvolle und abwechslungsreiche T\u00e4tigkeiten,<\/p>\n\n\n\n<p>\u2705&nbsp;die Chance eigenverantwortlich einen Beitrag zu leisten,<\/p>\n\n\n\n<p>\u2705&nbsp;Perspektiven zur <strong>beruflichen Weiterentwicklung&nbsp;und Aufstiegschancen<\/strong>,<\/p>\n\n\n\n<p>\u2705&nbsp;strukturierte Einarbeitung in den neuen Aufgabenbereich,<\/p>\n\n\n\n<p>\u2705&nbsp;<strong>flexible Arbeitszeiten<\/strong>, die gen\u00fcgend Freiraum f\u00fcr Ihre pers\u00f6nliche Weiterentwicklung und Ihr Privatleben lassen,<\/p>\n\n\n\n<p>\u2705&nbsp;einen <strong>sicheren Arbeitsplatz<\/strong> im Sommer und Winter,<\/p>\n\n\n\n<p>\u2705&nbsp;hochwertiges Arbeitsmaterial, moderne Marken-Berufsbekleidung und<\/p>\n\n\n\n<p>\u2705&nbsp;Sonderzahlungen wie&nbsp;<strong>Urlaubs- und Weihnachtsgeld<\/strong>.<\/p>\n\n\n\n<h3 class=\"wp-block-heading\"><strong>Ihre Bewerbung<\/strong><\/h3>\n\n\n\n<p>Wenn Sie sich f\u00fcr diese herausfordernde T\u00e4tigkeit interessieren, z\u00f6gern Sie bitte nicht, sich bei uns zu bewerben! Nutzen Sie daf\u00fcr bitte unsere <strong><a href=\"http:\/\/www.asug-services.com\/de\/karriere\/online-bewerbung\/\">Onlinebewerbung<\/a><\/strong> oder senden Sie uns Ihre vollst\u00e4ndigen Bewerbungsunterlagen an&nbsp;<a href=\"info@asug-services.com\">info@asug-services.com<\/a>&nbsp;mit Angaben zur Ihrem n\u00e4chstm\u00f6glichen Eintrittstermin.<\/p>\n\n\n\n<p>Wir freuen uns auf Ihre Bewerbung!<\/p>\n\n\n\n<p><a href=\"https:\/\/www.asug-services.com\/de\/karriere\/online-bewerbung\/\" target=\"_blank\" rel=\"noreferrer noopener\">Zur Onlinebewerbung<\/a><\/p>\n\n\n\n<h3 class=\"wp-block-heading\"><strong>Ihr Ansprechpartner<\/strong><\/h3>\n\n\n\n<p>F\u00fcr weitere Informationen stehen wir Ihnen gern zur Verf\u00fcgung.<\/p>\n\n\n\n<p><strong>ASUG Career Center<br><\/strong>Frau Ilona Kunert<br>Inhouse Consultant, HR-Management<\/p>\n\n\n\n<p><strong>ASUG Geb\u00e4udeservice GmbH<br><\/strong>Emilienstra\u00dfe 35<br>09113 Chemnitz<br>Deutschland<\/p>\n\n\n\n<p><a href=\"https:\/\/www.asug-services.com\/de\/unternehmen\/anfahrt-und-kontakt\/\" target=\"_blank\" rel=\"noreferrer noopener\">Wegbeschreibung anzeigen<\/a><\/p>\n\n\n\n<p>Tel.: +49 371 40 300 -700<br>Fax: +49 371 40 300 -710<\/p>\n\n\n\n<p>E-Mail: <a href=\"mailto:info@asug-services.com\">info@asug-services.com<\/a><\/p>\n\n\n\n<hr class=\"wp-block-separator has-css-opacity is-style-dots\"\/>\n\n\n\n<p>Alle personenbezogenen Formulierungen in dieser Stellenanzeige sind&nbsp;<strong>geschlechtsneutral&nbsp;<\/strong>zu betrachten.<\/p>\n","protected":false},"excerpt":{"rendered":"<p>F\u00fcr unseren Standort in Chemnitz und Umgebung \ud83d\uddfa&nbsp;Chemnitz \ud83d\udd52&nbsp;Vollzeit \ud83d\udcc5 24.10.2023 \ud83d\udcbc&nbsp;Festanstellung \ud83d\udcb6 13,50 \u20ac\/Std. Als Fahrer (m\/w\/d) f\u00fcr unsere LKW (FS-Klassen: C1, C) f\u00fchren Sie Winterdienstauftr\u00e4ge nach einer vorgegebenen Tourenplanung aus. Sie r\u00e4umen und streuen Wege, Pl\u00e4tze und sorgen somit f\u00fcr ger\u00e4umte und rutschfreie Fl\u00e4chen. Die Schl\u00fcsselzahl 95 (5 Module) nach dem BKrFQG ist &hellip; <\/p>\n<p class=\"link-more\"><a href=\"https:\/\/www.asug-services.com\/de\/kraftfahrer-winterdienst-m-w-d\/\" class=\"more-link\"><span class=\"screen-reader-text\">\u201eKraftfahrer Winterdienst (m\/w\/d)\u201c<\/span> weiterlesen<\/a><\/p>\n","protected":false},"author":1,"featured_media":0,"parent":0,"menu_order":0,"comment_status":"closed","ping_status":"closed","template":"","meta":{"footnotes":""},"class_list":["post-2146","page","type-page","status-publish","hentry"],"yoast_head":"<!-- This site is optimized with the Yoast SEO plugin v23.4 - https:\/\/yoast.com\/wordpress\/plugins\/seo\/ -->\n<title>Kraftfahrer Winterdienst (m\/w\/d) | Der beste Hausmeister der Stadt<\/title>\n<meta name=\"robots\" content=\"index, follow, max-snippet:-1, max-image-preview:large, max-video-preview:-1\" \/>\n<link rel=\"canonical\" href=\"https:\/\/www.asug-services.com\/de\/kraftfahrer-winterdienst-m-w-d\/\" \/>\n<meta property=\"og:locale\" content=\"de_DE\" \/>\n<meta property=\"og:type\" content=\"article\" \/>\n<meta property=\"og:title\" content=\"Kraftfahrer Winterdienst (m\/w\/d) | Der beste Hausmeister der Stadt\" \/>\n<meta property=\"og:description\" content=\"F\u00fcr unseren Standort in Chemnitz und Umgebung \ud83d\uddfa&nbsp;Chemnitz \ud83d\udd52&nbsp;Vollzeit \ud83d\udcc5 24.10.2023 \ud83d\udcbc&nbsp;Festanstellung \ud83d\udcb6 13,50 \u20ac\/Std. Als Fahrer (m\/w\/d) f\u00fcr unsere LKW (FS-Klassen: C1, C) f\u00fchren Sie Winterdienstauftr\u00e4ge nach einer vorgegebenen Tourenplanung aus. Sie r\u00e4umen und streuen Wege, Pl\u00e4tze und sorgen somit f\u00fcr ger\u00e4umte und rutschfreie Fl\u00e4chen. Die Schl\u00fcsselzahl 95 (5 Module) nach dem BKrFQG ist &hellip; \u201eKraftfahrer Winterdienst (m\/w\/d)\u201c weiterlesen\" \/>\n<meta property=\"og:url\" content=\"https:\/\/www.asug-services.com\/de\/kraftfahrer-winterdienst-m-w-d\/\" \/>\n<meta property=\"og:site_name\" content=\"Der beste Hausmeister der Stadt\" \/>\n<meta property=\"article:publisher\" content=\"https:\/\/www.facebook.com\/bester.hausmeister\" \/>\n<meta property=\"article:modified_time\" content=\"2023-10-24T15:04:40+00:00\" \/>\n<meta name=\"twitter:card\" content=\"summary_large_image\" \/>\n<meta name=\"twitter:site\" content=\"@asug_services\" \/>\n<meta name=\"twitter:label1\" content=\"Gesch\u00e4tzte Lesezeit\" \/>\n\t<meta name=\"twitter:data1\" content=\"3\u00a0Minuten\" \/>\n<script type=\"application\/ld+json\" class=\"yoast-schema-graph\">{\"@context\":\"https:\/\/schema.org\",\"@graph\":[{\"@type\":\"WebPage\",\"@id\":\"https:\/\/www.asug-services.com\/de\/kraftfahrer-winterdienst-m-w-d\/\",\"url\":\"https:\/\/www.asug-services.com\/de\/kraftfahrer-winterdienst-m-w-d\/\",\"name\":\"Kraftfahrer Winterdienst (m\/w\/d) | Der beste Hausmeister der Stadt\",\"isPartOf\":{\"@id\":\"https:\/\/www.asug-services.com\/de\/#website\"},\"datePublished\":\"2021-11-09T14:43:33+00:00\",\"dateModified\":\"2023-10-24T15:04:40+00:00\",\"breadcrumb\":{\"@id\":\"https:\/\/www.asug-services.com\/de\/kraftfahrer-winterdienst-m-w-d\/#breadcrumb\"},\"inLanguage\":\"de\",\"potentialAction\":[{\"@type\":\"ReadAction\",\"target\":[\"https:\/\/www.asug-services.com\/de\/kraftfahrer-winterdienst-m-w-d\/\"]}]},{\"@type\":\"BreadcrumbList\",\"@id\":\"https:\/\/www.asug-services.com\/de\/kraftfahrer-winterdienst-m-w-d\/#breadcrumb\",\"itemListElement\":[{\"@type\":\"ListItem\",\"position\":1,\"name\":\"Startseite\",\"item\":\"https:\/\/www.asug-services.com\/de\/\"},{\"@type\":\"ListItem\",\"position\":2,\"name\":\"Kraftfahrer Winterdienst (m\/w\/d)\"}]},{\"@type\":\"WebSite\",\"@id\":\"https:\/\/www.asug-services.com\/de\/#website\",\"url\":\"https:\/\/www.asug-services.com\/de\/\",\"name\":\"Der beste Hausmeister der Stadt\",\"description\":\"\u2705 Ihr zuverl\u00e4ssiger Partner f\u00fcr Geb\u00e4udeservice \u2705 Seit 23 Jahren in Chemnitz \u2705 Kostenfreies Angebot innerhalb von 24 Stunden \u2705 Services in h\u00f6chster Qualit\u00e4t zu fairen Preisen \u2705 Perfekte Umsetzung Ihres Traumprojektes \u2705 \u00dcberzeugende Beratung \u2705 Fokussiert und zielorientiert \u2705 Mit viel Herzblut und gr\u00fcnem Daumen \u2705 Erfahren Sie, was uns einzigartig macht!\",\"publisher\":{\"@id\":\"https:\/\/www.asug-services.com\/de\/#organization\"},\"potentialAction\":[{\"@type\":\"SearchAction\",\"target\":{\"@type\":\"EntryPoint\",\"urlTemplate\":\"https:\/\/www.asug-services.com\/de\/?s={search_term_string}\"},\"query-input\":{\"@type\":\"PropertyValueSpecification\",\"valueRequired\":true,\"valueName\":\"search_term_string\"}}],\"inLanguage\":\"de\"},{\"@type\":\"Organization\",\"@id\":\"https:\/\/www.asug-services.com\/de\/#organization\",\"name\":\"ASUG Geb\u00e4udeservice GmbH\",\"url\":\"https:\/\/www.asug-services.com\/de\/\",\"logo\":{\"@type\":\"ImageObject\",\"inLanguage\":\"de\",\"@id\":\"https:\/\/www.asug-services.com\/de\/#\/schema\/logo\/image\/\",\"url\":\"https:\/\/www.asug-services.com\/wp-content\/uploads\/2017\/12\/ASUG-2017-07-17-Logo-f\u00fcr-Website-Bearbeitung-abgeschlossen.png\",\"contentUrl\":\"https:\/\/www.asug-services.com\/wp-content\/uploads\/2017\/12\/ASUG-2017-07-17-Logo-f\u00fcr-Website-Bearbeitung-abgeschlossen.png\",\"width\":3744,\"height\":343,\"caption\":\"ASUG Geb\u00e4udeservice GmbH\"},\"image\":{\"@id\":\"https:\/\/www.asug-services.com\/de\/#\/schema\/logo\/image\/\"},\"sameAs\":[\"https:\/\/www.facebook.com\/bester.hausmeister\",\"https:\/\/x.com\/asug_services\",\"https:\/\/www.instagram.com\/bester.hausmeister\/\"]}]}<\/script>\n<!-- \/ Yoast SEO plugin. -->","yoast_head_json":{"title":"Kraftfahrer Winterdienst (m\/w\/d) | Der beste Hausmeister der Stadt","robots":{"index":"index","follow":"follow","max-snippet":"max-snippet:-1","max-image-preview":"max-image-preview:large","max-video-preview":"max-video-preview:-1"},"canonical":"https:\/\/www.asug-services.com\/de\/kraftfahrer-winterdienst-m-w-d\/","og_locale":"de_DE","og_type":"article","og_title":"Kraftfahrer Winterdienst (m\/w\/d) | Der beste Hausmeister der Stadt","og_description":"F\u00fcr unseren Standort in Chemnitz und Umgebung \ud83d\uddfa&nbsp;Chemnitz \ud83d\udd52&nbsp;Vollzeit \ud83d\udcc5 24.10.2023 \ud83d\udcbc&nbsp;Festanstellung \ud83d\udcb6 13,50 \u20ac\/Std. Als Fahrer (m\/w\/d) f\u00fcr unsere LKW (FS-Klassen: C1, C) f\u00fchren Sie Winterdienstauftr\u00e4ge nach einer vorgegebenen Tourenplanung aus. Sie r\u00e4umen und streuen Wege, Pl\u00e4tze und sorgen somit f\u00fcr ger\u00e4umte und rutschfreie Fl\u00e4chen. Die Schl\u00fcsselzahl 95 (5 Module) nach dem BKrFQG ist &hellip; \u201eKraftfahrer Winterdienst (m\/w\/d)\u201c weiterlesen","og_url":"https:\/\/www.asug-services.com\/de\/kraftfahrer-winterdienst-m-w-d\/","og_site_name":"Der beste Hausmeister der Stadt","article_publisher":"https:\/\/www.facebook.com\/bester.hausmeister","article_modified_time":"2023-10-24T15:04:40+00:00","twitter_card":"summary_large_image","twitter_site":"@asug_services","twitter_misc":{"Gesch\u00e4tzte Lesezeit":"3\u00a0Minuten"},"schema":{"@context":"https:\/\/schema.org","@graph":[{"@type":"WebPage","@id":"https:\/\/www.asug-services.com\/de\/kraftfahrer-winterdienst-m-w-d\/","url":"https:\/\/www.asug-services.com\/de\/kraftfahrer-winterdienst-m-w-d\/","name":"Kraftfahrer Winterdienst (m\/w\/d) | Der beste Hausmeister der Stadt","isPartOf":{"@id":"https:\/\/www.asug-services.com\/de\/#website"},"datePublished":"2021-11-09T14:43:33+00:00","dateModified":"2023-10-24T15:04:40+00:00","breadcrumb":{"@id":"https:\/\/www.asug-services.com\/de\/kraftfahrer-winterdienst-m-w-d\/#breadcrumb"},"inLanguage":"de","potentialAction":[{"@type":"ReadAction","target":["https:\/\/www.asug-services.com\/de\/kraftfahrer-winterdienst-m-w-d\/"]}]},{"@type":"BreadcrumbList","@id":"https:\/\/www.asug-services.com\/de\/kraftfahrer-winterdienst-m-w-d\/#breadcrumb","itemListElement":[{"@type":"ListItem","position":1,"name":"Startseite","item":"https:\/\/www.asug-services.com\/de\/"},{"@type":"ListItem","position":2,"name":"Kraftfahrer Winterdienst (m\/w\/d)"}]},{"@type":"WebSite","@id":"https:\/\/www.asug-services.com\/de\/#website","url":"https:\/\/www.asug-services.com\/de\/","name":"Der beste Hausmeister der Stadt","description":"\u2705 Ihr zuverl\u00e4ssiger Partner f\u00fcr Geb\u00e4udeservice \u2705 Seit 23 Jahren in Chemnitz \u2705 Kostenfreies Angebot innerhalb von 24 Stunden \u2705 Services in h\u00f6chster Qualit\u00e4t zu fairen Preisen \u2705 Perfekte Umsetzung Ihres Traumprojektes \u2705 \u00dcberzeugende Beratung \u2705 Fokussiert und zielorientiert \u2705 Mit viel Herzblut und gr\u00fcnem Daumen \u2705 Erfahren Sie, was uns einzigartig macht!","publisher":{"@id":"https:\/\/www.asug-services.com\/de\/#organization"},"potentialAction":[{"@type":"SearchAction","target":{"@type":"EntryPoint","urlTemplate":"https:\/\/www.asug-services.com\/de\/?s={search_term_string}"},"query-input":{"@type":"PropertyValueSpecification","valueRequired":true,"valueName":"search_term_string"}}],"inLanguage":"de"},{"@type":"Organization","@id":"https:\/\/www.asug-services.com\/de\/#organization","name":"ASUG Geb\u00e4udeservice GmbH","url":"https:\/\/www.asug-services.com\/de\/","logo":{"@type":"ImageObject","inLanguage":"de","@id":"https:\/\/www.asug-services.com\/de\/#\/schema\/logo\/image\/","url":"https:\/\/www.asug-services.com\/wp-content\/uploads\/2017\/12\/ASUG-2017-07-17-Logo-f\u00fcr-Website-Bearbeitung-abgeschlossen.png","contentUrl":"https:\/\/www.asug-services.com\/wp-content\/uploads\/2017\/12\/ASUG-2017-07-17-Logo-f\u00fcr-Website-Bearbeitung-abgeschlossen.png","width":3744,"height":343,"caption":"ASUG Geb\u00e4udeservice GmbH"},"image":{"@id":"https:\/\/www.asug-services.com\/de\/#\/schema\/logo\/image\/"},"sameAs":["https:\/\/www.facebook.com\/bester.hausmeister","https:\/\/x.com\/asug_services","https:\/\/www.instagram.com\/bester.hausmeister\/"]}]}},"_links":{"self":[{"href":"https:\/\/www.asug-services.com\/de\/wp-json\/wp\/v2\/pages\/2146"}],"collection":[{"href":"https:\/\/www.asug-services.com\/de\/wp-json\/wp\/v2\/pages"}],"about":[{"href":"https:\/\/www.asug-services.com\/de\/wp-json\/wp\/v2\/types\/page"}],"author":[{"embeddable":true,"href":"https:\/\/www.asug-services.com\/de\/wp-json\/wp\/v2\/users\/1"}],"replies":[{"embeddable":true,"href":"https:\/\/www.asug-services.com\/de\/wp-json\/wp\/v2\/comments?post=2146"}],"version-history":[{"count":4,"href":"https:\/\/www.asug-services.com\/de\/wp-json\/wp\/v2\/pages\/2146\/revisions"}],"predecessor-version":[{"id":2233,"href":"https:\/\/www.asug-services.com\/de\/wp-json\/wp\/v2\/pages\/2146\/revisions\/2233"}],"wp:attachment":[{"href":"https:\/\/www.asug-services.com\/de\/wp-json\/wp\/v2\/media?parent=2146"}],"curies":[{"name":"wp","href":"https:\/\/api.w.org\/{rel}","templated":true}]}}