{"id":2,"date":"2017-07-14T16:21:18","date_gmt":"2017-07-14T14:21:18","guid":{"rendered":"http:\/\/www.asug-services.com\/?page_id=2"},"modified":"2020-11-11T12:10:00","modified_gmt":"2020-11-11T11:10:00","slug":"winterdienst","status":"publish","type":"page","link":"https:\/\/www.asug-services.com\/de\/facility-management\/winterdienst\/","title":{"rendered":"Winterdienst"},"content":{"rendered":"\n<p>Vereiste und verschneite Einfahrten und Zufahrtswege? Schneemassen auf Parkpl\u00e4tzen, D\u00e4chern und Lagerfl\u00e4chen? Keine Panik \u2013 Wir ber\u00e4umen, schieben und streuen Ihre Fl\u00e4chen schnee- und eisfrei \u2013 rund um die Uhr, f\u00fcr Ihre Sicherheit und Mobilit\u00e4t.<\/p>\n\n\n\n<h1 class=\"has-text-align-center wp-block-heading\"><strong>Schnee, Eis und Gl\u00e4tte\u2026<\/strong><\/h1>\n\n\n\n<p>\u2026 k\u00f6nnen Ihnen mit uns nichts mehr anhaben! Sobald der erste Schnee f\u00e4llt sind wir mit unseren Winterdienstleistungen auf Ihren Stra\u00dfen, Gehwegen und Freifl\u00e4chen rund um die Uhr f\u00fcr Ihre Sicherheit im Einsatz.<\/p>\n\n\n\n<p>Bevor gefrierende N\u00e4sse zur Gefahr f\u00fcr Fu\u00dfg\u00e4nger und Autofahrer werden kann, ist ein zuverl\u00e4ssiger Streu- und Winterdienst auf Stra\u00dfen und Gehwegen unverzichtbar. Dank professionellem Equipment sind die Teams unseres Winterservices schnell, kurzfristig und flexibel in der Lage, R\u00e4um- und Streuarbeiten rund um die Uhr auszuf\u00fchren.<\/p>\n\n\n\n<p>Wir organisieren f\u00fcr Sie alle erforderlichen R\u00e4umfahrzeuge, umweltfreundliches Streugut und sonstiges Einsatzmaterial. Egal ob pl\u00f6tzlicher Wintereinbruch, Blitzeis oder anhaltender, starker Schneefall: Selbst unter widrigsten Wetterbedingungen bieten wir Ihnen als erfahrener Dienstleister einen individuellen Service. Begonnen bei manuellen Schneeschaufeln bis hin zum leistungsstarken Schneepflug: Wir organisieren das passende R\u00e4umequipment f\u00fcr jeden Bedarf und erledigen alle erforderlichen Streu- und Reinigungsarbeiten auf Kundenwunsch, auch bei eisigen Temperaturen in der kalten Jahreszeit.<\/p>\n\n\n\n<h1 class=\"has-text-align-center wp-block-heading\"><strong>Unsere Serviceleistungen im Winter<\/strong><\/h1>\n\n\n\n<p>Sie suchen einen zuverl\u00e4ssigen Dienstleister, der Ihnen alle Verpflichtungen des Winterdienstes abnimmt? Wir \u00fcbernehmen f\u00fcr Sie s\u00e4mtliche Haupt- und Teilleistungen des Winterdienstes, wie beispielsweise den R\u00e4um- und Streudienst und entlasten Sie dadurch rechtssicher von allen Pflichten nach \u00f6rtlicher Satzung. Das weitl\u00e4ufige Leistungsportfolio unseres Winterservices beinhaltet unter anderem:<\/p>\n\n\n\n<p>\u2705 Schneer\u00e4umung<br>\u2705 Dachr\u00e4umung<br>\u2705 Eisbeseitigung und Schwarzr\u00e4umung (vollst\u00e4ndige Entfernung von Eis und Schnee mittels eines chemischen Streumittels)<br>\u2705 Schneeabtransport und Schneeverlagerung<br>\u2705 Lieferung, Reinigung und Bef\u00fcllung von Streumittelbeh\u00e4ltern<br>\u2705 Streugutentfernung (Beseitigung von Splitt, Sand, Granulat, Salz, etc.)<\/p>\n\n\n\n<p>Zahlreiche Kunden sind bereits mit unserem Winterservice zufrieden. Wenn es drau\u00dfen gefriert, st\u00fcrmt und schneit sind unsere zuverl\u00e4ssigen Mitarbeiter rund um die Uhr zur Stelle. Vertrauen auch Sie unserem Schneer\u00e4umdienst \u2013 \u00fcberzeugen auch Sie sich von der Qualit\u00e4t unserer Dienstleistungen. Kontaktieren Sie uns kostenlos \u2013 wir freuen uns auf Ihren Kontakt.<\/p>\n\n\n\n<h1 class=\"has-text-align-center wp-block-heading\"><strong>Nach dem Winter ist vor dem Winter\u2026<\/strong><\/h1>\n\n\n\n<p>Auch wenn die Temperaturen gerade gar nicht winterlich sind \u2013 warten Sie nicht bis zum ersten K\u00e4lteeinbruch! Um Kapazit\u00e4tsengp\u00e4sse zu vermeiden, k\u00f6nnen Sie uns bereits heute kontaktieren und ein unverbindliches Angebot f\u00fcr unseren Winterservice einholen.<\/p>\n\n\n\n<p>Winterdienstleistungen, wie R\u00e4um- und Streuarbeiten, m\u00fcssen in der kalten Jahreszeit schnell und unverz\u00fcglich durchgef\u00fchrt werden. Lassen Sie sich nicht vom ersten Schneefall \u00fcberraschen, sondern planen Sie gemeinsam mit uns bereits im Sommer, welche Dienstleistungen in welchem Umfang ausgef\u00fchrt werden m\u00fcssen, um die Sicherheit Ihrer Kunden, Lieferanten und Mitarbeiter zu gew\u00e4hrleisten. Wenn Sie sich bereits heute f\u00fcr unseren Winterservice entscheiden, k\u00f6nnen Sie von folgenden Vorteilen profitieren:<\/p>\n\n\n\n<p>\u2705&nbsp;Nachbearbeitung der vergangenen Wintersaison<br>\u2705&nbsp;\u00dcberpr\u00fcfung rechtlicher Rahmenbedingungen und \u00c4nderungen<br>\u2705 Maschinelle und personelle Einsatzplanung<br>\u2705&nbsp;Planung und Bezug von Streugut inkl. Sicherheitsbest\u00e4nden<br>\u2705 Schulungen zu R\u00e4um- und Streutechnik, Arbeitsschutz im Winter etc.<br>\u2705 Zielgerichtete Wartung von Streu- und R\u00e4ummaschinen<\/p>\n\n\n\n<p>Erfahren Sie noch mehr \u00fcber unsere individuellen Dienstleistungen: Fragen Sie noch heute an und f\u00fchlen Sie sich bestens gewappnet \u2013 der n\u00e4chste Winter kommt vielleicht schneller, als Sie erwarten!<\/p>\n\n\n\n<p class=\"has-text-align-center\"><a href=\"https:\/\/www.asug-services.com\/de\/kontakt\/\">Jetzt Angebot einholen &amp; bestens versorgt f\u00fchlen<\/a><\/p>\n","protected":false},"excerpt":{"rendered":"<p>Vereiste und verschneite Einfahrten und Zufahrtswege? Schneemassen auf Parkpl\u00e4tzen, D\u00e4chern und Lagerfl\u00e4chen? Keine Panik \u2013 Wir ber\u00e4umen, schieben und streuen Ihre Fl\u00e4chen schnee- und eisfrei \u2013 rund um die Uhr, f\u00fcr Ihre Sicherheit und Mobilit\u00e4t. Schnee, Eis und Gl\u00e4tte\u2026 \u2026 k\u00f6nnen Ihnen mit uns nichts mehr anhaben! Sobald der erste Schnee f\u00e4llt sind wir mit &hellip; <\/p>\n<p class=\"link-more\"><a href=\"https:\/\/www.asug-services.com\/de\/facility-management\/winterdienst\/\" class=\"more-link\"><span class=\"screen-reader-text\">\u201eWinterdienst\u201c<\/span> weiterlesen<\/a><\/p>\n","protected":false},"author":1,"featured_media":234,"parent":28,"menu_order":0,"comment_status":"closed","ping_status":"open","template":"","meta":{"footnotes":""},"class_list":["post-2","page","type-page","status-publish","has-post-thumbnail","hentry"],"yoast_head":"<!-- This site is optimized with the Yoast SEO plugin v23.4 - https:\/\/yoast.com\/wordpress\/plugins\/seo\/ -->\n<title>Winterdienst | Der beste Hausmeister der Stadt<\/title>\n<meta name=\"robots\" content=\"index, follow, max-snippet:-1, max-image-preview:large, max-video-preview:-1\" \/>\n<link rel=\"canonical\" href=\"https:\/\/www.asug-services.com\/de\/facility-management\/winterdienst\/\" \/>\n<meta property=\"og:locale\" content=\"de_DE\" \/>\n<meta property=\"og:type\" content=\"article\" \/>\n<meta property=\"og:title\" content=\"Winterdienst | Der beste Hausmeister der Stadt\" \/>\n<meta property=\"og:description\" content=\"Vereiste und verschneite Einfahrten und Zufahrtswege? Schneemassen auf Parkpl\u00e4tzen, D\u00e4chern und Lagerfl\u00e4chen? Keine Panik \u2013 Wir ber\u00e4umen, schieben und streuen Ihre Fl\u00e4chen schnee- und eisfrei \u2013 rund um die Uhr, f\u00fcr Ihre Sicherheit und Mobilit\u00e4t. Schnee, Eis und Gl\u00e4tte\u2026 \u2026 k\u00f6nnen Ihnen mit uns nichts mehr anhaben! Sobald der erste Schnee f\u00e4llt sind wir mit &hellip; \u201eWinterdienst\u201c weiterlesen\" \/>\n<meta property=\"og:url\" content=\"https:\/\/www.asug-services.com\/de\/facility-management\/winterdienst\/\" \/>\n<meta property=\"og:site_name\" content=\"Der beste Hausmeister der Stadt\" \/>\n<meta property=\"article:publisher\" content=\"https:\/\/www.facebook.com\/bester.hausmeister\" \/>\n<meta property=\"article:modified_time\" content=\"2020-11-11T11:10:00+00:00\" \/>\n<meta property=\"og:image\" content=\"https:\/\/www.asug-services.com\/wp-content\/uploads\/2017\/07\/image_header_006.jpg\" \/>\n\t<meta property=\"og:image:width\" content=\"1200\" \/>\n\t<meta property=\"og:image:height\" content=\"280\" \/>\n\t<meta property=\"og:image:type\" content=\"image\/jpeg\" \/>\n<meta name=\"twitter:card\" content=\"summary_large_image\" \/>\n<meta name=\"twitter:site\" content=\"@asug_services\" \/>\n<meta name=\"twitter:label1\" content=\"Gesch\u00e4tzte Lesezeit\" \/>\n\t<meta name=\"twitter:data1\" content=\"3\u00a0Minuten\" \/>\n<script type=\"application\/ld+json\" class=\"yoast-schema-graph\">{\"@context\":\"https:\/\/schema.org\",\"@graph\":[{\"@type\":\"WebPage\",\"@id\":\"https:\/\/www.asug-services.com\/de\/facility-management\/winterdienst\/\",\"url\":\"https:\/\/www.asug-services.com\/de\/facility-management\/winterdienst\/\",\"name\":\"Winterdienst | Der beste Hausmeister der Stadt\",\"isPartOf\":{\"@id\":\"https:\/\/www.asug-services.com\/de\/#website\"},\"primaryImageOfPage\":{\"@id\":\"https:\/\/www.asug-services.com\/de\/facility-management\/winterdienst\/#primaryimage\"},\"image\":{\"@id\":\"https:\/\/www.asug-services.com\/de\/facility-management\/winterdienst\/#primaryimage\"},\"thumbnailUrl\":\"https:\/\/www.asug-services.com\/wp-content\/uploads\/2017\/07\/image_header_006.jpg\",\"datePublished\":\"2017-07-14T14:21:18+00:00\",\"dateModified\":\"2020-11-11T11:10:00+00:00\",\"breadcrumb\":{\"@id\":\"https:\/\/www.asug-services.com\/de\/facility-management\/winterdienst\/#breadcrumb\"},\"inLanguage\":\"de\",\"potentialAction\":[{\"@type\":\"ReadAction\",\"target\":[\"https:\/\/www.asug-services.com\/de\/facility-management\/winterdienst\/\"]}]},{\"@type\":\"ImageObject\",\"inLanguage\":\"de\",\"@id\":\"https:\/\/www.asug-services.com\/de\/facility-management\/winterdienst\/#primaryimage\",\"url\":\"https:\/\/www.asug-services.com\/wp-content\/uploads\/2017\/07\/image_header_006.jpg\",\"contentUrl\":\"https:\/\/www.asug-services.com\/wp-content\/uploads\/2017\/07\/image_header_006.jpg\",\"width\":1200,\"height\":280},{\"@type\":\"BreadcrumbList\",\"@id\":\"https:\/\/www.asug-services.com\/de\/facility-management\/winterdienst\/#breadcrumb\",\"itemListElement\":[{\"@type\":\"ListItem\",\"position\":1,\"name\":\"Startseite\",\"item\":\"https:\/\/www.asug-services.com\/de\/\"},{\"@type\":\"ListItem\",\"position\":2,\"name\":\"Facility-Management in Chemnitz\",\"item\":\"https:\/\/www.asug-services.com\/de\/facility-management\/\"},{\"@type\":\"ListItem\",\"position\":3,\"name\":\"Winterdienst\"}]},{\"@type\":\"WebSite\",\"@id\":\"https:\/\/www.asug-services.com\/de\/#website\",\"url\":\"https:\/\/www.asug-services.com\/de\/\",\"name\":\"Der beste Hausmeister der Stadt\",\"description\":\"\u2705 Ihr zuverl\u00e4ssiger Partner f\u00fcr Geb\u00e4udeservice \u2705 Seit 23 Jahren in Chemnitz \u2705 Kostenfreies Angebot innerhalb von 24 Stunden \u2705 Services in h\u00f6chster Qualit\u00e4t zu fairen Preisen \u2705 Perfekte Umsetzung Ihres Traumprojektes \u2705 \u00dcberzeugende Beratung \u2705 Fokussiert und zielorientiert \u2705 Mit viel Herzblut und gr\u00fcnem Daumen \u2705 Erfahren Sie, was uns einzigartig macht!\",\"publisher\":{\"@id\":\"https:\/\/www.asug-services.com\/de\/#organization\"},\"potentialAction\":[{\"@type\":\"SearchAction\",\"target\":{\"@type\":\"EntryPoint\",\"urlTemplate\":\"https:\/\/www.asug-services.com\/de\/?s={search_term_string}\"},\"query-input\":{\"@type\":\"PropertyValueSpecification\",\"valueRequired\":true,\"valueName\":\"search_term_string\"}}],\"inLanguage\":\"de\"},{\"@type\":\"Organization\",\"@id\":\"https:\/\/www.asug-services.com\/de\/#organization\",\"name\":\"ASUG Geb\u00e4udeservice GmbH\",\"url\":\"https:\/\/www.asug-services.com\/de\/\",\"logo\":{\"@type\":\"ImageObject\",\"inLanguage\":\"de\",\"@id\":\"https:\/\/www.asug-services.com\/de\/#\/schema\/logo\/image\/\",\"url\":\"https:\/\/www.asug-services.com\/wp-content\/uploads\/2017\/12\/ASUG-2017-07-17-Logo-f\u00fcr-Website-Bearbeitung-abgeschlossen.png\",\"contentUrl\":\"https:\/\/www.asug-services.com\/wp-content\/uploads\/2017\/12\/ASUG-2017-07-17-Logo-f\u00fcr-Website-Bearbeitung-abgeschlossen.png\",\"width\":3744,\"height\":343,\"caption\":\"ASUG Geb\u00e4udeservice GmbH\"},\"image\":{\"@id\":\"https:\/\/www.asug-services.com\/de\/#\/schema\/logo\/image\/\"},\"sameAs\":[\"https:\/\/www.facebook.com\/bester.hausmeister\",\"https:\/\/x.com\/asug_services\",\"https:\/\/www.instagram.com\/bester.hausmeister\/\"]}]}<\/script>\n<!-- \/ Yoast SEO plugin. -->","yoast_head_json":{"title":"Winterdienst | Der beste Hausmeister der Stadt","robots":{"index":"index","follow":"follow","max-snippet":"max-snippet:-1","max-image-preview":"max-image-preview:large","max-video-preview":"max-video-preview:-1"},"canonical":"https:\/\/www.asug-services.com\/de\/facility-management\/winterdienst\/","og_locale":"de_DE","og_type":"article","og_title":"Winterdienst | Der beste Hausmeister der Stadt","og_description":"Vereiste und verschneite Einfahrten und Zufahrtswege? Schneemassen auf Parkpl\u00e4tzen, D\u00e4chern und Lagerfl\u00e4chen? Keine Panik \u2013 Wir ber\u00e4umen, schieben und streuen Ihre Fl\u00e4chen schnee- und eisfrei \u2013 rund um die Uhr, f\u00fcr Ihre Sicherheit und Mobilit\u00e4t. Schnee, Eis und Gl\u00e4tte\u2026 \u2026 k\u00f6nnen Ihnen mit uns nichts mehr anhaben! Sobald der erste Schnee f\u00e4llt sind wir mit &hellip; \u201eWinterdienst\u201c weiterlesen","og_url":"https:\/\/www.asug-services.com\/de\/facility-management\/winterdienst\/","og_site_name":"Der beste Hausmeister der Stadt","article_publisher":"https:\/\/www.facebook.com\/bester.hausmeister","article_modified_time":"2020-11-11T11:10:00+00:00","og_image":[{"width":1200,"height":280,"url":"https:\/\/www.asug-services.com\/wp-content\/uploads\/2017\/07\/image_header_006.jpg","type":"image\/jpeg"}],"twitter_card":"summary_large_image","twitter_site":"@asug_services","twitter_misc":{"Gesch\u00e4tzte Lesezeit":"3\u00a0Minuten"},"schema":{"@context":"https:\/\/schema.org","@graph":[{"@type":"WebPage","@id":"https:\/\/www.asug-services.com\/de\/facility-management\/winterdienst\/","url":"https:\/\/www.asug-services.com\/de\/facility-management\/winterdienst\/","name":"Winterdienst | Der beste Hausmeister der Stadt","isPartOf":{"@id":"https:\/\/www.asug-services.com\/de\/#website"},"primaryImageOfPage":{"@id":"https:\/\/www.asug-services.com\/de\/facility-management\/winterdienst\/#primaryimage"},"image":{"@id":"https:\/\/www.asug-services.com\/de\/facility-management\/winterdienst\/#primaryimage"},"thumbnailUrl":"https:\/\/www.asug-services.com\/wp-content\/uploads\/2017\/07\/image_header_006.jpg","datePublished":"2017-07-14T14:21:18+00:00","dateModified":"2020-11-11T11:10:00+00:00","breadcrumb":{"@id":"https:\/\/www.asug-services.com\/de\/facility-management\/winterdienst\/#breadcrumb"},"inLanguage":"de","potentialAction":[{"@type":"ReadAction","target":["https:\/\/www.asug-services.com\/de\/facility-management\/winterdienst\/"]}]},{"@type":"ImageObject","inLanguage":"de","@id":"https:\/\/www.asug-services.com\/de\/facility-management\/winterdienst\/#primaryimage","url":"https:\/\/www.asug-services.com\/wp-content\/uploads\/2017\/07\/image_header_006.jpg","contentUrl":"https:\/\/www.asug-services.com\/wp-content\/uploads\/2017\/07\/image_header_006.jpg","width":1200,"height":280},{"@type":"BreadcrumbList","@id":"https:\/\/www.asug-services.com\/de\/facility-management\/winterdienst\/#breadcrumb","itemListElement":[{"@type":"ListItem","position":1,"name":"Startseite","item":"https:\/\/www.asug-services.com\/de\/"},{"@type":"ListItem","position":2,"name":"Facility-Management in Chemnitz","item":"https:\/\/www.asug-services.com\/de\/facility-management\/"},{"@type":"ListItem","position":3,"name":"Winterdienst"}]},{"@type":"WebSite","@id":"https:\/\/www.asug-services.com\/de\/#website","url":"https:\/\/www.asug-services.com\/de\/","name":"Der beste Hausmeister der Stadt","description":"\u2705 Ihr zuverl\u00e4ssiger Partner f\u00fcr Geb\u00e4udeservice \u2705 Seit 23 Jahren in Chemnitz \u2705 Kostenfreies Angebot innerhalb von 24 Stunden \u2705 Services in h\u00f6chster Qualit\u00e4t zu fairen Preisen \u2705 Perfekte Umsetzung Ihres Traumprojektes \u2705 \u00dcberzeugende Beratung \u2705 Fokussiert und zielorientiert \u2705 Mit viel Herzblut und gr\u00fcnem Daumen \u2705 Erfahren Sie, was uns einzigartig macht!","publisher":{"@id":"https:\/\/www.asug-services.com\/de\/#organization"},"potentialAction":[{"@type":"SearchAction","target":{"@type":"EntryPoint","urlTemplate":"https:\/\/www.asug-services.com\/de\/?s={search_term_string}"},"query-input":{"@type":"PropertyValueSpecification","valueRequired":true,"valueName":"search_term_string"}}],"inLanguage":"de"},{"@type":"Organization","@id":"https:\/\/www.asug-services.com\/de\/#organization","name":"ASUG Geb\u00e4udeservice GmbH","url":"https:\/\/www.asug-services.com\/de\/","logo":{"@type":"ImageObject","inLanguage":"de","@id":"https:\/\/www.asug-services.com\/de\/#\/schema\/logo\/image\/","url":"https:\/\/www.asug-services.com\/wp-content\/uploads\/2017\/12\/ASUG-2017-07-17-Logo-f\u00fcr-Website-Bearbeitung-abgeschlossen.png","contentUrl":"https:\/\/www.asug-services.com\/wp-content\/uploads\/2017\/12\/ASUG-2017-07-17-Logo-f\u00fcr-Website-Bearbeitung-abgeschlossen.png","width":3744,"height":343,"caption":"ASUG Geb\u00e4udeservice GmbH"},"image":{"@id":"https:\/\/www.asug-services.com\/de\/#\/schema\/logo\/image\/"},"sameAs":["https:\/\/www.facebook.com\/bester.hausmeister","https:\/\/x.com\/asug_services","https:\/\/www.instagram.com\/bester.hausmeister\/"]}]}},"_links":{"self":[{"href":"https:\/\/www.asug-services.com\/de\/wp-json\/wp\/v2\/pages\/2"}],"collection":[{"href":"https:\/\/www.asug-services.com\/de\/wp-json\/wp\/v2\/pages"}],"about":[{"href":"https:\/\/www.asug-services.com\/de\/wp-json\/wp\/v2\/types\/page"}],"author":[{"embeddable":true,"href":"https:\/\/www.asug-services.com\/de\/wp-json\/wp\/v2\/users\/1"}],"replies":[{"embeddable":true,"href":"https:\/\/www.asug-services.com\/de\/wp-json\/wp\/v2\/comments?post=2"}],"version-history":[{"count":20,"href":"https:\/\/www.asug-services.com\/de\/wp-json\/wp\/v2\/pages\/2\/revisions"}],"predecessor-version":[{"id":2090,"href":"https:\/\/www.asug-services.com\/de\/wp-json\/wp\/v2\/pages\/2\/revisions\/2090"}],"up":[{"embeddable":true,"href":"https:\/\/www.asug-services.com\/de\/wp-json\/wp\/v2\/pages\/28"}],"wp:featuredmedia":[{"embeddable":true,"href":"https:\/\/www.asug-services.com\/de\/wp-json\/wp\/v2\/media\/234"}],"wp:attachment":[{"href":"https:\/\/www.asug-services.com\/de\/wp-json\/wp\/v2\/media?parent=2"}],"curies":[{"name":"wp","href":"https:\/\/api.w.org\/{rel}","templated":true}]}}