{"id":157,"date":"2017-07-17T16:49:54","date_gmt":"2017-07-17T14:49:54","guid":{"rendered":"http:\/\/www.asug-services.com\/?page_id=157"},"modified":"2020-11-09T16:28:12","modified_gmt":"2020-11-09T15:28:12","slug":"technik","status":"publish","type":"page","link":"https:\/\/www.asug-services.com\/de\/unternehmen\/technik\/","title":{"rendered":"Unsere Technik"},"content":{"rendered":"<h2 style=\"text-align: center;\">Qualit\u00e4t, die sich bezahlt macht.<\/h2>\n\n\n<h3 class=\"has-text-align-left wp-block-heading\">Ein breit aufgestellter Maschinenpark, der regelm\u00e4\u00dfig modernisiert und den aktuellen Anforderungen angepasst wird, ist die Basis zur Bew\u00e4ltigung unserer Auftr\u00e4ge. Immer komplexer werdende Aufgaben erfordern technisch beste Voraussetzungen, um wettbewerbsf\u00e4hig zu bleiben.<\/h3>\n\n\n\n<figure class=\"wp-block-image alignfull size-large\"><img loading=\"lazy\" decoding=\"async\" width=\"1024\" height=\"635\" src=\"https:\/\/www.asug-services.com\/wp-content\/uploads\/2020\/11\/logos-markensw-1024x635.png\" alt=\"\" class=\"wp-image-2032\" srcset=\"https:\/\/www.asug-services.com\/wp-content\/uploads\/2020\/11\/logos-markensw-1024x635.png 1024w, https:\/\/www.asug-services.com\/wp-content\/uploads\/2020\/11\/logos-markensw-300x186.png 300w, https:\/\/www.asug-services.com\/wp-content\/uploads\/2020\/11\/logos-markensw-768x476.png 768w, https:\/\/www.asug-services.com\/wp-content\/uploads\/2020\/11\/logos-markensw-1536x952.png 1536w, https:\/\/www.asug-services.com\/wp-content\/uploads\/2020\/11\/logos-markensw-2048x1269.png 2048w\" sizes=\"(max-width: 767px) 89vw, (max-width: 1000px) 54vw, (max-width: 1071px) 543px, 580px\" \/><\/figure>\n\n\n\n<h3 class=\"has-text-align-center wp-block-heading\"><strong>Lastkraftwagen<\/strong><\/h3>\n\n\n\n<p>1x <strong>Multicar TREMO X56<\/strong>, Allradantrieb, Trilety Kehraufbau, Winterdienstausstattung<\/p>\n\n\n\n<p>1x <strong>Multicar M30<\/strong>, Allradantrieb, Doppelkabine, Kippaufbau, Winterdienstausstattung<\/p>\n\n\n\n<p>1x <strong>Multicar M30<\/strong>,  Allradantrieb, Kippaufbau, Winterdienstausstattung<\/p>\n\n\n\n<p>1x <strong>Multicar M26<\/strong>, Allradantrieb, Kippaufbau, Winterdienstausstattung<\/p>\n\n\n\n<p>2x <strong>FUSO Canter 3C13<\/strong>, Kippaufbau<\/p>\n\n\n\n<p>1x <strong>PFAU Protos A7500<\/strong>, Allradantrieb, Kippaufbau, Winterdienstausstattung<\/p>\n\n\n\n<p>2x <strong>PFAU S90<\/strong>, Allradantrieb, Kippaufbau, Winterdienstausstattung<\/p>\n\n\n\n<p>1x <strong>PFAU S85<\/strong>, Allradantrieb, Kippaufbau, Winterdienstausstattung<\/p>\n\n\n\n<h3 class=\"has-text-align-center wp-block-heading\"><strong>Traktoren<\/strong><\/h3>\n\n\n\n<p class=\"has-text-align-left\">1x <strong>Lamborghini R6 125<\/strong>, Winterdienstausstattung<\/p>\n\n\n\n<p class=\"has-text-align-left\">1x <strong>Massey Ferguson MF 5608<\/strong>, Winterdienstausstattung<\/p>\n\n\n\n<p class=\"has-text-align-left\">1x <strong>Massey Ferguson MF 1540<\/strong>, Winterdienstausstattung<\/p>\n\n\n\n<p class=\"has-text-align-left\">1x <strong>John Deere 4100<\/strong>, Winterdienstausstattung<\/p>\n\n\n\n<p>1 x <strong>Egholm Park Ranger 2150<\/strong>, Winterdienstausstattung<\/p>\n\n\n\n<h3 class=\"has-text-align-center wp-block-heading\"><strong>Rasentraktoren<\/strong><\/h3>\n\n\n\n<p>1x <strong>Gianni Ferrari Turbo T4<\/strong><\/p>\n\n\n\n<p>3x <strong>Amazone Profihopper PH1250 4WDi<\/strong><\/p>\n\n\n\n<p>1x <strong>Kubota G23<\/strong> Profim\u00e4her<\/p>\n\n\n\n<h3 class=\"has-text-align-center wp-block-heading\"><strong>Einsatzfahrzeuge Einsatzleiter<\/strong><\/h3>\n\n\n\n<p>3x <strong>Volkswagen Caddy<\/strong><\/p>\n\n\n\n<p>2x <strong>Volkswagen Golf <\/strong>Variant<\/p>\n\n\n\n<p>1x <strong>Volkswagen<\/strong> T5 Transporter, langer Radstand<\/p>\n\n\n\n<p>1x <strong>Dacia Logan<\/strong><\/p>\n\n\n\n<p>Um Ihnen stets eine h\u00f6chstm\u00f6gliche Qualit\u00e4t zu liefern, vertrauen wir dabei ausschlie\u00dflich auf zuverl\u00e4ssige, regionale Partner und aktuelle Technik namhafter Markenhersteller.&nbsp;Diese bilden eine wichtige Komponente unseres Erfolgs.<\/p>\n\n\n\n<small>Alle Markennamen, Warenzeichen sowie s\u00e4mtliche Produktbilder sind Eigentum ihrer rechtm\u00e4\u00dfigen Eigent\u00fcmer und dienen hier nur der Beschreibung.<\/small>\n","protected":false},"excerpt":{"rendered":"<p>Qualit\u00e4t, die sich bezahlt macht. Ein breit aufgestellter Maschinenpark, der regelm\u00e4\u00dfig modernisiert und den aktuellen Anforderungen angepasst wird, ist die Basis zur Bew\u00e4ltigung unserer Auftr\u00e4ge. Immer komplexer werdende Aufgaben erfordern technisch beste Voraussetzungen, um wettbewerbsf\u00e4hig zu bleiben. Lastkraftwagen 1x Multicar TREMO X56, Allradantrieb, Trilety Kehraufbau, Winterdienstausstattung 1x Multicar M30, Allradantrieb, Doppelkabine, Kippaufbau, Winterdienstausstattung 1x Multicar &hellip; <\/p>\n<p class=\"link-more\"><a href=\"https:\/\/www.asug-services.com\/de\/unternehmen\/technik\/\" class=\"more-link\"><span class=\"screen-reader-text\">\u201eUnsere Technik\u201c<\/span> weiterlesen<\/a><\/p>\n","protected":false},"author":1,"featured_media":0,"parent":154,"menu_order":0,"comment_status":"closed","ping_status":"closed","template":"","meta":{"footnotes":""},"class_list":["post-157","page","type-page","status-publish","hentry"],"yoast_head":"<!-- This site is optimized with the Yoast SEO plugin v23.4 - https:\/\/yoast.com\/wordpress\/plugins\/seo\/ -->\n<title>Unsere Technik | Der beste Hausmeister der Stadt<\/title>\n<meta name=\"robots\" content=\"index, follow, max-snippet:-1, max-image-preview:large, max-video-preview:-1\" \/>\n<link rel=\"canonical\" href=\"https:\/\/www.asug-services.com\/de\/unternehmen\/technik\/\" \/>\n<meta property=\"og:locale\" content=\"de_DE\" \/>\n<meta property=\"og:type\" content=\"article\" \/>\n<meta property=\"og:title\" content=\"Unsere Technik | Der beste Hausmeister der Stadt\" \/>\n<meta property=\"og:description\" content=\"Qualit\u00e4t, die sich bezahlt macht. Ein breit aufgestellter Maschinenpark, der regelm\u00e4\u00dfig modernisiert und den aktuellen Anforderungen angepasst wird, ist die Basis zur Bew\u00e4ltigung unserer Auftr\u00e4ge. Immer komplexer werdende Aufgaben erfordern technisch beste Voraussetzungen, um wettbewerbsf\u00e4hig zu bleiben. Lastkraftwagen 1x Multicar TREMO X56, Allradantrieb, Trilety Kehraufbau, Winterdienstausstattung 1x Multicar M30, Allradantrieb, Doppelkabine, Kippaufbau, Winterdienstausstattung 1x Multicar &hellip; \u201eUnsere Technik\u201c weiterlesen\" \/>\n<meta property=\"og:url\" content=\"https:\/\/www.asug-services.com\/de\/unternehmen\/technik\/\" \/>\n<meta property=\"og:site_name\" content=\"Der beste Hausmeister der Stadt\" \/>\n<meta property=\"article:publisher\" content=\"https:\/\/www.facebook.com\/bester.hausmeister\" \/>\n<meta property=\"article:modified_time\" content=\"2020-11-09T15:28:12+00:00\" \/>\n<meta property=\"og:image\" content=\"https:\/\/www.asug-services.com\/wp-content\/uploads\/2020\/11\/logos-markensw-1024x635.png\" \/>\n<meta name=\"twitter:card\" content=\"summary_large_image\" \/>\n<meta name=\"twitter:site\" content=\"@asug_services\" \/>\n<meta name=\"twitter:label1\" content=\"Gesch\u00e4tzte Lesezeit\" \/>\n\t<meta name=\"twitter:data1\" content=\"1\u00a0Minute\" \/>\n<script type=\"application\/ld+json\" class=\"yoast-schema-graph\">{\"@context\":\"https:\/\/schema.org\",\"@graph\":[{\"@type\":\"WebPage\",\"@id\":\"https:\/\/www.asug-services.com\/de\/unternehmen\/technik\/\",\"url\":\"https:\/\/www.asug-services.com\/de\/unternehmen\/technik\/\",\"name\":\"Unsere Technik | Der beste Hausmeister der Stadt\",\"isPartOf\":{\"@id\":\"https:\/\/www.asug-services.com\/de\/#website\"},\"primaryImageOfPage\":{\"@id\":\"https:\/\/www.asug-services.com\/de\/unternehmen\/technik\/#primaryimage\"},\"image\":{\"@id\":\"https:\/\/www.asug-services.com\/de\/unternehmen\/technik\/#primaryimage\"},\"thumbnailUrl\":\"https:\/\/www.asug-services.com\/wp-content\/uploads\/2020\/11\/logos-markensw-1024x635.png\",\"datePublished\":\"2017-07-17T14:49:54+00:00\",\"dateModified\":\"2020-11-09T15:28:12+00:00\",\"breadcrumb\":{\"@id\":\"https:\/\/www.asug-services.com\/de\/unternehmen\/technik\/#breadcrumb\"},\"inLanguage\":\"de\",\"potentialAction\":[{\"@type\":\"ReadAction\",\"target\":[\"https:\/\/www.asug-services.com\/de\/unternehmen\/technik\/\"]}]},{\"@type\":\"ImageObject\",\"inLanguage\":\"de\",\"@id\":\"https:\/\/www.asug-services.com\/de\/unternehmen\/technik\/#primaryimage\",\"url\":\"https:\/\/www.asug-services.com\/wp-content\/uploads\/2020\/11\/logos-markensw-1024x635.png\",\"contentUrl\":\"https:\/\/www.asug-services.com\/wp-content\/uploads\/2020\/11\/logos-markensw-1024x635.png\"},{\"@type\":\"BreadcrumbList\",\"@id\":\"https:\/\/www.asug-services.com\/de\/unternehmen\/technik\/#breadcrumb\",\"itemListElement\":[{\"@type\":\"ListItem\",\"position\":1,\"name\":\"Startseite\",\"item\":\"https:\/\/www.asug-services.com\/de\/\"},{\"@type\":\"ListItem\",\"position\":2,\"name\":\"Unternehmen\",\"item\":\"https:\/\/www.asug-services.com\/de\/unternehmen\/\"},{\"@type\":\"ListItem\",\"position\":3,\"name\":\"Unsere Technik\"}]},{\"@type\":\"WebSite\",\"@id\":\"https:\/\/www.asug-services.com\/de\/#website\",\"url\":\"https:\/\/www.asug-services.com\/de\/\",\"name\":\"Der beste Hausmeister der Stadt\",\"description\":\"\u2705 Ihr zuverl\u00e4ssiger Partner f\u00fcr Geb\u00e4udeservice \u2705 Seit 23 Jahren in Chemnitz \u2705 Kostenfreies Angebot innerhalb von 24 Stunden \u2705 Services in h\u00f6chster Qualit\u00e4t zu fairen Preisen \u2705 Perfekte Umsetzung Ihres Traumprojektes \u2705 \u00dcberzeugende Beratung \u2705 Fokussiert und zielorientiert \u2705 Mit viel Herzblut und gr\u00fcnem Daumen \u2705 Erfahren Sie, was uns einzigartig macht!\",\"publisher\":{\"@id\":\"https:\/\/www.asug-services.com\/de\/#organization\"},\"potentialAction\":[{\"@type\":\"SearchAction\",\"target\":{\"@type\":\"EntryPoint\",\"urlTemplate\":\"https:\/\/www.asug-services.com\/de\/?s={search_term_string}\"},\"query-input\":{\"@type\":\"PropertyValueSpecification\",\"valueRequired\":true,\"valueName\":\"search_term_string\"}}],\"inLanguage\":\"de\"},{\"@type\":\"Organization\",\"@id\":\"https:\/\/www.asug-services.com\/de\/#organization\",\"name\":\"ASUG Geb\u00e4udeservice GmbH\",\"url\":\"https:\/\/www.asug-services.com\/de\/\",\"logo\":{\"@type\":\"ImageObject\",\"inLanguage\":\"de\",\"@id\":\"https:\/\/www.asug-services.com\/de\/#\/schema\/logo\/image\/\",\"url\":\"https:\/\/www.asug-services.com\/wp-content\/uploads\/2017\/12\/ASUG-2017-07-17-Logo-f\u00fcr-Website-Bearbeitung-abgeschlossen.png\",\"contentUrl\":\"https:\/\/www.asug-services.com\/wp-content\/uploads\/2017\/12\/ASUG-2017-07-17-Logo-f\u00fcr-Website-Bearbeitung-abgeschlossen.png\",\"width\":3744,\"height\":343,\"caption\":\"ASUG Geb\u00e4udeservice GmbH\"},\"image\":{\"@id\":\"https:\/\/www.asug-services.com\/de\/#\/schema\/logo\/image\/\"},\"sameAs\":[\"https:\/\/www.facebook.com\/bester.hausmeister\",\"https:\/\/x.com\/asug_services\",\"https:\/\/www.instagram.com\/bester.hausmeister\/\"]}]}<\/script>\n<!-- \/ Yoast SEO plugin. -->","yoast_head_json":{"title":"Unsere Technik | Der beste Hausmeister der Stadt","robots":{"index":"index","follow":"follow","max-snippet":"max-snippet:-1","max-image-preview":"max-image-preview:large","max-video-preview":"max-video-preview:-1"},"canonical":"https:\/\/www.asug-services.com\/de\/unternehmen\/technik\/","og_locale":"de_DE","og_type":"article","og_title":"Unsere Technik | Der beste Hausmeister der Stadt","og_description":"Qualit\u00e4t, die sich bezahlt macht. Ein breit aufgestellter Maschinenpark, der regelm\u00e4\u00dfig modernisiert und den aktuellen Anforderungen angepasst wird, ist die Basis zur Bew\u00e4ltigung unserer Auftr\u00e4ge. Immer komplexer werdende Aufgaben erfordern technisch beste Voraussetzungen, um wettbewerbsf\u00e4hig zu bleiben. Lastkraftwagen 1x Multicar TREMO X56, Allradantrieb, Trilety Kehraufbau, Winterdienstausstattung 1x Multicar M30, Allradantrieb, Doppelkabine, Kippaufbau, Winterdienstausstattung 1x Multicar &hellip; \u201eUnsere Technik\u201c weiterlesen","og_url":"https:\/\/www.asug-services.com\/de\/unternehmen\/technik\/","og_site_name":"Der beste Hausmeister der Stadt","article_publisher":"https:\/\/www.facebook.com\/bester.hausmeister","article_modified_time":"2020-11-09T15:28:12+00:00","og_image":[{"url":"https:\/\/www.asug-services.com\/wp-content\/uploads\/2020\/11\/logos-markensw-1024x635.png"}],"twitter_card":"summary_large_image","twitter_site":"@asug_services","twitter_misc":{"Gesch\u00e4tzte Lesezeit":"1\u00a0Minute"},"schema":{"@context":"https:\/\/schema.org","@graph":[{"@type":"WebPage","@id":"https:\/\/www.asug-services.com\/de\/unternehmen\/technik\/","url":"https:\/\/www.asug-services.com\/de\/unternehmen\/technik\/","name":"Unsere Technik | Der beste Hausmeister der Stadt","isPartOf":{"@id":"https:\/\/www.asug-services.com\/de\/#website"},"primaryImageOfPage":{"@id":"https:\/\/www.asug-services.com\/de\/unternehmen\/technik\/#primaryimage"},"image":{"@id":"https:\/\/www.asug-services.com\/de\/unternehmen\/technik\/#primaryimage"},"thumbnailUrl":"https:\/\/www.asug-services.com\/wp-content\/uploads\/2020\/11\/logos-markensw-1024x635.png","datePublished":"2017-07-17T14:49:54+00:00","dateModified":"2020-11-09T15:28:12+00:00","breadcrumb":{"@id":"https:\/\/www.asug-services.com\/de\/unternehmen\/technik\/#breadcrumb"},"inLanguage":"de","potentialAction":[{"@type":"ReadAction","target":["https:\/\/www.asug-services.com\/de\/unternehmen\/technik\/"]}]},{"@type":"ImageObject","inLanguage":"de","@id":"https:\/\/www.asug-services.com\/de\/unternehmen\/technik\/#primaryimage","url":"https:\/\/www.asug-services.com\/wp-content\/uploads\/2020\/11\/logos-markensw-1024x635.png","contentUrl":"https:\/\/www.asug-services.com\/wp-content\/uploads\/2020\/11\/logos-markensw-1024x635.png"},{"@type":"BreadcrumbList","@id":"https:\/\/www.asug-services.com\/de\/unternehmen\/technik\/#breadcrumb","itemListElement":[{"@type":"ListItem","position":1,"name":"Startseite","item":"https:\/\/www.asug-services.com\/de\/"},{"@type":"ListItem","position":2,"name":"Unternehmen","item":"https:\/\/www.asug-services.com\/de\/unternehmen\/"},{"@type":"ListItem","position":3,"name":"Unsere Technik"}]},{"@type":"WebSite","@id":"https:\/\/www.asug-services.com\/de\/#website","url":"https:\/\/www.asug-services.com\/de\/","name":"Der beste Hausmeister der Stadt","description":"\u2705 Ihr zuverl\u00e4ssiger Partner f\u00fcr Geb\u00e4udeservice \u2705 Seit 23 Jahren in Chemnitz \u2705 Kostenfreies Angebot innerhalb von 24 Stunden \u2705 Services in h\u00f6chster Qualit\u00e4t zu fairen Preisen \u2705 Perfekte Umsetzung Ihres Traumprojektes \u2705 \u00dcberzeugende Beratung \u2705 Fokussiert und zielorientiert \u2705 Mit viel Herzblut und gr\u00fcnem Daumen \u2705 Erfahren Sie, was uns einzigartig macht!","publisher":{"@id":"https:\/\/www.asug-services.com\/de\/#organization"},"potentialAction":[{"@type":"SearchAction","target":{"@type":"EntryPoint","urlTemplate":"https:\/\/www.asug-services.com\/de\/?s={search_term_string}"},"query-input":{"@type":"PropertyValueSpecification","valueRequired":true,"valueName":"search_term_string"}}],"inLanguage":"de"},{"@type":"Organization","@id":"https:\/\/www.asug-services.com\/de\/#organization","name":"ASUG Geb\u00e4udeservice GmbH","url":"https:\/\/www.asug-services.com\/de\/","logo":{"@type":"ImageObject","inLanguage":"de","@id":"https:\/\/www.asug-services.com\/de\/#\/schema\/logo\/image\/","url":"https:\/\/www.asug-services.com\/wp-content\/uploads\/2017\/12\/ASUG-2017-07-17-Logo-f\u00fcr-Website-Bearbeitung-abgeschlossen.png","contentUrl":"https:\/\/www.asug-services.com\/wp-content\/uploads\/2017\/12\/ASUG-2017-07-17-Logo-f\u00fcr-Website-Bearbeitung-abgeschlossen.png","width":3744,"height":343,"caption":"ASUG Geb\u00e4udeservice GmbH"},"image":{"@id":"https:\/\/www.asug-services.com\/de\/#\/schema\/logo\/image\/"},"sameAs":["https:\/\/www.facebook.com\/bester.hausmeister","https:\/\/x.com\/asug_services","https:\/\/www.instagram.com\/bester.hausmeister\/"]}]}},"_links":{"self":[{"href":"https:\/\/www.asug-services.com\/de\/wp-json\/wp\/v2\/pages\/157"}],"collection":[{"href":"https:\/\/www.asug-services.com\/de\/wp-json\/wp\/v2\/pages"}],"about":[{"href":"https:\/\/www.asug-services.com\/de\/wp-json\/wp\/v2\/types\/page"}],"author":[{"embeddable":true,"href":"https:\/\/www.asug-services.com\/de\/wp-json\/wp\/v2\/users\/1"}],"replies":[{"embeddable":true,"href":"https:\/\/www.asug-services.com\/de\/wp-json\/wp\/v2\/comments?post=157"}],"version-history":[{"count":30,"href":"https:\/\/www.asug-services.com\/de\/wp-json\/wp\/v2\/pages\/157\/revisions"}],"predecessor-version":[{"id":2033,"href":"https:\/\/www.asug-services.com\/de\/wp-json\/wp\/v2\/pages\/157\/revisions\/2033"}],"up":[{"embeddable":true,"href":"https:\/\/www.asug-services.com\/de\/wp-json\/wp\/v2\/pages\/154"}],"wp:attachment":[{"href":"https:\/\/www.asug-services.com\/de\/wp-json\/wp\/v2\/media?parent=157"}],"curies":[{"name":"wp","href":"https:\/\/api.w.org\/{rel}","templated":true}]}}