{"id":154,"date":"2017-07-17T16:44:43","date_gmt":"2017-07-17T14:44:43","guid":{"rendered":"http:\/\/www.asug-services.com\/?page_id=154"},"modified":"2018-01-20T14:58:58","modified_gmt":"2018-01-20T13:58:58","slug":"unternehmen","status":"publish","type":"page","link":"https:\/\/www.asug-services.com\/de\/unternehmen\/","title":{"rendered":"Unternehmen"},"content":{"rendered":"<h1 style=\"text-align: center;\">Wer wir sind\u2026<\/h1>\n<p style=\"text-align: justify;\">Die ASUG Geb\u00e4udeservice GmbH ist ein zuverl\u00e4ssiger Partner f\u00fcr werterhaltende Dienstleistungen rund im Ihr Geb\u00e4ude in Chemnitz und Umgebung. Ob Reinigung, Gr\u00fcnanlagepflege oder Winterdienstleistungen \u2013 wir erledigen saubere Arbeit.<\/p>\n<h1 style=\"text-align: center;\">Was wir Ihnen bieten\u2026<\/h1>\n<p style=\"text-align: justify;\">Mit \u00fcber 20-j\u00e4hriger Erfahrung im Bereich Facility Management und Geb\u00e4udeservice bieten wir Ihnen zahlreiche Dienstleistungen rund um Ihre Immobilie. Eines unserer Kerngesch\u00e4fte im Facility Management liegt dabei vor allem in der Gestaltung und Pflege Ihrer Gr\u00fcnanlagen. Au\u00dferdem \u00fcbernehmen wir f\u00fcr Sie s\u00e4mtliche anfallende Aufgaben der Stra\u00dfenreinigung sowie Schnee- und Eisgl\u00e4ttebek\u00e4mpfung im Rahmen unserer Winterdienstleistungen. Bei Bedarf stellen wir Ihnen f\u00fcr Ihre Geb\u00e4ude zuverl\u00e4ssige Hausmeister zur Verf\u00fcgung. Sobald eine Haushaltsaufl\u00f6sung oder ein Umzug ansteht, \u00fcbernehmen wir f\u00fcr Sie anfallende Entr\u00fcmpelungsarbeiten und k\u00fcmmern uns um den Transport sowie die fachm\u00e4nnische Entsorgung des anfallenden Unrates.<\/p>\n<p style=\"text-align: center;\"><a href=\"http:\/\/www.asug-services.com\/de\/facility-management\/\">Jetzt ausf\u00fchrlicher \u00fcber unsere Dienstleistungen im Facility Management informieren!<\/a><\/p>\n<p style=\"text-align: justify;\">Als erfahrener Geb\u00e4udedienstleister bieten wir Ihnen professionelle Reinigungsdienstleistungen. Ob regelm\u00e4\u00dfige Unterhaltsreinigung, Glas-, Fassaden- oder Sonderreinigung \u2013 ob Industriebetrieb, B\u00fcrogeb\u00e4ude oder Baustelle \u2013 ob Chemnitz, Annaberg-Buchholz, Freiberg oder mittleres Erzgebirge \u2013 wir \u00fcbernehmen f\u00fcr Sie s\u00e4mtliche anfallende Reinigungsarbeiten. Somit k\u00f6nnen wir langfristig zur Werterhaltung Ihrer Immobilie und Ihrem eigenen Wohlbefinden beitragen.<\/p>\n<p style=\"text-align: center;\"><a href=\"http:\/\/www.asug-services.com\/de\/gebaeudeservice\/\">Jetzt ausf\u00fchrlicher \u00fcber unsere Reinigungsdienstleistungen informieren!<\/a><\/p>\n<h1 style=\"text-align: center;\">Was wir garantieren\u2026<\/h1>\n<p style=\"text-align: justify;\">Kundenzufriedenheit steht bei uns an oberster Stelle. Deshalb entwickeln wir f\u00fcr jeden Bedarf kundenorientierte L\u00f6sungen auf fachlich bestem Niveau. Wir achten auf Umwelt und Nachhaltigkeit. F\u00fcr unsere Dienstleistungen verwenden wir ausschlie\u00dflich umweltschonende Reinigungsmittel. Unsere Ressourcen beziehen wir stets von Herstellern unserer Region im Raum Sachsen bzw. aus dem Erzgebirge. Unsere zuverl\u00e4ssigen Mitarbeiter f\u00f6rdern wir hinsichtlich ihrer fachlichen Kenntnisse. Ferner f\u00f6rdern wir auch gesellschaftliche und soziale Projekte unserer Region.<\/p>\n<p style=\"text-align: justify;\">Wir wissen genau, worauf unsere Kunden wertlegen. \u00dcberzeugen auch Sie sich von unseren kundennahen Leistungen mit hohem Qualit\u00e4tsanspruch. Kontaktieren Sie uns noch heute \u2013 wir freuen uns auf Ihren Kontakt.<\/p>\n<p style=\"text-align: center;\"><a href=\"http:\/\/www.asug-services.com\/de\/kontakt\/\">Jetzt Kontakt aufnehmen &amp; von zahlreichen Dienstleistungen \u00fcberzeugen lassen<\/a><\/p>\n","protected":false},"excerpt":{"rendered":"<p>Wer wir sind\u2026 Die ASUG Geb\u00e4udeservice GmbH ist ein zuverl\u00e4ssiger Partner f\u00fcr werterhaltende Dienstleistungen rund im Ihr Geb\u00e4ude in Chemnitz und Umgebung. Ob Reinigung, Gr\u00fcnanlagepflege oder Winterdienstleistungen \u2013 wir erledigen saubere Arbeit. Was wir Ihnen bieten\u2026 Mit \u00fcber 20-j\u00e4hriger Erfahrung im Bereich Facility Management und Geb\u00e4udeservice bieten wir Ihnen zahlreiche Dienstleistungen rund um Ihre Immobilie. &hellip; <\/p>\n<p class=\"link-more\"><a href=\"https:\/\/www.asug-services.com\/de\/unternehmen\/\" class=\"more-link\"><span class=\"screen-reader-text\">\u201eUnternehmen\u201c<\/span> weiterlesen<\/a><\/p>\n","protected":false},"author":1,"featured_media":0,"parent":0,"menu_order":0,"comment_status":"closed","ping_status":"closed","template":"","meta":{"footnotes":""},"class_list":["post-154","page","type-page","status-publish","hentry"],"yoast_head":"<!-- This site is optimized with the Yoast SEO plugin v23.4 - https:\/\/yoast.com\/wordpress\/plugins\/seo\/ -->\n<title>Unternehmen | Der beste Hausmeister der Stadt<\/title>\n<meta name=\"robots\" content=\"index, follow, max-snippet:-1, max-image-preview:large, max-video-preview:-1\" \/>\n<link rel=\"canonical\" href=\"https:\/\/www.asug-services.com\/de\/unternehmen\/\" \/>\n<meta property=\"og:locale\" content=\"de_DE\" \/>\n<meta property=\"og:type\" content=\"article\" \/>\n<meta property=\"og:title\" content=\"Unternehmen | Der beste Hausmeister der Stadt\" \/>\n<meta property=\"og:description\" content=\"Wer wir sind\u2026 Die ASUG Geb\u00e4udeservice GmbH ist ein zuverl\u00e4ssiger Partner f\u00fcr werterhaltende Dienstleistungen rund im Ihr Geb\u00e4ude in Chemnitz und Umgebung. Ob Reinigung, Gr\u00fcnanlagepflege oder Winterdienstleistungen \u2013 wir erledigen saubere Arbeit. Was wir Ihnen bieten\u2026 Mit \u00fcber 20-j\u00e4hriger Erfahrung im Bereich Facility Management und Geb\u00e4udeservice bieten wir Ihnen zahlreiche Dienstleistungen rund um Ihre Immobilie. &hellip; \u201eUnternehmen\u201c weiterlesen\" \/>\n<meta property=\"og:url\" content=\"https:\/\/www.asug-services.com\/de\/unternehmen\/\" \/>\n<meta property=\"og:site_name\" content=\"Der beste Hausmeister der Stadt\" \/>\n<meta property=\"article:publisher\" content=\"https:\/\/www.facebook.com\/bester.hausmeister\" \/>\n<meta property=\"article:modified_time\" content=\"2018-01-20T13:58:58+00:00\" \/>\n<meta name=\"twitter:card\" content=\"summary_large_image\" \/>\n<meta name=\"twitter:site\" content=\"@asug_services\" \/>\n<meta name=\"twitter:label1\" content=\"Gesch\u00e4tzte Lesezeit\" \/>\n\t<meta name=\"twitter:data1\" content=\"2\u00a0Minuten\" \/>\n<script type=\"application\/ld+json\" class=\"yoast-schema-graph\">{\"@context\":\"https:\/\/schema.org\",\"@graph\":[{\"@type\":\"WebPage\",\"@id\":\"https:\/\/www.asug-services.com\/de\/unternehmen\/\",\"url\":\"https:\/\/www.asug-services.com\/de\/unternehmen\/\",\"name\":\"Unternehmen | Der beste Hausmeister der Stadt\",\"isPartOf\":{\"@id\":\"https:\/\/www.asug-services.com\/de\/#website\"},\"datePublished\":\"2017-07-17T14:44:43+00:00\",\"dateModified\":\"2018-01-20T13:58:58+00:00\",\"breadcrumb\":{\"@id\":\"https:\/\/www.asug-services.com\/de\/unternehmen\/#breadcrumb\"},\"inLanguage\":\"de\",\"potentialAction\":[{\"@type\":\"ReadAction\",\"target\":[\"https:\/\/www.asug-services.com\/de\/unternehmen\/\"]}]},{\"@type\":\"BreadcrumbList\",\"@id\":\"https:\/\/www.asug-services.com\/de\/unternehmen\/#breadcrumb\",\"itemListElement\":[{\"@type\":\"ListItem\",\"position\":1,\"name\":\"Startseite\",\"item\":\"https:\/\/www.asug-services.com\/de\/\"},{\"@type\":\"ListItem\",\"position\":2,\"name\":\"Unternehmen\"}]},{\"@type\":\"WebSite\",\"@id\":\"https:\/\/www.asug-services.com\/de\/#website\",\"url\":\"https:\/\/www.asug-services.com\/de\/\",\"name\":\"Der beste Hausmeister der Stadt\",\"description\":\"\u2705 Ihr zuverl\u00e4ssiger Partner f\u00fcr Geb\u00e4udeservice \u2705 Seit 23 Jahren in Chemnitz \u2705 Kostenfreies Angebot innerhalb von 24 Stunden \u2705 Services in h\u00f6chster Qualit\u00e4t zu fairen Preisen \u2705 Perfekte Umsetzung Ihres Traumprojektes \u2705 \u00dcberzeugende Beratung \u2705 Fokussiert und zielorientiert \u2705 Mit viel Herzblut und gr\u00fcnem Daumen \u2705 Erfahren Sie, was uns einzigartig macht!\",\"publisher\":{\"@id\":\"https:\/\/www.asug-services.com\/de\/#organization\"},\"potentialAction\":[{\"@type\":\"SearchAction\",\"target\":{\"@type\":\"EntryPoint\",\"urlTemplate\":\"https:\/\/www.asug-services.com\/de\/?s={search_term_string}\"},\"query-input\":{\"@type\":\"PropertyValueSpecification\",\"valueRequired\":true,\"valueName\":\"search_term_string\"}}],\"inLanguage\":\"de\"},{\"@type\":\"Organization\",\"@id\":\"https:\/\/www.asug-services.com\/de\/#organization\",\"name\":\"ASUG Geb\u00e4udeservice GmbH\",\"url\":\"https:\/\/www.asug-services.com\/de\/\",\"logo\":{\"@type\":\"ImageObject\",\"inLanguage\":\"de\",\"@id\":\"https:\/\/www.asug-services.com\/de\/#\/schema\/logo\/image\/\",\"url\":\"https:\/\/www.asug-services.com\/wp-content\/uploads\/2017\/12\/ASUG-2017-07-17-Logo-f\u00fcr-Website-Bearbeitung-abgeschlossen.png\",\"contentUrl\":\"https:\/\/www.asug-services.com\/wp-content\/uploads\/2017\/12\/ASUG-2017-07-17-Logo-f\u00fcr-Website-Bearbeitung-abgeschlossen.png\",\"width\":3744,\"height\":343,\"caption\":\"ASUG Geb\u00e4udeservice GmbH\"},\"image\":{\"@id\":\"https:\/\/www.asug-services.com\/de\/#\/schema\/logo\/image\/\"},\"sameAs\":[\"https:\/\/www.facebook.com\/bester.hausmeister\",\"https:\/\/x.com\/asug_services\",\"https:\/\/www.instagram.com\/bester.hausmeister\/\"]}]}<\/script>\n<!-- \/ Yoast SEO plugin. -->","yoast_head_json":{"title":"Unternehmen | Der beste Hausmeister der Stadt","robots":{"index":"index","follow":"follow","max-snippet":"max-snippet:-1","max-image-preview":"max-image-preview:large","max-video-preview":"max-video-preview:-1"},"canonical":"https:\/\/www.asug-services.com\/de\/unternehmen\/","og_locale":"de_DE","og_type":"article","og_title":"Unternehmen | Der beste Hausmeister der Stadt","og_description":"Wer wir sind\u2026 Die ASUG Geb\u00e4udeservice GmbH ist ein zuverl\u00e4ssiger Partner f\u00fcr werterhaltende Dienstleistungen rund im Ihr Geb\u00e4ude in Chemnitz und Umgebung. Ob Reinigung, Gr\u00fcnanlagepflege oder Winterdienstleistungen \u2013 wir erledigen saubere Arbeit. Was wir Ihnen bieten\u2026 Mit \u00fcber 20-j\u00e4hriger Erfahrung im Bereich Facility Management und Geb\u00e4udeservice bieten wir Ihnen zahlreiche Dienstleistungen rund um Ihre Immobilie. &hellip; \u201eUnternehmen\u201c weiterlesen","og_url":"https:\/\/www.asug-services.com\/de\/unternehmen\/","og_site_name":"Der beste Hausmeister der Stadt","article_publisher":"https:\/\/www.facebook.com\/bester.hausmeister","article_modified_time":"2018-01-20T13:58:58+00:00","twitter_card":"summary_large_image","twitter_site":"@asug_services","twitter_misc":{"Gesch\u00e4tzte Lesezeit":"2\u00a0Minuten"},"schema":{"@context":"https:\/\/schema.org","@graph":[{"@type":"WebPage","@id":"https:\/\/www.asug-services.com\/de\/unternehmen\/","url":"https:\/\/www.asug-services.com\/de\/unternehmen\/","name":"Unternehmen | Der beste Hausmeister der Stadt","isPartOf":{"@id":"https:\/\/www.asug-services.com\/de\/#website"},"datePublished":"2017-07-17T14:44:43+00:00","dateModified":"2018-01-20T13:58:58+00:00","breadcrumb":{"@id":"https:\/\/www.asug-services.com\/de\/unternehmen\/#breadcrumb"},"inLanguage":"de","potentialAction":[{"@type":"ReadAction","target":["https:\/\/www.asug-services.com\/de\/unternehmen\/"]}]},{"@type":"BreadcrumbList","@id":"https:\/\/www.asug-services.com\/de\/unternehmen\/#breadcrumb","itemListElement":[{"@type":"ListItem","position":1,"name":"Startseite","item":"https:\/\/www.asug-services.com\/de\/"},{"@type":"ListItem","position":2,"name":"Unternehmen"}]},{"@type":"WebSite","@id":"https:\/\/www.asug-services.com\/de\/#website","url":"https:\/\/www.asug-services.com\/de\/","name":"Der beste Hausmeister der Stadt","description":"\u2705 Ihr zuverl\u00e4ssiger Partner f\u00fcr Geb\u00e4udeservice \u2705 Seit 23 Jahren in Chemnitz \u2705 Kostenfreies Angebot innerhalb von 24 Stunden \u2705 Services in h\u00f6chster Qualit\u00e4t zu fairen Preisen \u2705 Perfekte Umsetzung Ihres Traumprojektes \u2705 \u00dcberzeugende Beratung \u2705 Fokussiert und zielorientiert \u2705 Mit viel Herzblut und gr\u00fcnem Daumen \u2705 Erfahren Sie, was uns einzigartig macht!","publisher":{"@id":"https:\/\/www.asug-services.com\/de\/#organization"},"potentialAction":[{"@type":"SearchAction","target":{"@type":"EntryPoint","urlTemplate":"https:\/\/www.asug-services.com\/de\/?s={search_term_string}"},"query-input":{"@type":"PropertyValueSpecification","valueRequired":true,"valueName":"search_term_string"}}],"inLanguage":"de"},{"@type":"Organization","@id":"https:\/\/www.asug-services.com\/de\/#organization","name":"ASUG Geb\u00e4udeservice GmbH","url":"https:\/\/www.asug-services.com\/de\/","logo":{"@type":"ImageObject","inLanguage":"de","@id":"https:\/\/www.asug-services.com\/de\/#\/schema\/logo\/image\/","url":"https:\/\/www.asug-services.com\/wp-content\/uploads\/2017\/12\/ASUG-2017-07-17-Logo-f\u00fcr-Website-Bearbeitung-abgeschlossen.png","contentUrl":"https:\/\/www.asug-services.com\/wp-content\/uploads\/2017\/12\/ASUG-2017-07-17-Logo-f\u00fcr-Website-Bearbeitung-abgeschlossen.png","width":3744,"height":343,"caption":"ASUG Geb\u00e4udeservice GmbH"},"image":{"@id":"https:\/\/www.asug-services.com\/de\/#\/schema\/logo\/image\/"},"sameAs":["https:\/\/www.facebook.com\/bester.hausmeister","https:\/\/x.com\/asug_services","https:\/\/www.instagram.com\/bester.hausmeister\/"]}]}},"_links":{"self":[{"href":"https:\/\/www.asug-services.com\/de\/wp-json\/wp\/v2\/pages\/154"}],"collection":[{"href":"https:\/\/www.asug-services.com\/de\/wp-json\/wp\/v2\/pages"}],"about":[{"href":"https:\/\/www.asug-services.com\/de\/wp-json\/wp\/v2\/types\/page"}],"author":[{"embeddable":true,"href":"https:\/\/www.asug-services.com\/de\/wp-json\/wp\/v2\/users\/1"}],"replies":[{"embeddable":true,"href":"https:\/\/www.asug-services.com\/de\/wp-json\/wp\/v2\/comments?post=154"}],"version-history":[{"count":5,"href":"https:\/\/www.asug-services.com\/de\/wp-json\/wp\/v2\/pages\/154\/revisions"}],"predecessor-version":[{"id":655,"href":"https:\/\/www.asug-services.com\/de\/wp-json\/wp\/v2\/pages\/154\/revisions\/655"}],"wp:attachment":[{"href":"https:\/\/www.asug-services.com\/de\/wp-json\/wp\/v2\/media?parent=154"}],"curies":[{"name":"wp","href":"https:\/\/api.w.org\/{rel}","templated":true}]}}