{"id":1340,"date":"2018-09-19T16:00:55","date_gmt":"2018-09-19T14:00:55","guid":{"rendered":"https:\/\/www.asug-services.com\/de\/?page_id=1340"},"modified":"2018-09-20T11:20:28","modified_gmt":"2018-09-20T09:20:28","slug":"bankettsanierung","status":"publish","type":"page","link":"https:\/\/www.asug-services.com\/de\/gartengestaltung\/bankettsanierung\/","title":{"rendered":"Bankettsanierung"},"content":{"rendered":"<h2 style=\"text-align: center;\">Professionelle Bankettsanierung f\u00fcr den Stra\u00dfenerhalt<\/h2>\n<h3 style=\"text-align: center;\"><strong>Instandsetzung von Banketten durch Auffr\u00e4sen<\/strong><\/h3>\n<p style=\"text-align: justify;\">Bei dieser Methode zur <strong>Banketteinstandsetzung<\/strong> wird das alte Bankett mit einer Fr\u00e4se in der erforderlichen Tiefe aufgefr\u00e4st. Anschlie\u00dfend wird\u00a0fehlendes Material maschinell beigegeben und H\u00f6henunterschiede ausnivelliert.<\/p>\n<p style=\"text-align: justify;\">Durch die darauf folgende\u00a0<strong>Bankettverdichtung<\/strong> mittels Radlader mit Seitenverdichterplatte entsteht\u00a0wieder eine gleichm\u00e4\u00dfige und optisch ansprechende Oberfl\u00e4che.\u00a0Die Vedichtung erfolgt mittels Radlader mit Seitenverdichterplatte.<\/p>\n<p style=\"text-align: justify;\">Abschlie\u00dfend erfolgt eine\u00a0Reinigung der sanierten Abschnitte mittel Kehrmaschine. Die zuvor ausgeschwemmten oder ausgefahrenen Bankette sehen im Anschluss wieder wie\u00a0nach der Herstellung aus. Auf Kundenwunsch kann zus\u00e4tzlich Grassamen durch ein spezielles Streuger\u00e4t auf die wiederhergestellten Fl\u00e4chen eingebracht werden.<\/p>\n<h3 style=\"text-align: center;\"><strong>Instandsetzung von Banketten durch Aufrauhen<\/strong><\/h3>\n<p style=\"text-align: justify;\">Eine weitere Methode zur Banketteinstandsetzung\u00a0stellt die Sanierung durch Aufrauhen\u00a0 dar.\u00a0 Dabei wird das bestehende\u00a0Bankett maschinell aufgelockert und Unebenheiten in einem gesonderten Arbeitsgang ausgeglichen.\u00a0\u00dcberh\u00f6hungen werden abgetragen, auf ein\u00a0Transportfahrzeug verladen und anschlie\u00dfend fachgerecht entsorgt.<\/p>\n<p style=\"text-align: justify;\">Mit der von uns eingesetzten Technik ist es zudem m\u00f6glich, die\u00a0Auflockerungstiefe stufenlos zu justieren und so an den jeweiligen Zustand des Bankettes anzupassen. Das Bankett erh\u00e4lt dadurch wieder eine gleichm\u00e4\u00dfige optisch ansprechende Oberfl\u00e4che.<\/p>\n<p><img decoding=\"async\" class=\"emoji\" draggable=\"false\" src=\"https:\/\/s.w.org\/images\/core\/emoji\/11\/svg\/2705.svg\" alt=\"\u2705\" \/>\u00a0Bankettverdichtung<\/p>\n<p><img decoding=\"async\" class=\"emoji\" draggable=\"false\" src=\"https:\/\/s.w.org\/images\/core\/emoji\/11\/svg\/2705.svg\" alt=\"\u2705\" \/>\u00a0Bankettinstandsetzung<\/p>\n<p><img decoding=\"async\" class=\"emoji\" draggable=\"false\" src=\"https:\/\/s.w.org\/images\/core\/emoji\/11\/svg\/2705.svg\" alt=\"\u2705\" \/>\u00a0Bankettsanierung<\/p>\n<p><img decoding=\"async\" class=\"emoji\" draggable=\"false\" src=\"https:\/\/s.w.org\/images\/core\/emoji\/11\/svg\/2705.svg\" alt=\"\u2705\" \/>\u00a0Baustellenabsicherung<\/p>\n<p><img decoding=\"async\" class=\"emoji\" draggable=\"false\" src=\"https:\/\/s.w.org\/images\/core\/emoji\/11\/svg\/2705.svg\" alt=\"\u2705\" \/>\u00a0Anschlie\u00dfende Nachreinigung<\/p>\n<p><img decoding=\"async\" class=\"emoji\" draggable=\"false\" src=\"https:\/\/s.w.org\/images\/core\/emoji\/11\/svg\/2705.svg\" alt=\"\u2705\" \/>\u00a0Auf Kundenwunsch mit Rasennachsaat<\/p>\n<p><img decoding=\"async\" class=\"emoji\" draggable=\"false\" src=\"https:\/\/s.w.org\/images\/core\/emoji\/11\/svg\/2705.svg\" alt=\"\u2705\" \/>\u00a0Sanierung von\u00a0 Wander- und Radwegen<\/p>\n<h3 style=\"text-align: center;\"><strong>Qualit\u00e4t, Service und Preis &#8211; ASUG bietet den besten Service<\/strong><\/h3>\n<p style=\"text-align: justify;\">Wir erweitern st\u00e4ndig unser Dienstleistungsportfolio. Dabei entwickeln wir f\u00fcr jeden Anwendungsfall das richtige Konzept \u2013 mit individuellen Arbeitsabl\u00e4ufen, zuverl\u00e4ssigen Mitarbeitern und umweltschonenden L\u00f6sungen. W\u00fcnschen Sie weitere Informationen zu unseren Leistungen im Bereich der\u00a0<a href=\"https:\/\/www.asug-services.com\/de\/gartengestaltung\/bankettsanierung\/\">Banketteinstandsetzung<\/a>?<\/p>\n<p style=\"text-align: justify;\">Kontaktieren Sie uns und Sie erhalten kostenlos innerhalb von <strong>24 Stunden<\/strong> eine unverbindliche Angebot \u2013 wir freuen uns auf Ihren Kontakt.<\/p>\n","protected":false},"excerpt":{"rendered":"<p>Professionelle Bankettsanierung f\u00fcr den Stra\u00dfenerhalt Instandsetzung von Banketten durch Auffr\u00e4sen Bei dieser Methode zur Banketteinstandsetzung wird das alte Bankett mit einer Fr\u00e4se in der erforderlichen Tiefe aufgefr\u00e4st. Anschlie\u00dfend wird\u00a0fehlendes Material maschinell beigegeben und H\u00f6henunterschiede ausnivelliert. Durch die darauf folgende\u00a0Bankettverdichtung mittels Radlader mit Seitenverdichterplatte entsteht\u00a0wieder eine gleichm\u00e4\u00dfige und optisch ansprechende Oberfl\u00e4che.\u00a0Die Vedichtung erfolgt mittels Radlader mit &hellip; <\/p>\n<p class=\"link-more\"><a href=\"https:\/\/www.asug-services.com\/de\/gartengestaltung\/bankettsanierung\/\" class=\"more-link\"><span class=\"screen-reader-text\">\u201eBankettsanierung\u201c<\/span> weiterlesen<\/a><\/p>\n","protected":false},"author":1,"featured_media":0,"parent":1271,"menu_order":0,"comment_status":"closed","ping_status":"closed","template":"","meta":{"footnotes":""},"class_list":["post-1340","page","type-page","status-publish","hentry"],"yoast_head":"<!-- This site is optimized with the Yoast SEO plugin v23.4 - https:\/\/yoast.com\/wordpress\/plugins\/seo\/ -->\n<title>Bankettsanierung | Der beste Hausmeister der Stadt<\/title>\n<meta name=\"robots\" content=\"index, follow, max-snippet:-1, max-image-preview:large, max-video-preview:-1\" \/>\n<link rel=\"canonical\" href=\"https:\/\/www.asug-services.com\/de\/gartengestaltung\/bankettsanierung\/\" \/>\n<meta property=\"og:locale\" content=\"de_DE\" \/>\n<meta property=\"og:type\" content=\"article\" \/>\n<meta property=\"og:title\" content=\"Bankettsanierung | Der beste Hausmeister der Stadt\" \/>\n<meta property=\"og:description\" content=\"Professionelle Bankettsanierung f\u00fcr den Stra\u00dfenerhalt Instandsetzung von Banketten durch Auffr\u00e4sen Bei dieser Methode zur Banketteinstandsetzung wird das alte Bankett mit einer Fr\u00e4se in der erforderlichen Tiefe aufgefr\u00e4st. Anschlie\u00dfend wird\u00a0fehlendes Material maschinell beigegeben und H\u00f6henunterschiede ausnivelliert. Durch die darauf folgende\u00a0Bankettverdichtung mittels Radlader mit Seitenverdichterplatte entsteht\u00a0wieder eine gleichm\u00e4\u00dfige und optisch ansprechende Oberfl\u00e4che.\u00a0Die Vedichtung erfolgt mittels Radlader mit &hellip; \u201eBankettsanierung\u201c weiterlesen\" \/>\n<meta property=\"og:url\" content=\"https:\/\/www.asug-services.com\/de\/gartengestaltung\/bankettsanierung\/\" \/>\n<meta property=\"og:site_name\" content=\"Der beste Hausmeister der Stadt\" \/>\n<meta property=\"article:publisher\" content=\"https:\/\/www.facebook.com\/bester.hausmeister\" \/>\n<meta property=\"article:modified_time\" content=\"2018-09-20T09:20:28+00:00\" \/>\n<meta property=\"og:image\" content=\"https:\/\/s.w.org\/images\/core\/emoji\/11\/svg\/2705.svg\" \/>\n<meta name=\"twitter:card\" content=\"summary_large_image\" \/>\n<meta name=\"twitter:site\" content=\"@asug_services\" \/>\n<meta name=\"twitter:label1\" content=\"Gesch\u00e4tzte Lesezeit\" \/>\n\t<meta name=\"twitter:data1\" content=\"1\u00a0Minute\" \/>\n<script type=\"application\/ld+json\" class=\"yoast-schema-graph\">{\"@context\":\"https:\/\/schema.org\",\"@graph\":[{\"@type\":\"WebPage\",\"@id\":\"https:\/\/www.asug-services.com\/de\/gartengestaltung\/bankettsanierung\/\",\"url\":\"https:\/\/www.asug-services.com\/de\/gartengestaltung\/bankettsanierung\/\",\"name\":\"Bankettsanierung | Der beste Hausmeister der Stadt\",\"isPartOf\":{\"@id\":\"https:\/\/www.asug-services.com\/de\/#website\"},\"primaryImageOfPage\":{\"@id\":\"https:\/\/www.asug-services.com\/de\/gartengestaltung\/bankettsanierung\/#primaryimage\"},\"image\":{\"@id\":\"https:\/\/www.asug-services.com\/de\/gartengestaltung\/bankettsanierung\/#primaryimage\"},\"thumbnailUrl\":\"https:\/\/s.w.org\/images\/core\/emoji\/11\/svg\/2705.svg\",\"datePublished\":\"2018-09-19T14:00:55+00:00\",\"dateModified\":\"2018-09-20T09:20:28+00:00\",\"breadcrumb\":{\"@id\":\"https:\/\/www.asug-services.com\/de\/gartengestaltung\/bankettsanierung\/#breadcrumb\"},\"inLanguage\":\"de\",\"potentialAction\":[{\"@type\":\"ReadAction\",\"target\":[\"https:\/\/www.asug-services.com\/de\/gartengestaltung\/bankettsanierung\/\"]}]},{\"@type\":\"ImageObject\",\"inLanguage\":\"de\",\"@id\":\"https:\/\/www.asug-services.com\/de\/gartengestaltung\/bankettsanierung\/#primaryimage\",\"url\":\"https:\/\/s.w.org\/images\/core\/emoji\/11\/svg\/2705.svg\",\"contentUrl\":\"https:\/\/s.w.org\/images\/core\/emoji\/11\/svg\/2705.svg\"},{\"@type\":\"BreadcrumbList\",\"@id\":\"https:\/\/www.asug-services.com\/de\/gartengestaltung\/bankettsanierung\/#breadcrumb\",\"itemListElement\":[{\"@type\":\"ListItem\",\"position\":1,\"name\":\"Startseite\",\"item\":\"https:\/\/www.asug-services.com\/de\/\"},{\"@type\":\"ListItem\",\"position\":2,\"name\":\"Garten- und Gr\u00fcnfl\u00e4chengestaltung\",\"item\":\"https:\/\/www.asug-services.com\/de\/gartengestaltung\/\"},{\"@type\":\"ListItem\",\"position\":3,\"name\":\"Bankettsanierung\"}]},{\"@type\":\"WebSite\",\"@id\":\"https:\/\/www.asug-services.com\/de\/#website\",\"url\":\"https:\/\/www.asug-services.com\/de\/\",\"name\":\"Der beste Hausmeister der Stadt\",\"description\":\"\u2705 Ihr zuverl\u00e4ssiger Partner f\u00fcr Geb\u00e4udeservice \u2705 Seit 23 Jahren in Chemnitz \u2705 Kostenfreies Angebot innerhalb von 24 Stunden \u2705 Services in h\u00f6chster Qualit\u00e4t zu fairen Preisen \u2705 Perfekte Umsetzung Ihres Traumprojektes \u2705 \u00dcberzeugende Beratung \u2705 Fokussiert und zielorientiert \u2705 Mit viel Herzblut und gr\u00fcnem Daumen \u2705 Erfahren Sie, was uns einzigartig macht!\",\"publisher\":{\"@id\":\"https:\/\/www.asug-services.com\/de\/#organization\"},\"potentialAction\":[{\"@type\":\"SearchAction\",\"target\":{\"@type\":\"EntryPoint\",\"urlTemplate\":\"https:\/\/www.asug-services.com\/de\/?s={search_term_string}\"},\"query-input\":{\"@type\":\"PropertyValueSpecification\",\"valueRequired\":true,\"valueName\":\"search_term_string\"}}],\"inLanguage\":\"de\"},{\"@type\":\"Organization\",\"@id\":\"https:\/\/www.asug-services.com\/de\/#organization\",\"name\":\"ASUG Geb\u00e4udeservice GmbH\",\"url\":\"https:\/\/www.asug-services.com\/de\/\",\"logo\":{\"@type\":\"ImageObject\",\"inLanguage\":\"de\",\"@id\":\"https:\/\/www.asug-services.com\/de\/#\/schema\/logo\/image\/\",\"url\":\"https:\/\/www.asug-services.com\/wp-content\/uploads\/2017\/12\/ASUG-2017-07-17-Logo-f\u00fcr-Website-Bearbeitung-abgeschlossen.png\",\"contentUrl\":\"https:\/\/www.asug-services.com\/wp-content\/uploads\/2017\/12\/ASUG-2017-07-17-Logo-f\u00fcr-Website-Bearbeitung-abgeschlossen.png\",\"width\":3744,\"height\":343,\"caption\":\"ASUG Geb\u00e4udeservice GmbH\"},\"image\":{\"@id\":\"https:\/\/www.asug-services.com\/de\/#\/schema\/logo\/image\/\"},\"sameAs\":[\"https:\/\/www.facebook.com\/bester.hausmeister\",\"https:\/\/x.com\/asug_services\",\"https:\/\/www.instagram.com\/bester.hausmeister\/\"]}]}<\/script>\n<!-- \/ Yoast SEO plugin. -->","yoast_head_json":{"title":"Bankettsanierung | Der beste Hausmeister der Stadt","robots":{"index":"index","follow":"follow","max-snippet":"max-snippet:-1","max-image-preview":"max-image-preview:large","max-video-preview":"max-video-preview:-1"},"canonical":"https:\/\/www.asug-services.com\/de\/gartengestaltung\/bankettsanierung\/","og_locale":"de_DE","og_type":"article","og_title":"Bankettsanierung | Der beste Hausmeister der Stadt","og_description":"Professionelle Bankettsanierung f\u00fcr den Stra\u00dfenerhalt Instandsetzung von Banketten durch Auffr\u00e4sen Bei dieser Methode zur Banketteinstandsetzung wird das alte Bankett mit einer Fr\u00e4se in der erforderlichen Tiefe aufgefr\u00e4st. Anschlie\u00dfend wird\u00a0fehlendes Material maschinell beigegeben und H\u00f6henunterschiede ausnivelliert. Durch die darauf folgende\u00a0Bankettverdichtung mittels Radlader mit Seitenverdichterplatte entsteht\u00a0wieder eine gleichm\u00e4\u00dfige und optisch ansprechende Oberfl\u00e4che.\u00a0Die Vedichtung erfolgt mittels Radlader mit &hellip; \u201eBankettsanierung\u201c weiterlesen","og_url":"https:\/\/www.asug-services.com\/de\/gartengestaltung\/bankettsanierung\/","og_site_name":"Der beste Hausmeister der Stadt","article_publisher":"https:\/\/www.facebook.com\/bester.hausmeister","article_modified_time":"2018-09-20T09:20:28+00:00","og_image":[{"url":"https:\/\/s.w.org\/images\/core\/emoji\/11\/svg\/2705.svg"}],"twitter_card":"summary_large_image","twitter_site":"@asug_services","twitter_misc":{"Gesch\u00e4tzte Lesezeit":"1\u00a0Minute"},"schema":{"@context":"https:\/\/schema.org","@graph":[{"@type":"WebPage","@id":"https:\/\/www.asug-services.com\/de\/gartengestaltung\/bankettsanierung\/","url":"https:\/\/www.asug-services.com\/de\/gartengestaltung\/bankettsanierung\/","name":"Bankettsanierung | Der beste Hausmeister der Stadt","isPartOf":{"@id":"https:\/\/www.asug-services.com\/de\/#website"},"primaryImageOfPage":{"@id":"https:\/\/www.asug-services.com\/de\/gartengestaltung\/bankettsanierung\/#primaryimage"},"image":{"@id":"https:\/\/www.asug-services.com\/de\/gartengestaltung\/bankettsanierung\/#primaryimage"},"thumbnailUrl":"https:\/\/s.w.org\/images\/core\/emoji\/11\/svg\/2705.svg","datePublished":"2018-09-19T14:00:55+00:00","dateModified":"2018-09-20T09:20:28+00:00","breadcrumb":{"@id":"https:\/\/www.asug-services.com\/de\/gartengestaltung\/bankettsanierung\/#breadcrumb"},"inLanguage":"de","potentialAction":[{"@type":"ReadAction","target":["https:\/\/www.asug-services.com\/de\/gartengestaltung\/bankettsanierung\/"]}]},{"@type":"ImageObject","inLanguage":"de","@id":"https:\/\/www.asug-services.com\/de\/gartengestaltung\/bankettsanierung\/#primaryimage","url":"https:\/\/s.w.org\/images\/core\/emoji\/11\/svg\/2705.svg","contentUrl":"https:\/\/s.w.org\/images\/core\/emoji\/11\/svg\/2705.svg"},{"@type":"BreadcrumbList","@id":"https:\/\/www.asug-services.com\/de\/gartengestaltung\/bankettsanierung\/#breadcrumb","itemListElement":[{"@type":"ListItem","position":1,"name":"Startseite","item":"https:\/\/www.asug-services.com\/de\/"},{"@type":"ListItem","position":2,"name":"Garten- und Gr\u00fcnfl\u00e4chengestaltung","item":"https:\/\/www.asug-services.com\/de\/gartengestaltung\/"},{"@type":"ListItem","position":3,"name":"Bankettsanierung"}]},{"@type":"WebSite","@id":"https:\/\/www.asug-services.com\/de\/#website","url":"https:\/\/www.asug-services.com\/de\/","name":"Der beste Hausmeister der Stadt","description":"\u2705 Ihr zuverl\u00e4ssiger Partner f\u00fcr Geb\u00e4udeservice \u2705 Seit 23 Jahren in Chemnitz \u2705 Kostenfreies Angebot innerhalb von 24 Stunden \u2705 Services in h\u00f6chster Qualit\u00e4t zu fairen Preisen \u2705 Perfekte Umsetzung Ihres Traumprojektes \u2705 \u00dcberzeugende Beratung \u2705 Fokussiert und zielorientiert \u2705 Mit viel Herzblut und gr\u00fcnem Daumen \u2705 Erfahren Sie, was uns einzigartig macht!","publisher":{"@id":"https:\/\/www.asug-services.com\/de\/#organization"},"potentialAction":[{"@type":"SearchAction","target":{"@type":"EntryPoint","urlTemplate":"https:\/\/www.asug-services.com\/de\/?s={search_term_string}"},"query-input":{"@type":"PropertyValueSpecification","valueRequired":true,"valueName":"search_term_string"}}],"inLanguage":"de"},{"@type":"Organization","@id":"https:\/\/www.asug-services.com\/de\/#organization","name":"ASUG Geb\u00e4udeservice GmbH","url":"https:\/\/www.asug-services.com\/de\/","logo":{"@type":"ImageObject","inLanguage":"de","@id":"https:\/\/www.asug-services.com\/de\/#\/schema\/logo\/image\/","url":"https:\/\/www.asug-services.com\/wp-content\/uploads\/2017\/12\/ASUG-2017-07-17-Logo-f\u00fcr-Website-Bearbeitung-abgeschlossen.png","contentUrl":"https:\/\/www.asug-services.com\/wp-content\/uploads\/2017\/12\/ASUG-2017-07-17-Logo-f\u00fcr-Website-Bearbeitung-abgeschlossen.png","width":3744,"height":343,"caption":"ASUG Geb\u00e4udeservice GmbH"},"image":{"@id":"https:\/\/www.asug-services.com\/de\/#\/schema\/logo\/image\/"},"sameAs":["https:\/\/www.facebook.com\/bester.hausmeister","https:\/\/x.com\/asug_services","https:\/\/www.instagram.com\/bester.hausmeister\/"]}]}},"_links":{"self":[{"href":"https:\/\/www.asug-services.com\/de\/wp-json\/wp\/v2\/pages\/1340"}],"collection":[{"href":"https:\/\/www.asug-services.com\/de\/wp-json\/wp\/v2\/pages"}],"about":[{"href":"https:\/\/www.asug-services.com\/de\/wp-json\/wp\/v2\/types\/page"}],"author":[{"embeddable":true,"href":"https:\/\/www.asug-services.com\/de\/wp-json\/wp\/v2\/users\/1"}],"replies":[{"embeddable":true,"href":"https:\/\/www.asug-services.com\/de\/wp-json\/wp\/v2\/comments?post=1340"}],"version-history":[{"count":8,"href":"https:\/\/www.asug-services.com\/de\/wp-json\/wp\/v2\/pages\/1340\/revisions"}],"predecessor-version":[{"id":1348,"href":"https:\/\/www.asug-services.com\/de\/wp-json\/wp\/v2\/pages\/1340\/revisions\/1348"}],"up":[{"embeddable":true,"href":"https:\/\/www.asug-services.com\/de\/wp-json\/wp\/v2\/pages\/1271"}],"wp:attachment":[{"href":"https:\/\/www.asug-services.com\/de\/wp-json\/wp\/v2\/media?parent=1340"}],"curies":[{"name":"wp","href":"https:\/\/api.w.org\/{rel}","templated":true}]}}