{"id":1329,"date":"2018-09-11T09:33:14","date_gmt":"2018-09-11T07:33:14","guid":{"rendered":"https:\/\/www.asug-services.com\/de\/?page_id=1329"},"modified":"2018-09-11T09:34:47","modified_gmt":"2018-09-11T07:34:47","slug":"seminarhinweise","status":"publish","type":"page","link":"https:\/\/www.asug-services.com\/de\/karriere\/akademie\/seminarhinweise\/","title":{"rendered":"Seminarhinweise"},"content":{"rendered":"<h3 style=\"text-align: center;\"><strong>Seminaranmeldung<\/strong><\/h3>\n<p style=\"text-align: justify;\">Nutzen Sie zur Seminaranmeldung bitte das bereitgestellte Kontaktformular. Als Gesch\u00e4ftskunde haben Sie die M\u00f6glichkeit auf das Anmeldeformular f\u00fcr Gesch\u00e4ftskunden auszuweichen und hier bereits die Anzahl der Teilnehmer anzugeben. Alternativ k\u00f6nnen Sie sich auch pers\u00f6nlich in unseren Gesch\u00e4ftsr\u00e4umen f\u00fcr die Teilnahme an einem unserer Seminare registrieren.<\/p>\n<h3 style=\"text-align: center;\"><strong>Seminarbeginn und -ende<\/strong><\/h3>\n<p style=\"text-align: justify;\">Beginn und Ende des jeweiligen Ausbildungsseminars entnehmen Sie bitte Ihrem pers\u00f6nlichen Einladungsschreiben.<\/p>\n<h3 style=\"text-align: center;\"><strong>Arbeitsmaterial<\/strong><\/h3>\n<p style=\"text-align: justify;\">S\u00e4mtliche ben\u00f6tigte Seminarunterlagen werden Ihnen von der ASUG Akademie zur Verf\u00fcgung gestellt. Dazu geh\u00f6ren entsprechende Arbeitsmaterialien, Fachlekt\u00fcre und gegebenenfalls Schreibutensilien.<\/p>\n<p style=\"text-align: center;\"><strong>Voraussetzungen<\/strong><\/p>\n<p style=\"text-align: justify;\">F\u00fcr die Teilnahme an allen unserer Ausbildungsseminare sind ein Mindestalter von 18 Jahren, gutes Seh- und H\u00f6rverm\u00f6gen sowie der Nachweis, f\u00fcr k\u00f6rperlich Eignung (durch eine arbeitsmedizinische Vorsorgeuntersuchung nach G 25) Voraussetzung.<\/p>\n<p style=\"text-align: center;\"><strong>Bitte beachten Sie<\/strong><\/p>\n<p style=\"text-align: justify;\">Bitte beachten Sie, dass Sie f\u00fcr den praktischen Teil des Seminars Folgendes ben\u00f6tigen:<\/p>\n<p>\u2705 Sicherheitsschuhe S3<\/p>\n<p>\u2705 Werkstatt- bzw. wettertaugliche Freizeitkleidung (unempfindlich, lang\u00e4rmlich, lange Hose, eng anliegende Kleidung, geringer Synthetik-Anteil)<\/p>\n<p>\u2705 Kappe, Haargummi o. \u00e4., um lange Haare zusammen zu binden<\/p>\n<p>\u2705 Warnweste, Schutzhandschuhe, Schutzbrille und Geh\u00f6rschutz werden Ihnen bei Bedarf von der ASUG Akademie gestellt.<\/p>\n<p>Wir freuen uns auf Ihren Besuch!<\/p>\n","protected":false},"excerpt":{"rendered":"<p>Seminaranmeldung Nutzen Sie zur Seminaranmeldung bitte das bereitgestellte Kontaktformular. Als Gesch\u00e4ftskunde haben Sie die M\u00f6glichkeit auf das Anmeldeformular f\u00fcr Gesch\u00e4ftskunden auszuweichen und hier bereits die Anzahl der Teilnehmer anzugeben. Alternativ k\u00f6nnen Sie sich auch pers\u00f6nlich in unseren Gesch\u00e4ftsr\u00e4umen f\u00fcr die Teilnahme an einem unserer Seminare registrieren. Seminarbeginn und -ende Beginn und Ende des jeweiligen Ausbildungsseminars &hellip; <\/p>\n<p class=\"link-more\"><a href=\"https:\/\/www.asug-services.com\/de\/karriere\/akademie\/seminarhinweise\/\" class=\"more-link\"><span class=\"screen-reader-text\">\u201eSeminarhinweise\u201c<\/span> weiterlesen<\/a><\/p>\n","protected":false},"author":1,"featured_media":0,"parent":1320,"menu_order":0,"comment_status":"closed","ping_status":"closed","template":"","meta":{"footnotes":""},"class_list":["post-1329","page","type-page","status-publish","hentry"],"yoast_head":"<!-- This site is optimized with the Yoast SEO plugin v23.4 - https:\/\/yoast.com\/wordpress\/plugins\/seo\/ -->\n<title>Seminarhinweise | Der beste Hausmeister der Stadt<\/title>\n<meta name=\"robots\" content=\"index, follow, max-snippet:-1, max-image-preview:large, max-video-preview:-1\" \/>\n<link rel=\"canonical\" href=\"https:\/\/www.asug-services.com\/de\/karriere\/akademie\/seminarhinweise\/\" \/>\n<meta property=\"og:locale\" content=\"de_DE\" \/>\n<meta property=\"og:type\" content=\"article\" \/>\n<meta property=\"og:title\" content=\"Seminarhinweise | Der beste Hausmeister der Stadt\" \/>\n<meta property=\"og:description\" content=\"Seminaranmeldung Nutzen Sie zur Seminaranmeldung bitte das bereitgestellte Kontaktformular. Als Gesch\u00e4ftskunde haben Sie die M\u00f6glichkeit auf das Anmeldeformular f\u00fcr Gesch\u00e4ftskunden auszuweichen und hier bereits die Anzahl der Teilnehmer anzugeben. Alternativ k\u00f6nnen Sie sich auch pers\u00f6nlich in unseren Gesch\u00e4ftsr\u00e4umen f\u00fcr die Teilnahme an einem unserer Seminare registrieren. Seminarbeginn und -ende Beginn und Ende des jeweiligen Ausbildungsseminars &hellip; \u201eSeminarhinweise\u201c weiterlesen\" \/>\n<meta property=\"og:url\" content=\"https:\/\/www.asug-services.com\/de\/karriere\/akademie\/seminarhinweise\/\" \/>\n<meta property=\"og:site_name\" content=\"Der beste Hausmeister der Stadt\" \/>\n<meta property=\"article:publisher\" content=\"https:\/\/www.facebook.com\/bester.hausmeister\" \/>\n<meta property=\"article:modified_time\" content=\"2018-09-11T07:34:47+00:00\" \/>\n<meta name=\"twitter:card\" content=\"summary_large_image\" \/>\n<meta name=\"twitter:site\" content=\"@asug_services\" \/>\n<meta name=\"twitter:label1\" content=\"Gesch\u00e4tzte Lesezeit\" \/>\n\t<meta name=\"twitter:data1\" content=\"1\u00a0Minute\" \/>\n<script type=\"application\/ld+json\" class=\"yoast-schema-graph\">{\"@context\":\"https:\/\/schema.org\",\"@graph\":[{\"@type\":\"WebPage\",\"@id\":\"https:\/\/www.asug-services.com\/de\/karriere\/akademie\/seminarhinweise\/\",\"url\":\"https:\/\/www.asug-services.com\/de\/karriere\/akademie\/seminarhinweise\/\",\"name\":\"Seminarhinweise | Der beste Hausmeister der Stadt\",\"isPartOf\":{\"@id\":\"https:\/\/www.asug-services.com\/de\/#website\"},\"datePublished\":\"2018-09-11T07:33:14+00:00\",\"dateModified\":\"2018-09-11T07:34:47+00:00\",\"breadcrumb\":{\"@id\":\"https:\/\/www.asug-services.com\/de\/karriere\/akademie\/seminarhinweise\/#breadcrumb\"},\"inLanguage\":\"de\",\"potentialAction\":[{\"@type\":\"ReadAction\",\"target\":[\"https:\/\/www.asug-services.com\/de\/karriere\/akademie\/seminarhinweise\/\"]}]},{\"@type\":\"BreadcrumbList\",\"@id\":\"https:\/\/www.asug-services.com\/de\/karriere\/akademie\/seminarhinweise\/#breadcrumb\",\"itemListElement\":[{\"@type\":\"ListItem\",\"position\":1,\"name\":\"Startseite\",\"item\":\"https:\/\/www.asug-services.com\/de\/\"},{\"@type\":\"ListItem\",\"position\":2,\"name\":\"Jobs &#038; Karriere\",\"item\":\"https:\/\/www.asug-services.com\/de\/karriere\/\"},{\"@type\":\"ListItem\",\"position\":3,\"name\":\"ASUG Akademie\",\"item\":\"https:\/\/www.asug-services.com\/de\/karriere\/akademie\/\"},{\"@type\":\"ListItem\",\"position\":4,\"name\":\"Seminarhinweise\"}]},{\"@type\":\"WebSite\",\"@id\":\"https:\/\/www.asug-services.com\/de\/#website\",\"url\":\"https:\/\/www.asug-services.com\/de\/\",\"name\":\"Der beste Hausmeister der Stadt\",\"description\":\"\u2705 Ihr zuverl\u00e4ssiger Partner f\u00fcr Geb\u00e4udeservice \u2705 Seit 23 Jahren in Chemnitz \u2705 Kostenfreies Angebot innerhalb von 24 Stunden \u2705 Services in h\u00f6chster Qualit\u00e4t zu fairen Preisen \u2705 Perfekte Umsetzung Ihres Traumprojektes \u2705 \u00dcberzeugende Beratung \u2705 Fokussiert und zielorientiert \u2705 Mit viel Herzblut und gr\u00fcnem Daumen \u2705 Erfahren Sie, was uns einzigartig macht!\",\"publisher\":{\"@id\":\"https:\/\/www.asug-services.com\/de\/#organization\"},\"potentialAction\":[{\"@type\":\"SearchAction\",\"target\":{\"@type\":\"EntryPoint\",\"urlTemplate\":\"https:\/\/www.asug-services.com\/de\/?s={search_term_string}\"},\"query-input\":{\"@type\":\"PropertyValueSpecification\",\"valueRequired\":true,\"valueName\":\"search_term_string\"}}],\"inLanguage\":\"de\"},{\"@type\":\"Organization\",\"@id\":\"https:\/\/www.asug-services.com\/de\/#organization\",\"name\":\"ASUG Geb\u00e4udeservice GmbH\",\"url\":\"https:\/\/www.asug-services.com\/de\/\",\"logo\":{\"@type\":\"ImageObject\",\"inLanguage\":\"de\",\"@id\":\"https:\/\/www.asug-services.com\/de\/#\/schema\/logo\/image\/\",\"url\":\"https:\/\/www.asug-services.com\/wp-content\/uploads\/2017\/12\/ASUG-2017-07-17-Logo-f\u00fcr-Website-Bearbeitung-abgeschlossen.png\",\"contentUrl\":\"https:\/\/www.asug-services.com\/wp-content\/uploads\/2017\/12\/ASUG-2017-07-17-Logo-f\u00fcr-Website-Bearbeitung-abgeschlossen.png\",\"width\":3744,\"height\":343,\"caption\":\"ASUG Geb\u00e4udeservice GmbH\"},\"image\":{\"@id\":\"https:\/\/www.asug-services.com\/de\/#\/schema\/logo\/image\/\"},\"sameAs\":[\"https:\/\/www.facebook.com\/bester.hausmeister\",\"https:\/\/x.com\/asug_services\",\"https:\/\/www.instagram.com\/bester.hausmeister\/\"]}]}<\/script>\n<!-- \/ Yoast SEO plugin. -->","yoast_head_json":{"title":"Seminarhinweise | Der beste Hausmeister der Stadt","robots":{"index":"index","follow":"follow","max-snippet":"max-snippet:-1","max-image-preview":"max-image-preview:large","max-video-preview":"max-video-preview:-1"},"canonical":"https:\/\/www.asug-services.com\/de\/karriere\/akademie\/seminarhinweise\/","og_locale":"de_DE","og_type":"article","og_title":"Seminarhinweise | Der beste Hausmeister der Stadt","og_description":"Seminaranmeldung Nutzen Sie zur Seminaranmeldung bitte das bereitgestellte Kontaktformular. Als Gesch\u00e4ftskunde haben Sie die M\u00f6glichkeit auf das Anmeldeformular f\u00fcr Gesch\u00e4ftskunden auszuweichen und hier bereits die Anzahl der Teilnehmer anzugeben. Alternativ k\u00f6nnen Sie sich auch pers\u00f6nlich in unseren Gesch\u00e4ftsr\u00e4umen f\u00fcr die Teilnahme an einem unserer Seminare registrieren. Seminarbeginn und -ende Beginn und Ende des jeweiligen Ausbildungsseminars &hellip; \u201eSeminarhinweise\u201c weiterlesen","og_url":"https:\/\/www.asug-services.com\/de\/karriere\/akademie\/seminarhinweise\/","og_site_name":"Der beste Hausmeister der Stadt","article_publisher":"https:\/\/www.facebook.com\/bester.hausmeister","article_modified_time":"2018-09-11T07:34:47+00:00","twitter_card":"summary_large_image","twitter_site":"@asug_services","twitter_misc":{"Gesch\u00e4tzte Lesezeit":"1\u00a0Minute"},"schema":{"@context":"https:\/\/schema.org","@graph":[{"@type":"WebPage","@id":"https:\/\/www.asug-services.com\/de\/karriere\/akademie\/seminarhinweise\/","url":"https:\/\/www.asug-services.com\/de\/karriere\/akademie\/seminarhinweise\/","name":"Seminarhinweise | Der beste Hausmeister der Stadt","isPartOf":{"@id":"https:\/\/www.asug-services.com\/de\/#website"},"datePublished":"2018-09-11T07:33:14+00:00","dateModified":"2018-09-11T07:34:47+00:00","breadcrumb":{"@id":"https:\/\/www.asug-services.com\/de\/karriere\/akademie\/seminarhinweise\/#breadcrumb"},"inLanguage":"de","potentialAction":[{"@type":"ReadAction","target":["https:\/\/www.asug-services.com\/de\/karriere\/akademie\/seminarhinweise\/"]}]},{"@type":"BreadcrumbList","@id":"https:\/\/www.asug-services.com\/de\/karriere\/akademie\/seminarhinweise\/#breadcrumb","itemListElement":[{"@type":"ListItem","position":1,"name":"Startseite","item":"https:\/\/www.asug-services.com\/de\/"},{"@type":"ListItem","position":2,"name":"Jobs &#038; Karriere","item":"https:\/\/www.asug-services.com\/de\/karriere\/"},{"@type":"ListItem","position":3,"name":"ASUG Akademie","item":"https:\/\/www.asug-services.com\/de\/karriere\/akademie\/"},{"@type":"ListItem","position":4,"name":"Seminarhinweise"}]},{"@type":"WebSite","@id":"https:\/\/www.asug-services.com\/de\/#website","url":"https:\/\/www.asug-services.com\/de\/","name":"Der beste Hausmeister der Stadt","description":"\u2705 Ihr zuverl\u00e4ssiger Partner f\u00fcr Geb\u00e4udeservice \u2705 Seit 23 Jahren in Chemnitz \u2705 Kostenfreies Angebot innerhalb von 24 Stunden \u2705 Services in h\u00f6chster Qualit\u00e4t zu fairen Preisen \u2705 Perfekte Umsetzung Ihres Traumprojektes \u2705 \u00dcberzeugende Beratung \u2705 Fokussiert und zielorientiert \u2705 Mit viel Herzblut und gr\u00fcnem Daumen \u2705 Erfahren Sie, was uns einzigartig macht!","publisher":{"@id":"https:\/\/www.asug-services.com\/de\/#organization"},"potentialAction":[{"@type":"SearchAction","target":{"@type":"EntryPoint","urlTemplate":"https:\/\/www.asug-services.com\/de\/?s={search_term_string}"},"query-input":{"@type":"PropertyValueSpecification","valueRequired":true,"valueName":"search_term_string"}}],"inLanguage":"de"},{"@type":"Organization","@id":"https:\/\/www.asug-services.com\/de\/#organization","name":"ASUG Geb\u00e4udeservice GmbH","url":"https:\/\/www.asug-services.com\/de\/","logo":{"@type":"ImageObject","inLanguage":"de","@id":"https:\/\/www.asug-services.com\/de\/#\/schema\/logo\/image\/","url":"https:\/\/www.asug-services.com\/wp-content\/uploads\/2017\/12\/ASUG-2017-07-17-Logo-f\u00fcr-Website-Bearbeitung-abgeschlossen.png","contentUrl":"https:\/\/www.asug-services.com\/wp-content\/uploads\/2017\/12\/ASUG-2017-07-17-Logo-f\u00fcr-Website-Bearbeitung-abgeschlossen.png","width":3744,"height":343,"caption":"ASUG Geb\u00e4udeservice GmbH"},"image":{"@id":"https:\/\/www.asug-services.com\/de\/#\/schema\/logo\/image\/"},"sameAs":["https:\/\/www.facebook.com\/bester.hausmeister","https:\/\/x.com\/asug_services","https:\/\/www.instagram.com\/bester.hausmeister\/"]}]}},"_links":{"self":[{"href":"https:\/\/www.asug-services.com\/de\/wp-json\/wp\/v2\/pages\/1329"}],"collection":[{"href":"https:\/\/www.asug-services.com\/de\/wp-json\/wp\/v2\/pages"}],"about":[{"href":"https:\/\/www.asug-services.com\/de\/wp-json\/wp\/v2\/types\/page"}],"author":[{"embeddable":true,"href":"https:\/\/www.asug-services.com\/de\/wp-json\/wp\/v2\/users\/1"}],"replies":[{"embeddable":true,"href":"https:\/\/www.asug-services.com\/de\/wp-json\/wp\/v2\/comments?post=1329"}],"version-history":[{"count":4,"href":"https:\/\/www.asug-services.com\/de\/wp-json\/wp\/v2\/pages\/1329\/revisions"}],"predecessor-version":[{"id":1333,"href":"https:\/\/www.asug-services.com\/de\/wp-json\/wp\/v2\/pages\/1329\/revisions\/1333"}],"up":[{"embeddable":true,"href":"https:\/\/www.asug-services.com\/de\/wp-json\/wp\/v2\/pages\/1320"}],"wp:attachment":[{"href":"https:\/\/www.asug-services.com\/de\/wp-json\/wp\/v2\/media?parent=1329"}],"curies":[{"name":"wp","href":"https:\/\/api.w.org\/{rel}","templated":true}]}}