{"id":1320,"date":"2018-09-11T09:09:12","date_gmt":"2018-09-11T07:09:12","guid":{"rendered":"https:\/\/www.asug-services.com\/de\/?page_id=1320"},"modified":"2023-07-05T14:52:37","modified_gmt":"2023-07-05T12:52:37","slug":"akademie","status":"publish","type":"page","link":"https:\/\/www.asug-services.com\/de\/karriere\/akademie\/","title":{"rendered":"ASUG Akademie"},"content":{"rendered":"<h2 style=\"text-align: center;\">Ma\u00dfgeschneiderte Seminare &#8211; auch f\u00fcr Ihren Betrieb!<\/h2>\n<!-- \/wp:heading -->\n\n<!-- wp:heading {\"level\":3,\"align\":\"center\"} -->\n<h3 style=\"text-align: center;\"><strong>Qualifizierung zum <\/strong>\n<strong>Flurf\u00f6rderzeugf\u00fchrer-\/Gabelstaplerfahrer-Ausbildung nach DGUV Vorschrift 68<\/strong><\/h3>\n<!-- \/wp:heading -->\n\n<!-- wp:paragraph -->\n<p style=\"text-align: justify;\">Schwere Lasten oder sperrige G\u00fcter mit einem Gabelstapler sicher zu heben und zu bewegen, erfordert neben technischen Sachkenntnissen besondere Fertigkeiten. Wenn Sie in Ihrem Unternehmen daf\u00fcr zust\u00e4ndig sind, Gabelstapler oder andere Flurf\u00f6rderzeuge zu bedienen, k\u00f6nnen Sie sich in diesem Seminar daf\u00fcr qualifizieren. Hier finden Sie Antworten auf h\u00e4ufig gestellte Fragen:<\/p>\n<!-- \/wp:paragraph -->\n\n<!-- wp:heading {\"level\":3,\"align\":\"center\"} -->\n<h3 style=\"text-align: center;\"><strong>An wen richtet sich die Ausbildung?<\/strong><\/h3>\n<!-- \/wp:heading -->\n\n<!-- wp:paragraph -->\n<p style=\"text-align: justify;\">Die Ausbildung richtet sich an alle Mitarbeiter, die innerhalb der Logistikkette von Unternehmen einen Gabelstapler oder anderes Flurf\u00f6rderzeug bedienen bzw. dies zuk\u00fcnftig beabsichtigen. Die Seminare sind dabei vorrangig auf Fahranf\u00e4nger abgestimmt, die noch keine oder nur geringe Kenntnisse im Umgang mit Flurf\u00f6rderzeugen besitzen sowie auf Fahrer mit langer Berufspause.<\/p>\n<!-- \/wp:paragraph -->\n\n<!-- wp:heading {\"level\":3,\"align\":\"center\"} -->\n<h3 style=\"text-align: center;\"><strong>Welche Voraussetzungen muss ich erf\u00fcllen?<\/strong><\/h3>\n<!-- \/wp:heading -->\n\n<!-- wp:paragraph {\"align\":\"left\"} -->\n<p style=\"text-align: justify;\">Voraussetzungen f\u00fcr die Teilnahme an einem unserer Ausbildungsseminare sind ein Mindestalter von 18 Jahren, gutes Seh- und H\u00f6rverm\u00f6gen sowie der Nachweis, dass Sie f\u00fcr eine derartige T\u00e4tigkeit k\u00f6rperlich geeignet sind (z. B. durch eine arbeitsmedizinische Vorsorgeuntersuchung nach <a href=\"http:\/\/www.vbg.de\/apl\/zh\/g25\/titel.htm\" target=\"_blank\" rel=\"noreferrer noopener\">G 25<\/a>).<\/p>\n<!-- \/wp:paragraph -->\n\n<!-- wp:heading {\"level\":3,\"align\":\"center\"} -->\n<h3 style=\"text-align: center;\"><strong>Wie l\u00e4uft die Ausbildung ab?<\/strong><\/h3>\n<!-- \/wp:heading -->\n\n<!-- wp:paragraph -->\n<p style=\"text-align: justify;\">Wir f\u00fchren s\u00e4mtliche Seminare in kleinen Gruppen von 5 bis maximal 10 Personen in unseren Schulungsr\u00e4umen durch. Die Dauer des Lehrgangs betr\u00e4gt in der Regel <strong>22 Unterrichtseinheiten<\/strong> welche sich auf zwei Tage verteilen.<\/p>\n<p style=\"text-align: justify;\">Wir schulen und qualifizieren Sie nach Richtlinien der Verwaltungs-Berufsgenossenschaft (<a href=\"http:\/\/www.vbg.de\/DE\/0_Home\/home_node.html\" target=\"_blank\" rel=\"noreferrer noopener\">VBG<\/a>) mit Anlehnung an die Unfallverh\u00fctungsvorschriften <strong>BGV D27<\/strong> und <strong>BGG 925<\/strong>. Die Fahrerausbildung beinhaltet einen theoretischen Teil mit schriftlicher Pr\u00fcfung und einen praktischen Teil mit abschlie\u00dfender Fahrpr\u00fcfung.<\/p>\n<!-- \/wp:paragraph -->\n\n<!-- wp:heading {\"level\":3,\"align\":\"center\"} -->\n<h3 style=\"text-align: center;\"><strong>Welche Inhalte werden in der theoretischen Ausbildung behandelt?<\/strong><\/h3>\n<p style=\"text-align: left;\">\u2705 Rechtliche Grundlagen<\/p>\n<p style=\"text-align: left;\">\u2705 Unfallgeschehen<\/p>\n<p style=\"text-align: left;\">\u2705\u00a0Aufbau \/ Funktion von Flurf\u00f6rderzeugen und Anbauger\u00e4ten<\/p>\n<p style=\"text-align: left;\">\u2705 Antriebsarten<\/p>\n<p style=\"text-align: left;\">\u2705 Standsicherheit<\/p>\n<p style=\"text-align: left;\">\u2705 Gewichtsverteilung, zul\u00e4ssige Lasten und Lastdiagramme<\/p>\n<p style=\"text-align: left;\">\u2705 Betrieb allgemein<\/p>\n<p style=\"text-align: left;\">\u2705 Regelm\u00e4\u00dfige Pr\u00fcfungen<\/p>\n<p style=\"text-align: left;\">\u2705 Umgang mit Last<\/p>\n<p style=\"text-align: left;\">\u2705 Sondereins\u00e4tze<\/p>\n<p style=\"text-align: left;\">\u2705 Verkehrsregeln<\/p>\n<p style=\"text-align: left;\">\u2705 Verkehrswege<\/p>\n<p style=\"text-align: left;\">\u2705 Abschlusspr\u00fcfung in Theorie<\/p>\n<!-- \/wp:list -->\n\n<!-- wp:heading {\"level\":3,\"align\":\"center\"} -->\n<h3 style=\"text-align: center;\"><strong>Welche Inhalte werden in der praktischen Ausbildung behandelt?<\/strong><\/h3>\n<p style=\"text-align: left;\">\u2705 Einweisung und t\u00e4gliche Einsatzpr\u00fcfung am Gabelstapler<\/p>\n<p style=\"text-align: left;\">\u2705 Hinweise auf Gefahrstellen<\/p>\n<p style=\"text-align: left;\">\u2705 Praktische Fahr- und Stapel\u00fcbungen<\/p>\n<p style=\"text-align: left;\">\u2705 Bestimmungen beim Abstellen eines Gabelstaplers<\/p>\n<p style=\"text-align: left;\">\u2705 Abschlusspr\u00fcfung in Praxis<\/p>\n<!-- \/wp:list -->\n\n<!-- wp:heading {\"level\":3,\"align\":\"center\"} -->\n<h3 style=\"text-align: center;\"><strong>Welche Qualifikation erhalte ich nach Abschluss der Ausbildung?<\/strong><\/h3>\n<!-- \/wp:heading -->\n\n<!-- wp:paragraph -->\n<p style=\"text-align: justify;\">Nach erfolgreichem Abschluss der theoretischen und praktischen Pr\u00fcfung erhalten Sie einen personenbezogenen, \u00fcberbetrieblich g\u00fcltigen Fahrausweis f\u00fcr Flurf\u00f6rderfahrzeuge. Dieser gilt auf <strong>unbefristete Zeit<\/strong> und berechtigt Sie in allen Unternehmen Deutschlands zum Bedienen von Flurf\u00f6rderzeugen.<\/p>\n<!-- \/wp:paragraph -->\n\n<!-- wp:heading {\"level\":3,\"align\":\"center\"} -->\n<h3 style=\"text-align: center;\"><strong>Wo findet die Ausbildung statt?<\/strong><\/h3>\n<!-- \/wp:heading -->\n\n<!-- wp:paragraph -->\n\nDie Ausbildungsseminare finden laut Seminarplan in unseren Schulungsr\u00e4umen statt:\n\n<!-- \/wp:paragraph -->\n\n<!-- wp:paragraph -->\n\n<strong>ASUG Geb\u00e4udeservice GmbH\nEmilienstra\u00dfe 35\n09113 Chemnitz\nDeutschland<\/strong>\n\n<!-- \/wp:paragraph -->\n\n<!-- wp:paragraph -->\n<p style=\"text-align: justify;\">Um die praktische Ausbildung f\u00fcr unsere Teilnehmerinnen und Teilnehmer so praxisorientiert wie m\u00f6glich zu gestalten, f\u00fchren wir diese entsprechend auf unserem Betriebsgel\u00e4nde durch. Je nach Bedarf k\u00f6nnen wir sowohl den theoretischen, als auch den praktischen Teil der Ausbildung direkt in Ihrem Unternehmen organisieren.<\/p>\n<!-- \/wp:paragraph -->\n\n<!-- wp:paragraph -->\n\n<strong>ASUG Geb\u00e4udeservice GmbH<\/strong>\n<strong>Paul-Gruner-Stra\u00dfe 58<\/strong>\n<strong>09120 Chemnitz\nDeutschland<\/strong>\n\n<!-- \/wp:paragraph -->\n\n<!-- wp:heading {\"level\":3} -->\n<h3 style=\"text-align: center;\"><strong>Was kostet die Ausbildung?<\/strong><\/h3>\n<!-- \/wp:heading -->\n\n<!-- wp:paragraph -->\n<p style=\"text-align: justify;\">Die Geb\u00fchr f\u00fcr die vollst\u00e4ndige Ausbildung, inklusive aller relevanten Ausbildungsunterlagen betr\u00e4gt <strong>239,90 EUR<\/strong> inkl. MwSt. Weitere Informationen und Termine erhalten Sie in unserer Niederlassung in Chemnitz.<\/p>\n<!-- \/wp:paragraph -->\n\n<!-- wp:heading {\"level\":3} -->\n<h3 style=\"text-align: center;\"><strong>Welchen Nutzen hat diese Ausbildung?<\/strong><\/h3>\n<!-- \/wp:heading -->\n\n<!-- wp:paragraph -->\n<p style=\"text-align: justify;\">Sie eignen sich das theoretische Wissen und die praktischen Fertigkeiten an, um Lasten sicher und wirtschaftlich mit dem Gabelstapler zu transportieren. Techniken rund um das Anschlagen, Anheben, Verfahren und Absetzen trainieren Sie unter fachlicher Anleitung und praxisnahen Bedingungen mit einem Gabelstapler. Dabei erlernen Sie die relevanten Vorschriften f\u00fcr den Betrieb sowie Ihre Rechte und Pflichten als F\u00fchrer von Flurf\u00f6rderzeugen und sind in der Lage, diese in der t\u00e4glichen Praxis zu ber\u00fccksichtigen.<\/p>\n<!-- \/wp:paragraph -->\n\n<!-- wp:heading {\"level\":3} -->\n<h3 style=\"text-align: center;\"><strong>Sonstige Hinweise<\/strong><\/h3>\n<!-- \/wp:heading -->\n\n<!-- wp:paragraph -->\n<p style=\"text-align: justify;\">Weitere Hinweise zum Ablauf des Seminars erhalten Sie unter der Rubrik <a href=\"https:\/\/www.asug-services.com\/de\/karriere\/akademie\/seminarhinweise\/\">Seminarhinweise<\/a>.<\/p>\n<!-- \/wp:paragraph -->","protected":false},"excerpt":{"rendered":"<p>Ma\u00dfgeschneiderte Seminare &#8211; auch f\u00fcr Ihren Betrieb! Qualifizierung zum Flurf\u00f6rderzeugf\u00fchrer-\/Gabelstaplerfahrer-Ausbildung nach DGUV Vorschrift 68 Schwere Lasten oder sperrige G\u00fcter mit einem Gabelstapler sicher zu heben und zu bewegen, erfordert neben technischen Sachkenntnissen besondere Fertigkeiten. Wenn Sie in Ihrem Unternehmen daf\u00fcr zust\u00e4ndig sind, Gabelstapler oder andere Flurf\u00f6rderzeuge zu bedienen, k\u00f6nnen Sie sich in diesem Seminar daf\u00fcr &hellip; <\/p>\n<p class=\"link-more\"><a href=\"https:\/\/www.asug-services.com\/de\/karriere\/akademie\/\" class=\"more-link\"><span class=\"screen-reader-text\">\u201eASUG Akademie\u201c<\/span> weiterlesen<\/a><\/p>\n","protected":false},"author":1,"featured_media":1324,"parent":25,"menu_order":0,"comment_status":"closed","ping_status":"closed","template":"","meta":{"footnotes":""},"class_list":["post-1320","page","type-page","status-publish","has-post-thumbnail","hentry"],"yoast_head":"<!-- This site is optimized with the Yoast SEO plugin v23.4 - https:\/\/yoast.com\/wordpress\/plugins\/seo\/ -->\n<title>ASUG Akademie | Der beste Hausmeister der Stadt<\/title>\n<meta name=\"robots\" content=\"index, follow, max-snippet:-1, max-image-preview:large, max-video-preview:-1\" \/>\n<link rel=\"canonical\" href=\"https:\/\/www.asug-services.com\/de\/karriere\/akademie\/\" \/>\n<meta property=\"og:locale\" content=\"de_DE\" \/>\n<meta property=\"og:type\" content=\"article\" \/>\n<meta property=\"og:title\" content=\"ASUG Akademie | Der beste Hausmeister der Stadt\" \/>\n<meta property=\"og:description\" content=\"Ma\u00dfgeschneiderte Seminare &#8211; auch f\u00fcr Ihren Betrieb! Qualifizierung zum Flurf\u00f6rderzeugf\u00fchrer-\/Gabelstaplerfahrer-Ausbildung nach DGUV Vorschrift 68 Schwere Lasten oder sperrige G\u00fcter mit einem Gabelstapler sicher zu heben und zu bewegen, erfordert neben technischen Sachkenntnissen besondere Fertigkeiten. Wenn Sie in Ihrem Unternehmen daf\u00fcr zust\u00e4ndig sind, Gabelstapler oder andere Flurf\u00f6rderzeuge zu bedienen, k\u00f6nnen Sie sich in diesem Seminar daf\u00fcr &hellip; \u201eASUG Akademie\u201c weiterlesen\" \/>\n<meta property=\"og:url\" content=\"https:\/\/www.asug-services.com\/de\/karriere\/akademie\/\" \/>\n<meta property=\"og:site_name\" content=\"Der beste Hausmeister der Stadt\" \/>\n<meta property=\"article:publisher\" content=\"https:\/\/www.facebook.com\/bester.hausmeister\" \/>\n<meta property=\"article:modified_time\" content=\"2023-07-05T12:52:37+00:00\" \/>\n<meta property=\"og:image\" content=\"https:\/\/www.asug-services.com\/wp-content\/uploads\/2018\/09\/Bild-1-1024x683.jpg\" \/>\n\t<meta property=\"og:image:width\" content=\"1024\" \/>\n\t<meta property=\"og:image:height\" content=\"683\" \/>\n\t<meta property=\"og:image:type\" content=\"image\/jpeg\" \/>\n<meta name=\"twitter:card\" content=\"summary_large_image\" \/>\n<meta name=\"twitter:site\" content=\"@asug_services\" \/>\n<meta name=\"twitter:label1\" content=\"Gesch\u00e4tzte Lesezeit\" \/>\n\t<meta name=\"twitter:data1\" content=\"4\u00a0Minuten\" \/>\n<script type=\"application\/ld+json\" class=\"yoast-schema-graph\">{\"@context\":\"https:\/\/schema.org\",\"@graph\":[{\"@type\":\"WebPage\",\"@id\":\"https:\/\/www.asug-services.com\/de\/karriere\/akademie\/\",\"url\":\"https:\/\/www.asug-services.com\/de\/karriere\/akademie\/\",\"name\":\"ASUG Akademie | Der beste Hausmeister der Stadt\",\"isPartOf\":{\"@id\":\"https:\/\/www.asug-services.com\/de\/#website\"},\"primaryImageOfPage\":{\"@id\":\"https:\/\/www.asug-services.com\/de\/karriere\/akademie\/#primaryimage\"},\"image\":{\"@id\":\"https:\/\/www.asug-services.com\/de\/karriere\/akademie\/#primaryimage\"},\"thumbnailUrl\":\"https:\/\/www.asug-services.com\/wp-content\/uploads\/2018\/09\/Bild-1.jpg\",\"datePublished\":\"2018-09-11T07:09:12+00:00\",\"dateModified\":\"2023-07-05T12:52:37+00:00\",\"breadcrumb\":{\"@id\":\"https:\/\/www.asug-services.com\/de\/karriere\/akademie\/#breadcrumb\"},\"inLanguage\":\"de\",\"potentialAction\":[{\"@type\":\"ReadAction\",\"target\":[\"https:\/\/www.asug-services.com\/de\/karriere\/akademie\/\"]}]},{\"@type\":\"ImageObject\",\"inLanguage\":\"de\",\"@id\":\"https:\/\/www.asug-services.com\/de\/karriere\/akademie\/#primaryimage\",\"url\":\"https:\/\/www.asug-services.com\/wp-content\/uploads\/2018\/09\/Bild-1.jpg\",\"contentUrl\":\"https:\/\/www.asug-services.com\/wp-content\/uploads\/2018\/09\/Bild-1.jpg\",\"width\":5580,\"height\":3720},{\"@type\":\"BreadcrumbList\",\"@id\":\"https:\/\/www.asug-services.com\/de\/karriere\/akademie\/#breadcrumb\",\"itemListElement\":[{\"@type\":\"ListItem\",\"position\":1,\"name\":\"Startseite\",\"item\":\"https:\/\/www.asug-services.com\/de\/\"},{\"@type\":\"ListItem\",\"position\":2,\"name\":\"Jobs &#038; Karriere\",\"item\":\"https:\/\/www.asug-services.com\/de\/karriere\/\"},{\"@type\":\"ListItem\",\"position\":3,\"name\":\"ASUG Akademie\"}]},{\"@type\":\"WebSite\",\"@id\":\"https:\/\/www.asug-services.com\/de\/#website\",\"url\":\"https:\/\/www.asug-services.com\/de\/\",\"name\":\"Der beste Hausmeister der Stadt\",\"description\":\"\u2705 Ihr zuverl\u00e4ssiger Partner f\u00fcr Geb\u00e4udeservice \u2705 Seit 23 Jahren in Chemnitz \u2705 Kostenfreies Angebot innerhalb von 24 Stunden \u2705 Services in h\u00f6chster Qualit\u00e4t zu fairen Preisen \u2705 Perfekte Umsetzung Ihres Traumprojektes \u2705 \u00dcberzeugende Beratung \u2705 Fokussiert und zielorientiert \u2705 Mit viel Herzblut und gr\u00fcnem Daumen \u2705 Erfahren Sie, was uns einzigartig macht!\",\"publisher\":{\"@id\":\"https:\/\/www.asug-services.com\/de\/#organization\"},\"potentialAction\":[{\"@type\":\"SearchAction\",\"target\":{\"@type\":\"EntryPoint\",\"urlTemplate\":\"https:\/\/www.asug-services.com\/de\/?s={search_term_string}\"},\"query-input\":{\"@type\":\"PropertyValueSpecification\",\"valueRequired\":true,\"valueName\":\"search_term_string\"}}],\"inLanguage\":\"de\"},{\"@type\":\"Organization\",\"@id\":\"https:\/\/www.asug-services.com\/de\/#organization\",\"name\":\"ASUG Geb\u00e4udeservice GmbH\",\"url\":\"https:\/\/www.asug-services.com\/de\/\",\"logo\":{\"@type\":\"ImageObject\",\"inLanguage\":\"de\",\"@id\":\"https:\/\/www.asug-services.com\/de\/#\/schema\/logo\/image\/\",\"url\":\"https:\/\/www.asug-services.com\/wp-content\/uploads\/2017\/12\/ASUG-2017-07-17-Logo-f\u00fcr-Website-Bearbeitung-abgeschlossen.png\",\"contentUrl\":\"https:\/\/www.asug-services.com\/wp-content\/uploads\/2017\/12\/ASUG-2017-07-17-Logo-f\u00fcr-Website-Bearbeitung-abgeschlossen.png\",\"width\":3744,\"height\":343,\"caption\":\"ASUG Geb\u00e4udeservice GmbH\"},\"image\":{\"@id\":\"https:\/\/www.asug-services.com\/de\/#\/schema\/logo\/image\/\"},\"sameAs\":[\"https:\/\/www.facebook.com\/bester.hausmeister\",\"https:\/\/x.com\/asug_services\",\"https:\/\/www.instagram.com\/bester.hausmeister\/\"]}]}<\/script>\n<!-- \/ Yoast SEO plugin. -->","yoast_head_json":{"title":"ASUG Akademie | Der beste Hausmeister der Stadt","robots":{"index":"index","follow":"follow","max-snippet":"max-snippet:-1","max-image-preview":"max-image-preview:large","max-video-preview":"max-video-preview:-1"},"canonical":"https:\/\/www.asug-services.com\/de\/karriere\/akademie\/","og_locale":"de_DE","og_type":"article","og_title":"ASUG Akademie | Der beste Hausmeister der Stadt","og_description":"Ma\u00dfgeschneiderte Seminare &#8211; auch f\u00fcr Ihren Betrieb! Qualifizierung zum Flurf\u00f6rderzeugf\u00fchrer-\/Gabelstaplerfahrer-Ausbildung nach DGUV Vorschrift 68 Schwere Lasten oder sperrige G\u00fcter mit einem Gabelstapler sicher zu heben und zu bewegen, erfordert neben technischen Sachkenntnissen besondere Fertigkeiten. Wenn Sie in Ihrem Unternehmen daf\u00fcr zust\u00e4ndig sind, Gabelstapler oder andere Flurf\u00f6rderzeuge zu bedienen, k\u00f6nnen Sie sich in diesem Seminar daf\u00fcr &hellip; \u201eASUG Akademie\u201c weiterlesen","og_url":"https:\/\/www.asug-services.com\/de\/karriere\/akademie\/","og_site_name":"Der beste Hausmeister der Stadt","article_publisher":"https:\/\/www.facebook.com\/bester.hausmeister","article_modified_time":"2023-07-05T12:52:37+00:00","og_image":[{"width":1024,"height":683,"url":"https:\/\/www.asug-services.com\/wp-content\/uploads\/2018\/09\/Bild-1-1024x683.jpg","type":"image\/jpeg"}],"twitter_card":"summary_large_image","twitter_site":"@asug_services","twitter_misc":{"Gesch\u00e4tzte Lesezeit":"4\u00a0Minuten"},"schema":{"@context":"https:\/\/schema.org","@graph":[{"@type":"WebPage","@id":"https:\/\/www.asug-services.com\/de\/karriere\/akademie\/","url":"https:\/\/www.asug-services.com\/de\/karriere\/akademie\/","name":"ASUG Akademie | Der beste Hausmeister der Stadt","isPartOf":{"@id":"https:\/\/www.asug-services.com\/de\/#website"},"primaryImageOfPage":{"@id":"https:\/\/www.asug-services.com\/de\/karriere\/akademie\/#primaryimage"},"image":{"@id":"https:\/\/www.asug-services.com\/de\/karriere\/akademie\/#primaryimage"},"thumbnailUrl":"https:\/\/www.asug-services.com\/wp-content\/uploads\/2018\/09\/Bild-1.jpg","datePublished":"2018-09-11T07:09:12+00:00","dateModified":"2023-07-05T12:52:37+00:00","breadcrumb":{"@id":"https:\/\/www.asug-services.com\/de\/karriere\/akademie\/#breadcrumb"},"inLanguage":"de","potentialAction":[{"@type":"ReadAction","target":["https:\/\/www.asug-services.com\/de\/karriere\/akademie\/"]}]},{"@type":"ImageObject","inLanguage":"de","@id":"https:\/\/www.asug-services.com\/de\/karriere\/akademie\/#primaryimage","url":"https:\/\/www.asug-services.com\/wp-content\/uploads\/2018\/09\/Bild-1.jpg","contentUrl":"https:\/\/www.asug-services.com\/wp-content\/uploads\/2018\/09\/Bild-1.jpg","width":5580,"height":3720},{"@type":"BreadcrumbList","@id":"https:\/\/www.asug-services.com\/de\/karriere\/akademie\/#breadcrumb","itemListElement":[{"@type":"ListItem","position":1,"name":"Startseite","item":"https:\/\/www.asug-services.com\/de\/"},{"@type":"ListItem","position":2,"name":"Jobs &#038; Karriere","item":"https:\/\/www.asug-services.com\/de\/karriere\/"},{"@type":"ListItem","position":3,"name":"ASUG Akademie"}]},{"@type":"WebSite","@id":"https:\/\/www.asug-services.com\/de\/#website","url":"https:\/\/www.asug-services.com\/de\/","name":"Der beste Hausmeister der Stadt","description":"\u2705 Ihr zuverl\u00e4ssiger Partner f\u00fcr Geb\u00e4udeservice \u2705 Seit 23 Jahren in Chemnitz \u2705 Kostenfreies Angebot innerhalb von 24 Stunden \u2705 Services in h\u00f6chster Qualit\u00e4t zu fairen Preisen \u2705 Perfekte Umsetzung Ihres Traumprojektes \u2705 \u00dcberzeugende Beratung \u2705 Fokussiert und zielorientiert \u2705 Mit viel Herzblut und gr\u00fcnem Daumen \u2705 Erfahren Sie, was uns einzigartig macht!","publisher":{"@id":"https:\/\/www.asug-services.com\/de\/#organization"},"potentialAction":[{"@type":"SearchAction","target":{"@type":"EntryPoint","urlTemplate":"https:\/\/www.asug-services.com\/de\/?s={search_term_string}"},"query-input":{"@type":"PropertyValueSpecification","valueRequired":true,"valueName":"search_term_string"}}],"inLanguage":"de"},{"@type":"Organization","@id":"https:\/\/www.asug-services.com\/de\/#organization","name":"ASUG Geb\u00e4udeservice GmbH","url":"https:\/\/www.asug-services.com\/de\/","logo":{"@type":"ImageObject","inLanguage":"de","@id":"https:\/\/www.asug-services.com\/de\/#\/schema\/logo\/image\/","url":"https:\/\/www.asug-services.com\/wp-content\/uploads\/2017\/12\/ASUG-2017-07-17-Logo-f\u00fcr-Website-Bearbeitung-abgeschlossen.png","contentUrl":"https:\/\/www.asug-services.com\/wp-content\/uploads\/2017\/12\/ASUG-2017-07-17-Logo-f\u00fcr-Website-Bearbeitung-abgeschlossen.png","width":3744,"height":343,"caption":"ASUG Geb\u00e4udeservice GmbH"},"image":{"@id":"https:\/\/www.asug-services.com\/de\/#\/schema\/logo\/image\/"},"sameAs":["https:\/\/www.facebook.com\/bester.hausmeister","https:\/\/x.com\/asug_services","https:\/\/www.instagram.com\/bester.hausmeister\/"]}]}},"_links":{"self":[{"href":"https:\/\/www.asug-services.com\/de\/wp-json\/wp\/v2\/pages\/1320"}],"collection":[{"href":"https:\/\/www.asug-services.com\/de\/wp-json\/wp\/v2\/pages"}],"about":[{"href":"https:\/\/www.asug-services.com\/de\/wp-json\/wp\/v2\/types\/page"}],"author":[{"embeddable":true,"href":"https:\/\/www.asug-services.com\/de\/wp-json\/wp\/v2\/users\/1"}],"replies":[{"embeddable":true,"href":"https:\/\/www.asug-services.com\/de\/wp-json\/wp\/v2\/comments?post=1320"}],"version-history":[{"count":6,"href":"https:\/\/www.asug-services.com\/de\/wp-json\/wp\/v2\/pages\/1320\/revisions"}],"predecessor-version":[{"id":2219,"href":"https:\/\/www.asug-services.com\/de\/wp-json\/wp\/v2\/pages\/1320\/revisions\/2219"}],"up":[{"embeddable":true,"href":"https:\/\/www.asug-services.com\/de\/wp-json\/wp\/v2\/pages\/25"}],"wp:featuredmedia":[{"embeddable":true,"href":"https:\/\/www.asug-services.com\/de\/wp-json\/wp\/v2\/media\/1324"}],"wp:attachment":[{"href":"https:\/\/www.asug-services.com\/de\/wp-json\/wp\/v2\/media?parent=1320"}],"curies":[{"name":"wp","href":"https:\/\/api.w.org\/{rel}","templated":true}]}}