{"id":1137,"date":"2018-06-08T11:24:13","date_gmt":"2018-06-08T09:24:13","guid":{"rendered":"https:\/\/www.asug-services.com\/de\/?page_id=1137"},"modified":"2023-07-05T14:48:25","modified_gmt":"2023-07-05T12:48:25","slug":"gebaeudereiniger-mw","status":"publish","type":"page","link":"https:\/\/www.asug-services.com\/de\/gebaeudereiniger-mw\/","title":{"rendered":"Geb\u00e4udereiniger (m\/w)"},"content":{"rendered":"<h3 style=\"text-align: center;\"><strong>F\u00fcr unseren Standort in Oederan<\/strong><\/h3>\n<table>\n<tbody>\n<tr style=\"border: none;\">\n<td style=\"text-align: center;\">\ud83d\uddfa\u00a0<a href=\"https:\/\/www.google.de\/maps\/place\/Oederan\/\" target=\"_blank\" rel=\"noopener noreferrer\">Oederan<\/a><\/td>\n<td style=\"text-align: center;\">\ud83d\udd52\u00a0Teilzeit<\/td>\n<td style=\"text-align: center;\">\ud83d\udcc5 05.07.2023<\/td>\n<td style=\"text-align: center;\">\ud83d\udcbc\u00a0Festanstellung<\/td>\n<td style=\"text-align: center;\">\ud83d\udcb6 13,00 \u20ac\/Std.<\/td>\n<\/tr>\n<\/tbody>\n<\/table>\n<p style=\"text-align: justify;\">Die\u00a0<strong>ASUG Geb\u00e4udeservice GmbH<\/strong> ist ein expandierendes Dienstleistungsunternehmen mit Standort in Chemnitz.\u00a0 Unser Leistungsspektrum\u00a0 umfasst den Dienstleistungssektor mit den Bereichen <strong>Objektpflege \/ Objektbetreuung, Geb\u00e4udereinigung<\/strong> und <strong>Winterdienst<\/strong> genauso wie die Neubepflanzung und <strong>Pflege von Gr\u00fcnanlagen<\/strong>. Kunden aller Branchen vertrauen uns ihre Immobilien an. Wir sorgen f\u00fcr ein gepflegtes Umfeld und einen effizienten Geb\u00e4udebetrieb.<\/p>\n<p>Bewerben Sie sich und werden Sie Teil unserer Dienstleistungs-Familie.<\/p>\n<h3 class=\"text_gross farbe\" style=\"text-align: center;\"><strong>Ihr Know-How<\/strong><\/h3>\n<p class=\"text_gross farbe\" style=\"text-align: left;\">\u2705\u00a0Erste Erfahrung im Bereich der\u00a0<a href=\"https:\/\/www.asug-services.com\/de\/gebaeudeservice\/unterhaltsreinigung\/\" target=\"_blank\" rel=\"noopener noreferrer\">Unterhaltsreinigung <\/a>bzw. Geb\u00e4udereinigung sind w\u00fcnschenswert<\/p>\n<p class=\"text_gross farbe\" style=\"text-align: left;\">\u2705\u00a0Selbst\u00e4ndige und zuverl\u00e4ssige Arbeitsweise<\/p>\n<p class=\"text_gross farbe\" style=\"text-align: left;\">\u2705\u00a0Service- und Kundenorientierung<\/p>\n<h3 class=\"text_gross farbe\" style=\"text-align: center;\"><strong>Ihr Aufgabengebiet<\/strong><\/h3>\n<p class=\"text_gross farbe\" style=\"text-align: left;\">\u2705 Durchf\u00fchrung der <a href=\"https:\/\/www.asug-services.com\/de\/gebaeudeservice\/unterhaltsreinigung\/\" target=\"_blank\" rel=\"noopener noreferrer\">Unterhaltsreinigung <\/a>von Sanit\u00e4r-, Sozial- und B\u00fcror\u00e4umen<\/p>\n<h3 style=\"text-align: center;\"><strong>Ihre Vorteile bei ASUG<\/strong><\/h3>\n<p>\u2705\u00a0Wir bieten Ihnen ein\u00a0<b>unbefristetes<\/b>\u00a0Arbeitsverh\u00e4ltnis\u00a0<i class=\"glyphicon glyphicon-chevron-right\"><\/i>in\u00a0<b>Teilzeit, mit 20 Wochenstunden,<\/b><\/p>\n<p>\u2705\u00a0ein <strong>freundliches Betriebsklima<\/strong>, gepr\u00e4gt von Vertrauen,<br \/>\nRespekt und Fairness,<\/p>\n<p>\u2705\u00a0die Chance eigenverantwortlich einen Beitrag zu leisten,<\/p>\n<p>\u2705\u00a0Perspektiven zur <strong>beruflichen Weiterentwicklung\u00a0und Aufstiegschancen<\/strong>,<\/p>\n<p>\u2705\u00a0einen <strong>sicheren Arbeitsplatz<\/strong> im Sommer und Winter,<\/p>\n<p>\u2705\u00a0hochwertiges Arbeitsmaterial, moderne Marken-Berufsbekleidung und<\/p>\n<p>\u2705\u00a0Sonderzahlungen wie\u00a0<b>Urlaubs- und Weihnachtsgeld<\/b>.<\/p>\n<h3 style=\"text-align: center;\"><strong>Ihre Bewerbung<\/strong><\/h3>\n<p style=\"text-align: justify;\">Interessiert? Dann bewerben Sie sich noch heute \u00fcber unsere\u00a0 <strong><a href=\"http:\/\/www.asug-services.com\/de\/karriere\/online-bewerbung\/\">Onlinebewerbung<\/a><\/strong> oder senden Sie uns Ihre Bewerbungsunterlagen an\u00a0<a class=\"text-warning\" href=\"info@asug-services.com\">info@asug-services.com.<\/a> Wir freuen uns auf Ihre Bewerbung!<\/p>\n<p style=\"text-align: center;\"><a class=\"wp-button\" href=\"https:\/\/www.asug-services.com\/de\/karriere\/online-bewerbung\/\" target=\"_blank\" rel=\"noopener noreferrer\">Zur Onlinebewerbung<\/a><\/p>\n<h3 style=\"text-align: center;\"><strong>Ihr Ansprechpartner<\/strong><\/h3>\n<p style=\"text-align: justify;\">F\u00fcr weitere Informationen stehen wir Ihnen gern zur Verf\u00fcgung.<\/p>\n<p><strong>ASUG Career Center<br \/>\n<\/strong>Frau Ilona Kunert<br \/>\nInhouse Consultant, HR-Management<\/p>\n<p><strong>ASUG Geb\u00e4udeservice GmbH<br \/>\n<\/strong>Emilienstra\u00dfe 35<br \/>\n09113 Chemnitz<br \/>\nDeutschland<\/p>\n<p><a href=\"https:\/\/www.asug-services.com\/de\/unternehmen\/anfahrt-und-kontakt\/\" target=\"_blank\" rel=\"noopener noreferrer\">Wegbeschreibung anzeigen<\/a><\/p>\n<p>Tel.: +49 371 40 300 700<br \/>\nFax: +49 371 40 300 710<\/p>\n<p>E-Mail: <a href=\"mailto:info@asug-services.com\">info@asug-services.com<\/a><\/p>\n<hr \/>\n<section>\n<div>\n<p><small>Alle personenbezogenen Formulierungen in dieser Stellenanzeige sind\u00a0<strong>geschlechtsneutral\u00a0<\/strong>zu betrachten.<\/small><\/p>\n<\/div>\n<\/section>\n","protected":false},"excerpt":{"rendered":"<p>F\u00fcr unseren Standort in Oederan \ud83d\uddfa\u00a0Oederan \ud83d\udd52\u00a0Teilzeit \ud83d\udcc5 05.07.2023 \ud83d\udcbc\u00a0Festanstellung \ud83d\udcb6 13,00 \u20ac\/Std. Die\u00a0ASUG Geb\u00e4udeservice GmbH ist ein expandierendes Dienstleistungsunternehmen mit Standort in Chemnitz.\u00a0 Unser Leistungsspektrum\u00a0 umfasst den Dienstleistungssektor mit den Bereichen Objektpflege \/ Objektbetreuung, Geb\u00e4udereinigung und Winterdienst genauso wie die Neubepflanzung und Pflege von Gr\u00fcnanlagen. Kunden aller Branchen vertrauen uns ihre Immobilien an. Wir &hellip; <\/p>\n<p class=\"link-more\"><a href=\"https:\/\/www.asug-services.com\/de\/gebaeudereiniger-mw\/\" class=\"more-link\"><span class=\"screen-reader-text\">\u201eGeb\u00e4udereiniger (m\/w)\u201c<\/span> weiterlesen<\/a><\/p>\n","protected":false},"author":1,"featured_media":0,"parent":0,"menu_order":0,"comment_status":"closed","ping_status":"closed","template":"","meta":{"footnotes":""},"class_list":["post-1137","page","type-page","status-publish","hentry"],"yoast_head":"<!-- This site is optimized with the Yoast SEO plugin v23.4 - https:\/\/yoast.com\/wordpress\/plugins\/seo\/ -->\n<title>Geb\u00e4udereiniger (m\/w) | Der beste Hausmeister der Stadt<\/title>\n<meta name=\"robots\" content=\"index, follow, max-snippet:-1, max-image-preview:large, max-video-preview:-1\" \/>\n<link rel=\"canonical\" href=\"https:\/\/www.asug-services.com\/de\/gebaeudereiniger-mw\/\" \/>\n<meta property=\"og:locale\" content=\"de_DE\" \/>\n<meta property=\"og:type\" content=\"article\" \/>\n<meta property=\"og:title\" content=\"Geb\u00e4udereiniger (m\/w) | Der beste Hausmeister der Stadt\" \/>\n<meta property=\"og:description\" content=\"F\u00fcr unseren Standort in Oederan \ud83d\uddfa\u00a0Oederan \ud83d\udd52\u00a0Teilzeit \ud83d\udcc5 05.07.2023 \ud83d\udcbc\u00a0Festanstellung \ud83d\udcb6 13,00 \u20ac\/Std. Die\u00a0ASUG Geb\u00e4udeservice GmbH ist ein expandierendes Dienstleistungsunternehmen mit Standort in Chemnitz.\u00a0 Unser Leistungsspektrum\u00a0 umfasst den Dienstleistungssektor mit den Bereichen Objektpflege \/ Objektbetreuung, Geb\u00e4udereinigung und Winterdienst genauso wie die Neubepflanzung und Pflege von Gr\u00fcnanlagen. Kunden aller Branchen vertrauen uns ihre Immobilien an. Wir &hellip; \u201eGeb\u00e4udereiniger (m\/w)\u201c weiterlesen\" \/>\n<meta property=\"og:url\" content=\"https:\/\/www.asug-services.com\/de\/gebaeudereiniger-mw\/\" \/>\n<meta property=\"og:site_name\" content=\"Der beste Hausmeister der Stadt\" \/>\n<meta property=\"article:publisher\" content=\"https:\/\/www.facebook.com\/bester.hausmeister\" \/>\n<meta property=\"article:modified_time\" content=\"2023-07-05T12:48:25+00:00\" \/>\n<meta name=\"twitter:card\" content=\"summary_large_image\" \/>\n<meta name=\"twitter:site\" content=\"@asug_services\" \/>\n<meta name=\"twitter:label1\" content=\"Gesch\u00e4tzte Lesezeit\" \/>\n\t<meta name=\"twitter:data1\" content=\"2\u00a0Minuten\" \/>\n<script type=\"application\/ld+json\" class=\"yoast-schema-graph\">{\"@context\":\"https:\/\/schema.org\",\"@graph\":[{\"@type\":\"WebPage\",\"@id\":\"https:\/\/www.asug-services.com\/de\/gebaeudereiniger-mw\/\",\"url\":\"https:\/\/www.asug-services.com\/de\/gebaeudereiniger-mw\/\",\"name\":\"Geb\u00e4udereiniger (m\/w) | Der beste Hausmeister der Stadt\",\"isPartOf\":{\"@id\":\"https:\/\/www.asug-services.com\/de\/#website\"},\"datePublished\":\"2018-06-08T09:24:13+00:00\",\"dateModified\":\"2023-07-05T12:48:25+00:00\",\"breadcrumb\":{\"@id\":\"https:\/\/www.asug-services.com\/de\/gebaeudereiniger-mw\/#breadcrumb\"},\"inLanguage\":\"de\",\"potentialAction\":[{\"@type\":\"ReadAction\",\"target\":[\"https:\/\/www.asug-services.com\/de\/gebaeudereiniger-mw\/\"]}]},{\"@type\":\"BreadcrumbList\",\"@id\":\"https:\/\/www.asug-services.com\/de\/gebaeudereiniger-mw\/#breadcrumb\",\"itemListElement\":[{\"@type\":\"ListItem\",\"position\":1,\"name\":\"Startseite\",\"item\":\"https:\/\/www.asug-services.com\/de\/\"},{\"@type\":\"ListItem\",\"position\":2,\"name\":\"Geb\u00e4udereiniger (m\/w)\"}]},{\"@type\":\"WebSite\",\"@id\":\"https:\/\/www.asug-services.com\/de\/#website\",\"url\":\"https:\/\/www.asug-services.com\/de\/\",\"name\":\"Der beste Hausmeister der Stadt\",\"description\":\"\u2705 Ihr zuverl\u00e4ssiger Partner f\u00fcr Geb\u00e4udeservice \u2705 Seit 23 Jahren in Chemnitz \u2705 Kostenfreies Angebot innerhalb von 24 Stunden \u2705 Services in h\u00f6chster Qualit\u00e4t zu fairen Preisen \u2705 Perfekte Umsetzung Ihres Traumprojektes \u2705 \u00dcberzeugende Beratung \u2705 Fokussiert und zielorientiert \u2705 Mit viel Herzblut und gr\u00fcnem Daumen \u2705 Erfahren Sie, was uns einzigartig macht!\",\"publisher\":{\"@id\":\"https:\/\/www.asug-services.com\/de\/#organization\"},\"potentialAction\":[{\"@type\":\"SearchAction\",\"target\":{\"@type\":\"EntryPoint\",\"urlTemplate\":\"https:\/\/www.asug-services.com\/de\/?s={search_term_string}\"},\"query-input\":{\"@type\":\"PropertyValueSpecification\",\"valueRequired\":true,\"valueName\":\"search_term_string\"}}],\"inLanguage\":\"de\"},{\"@type\":\"Organization\",\"@id\":\"https:\/\/www.asug-services.com\/de\/#organization\",\"name\":\"ASUG Geb\u00e4udeservice GmbH\",\"url\":\"https:\/\/www.asug-services.com\/de\/\",\"logo\":{\"@type\":\"ImageObject\",\"inLanguage\":\"de\",\"@id\":\"https:\/\/www.asug-services.com\/de\/#\/schema\/logo\/image\/\",\"url\":\"https:\/\/www.asug-services.com\/wp-content\/uploads\/2017\/12\/ASUG-2017-07-17-Logo-f\u00fcr-Website-Bearbeitung-abgeschlossen.png\",\"contentUrl\":\"https:\/\/www.asug-services.com\/wp-content\/uploads\/2017\/12\/ASUG-2017-07-17-Logo-f\u00fcr-Website-Bearbeitung-abgeschlossen.png\",\"width\":3744,\"height\":343,\"caption\":\"ASUG Geb\u00e4udeservice GmbH\"},\"image\":{\"@id\":\"https:\/\/www.asug-services.com\/de\/#\/schema\/logo\/image\/\"},\"sameAs\":[\"https:\/\/www.facebook.com\/bester.hausmeister\",\"https:\/\/x.com\/asug_services\",\"https:\/\/www.instagram.com\/bester.hausmeister\/\"]}]}<\/script>\n<!-- \/ Yoast SEO plugin. -->","yoast_head_json":{"title":"Geb\u00e4udereiniger (m\/w) | Der beste Hausmeister der Stadt","robots":{"index":"index","follow":"follow","max-snippet":"max-snippet:-1","max-image-preview":"max-image-preview:large","max-video-preview":"max-video-preview:-1"},"canonical":"https:\/\/www.asug-services.com\/de\/gebaeudereiniger-mw\/","og_locale":"de_DE","og_type":"article","og_title":"Geb\u00e4udereiniger (m\/w) | Der beste Hausmeister der Stadt","og_description":"F\u00fcr unseren Standort in Oederan \ud83d\uddfa\u00a0Oederan \ud83d\udd52\u00a0Teilzeit \ud83d\udcc5 05.07.2023 \ud83d\udcbc\u00a0Festanstellung \ud83d\udcb6 13,00 \u20ac\/Std. Die\u00a0ASUG Geb\u00e4udeservice GmbH ist ein expandierendes Dienstleistungsunternehmen mit Standort in Chemnitz.\u00a0 Unser Leistungsspektrum\u00a0 umfasst den Dienstleistungssektor mit den Bereichen Objektpflege \/ Objektbetreuung, Geb\u00e4udereinigung und Winterdienst genauso wie die Neubepflanzung und Pflege von Gr\u00fcnanlagen. Kunden aller Branchen vertrauen uns ihre Immobilien an. Wir &hellip; \u201eGeb\u00e4udereiniger (m\/w)\u201c weiterlesen","og_url":"https:\/\/www.asug-services.com\/de\/gebaeudereiniger-mw\/","og_site_name":"Der beste Hausmeister der Stadt","article_publisher":"https:\/\/www.facebook.com\/bester.hausmeister","article_modified_time":"2023-07-05T12:48:25+00:00","twitter_card":"summary_large_image","twitter_site":"@asug_services","twitter_misc":{"Gesch\u00e4tzte Lesezeit":"2\u00a0Minuten"},"schema":{"@context":"https:\/\/schema.org","@graph":[{"@type":"WebPage","@id":"https:\/\/www.asug-services.com\/de\/gebaeudereiniger-mw\/","url":"https:\/\/www.asug-services.com\/de\/gebaeudereiniger-mw\/","name":"Geb\u00e4udereiniger (m\/w) | Der beste Hausmeister der Stadt","isPartOf":{"@id":"https:\/\/www.asug-services.com\/de\/#website"},"datePublished":"2018-06-08T09:24:13+00:00","dateModified":"2023-07-05T12:48:25+00:00","breadcrumb":{"@id":"https:\/\/www.asug-services.com\/de\/gebaeudereiniger-mw\/#breadcrumb"},"inLanguage":"de","potentialAction":[{"@type":"ReadAction","target":["https:\/\/www.asug-services.com\/de\/gebaeudereiniger-mw\/"]}]},{"@type":"BreadcrumbList","@id":"https:\/\/www.asug-services.com\/de\/gebaeudereiniger-mw\/#breadcrumb","itemListElement":[{"@type":"ListItem","position":1,"name":"Startseite","item":"https:\/\/www.asug-services.com\/de\/"},{"@type":"ListItem","position":2,"name":"Geb\u00e4udereiniger (m\/w)"}]},{"@type":"WebSite","@id":"https:\/\/www.asug-services.com\/de\/#website","url":"https:\/\/www.asug-services.com\/de\/","name":"Der beste Hausmeister der Stadt","description":"\u2705 Ihr zuverl\u00e4ssiger Partner f\u00fcr Geb\u00e4udeservice \u2705 Seit 23 Jahren in Chemnitz \u2705 Kostenfreies Angebot innerhalb von 24 Stunden \u2705 Services in h\u00f6chster Qualit\u00e4t zu fairen Preisen \u2705 Perfekte Umsetzung Ihres Traumprojektes \u2705 \u00dcberzeugende Beratung \u2705 Fokussiert und zielorientiert \u2705 Mit viel Herzblut und gr\u00fcnem Daumen \u2705 Erfahren Sie, was uns einzigartig macht!","publisher":{"@id":"https:\/\/www.asug-services.com\/de\/#organization"},"potentialAction":[{"@type":"SearchAction","target":{"@type":"EntryPoint","urlTemplate":"https:\/\/www.asug-services.com\/de\/?s={search_term_string}"},"query-input":{"@type":"PropertyValueSpecification","valueRequired":true,"valueName":"search_term_string"}}],"inLanguage":"de"},{"@type":"Organization","@id":"https:\/\/www.asug-services.com\/de\/#organization","name":"ASUG Geb\u00e4udeservice GmbH","url":"https:\/\/www.asug-services.com\/de\/","logo":{"@type":"ImageObject","inLanguage":"de","@id":"https:\/\/www.asug-services.com\/de\/#\/schema\/logo\/image\/","url":"https:\/\/www.asug-services.com\/wp-content\/uploads\/2017\/12\/ASUG-2017-07-17-Logo-f\u00fcr-Website-Bearbeitung-abgeschlossen.png","contentUrl":"https:\/\/www.asug-services.com\/wp-content\/uploads\/2017\/12\/ASUG-2017-07-17-Logo-f\u00fcr-Website-Bearbeitung-abgeschlossen.png","width":3744,"height":343,"caption":"ASUG Geb\u00e4udeservice GmbH"},"image":{"@id":"https:\/\/www.asug-services.com\/de\/#\/schema\/logo\/image\/"},"sameAs":["https:\/\/www.facebook.com\/bester.hausmeister","https:\/\/x.com\/asug_services","https:\/\/www.instagram.com\/bester.hausmeister\/"]}]}},"_links":{"self":[{"href":"https:\/\/www.asug-services.com\/de\/wp-json\/wp\/v2\/pages\/1137"}],"collection":[{"href":"https:\/\/www.asug-services.com\/de\/wp-json\/wp\/v2\/pages"}],"about":[{"href":"https:\/\/www.asug-services.com\/de\/wp-json\/wp\/v2\/types\/page"}],"author":[{"embeddable":true,"href":"https:\/\/www.asug-services.com\/de\/wp-json\/wp\/v2\/users\/1"}],"replies":[{"embeddable":true,"href":"https:\/\/www.asug-services.com\/de\/wp-json\/wp\/v2\/comments?post=1137"}],"version-history":[{"count":7,"href":"https:\/\/www.asug-services.com\/de\/wp-json\/wp\/v2\/pages\/1137\/revisions"}],"predecessor-version":[{"id":2214,"href":"https:\/\/www.asug-services.com\/de\/wp-json\/wp\/v2\/pages\/1137\/revisions\/2214"}],"wp:attachment":[{"href":"https:\/\/www.asug-services.com\/de\/wp-json\/wp\/v2\/media?parent=1137"}],"curies":[{"name":"wp","href":"https:\/\/api.w.org\/{rel}","templated":true}]}}