{"id":1082,"date":"2018-06-01T12:21:12","date_gmt":"2018-06-01T10:21:12","guid":{"rendered":"https:\/\/www.asug-services.com\/de\/?page_id=1082"},"modified":"2023-07-05T14:54:53","modified_gmt":"2023-07-05T12:54:53","slug":"vorarbeiter-gebaeudereinigung-mw","status":"publish","type":"page","link":"https:\/\/www.asug-services.com\/de\/karriere\/vorarbeiter-gebaeudereinigung-mw\/","title":{"rendered":"Vorarbeiter Geb\u00e4udereinigung (m\/w\/d)"},"content":{"rendered":"<h3 style=\"text-align: center;\"><strong>F\u00fcr unseren Standort in Chemnitz und Umgebung<\/strong><\/h3>\n<table>\n<tbody>\n<tr style=\"border: none;\">\n<td style=\"text-align: center;\">\ud83d\uddfa\u00a0Chemnitz<\/td>\n<td style=\"text-align: center;\">\ud83d\udd52\u00a0Vollzeit<\/td>\n<td style=\"text-align: center;\">\ud83d\udcc5 05.07.2023<\/td>\n<td style=\"text-align: center;\">\ud83d\udcbc\u00a0Festanstellung<\/td>\n<td style=\"text-align: center;\">\ud83d\udcb6 14,00 \u20ac\/Std.<\/td>\n<\/tr>\n<\/tbody>\n<\/table>\n<p style=\"text-align: justify;\">Zur Erweiterung unseres Teams am Standort Chemnitz und Umgebung suchen wir ab sofort in unbefristeter Anstellung eine\/n\u00a0<strong>Vorarbeiter im Bereich Geb\u00e4udereinigung (m\/w\/d).<\/strong><\/p>\n<p>Die\u00a0<strong>ASUG Geb\u00e4udeservice GmbH<\/strong> ist ein expandierendes Dienstleistungsunternehmen mit Standort in Chemnitz.\u00a0 Unser Leistungsspektrum\u00a0 umfasst den Dienstleistungssektor mit den Bereichen <strong>Objektpflege \/ Objektbetreuung, Geb\u00e4udereinigung<\/strong> und <strong>Winterdienst<\/strong> genauso wie die Neubepflanzung und <strong>Pflege von Gr\u00fcnanlagen<\/strong>. Kunden aller Branchen vertrauen uns ihre Immobilien an. Wir sorgen f\u00fcr ein gepflegtes Umfeld und einen effizienten Geb\u00e4udebetrieb.<\/p>\n<p>Starten Sie Ihre Karriere mit spannenden Aufgaben bei der ASUG Geb\u00e4udeservice GmbH!<\/p>\n<h3 class=\"text_gross farbe\" style=\"text-align: center;\"><strong>Ihr Know-How<\/strong><\/h3>\n<p>\u2705\u00a0Berufserfahrung im Bereich der Unterhalts- und\/oder Industriereinigung, Berufsausbildung in der Geb\u00e4udereinigung von Vorteil<\/p>\n<p>\u2705\u00a0F\u00fchrungspers\u00f6nlichkeit mit der F\u00e4higkeit, Mitarbeiter zu motivieren und zu binden<\/p>\n<p>\u2705\u00a0Service- und Kundenorientierung sowie eine selbstst\u00e4ndige und zuverl\u00e4ssige Arbeitsweise<\/p>\n<p>\u2705\u00a0Sicheres, gepflegtes und freundliches Auftreten sowie kommunikationssichere Deutsch-Kenntnisse<\/p>\n<p>\u2705\u00a0Gute Belastbarkeit sowie Flexibilit\u00e4t und Einsatzbereitschaft<\/p>\n<h3 class=\"text_gross farbe\" style=\"text-align: center;\"><strong>Ihr Aufgabengebiet<\/strong><\/h3>\n<p>\u2705\u00a0Sie sind mitverantwortlich f\u00fcr die Auftragsabwicklung im Bereich der Reinigung entsprechend der Kundenanforderungen inklusive der dazugeh\u00f6rigen Dokumentation<\/p>\n<p>\u2705\u00a0Optimierung bestehender Auftr\u00e4ge sowie Betreuung und Beratung der Kunden<\/p>\n<p>\u2705\u00a0F\u00fchrung, Einsatzplanung, Einweisung und Entwicklung der im Objekt eingesetzten Mitarbeitern<\/p>\n<h3 style=\"text-align: center;\"><strong>Ihre Vorteile bei ASUG<\/strong><\/h3>\n<p>\u2705\u00a0Wir bieten Ihnen ein\u00a0<b>unbefristetes<\/b>\u00a0Arbeitsverh\u00e4ltnis\u00a0<i class=\"glyphicon glyphicon-chevron-right\"><\/i>in\u00a0<b>Vollzeit, mit 35-40 Wochenstunden,<\/b><\/p>\n<p>\u2705\u00a0eine Unternehmenskultur, in der Sie mit Ihren Ideen etwas bewegen k\u00f6nnen und Ihre Meinung stets gefragt ist,<\/p>\n<p>\u2705\u00a0ein <strong>freundliches Betriebsklima<\/strong>, gepr\u00e4gt von Vertrauen,<br \/>\nRespekt und Fairness,<\/p>\n<p>\u2705\u00a0anspruchsvolle und abwechslungsreiche T\u00e4tigkeiten,<\/p>\n<p>\u2705\u00a0die Chance eigenverantwortlich einen Beitrag zu leisten,<\/p>\n<p>\u2705\u00a0Perspektiven zur <strong>beruflichen Weiterentwicklung\u00a0und Aufstiegschancen<\/strong>,<\/p>\n<p>\u2705\u00a0strukturierte Einarbeitung in den neuen Aufgabenbereich,<\/p>\n<p>\u2705\u00a0<strong>flexible Arbeitszeiten<\/strong>, die gen\u00fcgend Freiraum f\u00fcr Ihre pers\u00f6nliche Weiterentwicklung und Ihr Privatleben lassen,<\/p>\n<p>\u2705\u00a0einen <strong>sicheren Arbeitsplatz<\/strong> im Sommer und Winter,<\/p>\n<p>\u2705\u00a0hochwertiges Arbeitsmaterial, moderne Marken-Berufsbekleidung und<\/p>\n<p>\u2705\u00a0Sonderzahlungen wie\u00a0<b>Urlaubs- und Weihnachtsgeld<\/b>.<\/p>\n<h3 style=\"text-align: center;\"><strong>Ihre Bewerbung<\/strong><\/h3>\n<p style=\"text-align: justify;\">Wenn Sie sich f\u00fcr diese herausfordernde T\u00e4tigkeit interessieren, z\u00f6gern Sie bitte nicht, sich bei uns zu bewerben! Nutzen Sie daf\u00fcr bitte unsere <strong><a href=\"http:\/\/www.asug-services.com\/de\/karriere\/online-bewerbung\/\">Onlinebewerbung<\/a><\/strong> oder senden Sie uns Ihre vollst\u00e4ndigen Bewerbungsunterlagen an\u00a0<a class=\"text-warning\" href=\"info@asug-services.com\">info@asug-services.com<\/a>\u00a0mit Angaben zu Ihrem n\u00e4chstm\u00f6glichen Eintrittstermin.<\/p>\n<p style=\"text-align: center;\">Wir freuen uns auf Ihre Bewerbung!<\/p>\n<p style=\"text-align: center;\"><a class=\"wp-button\" href=\"https:\/\/www.asug-services.com\/de\/karriere\/online-bewerbung\/\" target=\"_blank\" rel=\"noopener noreferrer\">Zur Onlinebewerbung<\/a><\/p>\n<h3 style=\"text-align: center;\"><strong>Ihr Ansprechpartner<\/strong><\/h3>\n<p style=\"text-align: justify;\">F\u00fcr weitere Informationen stehen wir Ihnen gern zur Verf\u00fcgung.<\/p>\n<p><strong>ASUG Career Center<br \/>\n<\/strong>Frau Ilona Kunert<br \/>\nInhouse Consultant, HR-Management<\/p>\n<p><strong>ASUG Geb\u00e4udeservice GmbH<br \/>\n<\/strong>Emilienstra\u00dfe 35<br \/>\n09113 Chemnitz<br \/>\nDeutschland<\/p>\n<p><a href=\"https:\/\/www.asug-services.com\/de\/unternehmen\/anfahrt-und-kontakt\/\" target=\"_blank\" rel=\"noopener noreferrer\">Wegbeschreibung anzeigen<\/a><\/p>\n<p>Tel.: +49 371 40 300 700<br \/>\nFax: +49 371 40 300 710<\/p>\n<p>E-Mail: <a href=\"mailto:info@asug-services.com\">info@asug-services.com<\/a><\/p>\n<hr \/>\n<section>\n<div>\n<p style=\"text-align: left;\"><small>Alle personenbezogenen Formulierungen in dieser Stellenanzeige sind\u00a0<strong>geschlechtsneutral\u00a0<\/strong>zu betrachten.<\/small><\/p>\n<\/div>\n<\/section>\n","protected":false},"excerpt":{"rendered":"<p>F\u00fcr unseren Standort in Chemnitz und Umgebung \ud83d\uddfa\u00a0Chemnitz \ud83d\udd52\u00a0Vollzeit \ud83d\udcc5 05.07.2023 \ud83d\udcbc\u00a0Festanstellung \ud83d\udcb6 14,00 \u20ac\/Std. Zur Erweiterung unseres Teams am Standort Chemnitz und Umgebung suchen wir ab sofort in unbefristeter Anstellung eine\/n\u00a0Vorarbeiter im Bereich Geb\u00e4udereinigung (m\/w\/d). Die\u00a0ASUG Geb\u00e4udeservice GmbH ist ein expandierendes Dienstleistungsunternehmen mit Standort in Chemnitz.\u00a0 Unser Leistungsspektrum\u00a0 umfasst den Dienstleistungssektor mit den Bereichen &hellip; <\/p>\n<p class=\"link-more\"><a href=\"https:\/\/www.asug-services.com\/de\/karriere\/vorarbeiter-gebaeudereinigung-mw\/\" class=\"more-link\"><span class=\"screen-reader-text\">\u201eVorarbeiter Geb\u00e4udereinigung (m\/w\/d)\u201c<\/span> weiterlesen<\/a><\/p>\n","protected":false},"author":1,"featured_media":0,"parent":25,"menu_order":0,"comment_status":"closed","ping_status":"closed","template":"","meta":{"footnotes":""},"class_list":["post-1082","page","type-page","status-publish","hentry"],"yoast_head":"<!-- This site is optimized with the Yoast SEO plugin v23.4 - https:\/\/yoast.com\/wordpress\/plugins\/seo\/ -->\n<title>Vorarbeiter Geb\u00e4udereinigung (m\/w\/d) | Der beste Hausmeister der Stadt<\/title>\n<meta name=\"robots\" content=\"index, follow, max-snippet:-1, max-image-preview:large, max-video-preview:-1\" \/>\n<link rel=\"canonical\" href=\"https:\/\/www.asug-services.com\/de\/karriere\/vorarbeiter-gebaeudereinigung-mw\/\" \/>\n<meta property=\"og:locale\" content=\"de_DE\" \/>\n<meta property=\"og:type\" content=\"article\" \/>\n<meta property=\"og:title\" content=\"Vorarbeiter Geb\u00e4udereinigung (m\/w\/d) | Der beste Hausmeister der Stadt\" \/>\n<meta property=\"og:description\" content=\"F\u00fcr unseren Standort in Chemnitz und Umgebung \ud83d\uddfa\u00a0Chemnitz \ud83d\udd52\u00a0Vollzeit \ud83d\udcc5 05.07.2023 \ud83d\udcbc\u00a0Festanstellung \ud83d\udcb6 14,00 \u20ac\/Std. Zur Erweiterung unseres Teams am Standort Chemnitz und Umgebung suchen wir ab sofort in unbefristeter Anstellung eine\/n\u00a0Vorarbeiter im Bereich Geb\u00e4udereinigung (m\/w\/d). Die\u00a0ASUG Geb\u00e4udeservice GmbH ist ein expandierendes Dienstleistungsunternehmen mit Standort in Chemnitz.\u00a0 Unser Leistungsspektrum\u00a0 umfasst den Dienstleistungssektor mit den Bereichen &hellip; \u201eVorarbeiter Geb\u00e4udereinigung (m\/w\/d)\u201c weiterlesen\" \/>\n<meta property=\"og:url\" content=\"https:\/\/www.asug-services.com\/de\/karriere\/vorarbeiter-gebaeudereinigung-mw\/\" \/>\n<meta property=\"og:site_name\" content=\"Der beste Hausmeister der Stadt\" \/>\n<meta property=\"article:publisher\" content=\"https:\/\/www.facebook.com\/bester.hausmeister\" \/>\n<meta property=\"article:modified_time\" content=\"2023-07-05T12:54:53+00:00\" \/>\n<meta name=\"twitter:card\" content=\"summary_large_image\" \/>\n<meta name=\"twitter:site\" content=\"@asug_services\" \/>\n<meta name=\"twitter:label1\" content=\"Gesch\u00e4tzte Lesezeit\" \/>\n\t<meta name=\"twitter:data1\" content=\"3\u00a0Minuten\" \/>\n<script type=\"application\/ld+json\" class=\"yoast-schema-graph\">{\"@context\":\"https:\/\/schema.org\",\"@graph\":[{\"@type\":\"WebPage\",\"@id\":\"https:\/\/www.asug-services.com\/de\/karriere\/vorarbeiter-gebaeudereinigung-mw\/\",\"url\":\"https:\/\/www.asug-services.com\/de\/karriere\/vorarbeiter-gebaeudereinigung-mw\/\",\"name\":\"Vorarbeiter Geb\u00e4udereinigung (m\/w\/d) | Der beste Hausmeister der Stadt\",\"isPartOf\":{\"@id\":\"https:\/\/www.asug-services.com\/de\/#website\"},\"datePublished\":\"2018-06-01T10:21:12+00:00\",\"dateModified\":\"2023-07-05T12:54:53+00:00\",\"breadcrumb\":{\"@id\":\"https:\/\/www.asug-services.com\/de\/karriere\/vorarbeiter-gebaeudereinigung-mw\/#breadcrumb\"},\"inLanguage\":\"de\",\"potentialAction\":[{\"@type\":\"ReadAction\",\"target\":[\"https:\/\/www.asug-services.com\/de\/karriere\/vorarbeiter-gebaeudereinigung-mw\/\"]}]},{\"@type\":\"BreadcrumbList\",\"@id\":\"https:\/\/www.asug-services.com\/de\/karriere\/vorarbeiter-gebaeudereinigung-mw\/#breadcrumb\",\"itemListElement\":[{\"@type\":\"ListItem\",\"position\":1,\"name\":\"Startseite\",\"item\":\"https:\/\/www.asug-services.com\/de\/\"},{\"@type\":\"ListItem\",\"position\":2,\"name\":\"Jobs &#038; Karriere\",\"item\":\"https:\/\/www.asug-services.com\/de\/karriere\/\"},{\"@type\":\"ListItem\",\"position\":3,\"name\":\"Vorarbeiter Geb\u00e4udereinigung (m\/w\/d)\"}]},{\"@type\":\"WebSite\",\"@id\":\"https:\/\/www.asug-services.com\/de\/#website\",\"url\":\"https:\/\/www.asug-services.com\/de\/\",\"name\":\"Der beste Hausmeister der Stadt\",\"description\":\"\u2705 Ihr zuverl\u00e4ssiger Partner f\u00fcr Geb\u00e4udeservice \u2705 Seit 23 Jahren in Chemnitz \u2705 Kostenfreies Angebot innerhalb von 24 Stunden \u2705 Services in h\u00f6chster Qualit\u00e4t zu fairen Preisen \u2705 Perfekte Umsetzung Ihres Traumprojektes \u2705 \u00dcberzeugende Beratung \u2705 Fokussiert und zielorientiert \u2705 Mit viel Herzblut und gr\u00fcnem Daumen \u2705 Erfahren Sie, was uns einzigartig macht!\",\"publisher\":{\"@id\":\"https:\/\/www.asug-services.com\/de\/#organization\"},\"potentialAction\":[{\"@type\":\"SearchAction\",\"target\":{\"@type\":\"EntryPoint\",\"urlTemplate\":\"https:\/\/www.asug-services.com\/de\/?s={search_term_string}\"},\"query-input\":{\"@type\":\"PropertyValueSpecification\",\"valueRequired\":true,\"valueName\":\"search_term_string\"}}],\"inLanguage\":\"de\"},{\"@type\":\"Organization\",\"@id\":\"https:\/\/www.asug-services.com\/de\/#organization\",\"name\":\"ASUG Geb\u00e4udeservice GmbH\",\"url\":\"https:\/\/www.asug-services.com\/de\/\",\"logo\":{\"@type\":\"ImageObject\",\"inLanguage\":\"de\",\"@id\":\"https:\/\/www.asug-services.com\/de\/#\/schema\/logo\/image\/\",\"url\":\"https:\/\/www.asug-services.com\/wp-content\/uploads\/2017\/12\/ASUG-2017-07-17-Logo-f\u00fcr-Website-Bearbeitung-abgeschlossen.png\",\"contentUrl\":\"https:\/\/www.asug-services.com\/wp-content\/uploads\/2017\/12\/ASUG-2017-07-17-Logo-f\u00fcr-Website-Bearbeitung-abgeschlossen.png\",\"width\":3744,\"height\":343,\"caption\":\"ASUG Geb\u00e4udeservice GmbH\"},\"image\":{\"@id\":\"https:\/\/www.asug-services.com\/de\/#\/schema\/logo\/image\/\"},\"sameAs\":[\"https:\/\/www.facebook.com\/bester.hausmeister\",\"https:\/\/x.com\/asug_services\",\"https:\/\/www.instagram.com\/bester.hausmeister\/\"]}]}<\/script>\n<!-- \/ Yoast SEO plugin. -->","yoast_head_json":{"title":"Vorarbeiter Geb\u00e4udereinigung (m\/w\/d) | Der beste Hausmeister der Stadt","robots":{"index":"index","follow":"follow","max-snippet":"max-snippet:-1","max-image-preview":"max-image-preview:large","max-video-preview":"max-video-preview:-1"},"canonical":"https:\/\/www.asug-services.com\/de\/karriere\/vorarbeiter-gebaeudereinigung-mw\/","og_locale":"de_DE","og_type":"article","og_title":"Vorarbeiter Geb\u00e4udereinigung (m\/w\/d) | Der beste Hausmeister der Stadt","og_description":"F\u00fcr unseren Standort in Chemnitz und Umgebung \ud83d\uddfa\u00a0Chemnitz \ud83d\udd52\u00a0Vollzeit \ud83d\udcc5 05.07.2023 \ud83d\udcbc\u00a0Festanstellung \ud83d\udcb6 14,00 \u20ac\/Std. Zur Erweiterung unseres Teams am Standort Chemnitz und Umgebung suchen wir ab sofort in unbefristeter Anstellung eine\/n\u00a0Vorarbeiter im Bereich Geb\u00e4udereinigung (m\/w\/d). Die\u00a0ASUG Geb\u00e4udeservice GmbH ist ein expandierendes Dienstleistungsunternehmen mit Standort in Chemnitz.\u00a0 Unser Leistungsspektrum\u00a0 umfasst den Dienstleistungssektor mit den Bereichen &hellip; \u201eVorarbeiter Geb\u00e4udereinigung (m\/w\/d)\u201c weiterlesen","og_url":"https:\/\/www.asug-services.com\/de\/karriere\/vorarbeiter-gebaeudereinigung-mw\/","og_site_name":"Der beste Hausmeister der Stadt","article_publisher":"https:\/\/www.facebook.com\/bester.hausmeister","article_modified_time":"2023-07-05T12:54:53+00:00","twitter_card":"summary_large_image","twitter_site":"@asug_services","twitter_misc":{"Gesch\u00e4tzte Lesezeit":"3\u00a0Minuten"},"schema":{"@context":"https:\/\/schema.org","@graph":[{"@type":"WebPage","@id":"https:\/\/www.asug-services.com\/de\/karriere\/vorarbeiter-gebaeudereinigung-mw\/","url":"https:\/\/www.asug-services.com\/de\/karriere\/vorarbeiter-gebaeudereinigung-mw\/","name":"Vorarbeiter Geb\u00e4udereinigung (m\/w\/d) | Der beste Hausmeister der Stadt","isPartOf":{"@id":"https:\/\/www.asug-services.com\/de\/#website"},"datePublished":"2018-06-01T10:21:12+00:00","dateModified":"2023-07-05T12:54:53+00:00","breadcrumb":{"@id":"https:\/\/www.asug-services.com\/de\/karriere\/vorarbeiter-gebaeudereinigung-mw\/#breadcrumb"},"inLanguage":"de","potentialAction":[{"@type":"ReadAction","target":["https:\/\/www.asug-services.com\/de\/karriere\/vorarbeiter-gebaeudereinigung-mw\/"]}]},{"@type":"BreadcrumbList","@id":"https:\/\/www.asug-services.com\/de\/karriere\/vorarbeiter-gebaeudereinigung-mw\/#breadcrumb","itemListElement":[{"@type":"ListItem","position":1,"name":"Startseite","item":"https:\/\/www.asug-services.com\/de\/"},{"@type":"ListItem","position":2,"name":"Jobs &#038; Karriere","item":"https:\/\/www.asug-services.com\/de\/karriere\/"},{"@type":"ListItem","position":3,"name":"Vorarbeiter Geb\u00e4udereinigung (m\/w\/d)"}]},{"@type":"WebSite","@id":"https:\/\/www.asug-services.com\/de\/#website","url":"https:\/\/www.asug-services.com\/de\/","name":"Der beste Hausmeister der Stadt","description":"\u2705 Ihr zuverl\u00e4ssiger Partner f\u00fcr Geb\u00e4udeservice \u2705 Seit 23 Jahren in Chemnitz \u2705 Kostenfreies Angebot innerhalb von 24 Stunden \u2705 Services in h\u00f6chster Qualit\u00e4t zu fairen Preisen \u2705 Perfekte Umsetzung Ihres Traumprojektes \u2705 \u00dcberzeugende Beratung \u2705 Fokussiert und zielorientiert \u2705 Mit viel Herzblut und gr\u00fcnem Daumen \u2705 Erfahren Sie, was uns einzigartig macht!","publisher":{"@id":"https:\/\/www.asug-services.com\/de\/#organization"},"potentialAction":[{"@type":"SearchAction","target":{"@type":"EntryPoint","urlTemplate":"https:\/\/www.asug-services.com\/de\/?s={search_term_string}"},"query-input":{"@type":"PropertyValueSpecification","valueRequired":true,"valueName":"search_term_string"}}],"inLanguage":"de"},{"@type":"Organization","@id":"https:\/\/www.asug-services.com\/de\/#organization","name":"ASUG Geb\u00e4udeservice GmbH","url":"https:\/\/www.asug-services.com\/de\/","logo":{"@type":"ImageObject","inLanguage":"de","@id":"https:\/\/www.asug-services.com\/de\/#\/schema\/logo\/image\/","url":"https:\/\/www.asug-services.com\/wp-content\/uploads\/2017\/12\/ASUG-2017-07-17-Logo-f\u00fcr-Website-Bearbeitung-abgeschlossen.png","contentUrl":"https:\/\/www.asug-services.com\/wp-content\/uploads\/2017\/12\/ASUG-2017-07-17-Logo-f\u00fcr-Website-Bearbeitung-abgeschlossen.png","width":3744,"height":343,"caption":"ASUG Geb\u00e4udeservice GmbH"},"image":{"@id":"https:\/\/www.asug-services.com\/de\/#\/schema\/logo\/image\/"},"sameAs":["https:\/\/www.facebook.com\/bester.hausmeister","https:\/\/x.com\/asug_services","https:\/\/www.instagram.com\/bester.hausmeister\/"]}]}},"_links":{"self":[{"href":"https:\/\/www.asug-services.com\/de\/wp-json\/wp\/v2\/pages\/1082"}],"collection":[{"href":"https:\/\/www.asug-services.com\/de\/wp-json\/wp\/v2\/pages"}],"about":[{"href":"https:\/\/www.asug-services.com\/de\/wp-json\/wp\/v2\/types\/page"}],"author":[{"embeddable":true,"href":"https:\/\/www.asug-services.com\/de\/wp-json\/wp\/v2\/users\/1"}],"replies":[{"embeddable":true,"href":"https:\/\/www.asug-services.com\/de\/wp-json\/wp\/v2\/comments?post=1082"}],"version-history":[{"count":12,"href":"https:\/\/www.asug-services.com\/de\/wp-json\/wp\/v2\/pages\/1082\/revisions"}],"predecessor-version":[{"id":2222,"href":"https:\/\/www.asug-services.com\/de\/wp-json\/wp\/v2\/pages\/1082\/revisions\/2222"}],"up":[{"embeddable":true,"href":"https:\/\/www.asug-services.com\/de\/wp-json\/wp\/v2\/pages\/25"}],"wp:attachment":[{"href":"https:\/\/www.asug-services.com\/de\/wp-json\/wp\/v2\/media?parent=1082"}],"curies":[{"name":"wp","href":"https:\/\/api.w.org\/{rel}","templated":true}]}}